{"id":9674,"date":"2019-03-15T15:59:38","date_gmt":"2019-03-15T18:59:38","guid":{"rendered":"http:\/\/www2.ifsc.usp.br\/pos\/?page_id=9674"},"modified":"2025-09-08T10:44:56","modified_gmt":"2025-09-08T13:44:56","slug":"orientacoes-para-defesa","status":"publish","type":"page","link":"https:\/\/www2.ifsc.usp.br\/pos\/orientacoes-para-defesa\/","title":{"rendered":"Orienta\u00e7\u00f5es para Defesa"},"content":{"rendered":"<p>Todas as teses e disserta\u00e7\u00f5es do IFSC devem obedecer as regras do <a href=\"https:\/\/www2.ifsc.usp.br\/pos\/normas\/\">Regimento da P\u00f3s-gradua\u00e7\u00e3o da USP<\/a> e do <a href=\"https:\/\/www2.ifsc.usp.br\/pos\/normas\/\">Regulamento do Programa do IFSC<\/a>. Neste momento de proximidade do dep\u00f3sito, preste aten\u00e7\u00e3o \u00e0s <a href=\"https:\/\/www2.ifsc.usp.br\/biblioteca\/normalizacao\/\" target=\"_blank\" rel=\"noopener noreferrer\">regras de formata\u00e7\u00e3o<\/a> das disserta\u00e7\u00f5es e teses.<\/p>\n<p>O aluno com financiamento da CAPES (bolsa) deve seguir a orienta\u00e7\u00e3o dispon\u00edvel <a href=\"https:\/\/www2.ifsc.usp.br\/pos\/obrigatoriedade-de-citacao-de-financiamento-da-capes\/\" target=\"_blank\" rel=\"noopener noreferrer\">neste link<\/a>.<\/p>\n<p>As regras e os prazos para solicita\u00e7\u00e3o de resguardo da disserta\u00e7\u00e3o\/tese e de sess\u00e3o fechada de defesa est\u00e3o descritos nas seguintes resolu\u00e7\u00f5es:<br \/>\n<a href=\"https:\/\/leginf.usp.br\/?resolucao=resolucao-copgr-no-7569-de-03-de-outubro-de-2018#:~:text=Regulamenta%20a%20manuten%C3%A7%C3%A3o%20de%20Disserta%C3%A7%C3%B5es,27%20de%20mar%C3%A7o%20de%202018).\" target=\"_blank\" rel=\"noopener\">RESOLU\u00c7\u00c3O CoPGr N\u00ba 7569<\/a>, que trata sobre o resguardo da disserta\u00e7\u00e3o\/tese.<br \/>\n<a href=\"https:\/\/leginf.usp.br\/resolucoes\/resolucao-copgr-no-8719-de-06-de-novembro-de-2024\/#:~:text=Regulamenta%20a%20regulariza%C3%A7%C3%A3o%20de%20sess%C3%A3o,Tese%20nos%20casos%20que%20especifica.\" target=\"_blank\" rel=\"noopener\">RESOLU\u00c7\u00c3O CoPGr N\u00ba 8719<\/a>, que trata sobre a sess\u00e3o fechada\u00a0de\u00a0defesa.<\/p>\n<p>Segue abaixo roteiro para a submiss\u00e3o que \u00e9 realizada em duas etapas:<\/p>\n<ul>\n<li><strong>1\u00ba etapa &#8211; Verifica\u00e7\u00e3o da Biblioteca<\/strong>\n<ul>\n<li><strong>Deve ser iniciada, no m\u00ednimo, 40 dias antes da data pretendida da Defesa.<\/strong><\/li>\n<li>Enviar a vers\u00e3o preliminar da sua tese\/disserta\u00e7\u00e3o para a verifica\u00e7\u00e3o da biblioteca pelo email <b><a href=\"mailto:sbiteses@ifsc.usp.br\" target=\"_blank\" rel=\"noopener noreferrer\">sbiteses@ifsc.usp.br<\/a><\/b><\/li>\n<li>S\u00e3o aceitos arquivos pdf e word.<\/li>\n<li>Aguardar comunica\u00e7\u00e3o\/confirma\u00e7\u00e3o do pessoal da biblioteca.<\/li>\n<li>Quando a tese\/disserta\u00e7\u00e3o for aprovada, o pessoal da biblioteca encaminhar\u00e1 um comunicado ao estudante da aprova\u00e7\u00e3o da vers\u00e3o a ser depositada e enviar\u00e1 o arquivo pdf para o servi\u00e7o de p\u00f3s-gradua\u00e7\u00e3o.<\/li>\n<\/ul>\n<\/li>\n<\/ul>\n<p>&nbsp;<\/p>\n<ul>\n<li><strong>2\u00ba etapa &#8211; Dep\u00f3sito da Tese<\/strong>\n<ul>\n<li>Essa etapa s\u00f3 deve ser iniciada ap\u00f3s aprova\u00e7\u00e3o pela Biblioteca da vers\u00e3o a ser depositada, ou seja, ap\u00f3s o t\u00e9rmino da 1\u00ba etapa.<\/li>\n<li>Assim que a biblioteca comunicar a aprova\u00e7\u00e3o da vers\u00e3o a ser depositada o estudante deve preencher o <a href=\"https:\/\/forms.gle\/LsH2x2fpA4yvy5no6\" target=\"_blank\" rel=\"noopener noreferrer\"><strong>Formul\u00e1rio de dep\u00f3sito<\/strong><\/a>.<\/li>\n<li>Ap\u00f3s o preenchimento do formul\u00e1rio, o mesmo ser\u00e1 enviado por email ao estudante. O estudante deve gerar um PDF deste email e enviar, assinado pelo estudante e pelo orientador, para o email <strong>svposgrad@ifsc.usp.br\u00a0, no m\u00ednimo 30 dias antes da data pretendida para a Defesa<\/strong>. Podem ser assinaturas digitais.<\/li>\n<li>Tamb\u00e9m enviar o <a href=\"http:\/\/www2.ifsc.usp.br\/pos\/wp-content\/uploads\/2017\/05\/14.Formul%C3%A1rio-de-Autoriza%C3%A7%C3%A3o-da-Biblioteca-Digital-USP.pdf\" target=\"_blank\" rel=\"noopener\">formul\u00e1rio de autoriza\u00e7\u00e3o de publica\u00e7\u00e3o da disserta\u00e7\u00e3o ou tese<\/a>.<\/li>\n<\/ul>\n<\/li>\n<\/ul>\n","protected":false},"excerpt":{"rendered":"<p>Todas as teses e disserta\u00e7\u00f5es do IFSC devem obedecer as regras do Regimento da P\u00f3s-gradua\u00e7\u00e3o da USP e do Regulamento do Programa do IFSC. Neste momento de proximidade do dep\u00f3sito, preste aten\u00e7\u00e3o \u00e0s regras de formata\u00e7\u00e3o das disserta\u00e7\u00f5es e teses. O aluno com financiamento da CAPES (bolsa) deve seguir a orienta\u00e7\u00e3o dispon\u00edvel neste link. As [&hellip;]<\/p>\n","protected":false},"author":1,"featured_media":0,"parent":0,"menu_order":0,"comment_status":"closed","ping_status":"closed","template":"","meta":{"footnotes":""},"class_list":["post-9674","page","type-page","status-publish","hentry"],"yoast_head":"<!-- This site is optimized with the Yoast SEO plugin v27.5 - https:\/\/yoast.com\/product\/yoast-seo-wordpress\/ -->\n<title>Orienta\u00e7\u00f5es para Defesa - P\u00f3s-Gradua\u00e7\u00e3o IFSC<\/title>\n<meta name=\"robots\" content=\"index, follow, max-snippet:-1, max-image-preview:large, max-video-preview:-1\" \/>\n<link rel=\"canonical\" href=\"https:\/\/www2.ifsc.usp.br\/pos\/orientacoes-para-defesa\/\" \/>\n<meta property=\"og:locale\" content=\"pt_BR\" \/>\n<meta property=\"og:type\" content=\"article\" \/>\n<meta property=\"og:title\" content=\"Orienta\u00e7\u00f5es para Defesa - P\u00f3s-Gradua\u00e7\u00e3o IFSC\" \/>\n<meta property=\"og:description\" content=\"Todas as teses e disserta\u00e7\u00f5es do IFSC devem obedecer as regras do Regimento da P\u00f3s-gradua\u00e7\u00e3o da USP e do Regulamento do Programa do IFSC. Neste momento de proximidade do dep\u00f3sito, preste aten\u00e7\u00e3o \u00e0s regras de formata\u00e7\u00e3o das disserta\u00e7\u00f5es e teses. O aluno com financiamento da CAPES (bolsa) deve seguir a orienta\u00e7\u00e3o dispon\u00edvel neste link. As [&hellip;]\" \/>\n<meta property=\"og:url\" content=\"https:\/\/www2.ifsc.usp.br\/pos\/orientacoes-para-defesa\/\" \/>\n<meta property=\"og:site_name\" content=\"P\u00f3s-Gradua\u00e7\u00e3o IFSC\" \/>\n<meta property=\"article:modified_time\" content=\"2025-09-08T13:44:56+00:00\" \/>\n<meta name=\"twitter:card\" content=\"summary_large_image\" \/>\n<meta name=\"twitter:label1\" content=\"Est. tempo de leitura\" \/>\n\t<meta name=\"twitter:data1\" content=\"2 minutos\" \/>\n<script type=\"application\/ld+json\" class=\"yoast-schema-graph\">{\"@context\":\"https:\\\/\\\/schema.org\",\"@graph\":[{\"@type\":\"WebPage\",\"@id\":\"https:\\\/\\\/www2.ifsc.usp.br\\\/pos\\\/orientacoes-para-defesa\\\/\",\"url\":\"https:\\\/\\\/www2.ifsc.usp.br\\\/pos\\\/orientacoes-para-defesa\\\/\",\"name\":\"Orienta\u00e7\u00f5es para Defesa - P\u00f3s-Gradua\u00e7\u00e3o IFSC\",\"isPartOf\":{\"@id\":\"https:\\\/\\\/www2.ifsc.usp.br\\\/pos\\\/#website\"},\"datePublished\":\"2019-03-15T18:59:38+00:00\",\"dateModified\":\"2025-09-08T13:44:56+00:00\",\"breadcrumb\":{\"@id\":\"https:\\\/\\\/www2.ifsc.usp.br\\\/pos\\\/orientacoes-para-defesa\\\/#breadcrumb\"},\"inLanguage\":\"pt-BR\",\"potentialAction\":[{\"@type\":\"ReadAction\",\"target\":[\"https:\\\/\\\/www2.ifsc.usp.br\\\/pos\\\/orientacoes-para-defesa\\\/\"]}]},{\"@type\":\"BreadcrumbList\",\"@id\":\"https:\\\/\\\/www2.ifsc.usp.br\\\/pos\\\/orientacoes-para-defesa\\\/#breadcrumb\",\"itemListElement\":[{\"@type\":\"ListItem\",\"position\":1,\"name\":\"Home\",\"item\":\"https:\\\/\\\/www2.ifsc.usp.br\\\/pos\\\/\"},{\"@type\":\"ListItem\",\"position\":2,\"name\":\"Orienta\u00e7\u00f5es para Defesa\"}]},{\"@type\":\"WebSite\",\"@id\":\"https:\\\/\\\/www2.ifsc.usp.br\\\/pos\\\/#website\",\"url\":\"https:\\\/\\\/www2.ifsc.usp.br\\\/pos\\\/\",\"name\":\"P\u00f3s-Gradua\u00e7\u00e3o IFSC\",\"description\":\"Instituto de F\u00edsica de S\u00e3o Carlos\",\"potentialAction\":[{\"@type\":\"SearchAction\",\"target\":{\"@type\":\"EntryPoint\",\"urlTemplate\":\"https:\\\/\\\/www2.ifsc.usp.br\\\/pos\\\/?s={search_term_string}\"},\"query-input\":{\"@type\":\"PropertyValueSpecification\",\"valueRequired\":true,\"valueName\":\"search_term_string\"}}],\"inLanguage\":\"pt-BR\"}]}<\/script>\n<!-- \/ Yoast SEO plugin. -->","yoast_head_json":{"title":"Orienta\u00e7\u00f5es para Defesa - P\u00f3s-Gradua\u00e7\u00e3o IFSC","robots":{"index":"index","follow":"follow","max-snippet":"max-snippet:-1","max-image-preview":"max-image-preview:large","max-video-preview":"max-video-preview:-1"},"canonical":"https:\/\/www2.ifsc.usp.br\/pos\/orientacoes-para-defesa\/","og_locale":"pt_BR","og_type":"article","og_title":"Orienta\u00e7\u00f5es para Defesa - P\u00f3s-Gradua\u00e7\u00e3o IFSC","og_description":"Todas as teses e disserta\u00e7\u00f5es do IFSC devem obedecer as regras do Regimento da P\u00f3s-gradua\u00e7\u00e3o da USP e do Regulamento do Programa do IFSC. Neste momento de proximidade do dep\u00f3sito, preste aten\u00e7\u00e3o \u00e0s regras de formata\u00e7\u00e3o das disserta\u00e7\u00f5es e teses. O aluno com financiamento da CAPES (bolsa) deve seguir a orienta\u00e7\u00e3o dispon\u00edvel neste link. As [&hellip;]","og_url":"https:\/\/www2.ifsc.usp.br\/pos\/orientacoes-para-defesa\/","og_site_name":"P\u00f3s-Gradua\u00e7\u00e3o IFSC","article_modified_time":"2025-09-08T13:44:56+00:00","twitter_card":"summary_large_image","twitter_misc":{"Est. tempo de leitura":"2 minutos"},"schema":{"@context":"https:\/\/schema.org","@graph":[{"@type":"WebPage","@id":"https:\/\/www2.ifsc.usp.br\/pos\/orientacoes-para-defesa\/","url":"https:\/\/www2.ifsc.usp.br\/pos\/orientacoes-para-defesa\/","name":"Orienta\u00e7\u00f5es para Defesa - P\u00f3s-Gradua\u00e7\u00e3o IFSC","isPartOf":{"@id":"https:\/\/www2.ifsc.usp.br\/pos\/#website"},"datePublished":"2019-03-15T18:59:38+00:00","dateModified":"2025-09-08T13:44:56+00:00","breadcrumb":{"@id":"https:\/\/www2.ifsc.usp.br\/pos\/orientacoes-para-defesa\/#breadcrumb"},"inLanguage":"pt-BR","potentialAction":[{"@type":"ReadAction","target":["https:\/\/www2.ifsc.usp.br\/pos\/orientacoes-para-defesa\/"]}]},{"@type":"BreadcrumbList","@id":"https:\/\/www2.ifsc.usp.br\/pos\/orientacoes-para-defesa\/#breadcrumb","itemListElement":[{"@type":"ListItem","position":1,"name":"Home","item":"https:\/\/www2.ifsc.usp.br\/pos\/"},{"@type":"ListItem","position":2,"name":"Orienta\u00e7\u00f5es para Defesa"}]},{"@type":"WebSite","@id":"https:\/\/www2.ifsc.usp.br\/pos\/#website","url":"https:\/\/www2.ifsc.usp.br\/pos\/","name":"P\u00f3s-Gradua\u00e7\u00e3o IFSC","description":"Instituto de F\u00edsica de S\u00e3o Carlos","potentialAction":[{"@type":"SearchAction","target":{"@type":"EntryPoint","urlTemplate":"https:\/\/www2.ifsc.usp.br\/pos\/?s={search_term_string}"},"query-input":{"@type":"PropertyValueSpecification","valueRequired":true,"valueName":"search_term_string"}}],"inLanguage":"pt-BR"}]}},"_links":{"self":[{"href":"https:\/\/www2.ifsc.usp.br\/pos\/wp-json\/wp\/v2\/pages\/9674","targetHints":{"allow":["GET"]}}],"collection":[{"href":"https:\/\/www2.ifsc.usp.br\/pos\/wp-json\/wp\/v2\/pages"}],"about":[{"href":"https:\/\/www2.ifsc.usp.br\/pos\/wp-json\/wp\/v2\/types\/page"}],"author":[{"embeddable":true,"href":"https:\/\/www2.ifsc.usp.br\/pos\/wp-json\/wp\/v2\/users\/1"}],"replies":[{"embeddable":true,"href":"https:\/\/www2.ifsc.usp.br\/pos\/wp-json\/wp\/v2\/comments?post=9674"}],"version-history":[{"count":38,"href":"https:\/\/www2.ifsc.usp.br\/pos\/wp-json\/wp\/v2\/pages\/9674\/revisions"}],"predecessor-version":[{"id":13214,"href":"https:\/\/www2.ifsc.usp.br\/pos\/wp-json\/wp\/v2\/pages\/9674\/revisions\/13214"}],"wp:attachment":[{"href":"https:\/\/www2.ifsc.usp.br\/pos\/wp-json\/wp\/v2\/media?parent=9674"}],"curies":[{"name":"wp","href":"https:\/\/api.w.org\/{rel}","templated":true}]}}