{"id":9101,"date":"2017-09-28T14:37:38","date_gmt":"2017-09-28T17:37:38","guid":{"rendered":"http:\/\/www2.ifsc.usp.br\/pos\/?page_id=9101"},"modified":"2026-03-30T15:38:48","modified_gmt":"2026-03-30T18:38:48","slug":"comissao-pae","status":"publish","type":"page","link":"https:\/\/www2.ifsc.usp.br\/pos\/comissao-pae\/","title":{"rendered":"Comiss\u00e3o PAE"},"content":{"rendered":"<p><strong>Comiss\u00e3o Coordenadora do PAE<\/strong><\/p>\n<p>&nbsp;<\/p>\n<p><strong>Presid\u00eancia<\/strong><\/p>\n<p style=\"text-align: left; padding-left: 30px;\">Profa. Dra. Cristina Kurachi<\/p>\n<p><strong>Vice-Presid\u00eancia<\/strong><\/p>\n<p style=\"text-align: left; padding-left: 30px;\">Prof. Dr. Cleber Renato Mendon\u00e7a<\/p>\n<p><strong>Representantes da CPG<\/strong><\/p>\n<p style=\"padding-left: 30px;\">Titular: Prof. Dr. Leonardo De Boni<br \/>\nSuplente: Prof. Dr. Renato Vitalino Gon\u00e7alves<\/p>\n<p style=\"padding-left: 30px;\">Titular: Prof. Dr. Odemir Martinez Bruno<br \/>\nSuplente: Prof. Dr. S\u00e9rgio Ricardo Muniz<\/p>\n<p style=\"padding-left: 30px;\">Titular: Profa. Dra. Cristina Kurachi<br \/>\nSuplente: Prof. Dr. Luis Felipe Santos Mendes<\/p>\n<p style=\"padding-left: 30px;\">Titular: Prof. Dr. Marcos de Oliveira J\u00fanior<br \/>\nSuplente: Prof. Dr. Lino Misoguti<\/p>\n<p style=\"padding-left: 30px;\">Titular: Prof. Dr. Diogo Rodrigues Boito<br \/>\nSuplente: Prof. Dr. Victor Luiz Quito<\/p>\n<p><strong>Representantes da CG<\/strong><\/p>\n<p style=\"padding-left: 30px;\">Titular: Prof. Dr. Jo\u00e3o Renato Carvalho Muniz<br \/>\nSuplente: Prof. Dr. Valmor Roberto Mastelaro<\/p>\n<p><strong>Representantes discentes<\/strong><\/p>\n<p style=\"padding-left: 30px;\">Titular: David Rodriguez Fern\u00e1ndez<br \/>\nSuplente: Jaime Javier Borges Marquez<\/p>\n","protected":false},"excerpt":{"rendered":"<p>Comiss\u00e3o Coordenadora do PAE &nbsp; Presid\u00eancia Profa. Dra. Cristina Kurachi Vice-Presid\u00eancia Prof. Dr. Cleber Renato Mendon\u00e7a Representantes da CPG Titular: Prof. Dr. Leonardo De Boni Suplente: Prof. Dr. Renato Vitalino Gon\u00e7alves Titular: Prof. Dr. Odemir Martinez Bruno Suplente: Prof. Dr. S\u00e9rgio Ricardo Muniz Titular: Profa. Dra. Cristina Kurachi Suplente: Prof. Dr. Luis Felipe Santos Mendes [&hellip;]<\/p>\n","protected":false},"author":4,"featured_media":0,"parent":0,"menu_order":0,"comment_status":"closed","ping_status":"closed","template":"","meta":{"footnotes":""},"class_list":["post-9101","page","type-page","status-publish","hentry"],"yoast_head":"<!-- This site is optimized with the Yoast SEO plugin v27.5 - https:\/\/yoast.com\/product\/yoast-seo-wordpress\/ -->\n<title>Comiss\u00e3o PAE - P\u00f3s-Gradua\u00e7\u00e3o IFSC<\/title>\n<meta name=\"robots\" content=\"index, follow, max-snippet:-1, max-image-preview:large, max-video-preview:-1\" \/>\n<link rel=\"canonical\" href=\"https:\/\/www2.ifsc.usp.br\/pos\/comissao-pae\/\" \/>\n<meta property=\"og:locale\" content=\"pt_BR\" \/>\n<meta property=\"og:type\" content=\"article\" \/>\n<meta property=\"og:title\" content=\"Comiss\u00e3o PAE - P\u00f3s-Gradua\u00e7\u00e3o IFSC\" \/>\n<meta property=\"og:description\" content=\"Comiss\u00e3o Coordenadora do PAE &nbsp; Presid\u00eancia Profa. Dra. Cristina Kurachi Vice-Presid\u00eancia Prof. Dr. Cleber Renato Mendon\u00e7a Representantes da CPG Titular: Prof. Dr. Leonardo De Boni Suplente: Prof. Dr. Renato Vitalino Gon\u00e7alves Titular: Prof. Dr. Odemir Martinez Bruno Suplente: Prof. Dr. S\u00e9rgio Ricardo Muniz Titular: Profa. Dra. Cristina Kurachi Suplente: Prof. Dr. Luis Felipe Santos Mendes [&hellip;]\" \/>\n<meta property=\"og:url\" content=\"https:\/\/www2.ifsc.usp.br\/pos\/comissao-pae\/\" \/>\n<meta property=\"og:site_name\" content=\"P\u00f3s-Gradua\u00e7\u00e3o IFSC\" \/>\n<meta property=\"article:modified_time\" content=\"2026-03-30T18:38:48+00:00\" \/>\n<meta name=\"twitter:card\" content=\"summary_large_image\" \/>\n<meta name=\"twitter:label1\" content=\"Est. tempo de leitura\" \/>\n\t<meta name=\"twitter:data1\" content=\"1 minuto\" \/>\n<script type=\"application\/ld+json\" class=\"yoast-schema-graph\">{\"@context\":\"https:\\\/\\\/schema.org\",\"@graph\":[{\"@type\":\"WebPage\",\"@id\":\"https:\\\/\\\/www2.ifsc.usp.br\\\/pos\\\/comissao-pae\\\/\",\"url\":\"https:\\\/\\\/www2.ifsc.usp.br\\\/pos\\\/comissao-pae\\\/\",\"name\":\"Comiss\u00e3o PAE - P\u00f3s-Gradua\u00e7\u00e3o IFSC\",\"isPartOf\":{\"@id\":\"https:\\\/\\\/www2.ifsc.usp.br\\\/pos\\\/#website\"},\"datePublished\":\"2017-09-28T17:37:38+00:00\",\"dateModified\":\"2026-03-30T18:38:48+00:00\",\"breadcrumb\":{\"@id\":\"https:\\\/\\\/www2.ifsc.usp.br\\\/pos\\\/comissao-pae\\\/#breadcrumb\"},\"inLanguage\":\"pt-BR\",\"potentialAction\":[{\"@type\":\"ReadAction\",\"target\":[\"https:\\\/\\\/www2.ifsc.usp.br\\\/pos\\\/comissao-pae\\\/\"]}]},{\"@type\":\"BreadcrumbList\",\"@id\":\"https:\\\/\\\/www2.ifsc.usp.br\\\/pos\\\/comissao-pae\\\/#breadcrumb\",\"itemListElement\":[{\"@type\":\"ListItem\",\"position\":1,\"name\":\"Home\",\"item\":\"https:\\\/\\\/www2.ifsc.usp.br\\\/pos\\\/\"},{\"@type\":\"ListItem\",\"position\":2,\"name\":\"Comiss\u00e3o PAE\"}]},{\"@type\":\"WebSite\",\"@id\":\"https:\\\/\\\/www2.ifsc.usp.br\\\/pos\\\/#website\",\"url\":\"https:\\\/\\\/www2.ifsc.usp.br\\\/pos\\\/\",\"name\":\"P\u00f3s-Gradua\u00e7\u00e3o IFSC\",\"description\":\"Instituto de F\u00edsica de S\u00e3o Carlos\",\"potentialAction\":[{\"@type\":\"SearchAction\",\"target\":{\"@type\":\"EntryPoint\",\"urlTemplate\":\"https:\\\/\\\/www2.ifsc.usp.br\\\/pos\\\/?s={search_term_string}\"},\"query-input\":{\"@type\":\"PropertyValueSpecification\",\"valueRequired\":true,\"valueName\":\"search_term_string\"}}],\"inLanguage\":\"pt-BR\"}]}<\/script>\n<!-- \/ Yoast SEO plugin. -->","yoast_head_json":{"title":"Comiss\u00e3o PAE - P\u00f3s-Gradua\u00e7\u00e3o IFSC","robots":{"index":"index","follow":"follow","max-snippet":"max-snippet:-1","max-image-preview":"max-image-preview:large","max-video-preview":"max-video-preview:-1"},"canonical":"https:\/\/www2.ifsc.usp.br\/pos\/comissao-pae\/","og_locale":"pt_BR","og_type":"article","og_title":"Comiss\u00e3o PAE - P\u00f3s-Gradua\u00e7\u00e3o IFSC","og_description":"Comiss\u00e3o Coordenadora do PAE &nbsp; Presid\u00eancia Profa. Dra. Cristina Kurachi Vice-Presid\u00eancia Prof. Dr. Cleber Renato Mendon\u00e7a Representantes da CPG Titular: Prof. Dr. Leonardo De Boni Suplente: Prof. Dr. Renato Vitalino Gon\u00e7alves Titular: Prof. Dr. Odemir Martinez Bruno Suplente: Prof. Dr. S\u00e9rgio Ricardo Muniz Titular: Profa. Dra. Cristina Kurachi Suplente: Prof. Dr. Luis Felipe Santos Mendes [&hellip;]","og_url":"https:\/\/www2.ifsc.usp.br\/pos\/comissao-pae\/","og_site_name":"P\u00f3s-Gradua\u00e7\u00e3o IFSC","article_modified_time":"2026-03-30T18:38:48+00:00","twitter_card":"summary_large_image","twitter_misc":{"Est. tempo de leitura":"1 minuto"},"schema":{"@context":"https:\/\/schema.org","@graph":[{"@type":"WebPage","@id":"https:\/\/www2.ifsc.usp.br\/pos\/comissao-pae\/","url":"https:\/\/www2.ifsc.usp.br\/pos\/comissao-pae\/","name":"Comiss\u00e3o PAE - P\u00f3s-Gradua\u00e7\u00e3o IFSC","isPartOf":{"@id":"https:\/\/www2.ifsc.usp.br\/pos\/#website"},"datePublished":"2017-09-28T17:37:38+00:00","dateModified":"2026-03-30T18:38:48+00:00","breadcrumb":{"@id":"https:\/\/www2.ifsc.usp.br\/pos\/comissao-pae\/#breadcrumb"},"inLanguage":"pt-BR","potentialAction":[{"@type":"ReadAction","target":["https:\/\/www2.ifsc.usp.br\/pos\/comissao-pae\/"]}]},{"@type":"BreadcrumbList","@id":"https:\/\/www2.ifsc.usp.br\/pos\/comissao-pae\/#breadcrumb","itemListElement":[{"@type":"ListItem","position":1,"name":"Home","item":"https:\/\/www2.ifsc.usp.br\/pos\/"},{"@type":"ListItem","position":2,"name":"Comiss\u00e3o PAE"}]},{"@type":"WebSite","@id":"https:\/\/www2.ifsc.usp.br\/pos\/#website","url":"https:\/\/www2.ifsc.usp.br\/pos\/","name":"P\u00f3s-Gradua\u00e7\u00e3o IFSC","description":"Instituto de F\u00edsica de S\u00e3o Carlos","potentialAction":[{"@type":"SearchAction","target":{"@type":"EntryPoint","urlTemplate":"https:\/\/www2.ifsc.usp.br\/pos\/?s={search_term_string}"},"query-input":{"@type":"PropertyValueSpecification","valueRequired":true,"valueName":"search_term_string"}}],"inLanguage":"pt-BR"}]}},"_links":{"self":[{"href":"https:\/\/www2.ifsc.usp.br\/pos\/wp-json\/wp\/v2\/pages\/9101","targetHints":{"allow":["GET"]}}],"collection":[{"href":"https:\/\/www2.ifsc.usp.br\/pos\/wp-json\/wp\/v2\/pages"}],"about":[{"href":"https:\/\/www2.ifsc.usp.br\/pos\/wp-json\/wp\/v2\/types\/page"}],"author":[{"embeddable":true,"href":"https:\/\/www2.ifsc.usp.br\/pos\/wp-json\/wp\/v2\/users\/4"}],"replies":[{"embeddable":true,"href":"https:\/\/www2.ifsc.usp.br\/pos\/wp-json\/wp\/v2\/comments?post=9101"}],"version-history":[{"count":32,"href":"https:\/\/www2.ifsc.usp.br\/pos\/wp-json\/wp\/v2\/pages\/9101\/revisions"}],"predecessor-version":[{"id":13418,"href":"https:\/\/www2.ifsc.usp.br\/pos\/wp-json\/wp\/v2\/pages\/9101\/revisions\/13418"}],"wp:attachment":[{"href":"https:\/\/www2.ifsc.usp.br\/pos\/wp-json\/wp\/v2\/media?parent=9101"}],"curies":[{"name":"wp","href":"https:\/\/api.w.org\/{rel}","templated":true}]}}