{"id":8753,"date":"2017-05-24T16:57:53","date_gmt":"2017-05-24T19:57:53","guid":{"rendered":"http:\/\/www2.ifsc.usp.br\/pos\/?page_id=8753"},"modified":"2020-12-22T11:42:17","modified_gmt":"2020-12-22T14:42:17","slug":"areas-de-pesquisa","status":"publish","type":"page","link":"https:\/\/www2.ifsc.usp.br\/pos\/areas-de-pesquisa\/","title":{"rendered":"Grupos de pesquisa"},"content":{"rendered":"<p>O Instituto de F\u00edsica de S\u00e3o Carlos (IFSC) desenvolveu-se ao longo de tr\u00eas d\u00e9cadas como uma institui\u00e7\u00e3o altamente multidisciplinar com o corpo docente formado por f\u00edsicos, qu\u00edmicos, bioqu\u00edmicos, bi\u00f3logos, engenheiros, cientistas da computa\u00e7\u00e3o e outros profissionais. Essa natureza interdisciplinar se manifesta nas diferentes \u00e1reas de atividade de pesquisa descritas a seguir. Os grupos de pesquisa do IFSC podem ser verificados <a href=\"https:\/\/www2.ifsc.usp.br\/portal-ifsc\/grupos-de-pesquisa\/\">aqui<\/a>.<\/p>\n","protected":false},"excerpt":{"rendered":"<p>O Instituto de F\u00edsica de S\u00e3o Carlos (IFSC) desenvolveu-se ao longo de tr\u00eas d\u00e9cadas como uma institui\u00e7\u00e3o altamente multidisciplinar com o corpo docente formado por f\u00edsicos, qu\u00edmicos, bioqu\u00edmicos, bi\u00f3logos, engenheiros, cientistas da computa\u00e7\u00e3o e outros profissionais. Essa natureza interdisciplinar se manifesta nas diferentes \u00e1reas de atividade de pesquisa descritas a seguir. Os grupos de pesquisa [&hellip;]<\/p>\n","protected":false},"author":2,"featured_media":0,"parent":0,"menu_order":0,"comment_status":"closed","ping_status":"closed","template":"","meta":{"footnotes":""},"class_list":["post-8753","page","type-page","status-publish","hentry"],"yoast_head":"<!-- This site is optimized with the Yoast SEO plugin v27.1.1 - https:\/\/yoast.com\/product\/yoast-seo-wordpress\/ -->\n<title>Grupos de pesquisa - P\u00f3s-Gradua\u00e7\u00e3o IFSC<\/title>\n<meta name=\"robots\" content=\"index, follow, max-snippet:-1, max-image-preview:large, max-video-preview:-1\" \/>\n<link rel=\"canonical\" href=\"https:\/\/www2.ifsc.usp.br\/pos\/areas-de-pesquisa\/\" \/>\n<meta property=\"og:locale\" content=\"pt_BR\" \/>\n<meta property=\"og:type\" content=\"article\" \/>\n<meta property=\"og:title\" content=\"Grupos de pesquisa - P\u00f3s-Gradua\u00e7\u00e3o IFSC\" \/>\n<meta property=\"og:description\" content=\"O Instituto de F\u00edsica de S\u00e3o Carlos (IFSC) desenvolveu-se ao longo de tr\u00eas d\u00e9cadas como uma institui\u00e7\u00e3o altamente multidisciplinar com o corpo docente formado por f\u00edsicos, qu\u00edmicos, bioqu\u00edmicos, bi\u00f3logos, engenheiros, cientistas da computa\u00e7\u00e3o e outros profissionais. Essa natureza interdisciplinar se manifesta nas diferentes \u00e1reas de atividade de pesquisa descritas a seguir. Os grupos de pesquisa [&hellip;]\" \/>\n<meta property=\"og:url\" content=\"https:\/\/www2.ifsc.usp.br\/pos\/areas-de-pesquisa\/\" \/>\n<meta property=\"og:site_name\" content=\"P\u00f3s-Gradua\u00e7\u00e3o IFSC\" \/>\n<meta property=\"article:modified_time\" content=\"2020-12-22T14:42:17+00:00\" \/>\n<meta name=\"twitter:card\" content=\"summary_large_image\" \/>\n<script type=\"application\/ld+json\" class=\"yoast-schema-graph\">{\"@context\":\"https:\/\/schema.org\",\"@graph\":[{\"@type\":\"WebPage\",\"@id\":\"https:\/\/www2.ifsc.usp.br\/pos\/areas-de-pesquisa\/\",\"url\":\"https:\/\/www2.ifsc.usp.br\/pos\/areas-de-pesquisa\/\",\"name\":\"Grupos de pesquisa - P\u00f3s-Gradua\u00e7\u00e3o IFSC\",\"isPartOf\":{\"@id\":\"https:\/\/www2.ifsc.usp.br\/pos\/#website\"},\"datePublished\":\"2017-05-24T19:57:53+00:00\",\"dateModified\":\"2020-12-22T14:42:17+00:00\",\"breadcrumb\":{\"@id\":\"https:\/\/www2.ifsc.usp.br\/pos\/areas-de-pesquisa\/#breadcrumb\"},\"inLanguage\":\"pt-BR\",\"potentialAction\":[{\"@type\":\"ReadAction\",\"target\":[\"https:\/\/www2.ifsc.usp.br\/pos\/areas-de-pesquisa\/\"]}]},{\"@type\":\"BreadcrumbList\",\"@id\":\"https:\/\/www2.ifsc.usp.br\/pos\/areas-de-pesquisa\/#breadcrumb\",\"itemListElement\":[{\"@type\":\"ListItem\",\"position\":1,\"name\":\"Home\",\"item\":\"https:\/\/www2.ifsc.usp.br\/pos\/\"},{\"@type\":\"ListItem\",\"position\":2,\"name\":\"Grupos de pesquisa\"}]},{\"@type\":\"WebSite\",\"@id\":\"https:\/\/www2.ifsc.usp.br\/pos\/#website\",\"url\":\"https:\/\/www2.ifsc.usp.br\/pos\/\",\"name\":\"P\u00f3s-Gradua\u00e7\u00e3o IFSC\",\"description\":\"Instituto de F\u00edsica de S\u00e3o Carlos\",\"potentialAction\":[{\"@type\":\"SearchAction\",\"target\":{\"@type\":\"EntryPoint\",\"urlTemplate\":\"https:\/\/www2.ifsc.usp.br\/pos\/?s={search_term_string}\"},\"query-input\":{\"@type\":\"PropertyValueSpecification\",\"valueRequired\":true,\"valueName\":\"search_term_string\"}}],\"inLanguage\":\"pt-BR\"}]}<\/script>\n<!-- \/ Yoast SEO plugin. -->","yoast_head_json":{"title":"Grupos de pesquisa - P\u00f3s-Gradua\u00e7\u00e3o IFSC","robots":{"index":"index","follow":"follow","max-snippet":"max-snippet:-1","max-image-preview":"max-image-preview:large","max-video-preview":"max-video-preview:-1"},"canonical":"https:\/\/www2.ifsc.usp.br\/pos\/areas-de-pesquisa\/","og_locale":"pt_BR","og_type":"article","og_title":"Grupos de pesquisa - P\u00f3s-Gradua\u00e7\u00e3o IFSC","og_description":"O Instituto de F\u00edsica de S\u00e3o Carlos (IFSC) desenvolveu-se ao longo de tr\u00eas d\u00e9cadas como uma institui\u00e7\u00e3o altamente multidisciplinar com o corpo docente formado por f\u00edsicos, qu\u00edmicos, bioqu\u00edmicos, bi\u00f3logos, engenheiros, cientistas da computa\u00e7\u00e3o e outros profissionais. Essa natureza interdisciplinar se manifesta nas diferentes \u00e1reas de atividade de pesquisa descritas a seguir. Os grupos de pesquisa [&hellip;]","og_url":"https:\/\/www2.ifsc.usp.br\/pos\/areas-de-pesquisa\/","og_site_name":"P\u00f3s-Gradua\u00e7\u00e3o IFSC","article_modified_time":"2020-12-22T14:42:17+00:00","twitter_card":"summary_large_image","schema":{"@context":"https:\/\/schema.org","@graph":[{"@type":"WebPage","@id":"https:\/\/www2.ifsc.usp.br\/pos\/areas-de-pesquisa\/","url":"https:\/\/www2.ifsc.usp.br\/pos\/areas-de-pesquisa\/","name":"Grupos de pesquisa - P\u00f3s-Gradua\u00e7\u00e3o IFSC","isPartOf":{"@id":"https:\/\/www2.ifsc.usp.br\/pos\/#website"},"datePublished":"2017-05-24T19:57:53+00:00","dateModified":"2020-12-22T14:42:17+00:00","breadcrumb":{"@id":"https:\/\/www2.ifsc.usp.br\/pos\/areas-de-pesquisa\/#breadcrumb"},"inLanguage":"pt-BR","potentialAction":[{"@type":"ReadAction","target":["https:\/\/www2.ifsc.usp.br\/pos\/areas-de-pesquisa\/"]}]},{"@type":"BreadcrumbList","@id":"https:\/\/www2.ifsc.usp.br\/pos\/areas-de-pesquisa\/#breadcrumb","itemListElement":[{"@type":"ListItem","position":1,"name":"Home","item":"https:\/\/www2.ifsc.usp.br\/pos\/"},{"@type":"ListItem","position":2,"name":"Grupos de pesquisa"}]},{"@type":"WebSite","@id":"https:\/\/www2.ifsc.usp.br\/pos\/#website","url":"https:\/\/www2.ifsc.usp.br\/pos\/","name":"P\u00f3s-Gradua\u00e7\u00e3o IFSC","description":"Instituto de F\u00edsica de S\u00e3o Carlos","potentialAction":[{"@type":"SearchAction","target":{"@type":"EntryPoint","urlTemplate":"https:\/\/www2.ifsc.usp.br\/pos\/?s={search_term_string}"},"query-input":{"@type":"PropertyValueSpecification","valueRequired":true,"valueName":"search_term_string"}}],"inLanguage":"pt-BR"}]}},"_links":{"self":[{"href":"https:\/\/www2.ifsc.usp.br\/pos\/wp-json\/wp\/v2\/pages\/8753","targetHints":{"allow":["GET"]}}],"collection":[{"href":"https:\/\/www2.ifsc.usp.br\/pos\/wp-json\/wp\/v2\/pages"}],"about":[{"href":"https:\/\/www2.ifsc.usp.br\/pos\/wp-json\/wp\/v2\/types\/page"}],"author":[{"embeddable":true,"href":"https:\/\/www2.ifsc.usp.br\/pos\/wp-json\/wp\/v2\/users\/2"}],"replies":[{"embeddable":true,"href":"https:\/\/www2.ifsc.usp.br\/pos\/wp-json\/wp\/v2\/comments?post=8753"}],"version-history":[{"count":15,"href":"https:\/\/www2.ifsc.usp.br\/pos\/wp-json\/wp\/v2\/pages\/8753\/revisions"}],"predecessor-version":[{"id":10894,"href":"https:\/\/www2.ifsc.usp.br\/pos\/wp-json\/wp\/v2\/pages\/8753\/revisions\/10894"}],"wp:attachment":[{"href":"https:\/\/www2.ifsc.usp.br\/pos\/wp-json\/wp\/v2\/media?parent=8753"}],"curies":[{"name":"wp","href":"https:\/\/api.w.org\/{rel}","templated":true}]}}