{"id":8750,"date":"2017-05-24T16:41:27","date_gmt":"2017-05-24T19:41:27","guid":{"rendered":"http:\/\/www2.ifsc.usp.br\/pos\/?page_id=8750"},"modified":"2017-05-26T07:57:10","modified_gmt":"2017-05-26T10:57:10","slug":"contato","status":"publish","type":"page","link":"https:\/\/www2.ifsc.usp.br\/pos\/contato\/","title":{"rendered":"Contato"},"content":{"rendered":"<p><strong>Servi\u00e7o de P\u00f3s-Gradua\u00e7\u00e3o do IFSC<br \/>\n<\/strong><\/p>\n<p style=\"padding-left: 30px;\">O Servi\u00e7o de P\u00f3s-Gradua\u00e7\u00e3o \u00e9 o setor respons\u00e1vel pela aplica\u00e7\u00e3o das regras estatut\u00e1rias e regimentais, emendas dos \u00d3rg\u00e3os superiores referentes ao ensino de P\u00f3s-gradua\u00e7\u00e3o no IFSC.<\/p>\n<p style=\"padding-left: 30px;\">Organiza, administra e controla o Programa de P\u00f3s-Gradua\u00e7\u00e3o e a vida acad\u00eamica de seus estudantes.<\/p>\n<p style=\"padding-left: 30px;\">Realiza toda a operacionaliza\u00e7\u00e3o dos procedimentos desde o exame de ingresso do aluno at\u00e9 a entrega de seu diploma.<\/p>\n<p><strong>Atendimento:<\/strong><\/p>\n<ul>\n<li>Silvio C\u00e9sar Athayde, Tel\/Fax: +55 (16) 3373-9777<\/li>\n<li>Ricardo Vital do Prado, Tel: +55 (16) 3373-9589<\/li>\n<\/ul>\n<p><strong>Contato<\/strong><\/p>\n<p style=\"padding-left: 30px;\">Endere\u00e7o para correspond\u00eancia:<br \/>\nCaixa Postal 369<br \/>\nCEP 13560-970 \u2013 S\u00e3o Carlos \u2013 SP<\/p>\n<p style=\"padding-left: 30px;\">svposgrad@ifsc.usp.br<br \/>\nTel: +55 (16) 3373-9777 \/ +55 (16) 3373-9589<br \/>\nTel\/Fax: +55 (16) 3373-9777<\/p>\n","protected":false},"excerpt":{"rendered":"<p>Servi\u00e7o de P\u00f3s-Gradua\u00e7\u00e3o do IFSC O Servi\u00e7o de P\u00f3s-Gradua\u00e7\u00e3o \u00e9 o setor respons\u00e1vel pela aplica\u00e7\u00e3o das regras estatut\u00e1rias e regimentais, emendas dos \u00d3rg\u00e3os superiores referentes ao ensino de P\u00f3s-gradua\u00e7\u00e3o no IFSC. Organiza, administra e controla o Programa de P\u00f3s-Gradua\u00e7\u00e3o e a vida acad\u00eamica de seus estudantes. Realiza toda a operacionaliza\u00e7\u00e3o dos procedimentos desde o exame [&hellip;]<\/p>\n","protected":false},"author":2,"featured_media":0,"parent":0,"menu_order":0,"comment_status":"closed","ping_status":"closed","template":"","meta":{"footnotes":""},"class_list":["post-8750","page","type-page","status-publish","hentry"],"yoast_head":"<!-- This site is optimized with the Yoast SEO plugin v27.5 - https:\/\/yoast.com\/product\/yoast-seo-wordpress\/ -->\n<title>Contato - P\u00f3s-Gradua\u00e7\u00e3o IFSC<\/title>\n<meta name=\"robots\" content=\"index, follow, max-snippet:-1, max-image-preview:large, max-video-preview:-1\" \/>\n<link rel=\"canonical\" href=\"https:\/\/www2.ifsc.usp.br\/pos\/contato\/\" \/>\n<meta property=\"og:locale\" content=\"pt_BR\" \/>\n<meta property=\"og:type\" content=\"article\" \/>\n<meta property=\"og:title\" content=\"Contato - P\u00f3s-Gradua\u00e7\u00e3o IFSC\" \/>\n<meta property=\"og:description\" content=\"Servi\u00e7o de P\u00f3s-Gradua\u00e7\u00e3o do IFSC O Servi\u00e7o de P\u00f3s-Gradua\u00e7\u00e3o \u00e9 o setor respons\u00e1vel pela aplica\u00e7\u00e3o das regras estatut\u00e1rias e regimentais, emendas dos \u00d3rg\u00e3os superiores referentes ao ensino de P\u00f3s-gradua\u00e7\u00e3o no IFSC. Organiza, administra e controla o Programa de P\u00f3s-Gradua\u00e7\u00e3o e a vida acad\u00eamica de seus estudantes. Realiza toda a operacionaliza\u00e7\u00e3o dos procedimentos desde o exame [&hellip;]\" \/>\n<meta property=\"og:url\" content=\"https:\/\/www2.ifsc.usp.br\/pos\/contato\/\" \/>\n<meta property=\"og:site_name\" content=\"P\u00f3s-Gradua\u00e7\u00e3o IFSC\" \/>\n<meta property=\"article:modified_time\" content=\"2017-05-26T10:57:10+00:00\" \/>\n<meta name=\"twitter:card\" content=\"summary_large_image\" \/>\n<meta name=\"twitter:label1\" content=\"Est. tempo de leitura\" \/>\n\t<meta name=\"twitter:data1\" content=\"1 minuto\" \/>\n<script type=\"application\/ld+json\" class=\"yoast-schema-graph\">{\"@context\":\"https:\\\/\\\/schema.org\",\"@graph\":[{\"@type\":\"WebPage\",\"@id\":\"https:\\\/\\\/www2.ifsc.usp.br\\\/pos\\\/contato\\\/\",\"url\":\"https:\\\/\\\/www2.ifsc.usp.br\\\/pos\\\/contato\\\/\",\"name\":\"Contato - P\u00f3s-Gradua\u00e7\u00e3o IFSC\",\"isPartOf\":{\"@id\":\"https:\\\/\\\/www2.ifsc.usp.br\\\/pos\\\/#website\"},\"datePublished\":\"2017-05-24T19:41:27+00:00\",\"dateModified\":\"2017-05-26T10:57:10+00:00\",\"breadcrumb\":{\"@id\":\"https:\\\/\\\/www2.ifsc.usp.br\\\/pos\\\/contato\\\/#breadcrumb\"},\"inLanguage\":\"pt-BR\",\"potentialAction\":[{\"@type\":\"ReadAction\",\"target\":[\"https:\\\/\\\/www2.ifsc.usp.br\\\/pos\\\/contato\\\/\"]}]},{\"@type\":\"BreadcrumbList\",\"@id\":\"https:\\\/\\\/www2.ifsc.usp.br\\\/pos\\\/contato\\\/#breadcrumb\",\"itemListElement\":[{\"@type\":\"ListItem\",\"position\":1,\"name\":\"Home\",\"item\":\"https:\\\/\\\/www2.ifsc.usp.br\\\/pos\\\/\"},{\"@type\":\"ListItem\",\"position\":2,\"name\":\"Contato\"}]},{\"@type\":\"WebSite\",\"@id\":\"https:\\\/\\\/www2.ifsc.usp.br\\\/pos\\\/#website\",\"url\":\"https:\\\/\\\/www2.ifsc.usp.br\\\/pos\\\/\",\"name\":\"P\u00f3s-Gradua\u00e7\u00e3o IFSC\",\"description\":\"Instituto de F\u00edsica de S\u00e3o Carlos\",\"potentialAction\":[{\"@type\":\"SearchAction\",\"target\":{\"@type\":\"EntryPoint\",\"urlTemplate\":\"https:\\\/\\\/www2.ifsc.usp.br\\\/pos\\\/?s={search_term_string}\"},\"query-input\":{\"@type\":\"PropertyValueSpecification\",\"valueRequired\":true,\"valueName\":\"search_term_string\"}}],\"inLanguage\":\"pt-BR\"}]}<\/script>\n<!-- \/ Yoast SEO plugin. -->","yoast_head_json":{"title":"Contato - P\u00f3s-Gradua\u00e7\u00e3o IFSC","robots":{"index":"index","follow":"follow","max-snippet":"max-snippet:-1","max-image-preview":"max-image-preview:large","max-video-preview":"max-video-preview:-1"},"canonical":"https:\/\/www2.ifsc.usp.br\/pos\/contato\/","og_locale":"pt_BR","og_type":"article","og_title":"Contato - P\u00f3s-Gradua\u00e7\u00e3o IFSC","og_description":"Servi\u00e7o de P\u00f3s-Gradua\u00e7\u00e3o do IFSC O Servi\u00e7o de P\u00f3s-Gradua\u00e7\u00e3o \u00e9 o setor respons\u00e1vel pela aplica\u00e7\u00e3o das regras estatut\u00e1rias e regimentais, emendas dos \u00d3rg\u00e3os superiores referentes ao ensino de P\u00f3s-gradua\u00e7\u00e3o no IFSC. Organiza, administra e controla o Programa de P\u00f3s-Gradua\u00e7\u00e3o e a vida acad\u00eamica de seus estudantes. Realiza toda a operacionaliza\u00e7\u00e3o dos procedimentos desde o exame [&hellip;]","og_url":"https:\/\/www2.ifsc.usp.br\/pos\/contato\/","og_site_name":"P\u00f3s-Gradua\u00e7\u00e3o IFSC","article_modified_time":"2017-05-26T10:57:10+00:00","twitter_card":"summary_large_image","twitter_misc":{"Est. tempo de leitura":"1 minuto"},"schema":{"@context":"https:\/\/schema.org","@graph":[{"@type":"WebPage","@id":"https:\/\/www2.ifsc.usp.br\/pos\/contato\/","url":"https:\/\/www2.ifsc.usp.br\/pos\/contato\/","name":"Contato - P\u00f3s-Gradua\u00e7\u00e3o IFSC","isPartOf":{"@id":"https:\/\/www2.ifsc.usp.br\/pos\/#website"},"datePublished":"2017-05-24T19:41:27+00:00","dateModified":"2017-05-26T10:57:10+00:00","breadcrumb":{"@id":"https:\/\/www2.ifsc.usp.br\/pos\/contato\/#breadcrumb"},"inLanguage":"pt-BR","potentialAction":[{"@type":"ReadAction","target":["https:\/\/www2.ifsc.usp.br\/pos\/contato\/"]}]},{"@type":"BreadcrumbList","@id":"https:\/\/www2.ifsc.usp.br\/pos\/contato\/#breadcrumb","itemListElement":[{"@type":"ListItem","position":1,"name":"Home","item":"https:\/\/www2.ifsc.usp.br\/pos\/"},{"@type":"ListItem","position":2,"name":"Contato"}]},{"@type":"WebSite","@id":"https:\/\/www2.ifsc.usp.br\/pos\/#website","url":"https:\/\/www2.ifsc.usp.br\/pos\/","name":"P\u00f3s-Gradua\u00e7\u00e3o IFSC","description":"Instituto de F\u00edsica de S\u00e3o Carlos","potentialAction":[{"@type":"SearchAction","target":{"@type":"EntryPoint","urlTemplate":"https:\/\/www2.ifsc.usp.br\/pos\/?s={search_term_string}"},"query-input":{"@type":"PropertyValueSpecification","valueRequired":true,"valueName":"search_term_string"}}],"inLanguage":"pt-BR"}]}},"_links":{"self":[{"href":"https:\/\/www2.ifsc.usp.br\/pos\/wp-json\/wp\/v2\/pages\/8750","targetHints":{"allow":["GET"]}}],"collection":[{"href":"https:\/\/www2.ifsc.usp.br\/pos\/wp-json\/wp\/v2\/pages"}],"about":[{"href":"https:\/\/www2.ifsc.usp.br\/pos\/wp-json\/wp\/v2\/types\/page"}],"author":[{"embeddable":true,"href":"https:\/\/www2.ifsc.usp.br\/pos\/wp-json\/wp\/v2\/users\/2"}],"replies":[{"embeddable":true,"href":"https:\/\/www2.ifsc.usp.br\/pos\/wp-json\/wp\/v2\/comments?post=8750"}],"version-history":[{"count":2,"href":"https:\/\/www2.ifsc.usp.br\/pos\/wp-json\/wp\/v2\/pages\/8750\/revisions"}],"predecessor-version":[{"id":8791,"href":"https:\/\/www2.ifsc.usp.br\/pos\/wp-json\/wp\/v2\/pages\/8750\/revisions\/8791"}],"wp:attachment":[{"href":"https:\/\/www2.ifsc.usp.br\/pos\/wp-json\/wp\/v2\/media?parent=8750"}],"curies":[{"name":"wp","href":"https:\/\/api.w.org\/{rel}","templated":true}]}}