{"id":8740,"date":"2017-05-24T16:19:08","date_gmt":"2017-05-24T19:19:08","guid":{"rendered":"http:\/\/www2.ifsc.usp.br\/pos\/?page_id=8740"},"modified":"2023-10-30T08:22:19","modified_gmt":"2023-10-30T11:22:19","slug":"regras-de-recredenciamento","status":"publish","type":"page","link":"https:\/\/www2.ifsc.usp.br\/pos\/regras-de-recredenciamento\/","title":{"rendered":"Regras de Recredenciamento"},"content":{"rendered":"<p><span style=\"font-weight: 400;\">Para o (re)-credenciamento, o solicitante dever\u00e1 enviar um pedido formal circunstanciado \u00e0 CPG indicando objetivamente suas qualifica\u00e7\u00f5es para o ingresso no programa, seguindo as regras do\u00a0<\/span><a href=\"https:\/\/leginf.usp.br\/?resolucao=resolucao-copgr-no-8224-de-26-de-abril-de-2022\" target=\"_blank\" rel=\"noopener\"><b>regulamento<\/b><\/a><span style=\"font-weight: 400;\">\u00a0(item X \u2013 ORIENTADORES E COORIENTADORES), preenchendo o formul\u00e1rio online correspondente \u00e0 sua categoria, conforme as defini\u00e7\u00f5es abaixo:<\/span><\/p>\n<p>&nbsp;<\/p>\n<p><span style=\"font-weight: 400;\">&#8211; Credenciamento ou recredenciamento de docente do IFSC: <\/span><a href=\"https:\/\/forms.gle\/6tgHWcjzoumWLt5p9\" target=\"_blank\" rel=\"noopener\"><b>formul\u00e1rio online<\/b><\/a><span style=\"font-weight: 400;\">.<\/span><\/p>\n<p><span style=\"font-weight: 400;\">&#8211; Credenciamento de t\u00e9cnico de n\u00edvel superior do IFSC: <\/span><a href=\"https:\/\/forms.gle\/841bgPe5fFomivbb6\" target=\"_blank\" rel=\"noopener\"><b>formul\u00e1rio online<\/b><\/a><span style=\"font-weight: 400;\">.<\/span><\/p>\n<p><span style=\"font-weight: 400;\">&#8211; Credenciamento de Orientadores com v\u00ednculo tempor\u00e1rio com o IFSC (P\u00f3s-doc, Pesquisador Colaborador, Professor Colaborador, Professor Visitante): <\/span><a href=\"https:\/\/forms.gle\/dE4GS1MWuTSje1G76\" target=\"_blank\" rel=\"noopener\"><b>formul\u00e1rio online<\/b><\/a><span style=\"font-weight: 400;\">.<\/span><\/p>\n<p><span style=\"font-weight: 400;\">&#8211; Credenciamento de Orientadores externos \u00e0 USP ou com v\u00ednculo com outra Unidade da USP: <\/span><a href=\"https:\/\/forms.gle\/yoCk8kWHa8jVK3tV9\" target=\"_blank\" rel=\"noopener\"><b>formul\u00e1rio online<\/b><\/a><span style=\"font-weight: 400;\">.<\/span><\/p>\n","protected":false},"excerpt":{"rendered":"<p>Para o (re)-credenciamento, o solicitante dever\u00e1 enviar um pedido formal circunstanciado \u00e0 CPG indicando objetivamente suas qualifica\u00e7\u00f5es para o ingresso no programa, seguindo as regras do\u00a0regulamento\u00a0(item X \u2013 ORIENTADORES E COORIENTADORES), preenchendo o formul\u00e1rio online correspondente \u00e0 sua categoria, conforme as defini\u00e7\u00f5es abaixo: &nbsp; &#8211; Credenciamento ou recredenciamento de docente do IFSC: formul\u00e1rio online. &#8211; [&hellip;]<\/p>\n","protected":false},"author":2,"featured_media":0,"parent":0,"menu_order":0,"comment_status":"closed","ping_status":"closed","template":"","meta":{"footnotes":""},"class_list":["post-8740","page","type-page","status-publish","hentry"],"yoast_head":"<!-- This site is optimized with the Yoast SEO plugin v27.1.1 - https:\/\/yoast.com\/product\/yoast-seo-wordpress\/ -->\n<title>Regras de Recredenciamento - P\u00f3s-Gradua\u00e7\u00e3o IFSC<\/title>\n<meta name=\"robots\" content=\"index, follow, max-snippet:-1, max-image-preview:large, max-video-preview:-1\" \/>\n<link rel=\"canonical\" href=\"https:\/\/www2.ifsc.usp.br\/pos\/regras-de-recredenciamento\/\" \/>\n<meta property=\"og:locale\" content=\"pt_BR\" \/>\n<meta property=\"og:type\" content=\"article\" \/>\n<meta property=\"og:title\" content=\"Regras de Recredenciamento - P\u00f3s-Gradua\u00e7\u00e3o IFSC\" \/>\n<meta property=\"og:description\" content=\"Para o (re)-credenciamento, o solicitante dever\u00e1 enviar um pedido formal circunstanciado \u00e0 CPG indicando objetivamente suas qualifica\u00e7\u00f5es para o ingresso no programa, seguindo as regras do\u00a0regulamento\u00a0(item X \u2013 ORIENTADORES E COORIENTADORES), preenchendo o formul\u00e1rio online correspondente \u00e0 sua categoria, conforme as defini\u00e7\u00f5es abaixo: &nbsp; &#8211; Credenciamento ou recredenciamento de docente do IFSC: formul\u00e1rio online. &#8211; [&hellip;]\" \/>\n<meta property=\"og:url\" content=\"https:\/\/www2.ifsc.usp.br\/pos\/regras-de-recredenciamento\/\" \/>\n<meta property=\"og:site_name\" content=\"P\u00f3s-Gradua\u00e7\u00e3o IFSC\" \/>\n<meta property=\"article:modified_time\" content=\"2023-10-30T11:22:19+00:00\" \/>\n<meta name=\"twitter:card\" content=\"summary_large_image\" \/>\n<meta name=\"twitter:label1\" content=\"Est. tempo de leitura\" \/>\n\t<meta name=\"twitter:data1\" content=\"1 minuto\" \/>\n<script type=\"application\/ld+json\" class=\"yoast-schema-graph\">{\"@context\":\"https:\/\/schema.org\",\"@graph\":[{\"@type\":\"WebPage\",\"@id\":\"https:\/\/www2.ifsc.usp.br\/pos\/regras-de-recredenciamento\/\",\"url\":\"https:\/\/www2.ifsc.usp.br\/pos\/regras-de-recredenciamento\/\",\"name\":\"Regras de Recredenciamento - P\u00f3s-Gradua\u00e7\u00e3o IFSC\",\"isPartOf\":{\"@id\":\"https:\/\/www2.ifsc.usp.br\/pos\/#website\"},\"datePublished\":\"2017-05-24T19:19:08+00:00\",\"dateModified\":\"2023-10-30T11:22:19+00:00\",\"breadcrumb\":{\"@id\":\"https:\/\/www2.ifsc.usp.br\/pos\/regras-de-recredenciamento\/#breadcrumb\"},\"inLanguage\":\"pt-BR\",\"potentialAction\":[{\"@type\":\"ReadAction\",\"target\":[\"https:\/\/www2.ifsc.usp.br\/pos\/regras-de-recredenciamento\/\"]}]},{\"@type\":\"BreadcrumbList\",\"@id\":\"https:\/\/www2.ifsc.usp.br\/pos\/regras-de-recredenciamento\/#breadcrumb\",\"itemListElement\":[{\"@type\":\"ListItem\",\"position\":1,\"name\":\"Home\",\"item\":\"https:\/\/www2.ifsc.usp.br\/pos\/\"},{\"@type\":\"ListItem\",\"position\":2,\"name\":\"Regras de Recredenciamento\"}]},{\"@type\":\"WebSite\",\"@id\":\"https:\/\/www2.ifsc.usp.br\/pos\/#website\",\"url\":\"https:\/\/www2.ifsc.usp.br\/pos\/\",\"name\":\"P\u00f3s-Gradua\u00e7\u00e3o IFSC\",\"description\":\"Instituto de F\u00edsica de S\u00e3o Carlos\",\"potentialAction\":[{\"@type\":\"SearchAction\",\"target\":{\"@type\":\"EntryPoint\",\"urlTemplate\":\"https:\/\/www2.ifsc.usp.br\/pos\/?s={search_term_string}\"},\"query-input\":{\"@type\":\"PropertyValueSpecification\",\"valueRequired\":true,\"valueName\":\"search_term_string\"}}],\"inLanguage\":\"pt-BR\"}]}<\/script>\n<!-- \/ Yoast SEO plugin. -->","yoast_head_json":{"title":"Regras de Recredenciamento - P\u00f3s-Gradua\u00e7\u00e3o IFSC","robots":{"index":"index","follow":"follow","max-snippet":"max-snippet:-1","max-image-preview":"max-image-preview:large","max-video-preview":"max-video-preview:-1"},"canonical":"https:\/\/www2.ifsc.usp.br\/pos\/regras-de-recredenciamento\/","og_locale":"pt_BR","og_type":"article","og_title":"Regras de Recredenciamento - P\u00f3s-Gradua\u00e7\u00e3o IFSC","og_description":"Para o (re)-credenciamento, o solicitante dever\u00e1 enviar um pedido formal circunstanciado \u00e0 CPG indicando objetivamente suas qualifica\u00e7\u00f5es para o ingresso no programa, seguindo as regras do\u00a0regulamento\u00a0(item X \u2013 ORIENTADORES E COORIENTADORES), preenchendo o formul\u00e1rio online correspondente \u00e0 sua categoria, conforme as defini\u00e7\u00f5es abaixo: &nbsp; &#8211; Credenciamento ou recredenciamento de docente do IFSC: formul\u00e1rio online. &#8211; [&hellip;]","og_url":"https:\/\/www2.ifsc.usp.br\/pos\/regras-de-recredenciamento\/","og_site_name":"P\u00f3s-Gradua\u00e7\u00e3o IFSC","article_modified_time":"2023-10-30T11:22:19+00:00","twitter_card":"summary_large_image","twitter_misc":{"Est. tempo de leitura":"1 minuto"},"schema":{"@context":"https:\/\/schema.org","@graph":[{"@type":"WebPage","@id":"https:\/\/www2.ifsc.usp.br\/pos\/regras-de-recredenciamento\/","url":"https:\/\/www2.ifsc.usp.br\/pos\/regras-de-recredenciamento\/","name":"Regras de Recredenciamento - P\u00f3s-Gradua\u00e7\u00e3o IFSC","isPartOf":{"@id":"https:\/\/www2.ifsc.usp.br\/pos\/#website"},"datePublished":"2017-05-24T19:19:08+00:00","dateModified":"2023-10-30T11:22:19+00:00","breadcrumb":{"@id":"https:\/\/www2.ifsc.usp.br\/pos\/regras-de-recredenciamento\/#breadcrumb"},"inLanguage":"pt-BR","potentialAction":[{"@type":"ReadAction","target":["https:\/\/www2.ifsc.usp.br\/pos\/regras-de-recredenciamento\/"]}]},{"@type":"BreadcrumbList","@id":"https:\/\/www2.ifsc.usp.br\/pos\/regras-de-recredenciamento\/#breadcrumb","itemListElement":[{"@type":"ListItem","position":1,"name":"Home","item":"https:\/\/www2.ifsc.usp.br\/pos\/"},{"@type":"ListItem","position":2,"name":"Regras de Recredenciamento"}]},{"@type":"WebSite","@id":"https:\/\/www2.ifsc.usp.br\/pos\/#website","url":"https:\/\/www2.ifsc.usp.br\/pos\/","name":"P\u00f3s-Gradua\u00e7\u00e3o IFSC","description":"Instituto de F\u00edsica de S\u00e3o Carlos","potentialAction":[{"@type":"SearchAction","target":{"@type":"EntryPoint","urlTemplate":"https:\/\/www2.ifsc.usp.br\/pos\/?s={search_term_string}"},"query-input":{"@type":"PropertyValueSpecification","valueRequired":true,"valueName":"search_term_string"}}],"inLanguage":"pt-BR"}]}},"_links":{"self":[{"href":"https:\/\/www2.ifsc.usp.br\/pos\/wp-json\/wp\/v2\/pages\/8740","targetHints":{"allow":["GET"]}}],"collection":[{"href":"https:\/\/www2.ifsc.usp.br\/pos\/wp-json\/wp\/v2\/pages"}],"about":[{"href":"https:\/\/www2.ifsc.usp.br\/pos\/wp-json\/wp\/v2\/types\/page"}],"author":[{"embeddable":true,"href":"https:\/\/www2.ifsc.usp.br\/pos\/wp-json\/wp\/v2\/users\/2"}],"replies":[{"embeddable":true,"href":"https:\/\/www2.ifsc.usp.br\/pos\/wp-json\/wp\/v2\/comments?post=8740"}],"version-history":[{"count":8,"href":"https:\/\/www2.ifsc.usp.br\/pos\/wp-json\/wp\/v2\/pages\/8740\/revisions"}],"predecessor-version":[{"id":12598,"href":"https:\/\/www2.ifsc.usp.br\/pos\/wp-json\/wp\/v2\/pages\/8740\/revisions\/12598"}],"wp:attachment":[{"href":"https:\/\/www2.ifsc.usp.br\/pos\/wp-json\/wp\/v2\/media?parent=8740"}],"curies":[{"name":"wp","href":"https:\/\/api.w.org\/{rel}","templated":true}]}}