{"id":8570,"date":"2017-05-05T11:13:49","date_gmt":"2017-05-05T14:13:49","guid":{"rendered":"http:\/\/www2.ifsc.usp.br\/pos\/?page_id=8570"},"modified":"2018-08-14T11:57:28","modified_gmt":"2018-08-14T14:57:28","slug":"programa-pae","status":"publish","type":"page","link":"https:\/\/www2.ifsc.usp.br\/pos\/programa-pae\/","title":{"rendered":"Programa PAE"},"content":{"rendered":"<p>O Programa de Aperfei\u00e7oamento de Ensino, regulamentado pela Portaria GR 3588, de 10 de maio de 2005, destina-se exclusivamente a alunos de P\u00f3s-Gradua\u00e7\u00e3o matriculados na Universidade de S\u00e3o Paulo nos cursos de mestrado e doutorado.<\/p>\n<p>Seu principal objetivo \u00e9 aprimorar a forma\u00e7\u00e3o do p\u00f3s-graduando para atividade did\u00e1tica de gradua\u00e7\u00e3o e sua composi\u00e7\u00e3o consiste em duas etapas: Prepara\u00e7\u00e3o Pedag\u00f3gica e Est\u00e1gio Supervisionado em Doc\u00eancia.<\/p>\n<p>A Etapa de Prepara\u00e7\u00e3o Pedag\u00f3gica assume diferentes caracter\u00edsticas de acordo com a forma como a Unidade de Ensino a estrutura, podendo ser encontrada em tr\u00eas modalidades:<\/p>\n<ol>\n<li>uma disciplina de P\u00f3s-Gradua\u00e7\u00e3o oferecendo cr\u00e9ditos, cujo conte\u00fado estar\u00e1 voltado para as quest\u00f5es da Universidade e do Ensino Superior;<\/li>\n<li>conjunto de confer\u00eancias, com especialistas da \u00e1rea de Educa\u00e7\u00e3o, condensadas num tempo menor, tendo como tema as quest\u00f5es do Ensino Superior;<\/li>\n<li>n\u00facleo de atividades, envolvendo preparo de material did\u00e1tico, discuss\u00f5es de curriculum, de ementas de disciplinas e planejamento de cursos, coordenadas por professores.<\/li>\n<\/ol>\n<p>Quanto \u00e0 Etapa de Est\u00e1gio Supervisionado em Doc\u00eancia, esta \u00e9 realizada especificamente em disciplinas de gradua\u00e7\u00e3o, devendo o interessado se inscrever na Unidade de Ensino da \u00e1rea de conhecimento pertinente ao seu curso.<\/p>\n<p>Ao final do est\u00e1gio, depois de cumpridas as formalidades, os participantes que obt\u00eam aproveitamento satisfat\u00f3rio t\u00eam direito a um certificado e, a crit\u00e9rio da Comiss\u00e3o de P\u00f3s-Gradua\u00e7\u00e3o, poder\u00e3o receber cr\u00e9ditos pela atividade.<\/p>\n<p>O Programa \u00e9 opcional aos alunos de P\u00f3s-Gradua\u00e7\u00e3o da Universidade, exceto \u00e0queles que s\u00e3o contemplados pela Bolsa Demanda Social da CAPES, cujo regulamento solicita a realiza\u00e7\u00e3o de est\u00e1gio.<\/p>\n","protected":false},"excerpt":{"rendered":"<p>O Programa de Aperfei\u00e7oamento de Ensino, regulamentado pela Portaria GR 3588, de 10 de maio de 2005, destina-se exclusivamente a alunos de P\u00f3s-Gradua\u00e7\u00e3o matriculados na Universidade de S\u00e3o Paulo nos cursos de mestrado e doutorado. Seu principal objetivo \u00e9 aprimorar a forma\u00e7\u00e3o do p\u00f3s-graduando para atividade did\u00e1tica de gradua\u00e7\u00e3o e sua composi\u00e7\u00e3o consiste em duas [&hellip;]<\/p>\n","protected":false},"author":2,"featured_media":0,"parent":0,"menu_order":0,"comment_status":"closed","ping_status":"closed","template":"","meta":{"footnotes":""},"class_list":["post-8570","page","type-page","status-publish","hentry"],"yoast_head":"<!-- This site is optimized with the Yoast SEO plugin v27.1.1 - https:\/\/yoast.com\/product\/yoast-seo-wordpress\/ -->\n<title>Programa PAE - P\u00f3s-Gradua\u00e7\u00e3o IFSC<\/title>\n<meta name=\"robots\" content=\"index, follow, max-snippet:-1, max-image-preview:large, max-video-preview:-1\" \/>\n<link rel=\"canonical\" href=\"https:\/\/www2.ifsc.usp.br\/pos\/programa-pae\/\" \/>\n<meta property=\"og:locale\" content=\"pt_BR\" \/>\n<meta property=\"og:type\" content=\"article\" \/>\n<meta property=\"og:title\" content=\"Programa PAE - P\u00f3s-Gradua\u00e7\u00e3o IFSC\" \/>\n<meta property=\"og:description\" content=\"O Programa de Aperfei\u00e7oamento de Ensino, regulamentado pela Portaria GR 3588, de 10 de maio de 2005, destina-se exclusivamente a alunos de P\u00f3s-Gradua\u00e7\u00e3o matriculados na Universidade de S\u00e3o Paulo nos cursos de mestrado e doutorado. Seu principal objetivo \u00e9 aprimorar a forma\u00e7\u00e3o do p\u00f3s-graduando para atividade did\u00e1tica de gradua\u00e7\u00e3o e sua composi\u00e7\u00e3o consiste em duas [&hellip;]\" \/>\n<meta property=\"og:url\" content=\"https:\/\/www2.ifsc.usp.br\/pos\/programa-pae\/\" \/>\n<meta property=\"og:site_name\" content=\"P\u00f3s-Gradua\u00e7\u00e3o IFSC\" \/>\n<meta property=\"article:modified_time\" content=\"2018-08-14T14:57:28+00:00\" \/>\n<meta name=\"twitter:card\" content=\"summary_large_image\" \/>\n<meta name=\"twitter:label1\" content=\"Est. tempo de leitura\" \/>\n\t<meta name=\"twitter:data1\" content=\"1 minuto\" \/>\n<script type=\"application\/ld+json\" class=\"yoast-schema-graph\">{\"@context\":\"https:\/\/schema.org\",\"@graph\":[{\"@type\":\"WebPage\",\"@id\":\"https:\/\/www2.ifsc.usp.br\/pos\/programa-pae\/\",\"url\":\"https:\/\/www2.ifsc.usp.br\/pos\/programa-pae\/\",\"name\":\"Programa PAE - P\u00f3s-Gradua\u00e7\u00e3o IFSC\",\"isPartOf\":{\"@id\":\"https:\/\/www2.ifsc.usp.br\/pos\/#website\"},\"datePublished\":\"2017-05-05T14:13:49+00:00\",\"dateModified\":\"2018-08-14T14:57:28+00:00\",\"breadcrumb\":{\"@id\":\"https:\/\/www2.ifsc.usp.br\/pos\/programa-pae\/#breadcrumb\"},\"inLanguage\":\"pt-BR\",\"potentialAction\":[{\"@type\":\"ReadAction\",\"target\":[\"https:\/\/www2.ifsc.usp.br\/pos\/programa-pae\/\"]}]},{\"@type\":\"BreadcrumbList\",\"@id\":\"https:\/\/www2.ifsc.usp.br\/pos\/programa-pae\/#breadcrumb\",\"itemListElement\":[{\"@type\":\"ListItem\",\"position\":1,\"name\":\"Home\",\"item\":\"https:\/\/www2.ifsc.usp.br\/pos\/\"},{\"@type\":\"ListItem\",\"position\":2,\"name\":\"Programa PAE\"}]},{\"@type\":\"WebSite\",\"@id\":\"https:\/\/www2.ifsc.usp.br\/pos\/#website\",\"url\":\"https:\/\/www2.ifsc.usp.br\/pos\/\",\"name\":\"P\u00f3s-Gradua\u00e7\u00e3o IFSC\",\"description\":\"Instituto de F\u00edsica de S\u00e3o Carlos\",\"potentialAction\":[{\"@type\":\"SearchAction\",\"target\":{\"@type\":\"EntryPoint\",\"urlTemplate\":\"https:\/\/www2.ifsc.usp.br\/pos\/?s={search_term_string}\"},\"query-input\":{\"@type\":\"PropertyValueSpecification\",\"valueRequired\":true,\"valueName\":\"search_term_string\"}}],\"inLanguage\":\"pt-BR\"}]}<\/script>\n<!-- \/ Yoast SEO plugin. -->","yoast_head_json":{"title":"Programa PAE - P\u00f3s-Gradua\u00e7\u00e3o IFSC","robots":{"index":"index","follow":"follow","max-snippet":"max-snippet:-1","max-image-preview":"max-image-preview:large","max-video-preview":"max-video-preview:-1"},"canonical":"https:\/\/www2.ifsc.usp.br\/pos\/programa-pae\/","og_locale":"pt_BR","og_type":"article","og_title":"Programa PAE - P\u00f3s-Gradua\u00e7\u00e3o IFSC","og_description":"O Programa de Aperfei\u00e7oamento de Ensino, regulamentado pela Portaria GR 3588, de 10 de maio de 2005, destina-se exclusivamente a alunos de P\u00f3s-Gradua\u00e7\u00e3o matriculados na Universidade de S\u00e3o Paulo nos cursos de mestrado e doutorado. Seu principal objetivo \u00e9 aprimorar a forma\u00e7\u00e3o do p\u00f3s-graduando para atividade did\u00e1tica de gradua\u00e7\u00e3o e sua composi\u00e7\u00e3o consiste em duas [&hellip;]","og_url":"https:\/\/www2.ifsc.usp.br\/pos\/programa-pae\/","og_site_name":"P\u00f3s-Gradua\u00e7\u00e3o IFSC","article_modified_time":"2018-08-14T14:57:28+00:00","twitter_card":"summary_large_image","twitter_misc":{"Est. tempo de leitura":"1 minuto"},"schema":{"@context":"https:\/\/schema.org","@graph":[{"@type":"WebPage","@id":"https:\/\/www2.ifsc.usp.br\/pos\/programa-pae\/","url":"https:\/\/www2.ifsc.usp.br\/pos\/programa-pae\/","name":"Programa PAE - P\u00f3s-Gradua\u00e7\u00e3o IFSC","isPartOf":{"@id":"https:\/\/www2.ifsc.usp.br\/pos\/#website"},"datePublished":"2017-05-05T14:13:49+00:00","dateModified":"2018-08-14T14:57:28+00:00","breadcrumb":{"@id":"https:\/\/www2.ifsc.usp.br\/pos\/programa-pae\/#breadcrumb"},"inLanguage":"pt-BR","potentialAction":[{"@type":"ReadAction","target":["https:\/\/www2.ifsc.usp.br\/pos\/programa-pae\/"]}]},{"@type":"BreadcrumbList","@id":"https:\/\/www2.ifsc.usp.br\/pos\/programa-pae\/#breadcrumb","itemListElement":[{"@type":"ListItem","position":1,"name":"Home","item":"https:\/\/www2.ifsc.usp.br\/pos\/"},{"@type":"ListItem","position":2,"name":"Programa PAE"}]},{"@type":"WebSite","@id":"https:\/\/www2.ifsc.usp.br\/pos\/#website","url":"https:\/\/www2.ifsc.usp.br\/pos\/","name":"P\u00f3s-Gradua\u00e7\u00e3o IFSC","description":"Instituto de F\u00edsica de S\u00e3o Carlos","potentialAction":[{"@type":"SearchAction","target":{"@type":"EntryPoint","urlTemplate":"https:\/\/www2.ifsc.usp.br\/pos\/?s={search_term_string}"},"query-input":{"@type":"PropertyValueSpecification","valueRequired":true,"valueName":"search_term_string"}}],"inLanguage":"pt-BR"}]}},"_links":{"self":[{"href":"https:\/\/www2.ifsc.usp.br\/pos\/wp-json\/wp\/v2\/pages\/8570","targetHints":{"allow":["GET"]}}],"collection":[{"href":"https:\/\/www2.ifsc.usp.br\/pos\/wp-json\/wp\/v2\/pages"}],"about":[{"href":"https:\/\/www2.ifsc.usp.br\/pos\/wp-json\/wp\/v2\/types\/page"}],"author":[{"embeddable":true,"href":"https:\/\/www2.ifsc.usp.br\/pos\/wp-json\/wp\/v2\/users\/2"}],"replies":[{"embeddable":true,"href":"https:\/\/www2.ifsc.usp.br\/pos\/wp-json\/wp\/v2\/comments?post=8570"}],"version-history":[{"count":9,"href":"https:\/\/www2.ifsc.usp.br\/pos\/wp-json\/wp\/v2\/pages\/8570\/revisions"}],"predecessor-version":[{"id":9427,"href":"https:\/\/www2.ifsc.usp.br\/pos\/wp-json\/wp\/v2\/pages\/8570\/revisions\/9427"}],"wp:attachment":[{"href":"https:\/\/www2.ifsc.usp.br\/pos\/wp-json\/wp\/v2\/media?parent=8570"}],"curies":[{"name":"wp","href":"https:\/\/api.w.org\/{rel}","templated":true}]}}