{"id":8568,"date":"2017-05-05T11:11:15","date_gmt":"2017-05-05T14:11:15","guid":{"rendered":"http:\/\/www2.ifsc.usp.br\/pos\/?page_id=8568"},"modified":"2025-10-30T10:04:47","modified_gmt":"2025-10-30T13:04:47","slug":"estagio-pae","status":"publish","type":"page","link":"https:\/\/www2.ifsc.usp.br\/pos\/estagio-pae\/","title":{"rendered":"Est\u00e1gio PAE"},"content":{"rendered":"<ul>\n<li><a href=\"http:\/\/www2.ifsc.usp.br\/pos\/programa-pae\/\">Apresenta\u00e7\u00e3o e Objetivos<\/a><\/li>\n<li><a href=\"http:\/\/www2.ifsc.usp.br\/pos\/programa-pae-legislacao\/\">Regulamento<\/a><\/li>\n<li><a href=\"https:\/\/www2.ifsc.usp.br\/pos\/inscricoes-e-selecao-pae-1o-2026\/\" target=\"_blank\" rel=\"noopener\">Inscri\u00e7\u00f5es e Sele\u00e7\u00e3o<\/a><\/li>\n<li><a href=\"http:\/\/www2.ifsc.usp.br\/pos\/relatorio-pae\/\">Relat\u00f3rio PAE<\/a><\/li>\n<li><a href=\"http:\/\/www2.ifsc.usp.br\/pos\/comissao-pae\/\">Comiss\u00e3o PAE<\/a><\/li>\n<\/ul>\n<p>&nbsp;<\/p>\n","protected":false},"excerpt":{"rendered":"<p>Apresenta\u00e7\u00e3o e Objetivos Regulamento Inscri\u00e7\u00f5es e Sele\u00e7\u00e3o Relat\u00f3rio PAE Comiss\u00e3o PAE &nbsp;<\/p>\n","protected":false},"author":2,"featured_media":0,"parent":0,"menu_order":0,"comment_status":"closed","ping_status":"closed","template":"","meta":{"footnotes":""},"class_list":["post-8568","page","type-page","status-publish","hentry"],"yoast_head":"<!-- This site is optimized with the Yoast SEO plugin v27.1.1 - https:\/\/yoast.com\/product\/yoast-seo-wordpress\/ -->\n<title>Est\u00e1gio PAE - P\u00f3s-Gradua\u00e7\u00e3o IFSC<\/title>\n<meta name=\"robots\" content=\"index, follow, max-snippet:-1, max-image-preview:large, max-video-preview:-1\" \/>\n<link rel=\"canonical\" href=\"https:\/\/www2.ifsc.usp.br\/pos\/estagio-pae\/\" \/>\n<meta property=\"og:locale\" content=\"pt_BR\" \/>\n<meta property=\"og:type\" content=\"article\" \/>\n<meta property=\"og:title\" content=\"Est\u00e1gio PAE - P\u00f3s-Gradua\u00e7\u00e3o IFSC\" \/>\n<meta property=\"og:description\" content=\"Apresenta\u00e7\u00e3o e Objetivos Regulamento Inscri\u00e7\u00f5es e Sele\u00e7\u00e3o Relat\u00f3rio PAE Comiss\u00e3o PAE &nbsp;\" \/>\n<meta property=\"og:url\" content=\"https:\/\/www2.ifsc.usp.br\/pos\/estagio-pae\/\" \/>\n<meta property=\"og:site_name\" content=\"P\u00f3s-Gradua\u00e7\u00e3o IFSC\" \/>\n<meta property=\"article:modified_time\" content=\"2025-10-30T13:04:47+00:00\" \/>\n<meta name=\"twitter:card\" content=\"summary_large_image\" \/>\n<meta name=\"twitter:label1\" content=\"Est. tempo de leitura\" \/>\n\t<meta name=\"twitter:data1\" content=\"1 minuto\" \/>\n<script type=\"application\/ld+json\" class=\"yoast-schema-graph\">{\"@context\":\"https:\/\/schema.org\",\"@graph\":[{\"@type\":\"WebPage\",\"@id\":\"https:\/\/www2.ifsc.usp.br\/pos\/estagio-pae\/\",\"url\":\"https:\/\/www2.ifsc.usp.br\/pos\/estagio-pae\/\",\"name\":\"Est\u00e1gio PAE - P\u00f3s-Gradua\u00e7\u00e3o IFSC\",\"isPartOf\":{\"@id\":\"https:\/\/www2.ifsc.usp.br\/pos\/#website\"},\"datePublished\":\"2017-05-05T14:11:15+00:00\",\"dateModified\":\"2025-10-30T13:04:47+00:00\",\"breadcrumb\":{\"@id\":\"https:\/\/www2.ifsc.usp.br\/pos\/estagio-pae\/#breadcrumb\"},\"inLanguage\":\"pt-BR\",\"potentialAction\":[{\"@type\":\"ReadAction\",\"target\":[\"https:\/\/www2.ifsc.usp.br\/pos\/estagio-pae\/\"]}]},{\"@type\":\"BreadcrumbList\",\"@id\":\"https:\/\/www2.ifsc.usp.br\/pos\/estagio-pae\/#breadcrumb\",\"itemListElement\":[{\"@type\":\"ListItem\",\"position\":1,\"name\":\"Home\",\"item\":\"https:\/\/www2.ifsc.usp.br\/pos\/\"},{\"@type\":\"ListItem\",\"position\":2,\"name\":\"Est\u00e1gio PAE\"}]},{\"@type\":\"WebSite\",\"@id\":\"https:\/\/www2.ifsc.usp.br\/pos\/#website\",\"url\":\"https:\/\/www2.ifsc.usp.br\/pos\/\",\"name\":\"P\u00f3s-Gradua\u00e7\u00e3o IFSC\",\"description\":\"Instituto de F\u00edsica de S\u00e3o Carlos\",\"potentialAction\":[{\"@type\":\"SearchAction\",\"target\":{\"@type\":\"EntryPoint\",\"urlTemplate\":\"https:\/\/www2.ifsc.usp.br\/pos\/?s={search_term_string}\"},\"query-input\":{\"@type\":\"PropertyValueSpecification\",\"valueRequired\":true,\"valueName\":\"search_term_string\"}}],\"inLanguage\":\"pt-BR\"}]}<\/script>\n<!-- \/ Yoast SEO plugin. -->","yoast_head_json":{"title":"Est\u00e1gio PAE - P\u00f3s-Gradua\u00e7\u00e3o IFSC","robots":{"index":"index","follow":"follow","max-snippet":"max-snippet:-1","max-image-preview":"max-image-preview:large","max-video-preview":"max-video-preview:-1"},"canonical":"https:\/\/www2.ifsc.usp.br\/pos\/estagio-pae\/","og_locale":"pt_BR","og_type":"article","og_title":"Est\u00e1gio PAE - P\u00f3s-Gradua\u00e7\u00e3o IFSC","og_description":"Apresenta\u00e7\u00e3o e Objetivos Regulamento Inscri\u00e7\u00f5es e Sele\u00e7\u00e3o Relat\u00f3rio PAE Comiss\u00e3o PAE &nbsp;","og_url":"https:\/\/www2.ifsc.usp.br\/pos\/estagio-pae\/","og_site_name":"P\u00f3s-Gradua\u00e7\u00e3o IFSC","article_modified_time":"2025-10-30T13:04:47+00:00","twitter_card":"summary_large_image","twitter_misc":{"Est. tempo de leitura":"1 minuto"},"schema":{"@context":"https:\/\/schema.org","@graph":[{"@type":"WebPage","@id":"https:\/\/www2.ifsc.usp.br\/pos\/estagio-pae\/","url":"https:\/\/www2.ifsc.usp.br\/pos\/estagio-pae\/","name":"Est\u00e1gio PAE - P\u00f3s-Gradua\u00e7\u00e3o IFSC","isPartOf":{"@id":"https:\/\/www2.ifsc.usp.br\/pos\/#website"},"datePublished":"2017-05-05T14:11:15+00:00","dateModified":"2025-10-30T13:04:47+00:00","breadcrumb":{"@id":"https:\/\/www2.ifsc.usp.br\/pos\/estagio-pae\/#breadcrumb"},"inLanguage":"pt-BR","potentialAction":[{"@type":"ReadAction","target":["https:\/\/www2.ifsc.usp.br\/pos\/estagio-pae\/"]}]},{"@type":"BreadcrumbList","@id":"https:\/\/www2.ifsc.usp.br\/pos\/estagio-pae\/#breadcrumb","itemListElement":[{"@type":"ListItem","position":1,"name":"Home","item":"https:\/\/www2.ifsc.usp.br\/pos\/"},{"@type":"ListItem","position":2,"name":"Est\u00e1gio PAE"}]},{"@type":"WebSite","@id":"https:\/\/www2.ifsc.usp.br\/pos\/#website","url":"https:\/\/www2.ifsc.usp.br\/pos\/","name":"P\u00f3s-Gradua\u00e7\u00e3o IFSC","description":"Instituto de F\u00edsica de S\u00e3o Carlos","potentialAction":[{"@type":"SearchAction","target":{"@type":"EntryPoint","urlTemplate":"https:\/\/www2.ifsc.usp.br\/pos\/?s={search_term_string}"},"query-input":{"@type":"PropertyValueSpecification","valueRequired":true,"valueName":"search_term_string"}}],"inLanguage":"pt-BR"}]}},"_links":{"self":[{"href":"https:\/\/www2.ifsc.usp.br\/pos\/wp-json\/wp\/v2\/pages\/8568","targetHints":{"allow":["GET"]}}],"collection":[{"href":"https:\/\/www2.ifsc.usp.br\/pos\/wp-json\/wp\/v2\/pages"}],"about":[{"href":"https:\/\/www2.ifsc.usp.br\/pos\/wp-json\/wp\/v2\/types\/page"}],"author":[{"embeddable":true,"href":"https:\/\/www2.ifsc.usp.br\/pos\/wp-json\/wp\/v2\/users\/2"}],"replies":[{"embeddable":true,"href":"https:\/\/www2.ifsc.usp.br\/pos\/wp-json\/wp\/v2\/comments?post=8568"}],"version-history":[{"count":25,"href":"https:\/\/www2.ifsc.usp.br\/pos\/wp-json\/wp\/v2\/pages\/8568\/revisions"}],"predecessor-version":[{"id":13302,"href":"https:\/\/www2.ifsc.usp.br\/pos\/wp-json\/wp\/v2\/pages\/8568\/revisions\/13302"}],"wp:attachment":[{"href":"https:\/\/www2.ifsc.usp.br\/pos\/wp-json\/wp\/v2\/media?parent=8568"}],"curies":[{"name":"wp","href":"https:\/\/api.w.org\/{rel}","templated":true}]}}