{"id":8539,"date":"2017-05-03T17:00:17","date_gmt":"2017-05-03T20:00:17","guid":{"rendered":"http:\/\/www2.ifsc.usp.br\/pos\/?page_id=8539"},"modified":"2021-12-02T08:56:06","modified_gmt":"2021-12-02T11:56:06","slug":"disciplinas","status":"publish","type":"page","link":"https:\/\/www2.ifsc.usp.br\/pos\/disciplinas\/","title":{"rendered":"Disciplinas"},"content":{"rendered":"<p><a href=\"https:\/\/www2.ifsc.usp.br\/pos\/horarios-no-semestre\/\"><strong>Acesse aqui os hor\u00e1rios das disciplinas no semestre atual<\/strong><\/a><\/p>\n<p>A estrutura curricular do programa se baseia na flexibilidade da forma\u00e7\u00e3o do aluno, uma vez que o programa \u00e9 altamente multi e interdisciplinar. Tendo em vista a diversidade das \u00e1reas e \u00eanfases, o programa n\u00e3o pode ter um aspecto curricular altamente r\u00edgido uma vez que o conhecimento cient\u00edfico moderno avan\u00e7a rapidamente e a forma\u00e7\u00e3o acad\u00eamica deve acompanhar esses avan\u00e7os.<\/p>\n<p>Desta forma, os alunos possuem uma grade onde disciplinas obrigat\u00f3rias para cada \u00e1rea\/\u00eanfase s\u00e3o oferecidas semestralmente, constituindo a forma\u00e7\u00e3o b\u00e1sica esperada do aluno. Sobre essa base s\u00f3lida, que conta com uma forma\u00e7\u00e3o pr\u00e9via de boa qualidade, o aluno em comum acordo com o orientador decide sobre quais devam ser as disciplinas optativas a serem cursadas para completar o n\u00famero de cr\u00e9ditos exigidos e que ir\u00e3o auxiliar no desenvolvimento de seu projeto de pesquisa.<\/p>\n<p>Esta estrutura permite a adapta\u00e7\u00e3o, dentro de limites bem definidos, da forma\u00e7\u00e3o do aluno ao melhor perfil desejado.<\/p>\n<p><strong><a href=\"https:\/\/uspdigital.usp.br\/janus\/componente\/catalogoDisciplinasInicial.jsf?action=4&amp;tipo=D&amp;codcpg=76\" target=\"_blank\" rel=\"noopener noreferrer\">Acesse aqui o Cat\u00e1logo de Disciplinas do Programa<\/a><\/strong><\/p>\n","protected":false},"excerpt":{"rendered":"<p>Acesse aqui os hor\u00e1rios das disciplinas no semestre atual A estrutura curricular do programa se baseia na flexibilidade da forma\u00e7\u00e3o do aluno, uma vez que o programa \u00e9 altamente multi e interdisciplinar. Tendo em vista a diversidade das \u00e1reas e \u00eanfases, o programa n\u00e3o pode ter um aspecto curricular altamente r\u00edgido uma vez que o [&hellip;]<\/p>\n","protected":false},"author":2,"featured_media":0,"parent":0,"menu_order":0,"comment_status":"closed","ping_status":"closed","template":"","meta":{"footnotes":""},"class_list":["post-8539","page","type-page","status-publish","hentry"],"yoast_head":"<!-- This site is optimized with the Yoast SEO plugin v27.5 - https:\/\/yoast.com\/product\/yoast-seo-wordpress\/ -->\n<title>Disciplinas - P\u00f3s-Gradua\u00e7\u00e3o IFSC<\/title>\n<meta name=\"robots\" content=\"index, follow, max-snippet:-1, max-image-preview:large, max-video-preview:-1\" \/>\n<link rel=\"canonical\" href=\"https:\/\/www2.ifsc.usp.br\/pos\/disciplinas\/\" \/>\n<meta property=\"og:locale\" content=\"pt_BR\" \/>\n<meta property=\"og:type\" content=\"article\" \/>\n<meta property=\"og:title\" content=\"Disciplinas - P\u00f3s-Gradua\u00e7\u00e3o IFSC\" \/>\n<meta property=\"og:description\" content=\"Acesse aqui os hor\u00e1rios das disciplinas no semestre atual A estrutura curricular do programa se baseia na flexibilidade da forma\u00e7\u00e3o do aluno, uma vez que o programa \u00e9 altamente multi e interdisciplinar. Tendo em vista a diversidade das \u00e1reas e \u00eanfases, o programa n\u00e3o pode ter um aspecto curricular altamente r\u00edgido uma vez que o [&hellip;]\" \/>\n<meta property=\"og:url\" content=\"https:\/\/www2.ifsc.usp.br\/pos\/disciplinas\/\" \/>\n<meta property=\"og:site_name\" content=\"P\u00f3s-Gradua\u00e7\u00e3o IFSC\" \/>\n<meta property=\"article:modified_time\" content=\"2021-12-02T11:56:06+00:00\" \/>\n<meta name=\"twitter:card\" content=\"summary_large_image\" \/>\n<meta name=\"twitter:label1\" content=\"Est. tempo de leitura\" \/>\n\t<meta name=\"twitter:data1\" content=\"1 minuto\" \/>\n<script type=\"application\/ld+json\" class=\"yoast-schema-graph\">{\"@context\":\"https:\\\/\\\/schema.org\",\"@graph\":[{\"@type\":\"WebPage\",\"@id\":\"https:\\\/\\\/www2.ifsc.usp.br\\\/pos\\\/disciplinas\\\/\",\"url\":\"https:\\\/\\\/www2.ifsc.usp.br\\\/pos\\\/disciplinas\\\/\",\"name\":\"Disciplinas - P\u00f3s-Gradua\u00e7\u00e3o IFSC\",\"isPartOf\":{\"@id\":\"https:\\\/\\\/www2.ifsc.usp.br\\\/pos\\\/#website\"},\"datePublished\":\"2017-05-03T20:00:17+00:00\",\"dateModified\":\"2021-12-02T11:56:06+00:00\",\"breadcrumb\":{\"@id\":\"https:\\\/\\\/www2.ifsc.usp.br\\\/pos\\\/disciplinas\\\/#breadcrumb\"},\"inLanguage\":\"pt-BR\",\"potentialAction\":[{\"@type\":\"ReadAction\",\"target\":[\"https:\\\/\\\/www2.ifsc.usp.br\\\/pos\\\/disciplinas\\\/\"]}]},{\"@type\":\"BreadcrumbList\",\"@id\":\"https:\\\/\\\/www2.ifsc.usp.br\\\/pos\\\/disciplinas\\\/#breadcrumb\",\"itemListElement\":[{\"@type\":\"ListItem\",\"position\":1,\"name\":\"Home\",\"item\":\"https:\\\/\\\/www2.ifsc.usp.br\\\/pos\\\/\"},{\"@type\":\"ListItem\",\"position\":2,\"name\":\"Disciplinas\"}]},{\"@type\":\"WebSite\",\"@id\":\"https:\\\/\\\/www2.ifsc.usp.br\\\/pos\\\/#website\",\"url\":\"https:\\\/\\\/www2.ifsc.usp.br\\\/pos\\\/\",\"name\":\"P\u00f3s-Gradua\u00e7\u00e3o IFSC\",\"description\":\"Instituto de F\u00edsica de S\u00e3o Carlos\",\"potentialAction\":[{\"@type\":\"SearchAction\",\"target\":{\"@type\":\"EntryPoint\",\"urlTemplate\":\"https:\\\/\\\/www2.ifsc.usp.br\\\/pos\\\/?s={search_term_string}\"},\"query-input\":{\"@type\":\"PropertyValueSpecification\",\"valueRequired\":true,\"valueName\":\"search_term_string\"}}],\"inLanguage\":\"pt-BR\"}]}<\/script>\n<!-- \/ Yoast SEO plugin. -->","yoast_head_json":{"title":"Disciplinas - P\u00f3s-Gradua\u00e7\u00e3o IFSC","robots":{"index":"index","follow":"follow","max-snippet":"max-snippet:-1","max-image-preview":"max-image-preview:large","max-video-preview":"max-video-preview:-1"},"canonical":"https:\/\/www2.ifsc.usp.br\/pos\/disciplinas\/","og_locale":"pt_BR","og_type":"article","og_title":"Disciplinas - P\u00f3s-Gradua\u00e7\u00e3o IFSC","og_description":"Acesse aqui os hor\u00e1rios das disciplinas no semestre atual A estrutura curricular do programa se baseia na flexibilidade da forma\u00e7\u00e3o do aluno, uma vez que o programa \u00e9 altamente multi e interdisciplinar. Tendo em vista a diversidade das \u00e1reas e \u00eanfases, o programa n\u00e3o pode ter um aspecto curricular altamente r\u00edgido uma vez que o [&hellip;]","og_url":"https:\/\/www2.ifsc.usp.br\/pos\/disciplinas\/","og_site_name":"P\u00f3s-Gradua\u00e7\u00e3o IFSC","article_modified_time":"2021-12-02T11:56:06+00:00","twitter_card":"summary_large_image","twitter_misc":{"Est. tempo de leitura":"1 minuto"},"schema":{"@context":"https:\/\/schema.org","@graph":[{"@type":"WebPage","@id":"https:\/\/www2.ifsc.usp.br\/pos\/disciplinas\/","url":"https:\/\/www2.ifsc.usp.br\/pos\/disciplinas\/","name":"Disciplinas - P\u00f3s-Gradua\u00e7\u00e3o IFSC","isPartOf":{"@id":"https:\/\/www2.ifsc.usp.br\/pos\/#website"},"datePublished":"2017-05-03T20:00:17+00:00","dateModified":"2021-12-02T11:56:06+00:00","breadcrumb":{"@id":"https:\/\/www2.ifsc.usp.br\/pos\/disciplinas\/#breadcrumb"},"inLanguage":"pt-BR","potentialAction":[{"@type":"ReadAction","target":["https:\/\/www2.ifsc.usp.br\/pos\/disciplinas\/"]}]},{"@type":"BreadcrumbList","@id":"https:\/\/www2.ifsc.usp.br\/pos\/disciplinas\/#breadcrumb","itemListElement":[{"@type":"ListItem","position":1,"name":"Home","item":"https:\/\/www2.ifsc.usp.br\/pos\/"},{"@type":"ListItem","position":2,"name":"Disciplinas"}]},{"@type":"WebSite","@id":"https:\/\/www2.ifsc.usp.br\/pos\/#website","url":"https:\/\/www2.ifsc.usp.br\/pos\/","name":"P\u00f3s-Gradua\u00e7\u00e3o IFSC","description":"Instituto de F\u00edsica de S\u00e3o Carlos","potentialAction":[{"@type":"SearchAction","target":{"@type":"EntryPoint","urlTemplate":"https:\/\/www2.ifsc.usp.br\/pos\/?s={search_term_string}"},"query-input":{"@type":"PropertyValueSpecification","valueRequired":true,"valueName":"search_term_string"}}],"inLanguage":"pt-BR"}]}},"_links":{"self":[{"href":"https:\/\/www2.ifsc.usp.br\/pos\/wp-json\/wp\/v2\/pages\/8539","targetHints":{"allow":["GET"]}}],"collection":[{"href":"https:\/\/www2.ifsc.usp.br\/pos\/wp-json\/wp\/v2\/pages"}],"about":[{"href":"https:\/\/www2.ifsc.usp.br\/pos\/wp-json\/wp\/v2\/types\/page"}],"author":[{"embeddable":true,"href":"https:\/\/www2.ifsc.usp.br\/pos\/wp-json\/wp\/v2\/users\/2"}],"replies":[{"embeddable":true,"href":"https:\/\/www2.ifsc.usp.br\/pos\/wp-json\/wp\/v2\/comments?post=8539"}],"version-history":[{"count":19,"href":"https:\/\/www2.ifsc.usp.br\/pos\/wp-json\/wp\/v2\/pages\/8539\/revisions"}],"predecessor-version":[{"id":11824,"href":"https:\/\/www2.ifsc.usp.br\/pos\/wp-json\/wp\/v2\/pages\/8539\/revisions\/11824"}],"wp:attachment":[{"href":"https:\/\/www2.ifsc.usp.br\/pos\/wp-json\/wp\/v2\/media?parent=8539"}],"curies":[{"name":"wp","href":"https:\/\/api.w.org\/{rel}","templated":true}]}}