{"id":8503,"date":"2017-05-03T10:48:51","date_gmt":"2017-05-03T13:48:51","guid":{"rendered":"http:\/\/www2.ifsc.usp.br\/pos\/?page_id=8503"},"modified":"2022-12-23T08:48:45","modified_gmt":"2022-12-23T11:48:45","slug":"normas","status":"publish","type":"page","link":"https:\/\/www2.ifsc.usp.br\/pos\/normas\/","title":{"rendered":"Regulamento e Regimentos"},"content":{"rendered":"<h2><strong>Regulamento:<\/strong><\/h2>\n<p>Este documento regula o funcionamento do Programa com os direitos e deveres dos estudantes e orientadores.<\/p>\n<ul>\n<li><a href=\"https:\/\/leginf.usp.br\/?resolucao=resolucao-copgr-no-8224-de-26-de-abril-de-2022\" target=\"_blank\" rel=\"noopener\">Regulamento<\/a>: ingressantes ap\u00f3s 27\/04\/2022 e optantes.<\/li>\n<li><a href=\"https:\/\/www2.ifsc.usp.br\/pos\/wp-content\/uploads\/2022\/05\/Regulamento-IFSC_Resolucao-CoPGr-7813_alterada-Res.8102_2021.pdf\" target=\"_blank\" rel=\"noopener\">Regulamento<\/a>: ingressantes ap\u00f3s 29\/08\/2019 e optantes.<\/li>\n<li><a href=\"http:\/\/www.leginf.usp.br\/?resolucao=resolucao-copgr-6794-de-7-de-maio-de-2014\" target=\"_blank\" rel=\"noopener noreferrer\">Regulamento<\/a>: ingressantes antes de 29\/08\/2019 que n\u00e3o optaram pelo Regulamento novo.<\/li>\n<\/ul>\n<h2><strong>Regimento IFSC :<\/strong><\/h2>\n<p>Este <a href=\"http:\/\/www2.ifsc.usp.br\/pos\/wp-content\/uploads\/2019\/09\/Regimento-IFSC_Resolu%C3%A7%C3%A3o-CoPGr-7680.pdf\">regimento<\/a> rege o funcionamento da Comiss\u00e3o de P\u00f3s-Gradua\u00e7\u00e3o do IFSC.<\/p>\n<h2><strong>Regimento da P\u00f3s-Gradua\u00e7\u00e3o da Universidade de S\u00e3o Paulo: <\/strong><\/h2>\n<p>Este documento rege o funcionamento de todos os programas de p\u00f3s-gradua\u00e7\u00e3o da Universidade de S\u00e3o Paulo.<\/p>\n<ul>\n<li><a href=\"https:\/\/leginf.usp.br\/?resolucao=resolucao-no-7493-de-27-de-marco-de-2018-copy\" target=\"_blank\" rel=\"noopener\">Regimento USP<\/a>: ingressantes ap\u00f3s 27\/03\/2018.<\/li>\n<li><a href=\"http:\/\/www.leginf.usp.br\/?resolucao=resolucao-no-6542-de-18-de-abril-de-2013\" target=\"_blank\" rel=\"noopener noreferrer\">Regimento USP:<\/a> ingressantes antes de 27\/03\/2018.<\/li>\n<\/ul>\n","protected":false},"excerpt":{"rendered":"<p>Regulamento: Este documento regula o funcionamento do Programa com os direitos e deveres dos estudantes e orientadores. Regulamento: ingressantes ap\u00f3s 27\/04\/2022 e optantes. Regulamento: ingressantes ap\u00f3s 29\/08\/2019 e optantes. Regulamento: ingressantes antes de 29\/08\/2019 que n\u00e3o optaram pelo Regulamento novo. Regimento IFSC : Este regimento rege o funcionamento da Comiss\u00e3o de P\u00f3s-Gradua\u00e7\u00e3o do IFSC. Regimento [&hellip;]<\/p>\n","protected":false},"author":2,"featured_media":0,"parent":0,"menu_order":0,"comment_status":"closed","ping_status":"closed","template":"","meta":{"footnotes":""},"class_list":["post-8503","page","type-page","status-publish","hentry"],"yoast_head":"<!-- This site is optimized with the Yoast SEO plugin v27.1.1 - https:\/\/yoast.com\/product\/yoast-seo-wordpress\/ -->\n<title>Regulamento e Regimentos - P\u00f3s-Gradua\u00e7\u00e3o IFSC<\/title>\n<meta name=\"robots\" content=\"index, follow, max-snippet:-1, max-image-preview:large, max-video-preview:-1\" \/>\n<link rel=\"canonical\" href=\"https:\/\/www2.ifsc.usp.br\/pos\/normas\/\" \/>\n<meta property=\"og:locale\" content=\"pt_BR\" \/>\n<meta property=\"og:type\" content=\"article\" \/>\n<meta property=\"og:title\" content=\"Regulamento e Regimentos - P\u00f3s-Gradua\u00e7\u00e3o IFSC\" \/>\n<meta property=\"og:description\" content=\"Regulamento: Este documento regula o funcionamento do Programa com os direitos e deveres dos estudantes e orientadores. Regulamento: ingressantes ap\u00f3s 27\/04\/2022 e optantes. Regulamento: ingressantes ap\u00f3s 29\/08\/2019 e optantes. Regulamento: ingressantes antes de 29\/08\/2019 que n\u00e3o optaram pelo Regulamento novo. Regimento IFSC : Este regimento rege o funcionamento da Comiss\u00e3o de P\u00f3s-Gradua\u00e7\u00e3o do IFSC. Regimento [&hellip;]\" \/>\n<meta property=\"og:url\" content=\"https:\/\/www2.ifsc.usp.br\/pos\/normas\/\" \/>\n<meta property=\"og:site_name\" content=\"P\u00f3s-Gradua\u00e7\u00e3o IFSC\" \/>\n<meta property=\"article:modified_time\" content=\"2022-12-23T11:48:45+00:00\" \/>\n<meta name=\"twitter:card\" content=\"summary_large_image\" \/>\n<meta name=\"twitter:label1\" content=\"Est. tempo de leitura\" \/>\n\t<meta name=\"twitter:data1\" content=\"1 minuto\" \/>\n<script type=\"application\/ld+json\" class=\"yoast-schema-graph\">{\"@context\":\"https:\/\/schema.org\",\"@graph\":[{\"@type\":\"WebPage\",\"@id\":\"https:\/\/www2.ifsc.usp.br\/pos\/normas\/\",\"url\":\"https:\/\/www2.ifsc.usp.br\/pos\/normas\/\",\"name\":\"Regulamento e Regimentos - P\u00f3s-Gradua\u00e7\u00e3o IFSC\",\"isPartOf\":{\"@id\":\"https:\/\/www2.ifsc.usp.br\/pos\/#website\"},\"datePublished\":\"2017-05-03T13:48:51+00:00\",\"dateModified\":\"2022-12-23T11:48:45+00:00\",\"breadcrumb\":{\"@id\":\"https:\/\/www2.ifsc.usp.br\/pos\/normas\/#breadcrumb\"},\"inLanguage\":\"pt-BR\",\"potentialAction\":[{\"@type\":\"ReadAction\",\"target\":[\"https:\/\/www2.ifsc.usp.br\/pos\/normas\/\"]}]},{\"@type\":\"BreadcrumbList\",\"@id\":\"https:\/\/www2.ifsc.usp.br\/pos\/normas\/#breadcrumb\",\"itemListElement\":[{\"@type\":\"ListItem\",\"position\":1,\"name\":\"Home\",\"item\":\"https:\/\/www2.ifsc.usp.br\/pos\/\"},{\"@type\":\"ListItem\",\"position\":2,\"name\":\"Regulamento e Regimentos\"}]},{\"@type\":\"WebSite\",\"@id\":\"https:\/\/www2.ifsc.usp.br\/pos\/#website\",\"url\":\"https:\/\/www2.ifsc.usp.br\/pos\/\",\"name\":\"P\u00f3s-Gradua\u00e7\u00e3o IFSC\",\"description\":\"Instituto de F\u00edsica de S\u00e3o Carlos\",\"potentialAction\":[{\"@type\":\"SearchAction\",\"target\":{\"@type\":\"EntryPoint\",\"urlTemplate\":\"https:\/\/www2.ifsc.usp.br\/pos\/?s={search_term_string}\"},\"query-input\":{\"@type\":\"PropertyValueSpecification\",\"valueRequired\":true,\"valueName\":\"search_term_string\"}}],\"inLanguage\":\"pt-BR\"}]}<\/script>\n<!-- \/ Yoast SEO plugin. -->","yoast_head_json":{"title":"Regulamento e Regimentos - P\u00f3s-Gradua\u00e7\u00e3o IFSC","robots":{"index":"index","follow":"follow","max-snippet":"max-snippet:-1","max-image-preview":"max-image-preview:large","max-video-preview":"max-video-preview:-1"},"canonical":"https:\/\/www2.ifsc.usp.br\/pos\/normas\/","og_locale":"pt_BR","og_type":"article","og_title":"Regulamento e Regimentos - P\u00f3s-Gradua\u00e7\u00e3o IFSC","og_description":"Regulamento: Este documento regula o funcionamento do Programa com os direitos e deveres dos estudantes e orientadores. Regulamento: ingressantes ap\u00f3s 27\/04\/2022 e optantes. Regulamento: ingressantes ap\u00f3s 29\/08\/2019 e optantes. Regulamento: ingressantes antes de 29\/08\/2019 que n\u00e3o optaram pelo Regulamento novo. Regimento IFSC : Este regimento rege o funcionamento da Comiss\u00e3o de P\u00f3s-Gradua\u00e7\u00e3o do IFSC. Regimento [&hellip;]","og_url":"https:\/\/www2.ifsc.usp.br\/pos\/normas\/","og_site_name":"P\u00f3s-Gradua\u00e7\u00e3o IFSC","article_modified_time":"2022-12-23T11:48:45+00:00","twitter_card":"summary_large_image","twitter_misc":{"Est. tempo de leitura":"1 minuto"},"schema":{"@context":"https:\/\/schema.org","@graph":[{"@type":"WebPage","@id":"https:\/\/www2.ifsc.usp.br\/pos\/normas\/","url":"https:\/\/www2.ifsc.usp.br\/pos\/normas\/","name":"Regulamento e Regimentos - P\u00f3s-Gradua\u00e7\u00e3o IFSC","isPartOf":{"@id":"https:\/\/www2.ifsc.usp.br\/pos\/#website"},"datePublished":"2017-05-03T13:48:51+00:00","dateModified":"2022-12-23T11:48:45+00:00","breadcrumb":{"@id":"https:\/\/www2.ifsc.usp.br\/pos\/normas\/#breadcrumb"},"inLanguage":"pt-BR","potentialAction":[{"@type":"ReadAction","target":["https:\/\/www2.ifsc.usp.br\/pos\/normas\/"]}]},{"@type":"BreadcrumbList","@id":"https:\/\/www2.ifsc.usp.br\/pos\/normas\/#breadcrumb","itemListElement":[{"@type":"ListItem","position":1,"name":"Home","item":"https:\/\/www2.ifsc.usp.br\/pos\/"},{"@type":"ListItem","position":2,"name":"Regulamento e Regimentos"}]},{"@type":"WebSite","@id":"https:\/\/www2.ifsc.usp.br\/pos\/#website","url":"https:\/\/www2.ifsc.usp.br\/pos\/","name":"P\u00f3s-Gradua\u00e7\u00e3o IFSC","description":"Instituto de F\u00edsica de S\u00e3o Carlos","potentialAction":[{"@type":"SearchAction","target":{"@type":"EntryPoint","urlTemplate":"https:\/\/www2.ifsc.usp.br\/pos\/?s={search_term_string}"},"query-input":{"@type":"PropertyValueSpecification","valueRequired":true,"valueName":"search_term_string"}}],"inLanguage":"pt-BR"}]}},"_links":{"self":[{"href":"https:\/\/www2.ifsc.usp.br\/pos\/wp-json\/wp\/v2\/pages\/8503","targetHints":{"allow":["GET"]}}],"collection":[{"href":"https:\/\/www2.ifsc.usp.br\/pos\/wp-json\/wp\/v2\/pages"}],"about":[{"href":"https:\/\/www2.ifsc.usp.br\/pos\/wp-json\/wp\/v2\/types\/page"}],"author":[{"embeddable":true,"href":"https:\/\/www2.ifsc.usp.br\/pos\/wp-json\/wp\/v2\/users\/2"}],"replies":[{"embeddable":true,"href":"https:\/\/www2.ifsc.usp.br\/pos\/wp-json\/wp\/v2\/comments?post=8503"}],"version-history":[{"count":28,"href":"https:\/\/www2.ifsc.usp.br\/pos\/wp-json\/wp\/v2\/pages\/8503\/revisions"}],"predecessor-version":[{"id":12267,"href":"https:\/\/www2.ifsc.usp.br\/pos\/wp-json\/wp\/v2\/pages\/8503\/revisions\/12267"}],"wp:attachment":[{"href":"https:\/\/www2.ifsc.usp.br\/pos\/wp-json\/wp\/v2\/media?parent=8503"}],"curies":[{"name":"wp","href":"https:\/\/api.w.org\/{rel}","templated":true}]}}