{"id":8495,"date":"2017-05-03T10:42:42","date_gmt":"2017-05-03T13:42:42","guid":{"rendered":"http:\/\/www2.ifsc.usp.br\/pos\/?page_id=8495"},"modified":"2020-12-22T09:18:59","modified_gmt":"2020-12-22T12:18:59","slug":"ingressando-na-pos","status":"publish","type":"page","link":"https:\/\/www2.ifsc.usp.br\/pos\/ingressando-na-pos\/","title":{"rendered":"Ingressando na p\u00f3s"},"content":{"rendered":"<p>O Programa de P\u00f3s-Gradua\u00e7\u00e3o em F\u00edsica do IFSC oferece semestralmente 3 exames de ingresso a P\u00f3s-Gradua\u00e7\u00e3o. Tamb\u00e9m aceitamos o exame GRE-Physics.<\/p>\n<p>O ingresso na \u00e1rea de F\u00edsica Te\u00f3rica e Experimental \u00e9 feita atrav\u00e9s do EUF. Para as \u00e1res de F\u00edsica Biomolecular e F\u00edsica Computacional, os exames s\u00e3o organizados pelo Programa de P\u00f3s-Gradua\u00e7\u00e3o do IFSC.<\/p>\n<p>Os exames podem ser realizados no Brasil e no Exterior de acordo com as regras previstas no Edital.<\/p>\n<p>Consulte os <a href=\"https:\/\/www2.ifsc.usp.br\/pos\/processo-seletivo\/\">edital abertos<\/a>.<\/p>\n<p>&nbsp;<\/p>\n","protected":false},"excerpt":{"rendered":"<p>O Programa de P\u00f3s-Gradua\u00e7\u00e3o em F\u00edsica do IFSC oferece semestralmente 3 exames de ingresso a P\u00f3s-Gradua\u00e7\u00e3o. Tamb\u00e9m aceitamos o exame GRE-Physics. O ingresso na \u00e1rea de F\u00edsica Te\u00f3rica e Experimental \u00e9 feita atrav\u00e9s do EUF. Para as \u00e1res de F\u00edsica Biomolecular e F\u00edsica Computacional, os exames s\u00e3o organizados pelo Programa de P\u00f3s-Gradua\u00e7\u00e3o do IFSC. Os [&hellip;]<\/p>\n","protected":false},"author":2,"featured_media":0,"parent":0,"menu_order":0,"comment_status":"closed","ping_status":"closed","template":"","meta":{"footnotes":""},"class_list":["post-8495","page","type-page","status-publish","hentry"],"yoast_head":"<!-- This site is optimized with the Yoast SEO plugin v27.1.1 - https:\/\/yoast.com\/product\/yoast-seo-wordpress\/ -->\n<title>Ingressando na p\u00f3s - P\u00f3s-Gradua\u00e7\u00e3o IFSC<\/title>\n<meta name=\"robots\" content=\"index, follow, max-snippet:-1, max-image-preview:large, max-video-preview:-1\" \/>\n<link rel=\"canonical\" href=\"https:\/\/www2.ifsc.usp.br\/pos\/ingressando-na-pos\/\" \/>\n<meta property=\"og:locale\" content=\"pt_BR\" \/>\n<meta property=\"og:type\" content=\"article\" \/>\n<meta property=\"og:title\" content=\"Ingressando na p\u00f3s - P\u00f3s-Gradua\u00e7\u00e3o IFSC\" \/>\n<meta property=\"og:description\" content=\"O Programa de P\u00f3s-Gradua\u00e7\u00e3o em F\u00edsica do IFSC oferece semestralmente 3 exames de ingresso a P\u00f3s-Gradua\u00e7\u00e3o. Tamb\u00e9m aceitamos o exame GRE-Physics. O ingresso na \u00e1rea de F\u00edsica Te\u00f3rica e Experimental \u00e9 feita atrav\u00e9s do EUF. Para as \u00e1res de F\u00edsica Biomolecular e F\u00edsica Computacional, os exames s\u00e3o organizados pelo Programa de P\u00f3s-Gradua\u00e7\u00e3o do IFSC. Os [&hellip;]\" \/>\n<meta property=\"og:url\" content=\"https:\/\/www2.ifsc.usp.br\/pos\/ingressando-na-pos\/\" \/>\n<meta property=\"og:site_name\" content=\"P\u00f3s-Gradua\u00e7\u00e3o IFSC\" \/>\n<meta property=\"article:modified_time\" content=\"2020-12-22T12:18:59+00:00\" \/>\n<meta name=\"twitter:card\" content=\"summary_large_image\" \/>\n<script type=\"application\/ld+json\" class=\"yoast-schema-graph\">{\"@context\":\"https:\/\/schema.org\",\"@graph\":[{\"@type\":\"WebPage\",\"@id\":\"https:\/\/www2.ifsc.usp.br\/pos\/ingressando-na-pos\/\",\"url\":\"https:\/\/www2.ifsc.usp.br\/pos\/ingressando-na-pos\/\",\"name\":\"Ingressando na p\u00f3s - P\u00f3s-Gradua\u00e7\u00e3o IFSC\",\"isPartOf\":{\"@id\":\"https:\/\/www2.ifsc.usp.br\/pos\/#website\"},\"datePublished\":\"2017-05-03T13:42:42+00:00\",\"dateModified\":\"2020-12-22T12:18:59+00:00\",\"breadcrumb\":{\"@id\":\"https:\/\/www2.ifsc.usp.br\/pos\/ingressando-na-pos\/#breadcrumb\"},\"inLanguage\":\"pt-BR\",\"potentialAction\":[{\"@type\":\"ReadAction\",\"target\":[\"https:\/\/www2.ifsc.usp.br\/pos\/ingressando-na-pos\/\"]}]},{\"@type\":\"BreadcrumbList\",\"@id\":\"https:\/\/www2.ifsc.usp.br\/pos\/ingressando-na-pos\/#breadcrumb\",\"itemListElement\":[{\"@type\":\"ListItem\",\"position\":1,\"name\":\"Home\",\"item\":\"https:\/\/www2.ifsc.usp.br\/pos\/\"},{\"@type\":\"ListItem\",\"position\":2,\"name\":\"Ingressando na p\u00f3s\"}]},{\"@type\":\"WebSite\",\"@id\":\"https:\/\/www2.ifsc.usp.br\/pos\/#website\",\"url\":\"https:\/\/www2.ifsc.usp.br\/pos\/\",\"name\":\"P\u00f3s-Gradua\u00e7\u00e3o IFSC\",\"description\":\"Instituto de F\u00edsica de S\u00e3o Carlos\",\"potentialAction\":[{\"@type\":\"SearchAction\",\"target\":{\"@type\":\"EntryPoint\",\"urlTemplate\":\"https:\/\/www2.ifsc.usp.br\/pos\/?s={search_term_string}\"},\"query-input\":{\"@type\":\"PropertyValueSpecification\",\"valueRequired\":true,\"valueName\":\"search_term_string\"}}],\"inLanguage\":\"pt-BR\"}]}<\/script>\n<!-- \/ Yoast SEO plugin. -->","yoast_head_json":{"title":"Ingressando na p\u00f3s - P\u00f3s-Gradua\u00e7\u00e3o IFSC","robots":{"index":"index","follow":"follow","max-snippet":"max-snippet:-1","max-image-preview":"max-image-preview:large","max-video-preview":"max-video-preview:-1"},"canonical":"https:\/\/www2.ifsc.usp.br\/pos\/ingressando-na-pos\/","og_locale":"pt_BR","og_type":"article","og_title":"Ingressando na p\u00f3s - P\u00f3s-Gradua\u00e7\u00e3o IFSC","og_description":"O Programa de P\u00f3s-Gradua\u00e7\u00e3o em F\u00edsica do IFSC oferece semestralmente 3 exames de ingresso a P\u00f3s-Gradua\u00e7\u00e3o. Tamb\u00e9m aceitamos o exame GRE-Physics. O ingresso na \u00e1rea de F\u00edsica Te\u00f3rica e Experimental \u00e9 feita atrav\u00e9s do EUF. Para as \u00e1res de F\u00edsica Biomolecular e F\u00edsica Computacional, os exames s\u00e3o organizados pelo Programa de P\u00f3s-Gradua\u00e7\u00e3o do IFSC. Os [&hellip;]","og_url":"https:\/\/www2.ifsc.usp.br\/pos\/ingressando-na-pos\/","og_site_name":"P\u00f3s-Gradua\u00e7\u00e3o IFSC","article_modified_time":"2020-12-22T12:18:59+00:00","twitter_card":"summary_large_image","schema":{"@context":"https:\/\/schema.org","@graph":[{"@type":"WebPage","@id":"https:\/\/www2.ifsc.usp.br\/pos\/ingressando-na-pos\/","url":"https:\/\/www2.ifsc.usp.br\/pos\/ingressando-na-pos\/","name":"Ingressando na p\u00f3s - P\u00f3s-Gradua\u00e7\u00e3o IFSC","isPartOf":{"@id":"https:\/\/www2.ifsc.usp.br\/pos\/#website"},"datePublished":"2017-05-03T13:42:42+00:00","dateModified":"2020-12-22T12:18:59+00:00","breadcrumb":{"@id":"https:\/\/www2.ifsc.usp.br\/pos\/ingressando-na-pos\/#breadcrumb"},"inLanguage":"pt-BR","potentialAction":[{"@type":"ReadAction","target":["https:\/\/www2.ifsc.usp.br\/pos\/ingressando-na-pos\/"]}]},{"@type":"BreadcrumbList","@id":"https:\/\/www2.ifsc.usp.br\/pos\/ingressando-na-pos\/#breadcrumb","itemListElement":[{"@type":"ListItem","position":1,"name":"Home","item":"https:\/\/www2.ifsc.usp.br\/pos\/"},{"@type":"ListItem","position":2,"name":"Ingressando na p\u00f3s"}]},{"@type":"WebSite","@id":"https:\/\/www2.ifsc.usp.br\/pos\/#website","url":"https:\/\/www2.ifsc.usp.br\/pos\/","name":"P\u00f3s-Gradua\u00e7\u00e3o IFSC","description":"Instituto de F\u00edsica de S\u00e3o Carlos","potentialAction":[{"@type":"SearchAction","target":{"@type":"EntryPoint","urlTemplate":"https:\/\/www2.ifsc.usp.br\/pos\/?s={search_term_string}"},"query-input":{"@type":"PropertyValueSpecification","valueRequired":true,"valueName":"search_term_string"}}],"inLanguage":"pt-BR"}]}},"_links":{"self":[{"href":"https:\/\/www2.ifsc.usp.br\/pos\/wp-json\/wp\/v2\/pages\/8495","targetHints":{"allow":["GET"]}}],"collection":[{"href":"https:\/\/www2.ifsc.usp.br\/pos\/wp-json\/wp\/v2\/pages"}],"about":[{"href":"https:\/\/www2.ifsc.usp.br\/pos\/wp-json\/wp\/v2\/types\/page"}],"author":[{"embeddable":true,"href":"https:\/\/www2.ifsc.usp.br\/pos\/wp-json\/wp\/v2\/users\/2"}],"replies":[{"embeddable":true,"href":"https:\/\/www2.ifsc.usp.br\/pos\/wp-json\/wp\/v2\/comments?post=8495"}],"version-history":[{"count":5,"href":"https:\/\/www2.ifsc.usp.br\/pos\/wp-json\/wp\/v2\/pages\/8495\/revisions"}],"predecessor-version":[{"id":10870,"href":"https:\/\/www2.ifsc.usp.br\/pos\/wp-json\/wp\/v2\/pages\/8495\/revisions\/10870"}],"wp:attachment":[{"href":"https:\/\/www2.ifsc.usp.br\/pos\/wp-json\/wp\/v2\/media?parent=8495"}],"curies":[{"name":"wp","href":"https:\/\/api.w.org\/{rel}","templated":true}]}}