{"id":10849,"date":"2020-12-17T13:53:51","date_gmt":"2020-12-17T16:53:51","guid":{"rendered":"https:\/\/www2.ifsc.usp.br\/pos\/?page_id=10849"},"modified":"2021-01-07T12:26:15","modified_gmt":"2021-01-07T15:26:15","slug":"inscricoes-e-selecao-pae-1o-2021","status":"publish","type":"page","link":"https:\/\/www2.ifsc.usp.br\/pos\/inscricoes-e-selecao-pae-1o-2021\/","title":{"rendered":"Inscri\u00e7\u00f5es e Sele\u00e7\u00e3o \u2013 PAE 1\u00ba 2021"},"content":{"rendered":"<p>Estar\u00e3o abertas de\u00a0<strong><b>16 de dezembro de 2020 a 08 de janeiro de 2021<\/b><\/strong>\u00a0as inscri\u00e7\u00f5es para o Programa de Aperfei\u00e7oamento de Ensino (PAE), referente ao 1\u00ba semestre de 2021, que dever\u00e3o ser feitas atrav\u00e9s do sistema Janus, conforme Artigo 3\u00ba deste edital.<\/p>\n<p><strong>Antes de realizar sua inscri\u00e7\u00e3o no sistema Janus, entre em contato com o supervisor da disciplina. Os emails dos docentes est\u00e3o dispon\u00edveis em https:\/\/www2.ifsc.usp.br\/portal-ifsc\/lista-de-docentes\/<br \/>\n<\/strong><\/p>\n<p><strong>IMPORTANTE:\u00a0<\/strong>para realizar a inscri\u00e7\u00e3o, o aluno dever\u00e1 realizar\u00a0<strong>TODAS<\/strong>\u00a0as etapas listadas abaixo:<\/p>\n<p>\u2022 Acessar sua \u00e1rea de aluno no sistema Janus e efetuar sua inscri\u00e7\u00e3o atrav\u00e9s do seguinte caminho: PAE &gt; Inscri\u00e7\u00e3o &gt; 1\u00ba semestre de 2021 &gt; Adicionar\/Alterar;<br \/>\n\u2022 Digitar o plano de trabalho elaborado pelo (a) respons\u00e1vel da disciplina de gradua\u00e7\u00e3o, no qual dever\u00e3o constar as tarefas de responsabilidade do p\u00f3s-graduando (poder\u00e1 conter no m\u00e1ximo 6.000 caracteres);<br \/>\n\u2022 Entrar em contato com o orientador, para que o mesmo avalize a inscri\u00e7\u00e3o atrav\u00e9s do sistema Janus;<br \/>\n\u2022 Entrar em contato com o supervisor da disciplina, para que o mesmo avalize a inscri\u00e7\u00e3o atrav\u00e9s do sistema Janus;<br \/>\n\u2022 Enviar c\u00f3pia do hist\u00f3rico escolar de gradua\u00e7\u00e3o para o email ricardovital@ifsc.usp.br<\/p>\n<p><strong>O n\u00e3o cumprimento de qualquer uma das etapas listadas invalidar\u00e1 a inscri\u00e7\u00e3o.<\/strong><\/p>\n<p><small><big><em><strong>Seguem anexos<br \/>\n<\/strong><\/em><\/big><\/small><\/p>\n<ul>\n<li><a href=\"https:\/\/www2.ifsc.usp.br\/pos\/wp-content\/uploads\/2021\/01\/Edital-PAE-1o-semestre-de-2021_divulgacao_Retificado.pdf\" target=\"_blank\" rel=\"noopener noreferrer\">Edital<\/a><\/li>\n<li><a href=\"https:\/\/www2.ifsc.usp.br\/pos\/wp-content\/uploads\/2020\/12\/3.-Disciplinas-PAE_1o-2021-divulgacao.pdf\" target=\"_blank\" rel=\"noopener noreferrer\">Disciplinas ofertadas<\/a><\/li>\n<\/ul>\n","protected":false},"excerpt":{"rendered":"<p>Estar\u00e3o abertas de\u00a016 de dezembro de 2020 a 08 de janeiro de 2021\u00a0as inscri\u00e7\u00f5es para o Programa de Aperfei\u00e7oamento de Ensino (PAE), referente ao 1\u00ba semestre de 2021, que dever\u00e3o ser feitas atrav\u00e9s do sistema Janus, conforme Artigo 3\u00ba deste edital. Antes de realizar sua inscri\u00e7\u00e3o no sistema Janus, entre em contato com o supervisor [&hellip;]<\/p>\n","protected":false},"author":4,"featured_media":0,"parent":0,"menu_order":0,"comment_status":"closed","ping_status":"closed","template":"","meta":{"footnotes":""},"class_list":["post-10849","page","type-page","status-publish","hentry"],"yoast_head":"<!-- This site is optimized with the Yoast SEO plugin v27.1.1 - https:\/\/yoast.com\/product\/yoast-seo-wordpress\/ -->\n<title>Inscri\u00e7\u00f5es e Sele\u00e7\u00e3o \u2013 PAE 1\u00ba 2021 - P\u00f3s-Gradua\u00e7\u00e3o IFSC<\/title>\n<meta name=\"robots\" content=\"index, follow, max-snippet:-1, max-image-preview:large, max-video-preview:-1\" \/>\n<link rel=\"canonical\" href=\"https:\/\/www2.ifsc.usp.br\/pos\/inscricoes-e-selecao-pae-1o-2021\/\" \/>\n<meta property=\"og:locale\" content=\"pt_BR\" \/>\n<meta property=\"og:type\" content=\"article\" \/>\n<meta property=\"og:title\" content=\"Inscri\u00e7\u00f5es e Sele\u00e7\u00e3o \u2013 PAE 1\u00ba 2021 - P\u00f3s-Gradua\u00e7\u00e3o IFSC\" \/>\n<meta property=\"og:description\" content=\"Estar\u00e3o abertas de\u00a016 de dezembro de 2020 a 08 de janeiro de 2021\u00a0as inscri\u00e7\u00f5es para o Programa de Aperfei\u00e7oamento de Ensino (PAE), referente ao 1\u00ba semestre de 2021, que dever\u00e3o ser feitas atrav\u00e9s do sistema Janus, conforme Artigo 3\u00ba deste edital. Antes de realizar sua inscri\u00e7\u00e3o no sistema Janus, entre em contato com o supervisor [&hellip;]\" \/>\n<meta property=\"og:url\" content=\"https:\/\/www2.ifsc.usp.br\/pos\/inscricoes-e-selecao-pae-1o-2021\/\" \/>\n<meta property=\"og:site_name\" content=\"P\u00f3s-Gradua\u00e7\u00e3o IFSC\" \/>\n<meta property=\"article:modified_time\" content=\"2021-01-07T15:26:15+00:00\" \/>\n<meta name=\"twitter:card\" content=\"summary_large_image\" \/>\n<meta name=\"twitter:label1\" content=\"Est. tempo de leitura\" \/>\n\t<meta name=\"twitter:data1\" content=\"1 minuto\" \/>\n<script type=\"application\/ld+json\" class=\"yoast-schema-graph\">{\"@context\":\"https:\/\/schema.org\",\"@graph\":[{\"@type\":\"WebPage\",\"@id\":\"https:\/\/www2.ifsc.usp.br\/pos\/inscricoes-e-selecao-pae-1o-2021\/\",\"url\":\"https:\/\/www2.ifsc.usp.br\/pos\/inscricoes-e-selecao-pae-1o-2021\/\",\"name\":\"Inscri\u00e7\u00f5es e Sele\u00e7\u00e3o \u2013 PAE 1\u00ba 2021 - P\u00f3s-Gradua\u00e7\u00e3o IFSC\",\"isPartOf\":{\"@id\":\"https:\/\/www2.ifsc.usp.br\/pos\/#website\"},\"datePublished\":\"2020-12-17T16:53:51+00:00\",\"dateModified\":\"2021-01-07T15:26:15+00:00\",\"breadcrumb\":{\"@id\":\"https:\/\/www2.ifsc.usp.br\/pos\/inscricoes-e-selecao-pae-1o-2021\/#breadcrumb\"},\"inLanguage\":\"pt-BR\",\"potentialAction\":[{\"@type\":\"ReadAction\",\"target\":[\"https:\/\/www2.ifsc.usp.br\/pos\/inscricoes-e-selecao-pae-1o-2021\/\"]}]},{\"@type\":\"BreadcrumbList\",\"@id\":\"https:\/\/www2.ifsc.usp.br\/pos\/inscricoes-e-selecao-pae-1o-2021\/#breadcrumb\",\"itemListElement\":[{\"@type\":\"ListItem\",\"position\":1,\"name\":\"Home\",\"item\":\"https:\/\/www2.ifsc.usp.br\/pos\/\"},{\"@type\":\"ListItem\",\"position\":2,\"name\":\"Inscri\u00e7\u00f5es e Sele\u00e7\u00e3o \u2013 PAE 1\u00ba 2021\"}]},{\"@type\":\"WebSite\",\"@id\":\"https:\/\/www2.ifsc.usp.br\/pos\/#website\",\"url\":\"https:\/\/www2.ifsc.usp.br\/pos\/\",\"name\":\"P\u00f3s-Gradua\u00e7\u00e3o IFSC\",\"description\":\"Instituto de F\u00edsica de S\u00e3o Carlos\",\"potentialAction\":[{\"@type\":\"SearchAction\",\"target\":{\"@type\":\"EntryPoint\",\"urlTemplate\":\"https:\/\/www2.ifsc.usp.br\/pos\/?s={search_term_string}\"},\"query-input\":{\"@type\":\"PropertyValueSpecification\",\"valueRequired\":true,\"valueName\":\"search_term_string\"}}],\"inLanguage\":\"pt-BR\"}]}<\/script>\n<!-- \/ Yoast SEO plugin. -->","yoast_head_json":{"title":"Inscri\u00e7\u00f5es e Sele\u00e7\u00e3o \u2013 PAE 1\u00ba 2021 - P\u00f3s-Gradua\u00e7\u00e3o IFSC","robots":{"index":"index","follow":"follow","max-snippet":"max-snippet:-1","max-image-preview":"max-image-preview:large","max-video-preview":"max-video-preview:-1"},"canonical":"https:\/\/www2.ifsc.usp.br\/pos\/inscricoes-e-selecao-pae-1o-2021\/","og_locale":"pt_BR","og_type":"article","og_title":"Inscri\u00e7\u00f5es e Sele\u00e7\u00e3o \u2013 PAE 1\u00ba 2021 - P\u00f3s-Gradua\u00e7\u00e3o IFSC","og_description":"Estar\u00e3o abertas de\u00a016 de dezembro de 2020 a 08 de janeiro de 2021\u00a0as inscri\u00e7\u00f5es para o Programa de Aperfei\u00e7oamento de Ensino (PAE), referente ao 1\u00ba semestre de 2021, que dever\u00e3o ser feitas atrav\u00e9s do sistema Janus, conforme Artigo 3\u00ba deste edital. Antes de realizar sua inscri\u00e7\u00e3o no sistema Janus, entre em contato com o supervisor [&hellip;]","og_url":"https:\/\/www2.ifsc.usp.br\/pos\/inscricoes-e-selecao-pae-1o-2021\/","og_site_name":"P\u00f3s-Gradua\u00e7\u00e3o IFSC","article_modified_time":"2021-01-07T15:26:15+00:00","twitter_card":"summary_large_image","twitter_misc":{"Est. tempo de leitura":"1 minuto"},"schema":{"@context":"https:\/\/schema.org","@graph":[{"@type":"WebPage","@id":"https:\/\/www2.ifsc.usp.br\/pos\/inscricoes-e-selecao-pae-1o-2021\/","url":"https:\/\/www2.ifsc.usp.br\/pos\/inscricoes-e-selecao-pae-1o-2021\/","name":"Inscri\u00e7\u00f5es e Sele\u00e7\u00e3o \u2013 PAE 1\u00ba 2021 - P\u00f3s-Gradua\u00e7\u00e3o IFSC","isPartOf":{"@id":"https:\/\/www2.ifsc.usp.br\/pos\/#website"},"datePublished":"2020-12-17T16:53:51+00:00","dateModified":"2021-01-07T15:26:15+00:00","breadcrumb":{"@id":"https:\/\/www2.ifsc.usp.br\/pos\/inscricoes-e-selecao-pae-1o-2021\/#breadcrumb"},"inLanguage":"pt-BR","potentialAction":[{"@type":"ReadAction","target":["https:\/\/www2.ifsc.usp.br\/pos\/inscricoes-e-selecao-pae-1o-2021\/"]}]},{"@type":"BreadcrumbList","@id":"https:\/\/www2.ifsc.usp.br\/pos\/inscricoes-e-selecao-pae-1o-2021\/#breadcrumb","itemListElement":[{"@type":"ListItem","position":1,"name":"Home","item":"https:\/\/www2.ifsc.usp.br\/pos\/"},{"@type":"ListItem","position":2,"name":"Inscri\u00e7\u00f5es e Sele\u00e7\u00e3o \u2013 PAE 1\u00ba 2021"}]},{"@type":"WebSite","@id":"https:\/\/www2.ifsc.usp.br\/pos\/#website","url":"https:\/\/www2.ifsc.usp.br\/pos\/","name":"P\u00f3s-Gradua\u00e7\u00e3o IFSC","description":"Instituto de F\u00edsica de S\u00e3o Carlos","potentialAction":[{"@type":"SearchAction","target":{"@type":"EntryPoint","urlTemplate":"https:\/\/www2.ifsc.usp.br\/pos\/?s={search_term_string}"},"query-input":{"@type":"PropertyValueSpecification","valueRequired":true,"valueName":"search_term_string"}}],"inLanguage":"pt-BR"}]}},"_links":{"self":[{"href":"https:\/\/www2.ifsc.usp.br\/pos\/wp-json\/wp\/v2\/pages\/10849","targetHints":{"allow":["GET"]}}],"collection":[{"href":"https:\/\/www2.ifsc.usp.br\/pos\/wp-json\/wp\/v2\/pages"}],"about":[{"href":"https:\/\/www2.ifsc.usp.br\/pos\/wp-json\/wp\/v2\/types\/page"}],"author":[{"embeddable":true,"href":"https:\/\/www2.ifsc.usp.br\/pos\/wp-json\/wp\/v2\/users\/4"}],"replies":[{"embeddable":true,"href":"https:\/\/www2.ifsc.usp.br\/pos\/wp-json\/wp\/v2\/comments?post=10849"}],"version-history":[{"count":6,"href":"https:\/\/www2.ifsc.usp.br\/pos\/wp-json\/wp\/v2\/pages\/10849\/revisions"}],"predecessor-version":[{"id":10931,"href":"https:\/\/www2.ifsc.usp.br\/pos\/wp-json\/wp\/v2\/pages\/10849\/revisions\/10931"}],"wp:attachment":[{"href":"https:\/\/www2.ifsc.usp.br\/pos\/wp-json\/wp\/v2\/media?parent=10849"}],"curies":[{"name":"wp","href":"https:\/\/api.w.org\/{rel}","templated":true}]}}