{"id":10718,"date":"2020-11-11T18:50:49","date_gmt":"2020-11-11T21:50:49","guid":{"rendered":"https:\/\/www2.ifsc.usp.br\/pos\/?page_id=10718"},"modified":"2020-11-11T18:50:49","modified_gmt":"2020-11-11T21:50:49","slug":"eventos","status":"publish","type":"page","link":"https:\/\/www2.ifsc.usp.br\/pos\/eventos\/","title":{"rendered":"Eventos"},"content":{"rendered":"\t\t\t<!--<h2> <?php\/\/ echo  get_cat_name( $catid ); ?> <\/h2> -->\r\n\t\t\t<section class=\"latest_news clearfix style-2\">\r\n\t\t\t\t\t\t\r\n\t\t\t<article>\r\n\t\t\t\r\n\t\t\t\t\t<figure><\/figure> \r\n\t\t\t\t\t\r\n\t\t\t\t\t\r\n\r\n\t\t\t\t\t<div class=\"text\">\r\n\t\t\t\t\t<span class=\"date\">7 de fevereiro de 2022<\/span>\r\n\t\t\t\t\t\t<h5 class=\"clean_heading\"><a class=\"title\" href=\"https:\/\/www2.ifsc.usp.br\/pos\/11902-2\/\" title=\"[PUB-NY] &#8211; Edi\u00e7\u00e3o Fevereiro\/2022\" rel=\"bookmark\">[PUB-NY] &#8211; Edi\u00e7\u00e3o Fevereiro\/2022<\/a><\/h5>\r\n\t\t\r\n\t\t\t\t\t<\/div>\r\n\t\t\t\t\t\r\n\t\t\t<\/article>\r\n\t\t\t\r\n\t\t\t\r\n\t\t\t\r\n\t\t\t\t\t\r\n\t\t\t\r\n\t\t\t\r\n\r\n\r\n\r\n\r\n\r\n\t\t\t\r\n\t\t\t\t\t\t\r\n\t\t\t<article>\r\n\t\t\t\r\n\t\t\t\t\t<figure><\/figure> \r\n\t\t\t\t\t\r\n\t\t\t\t\t\r\n\r\n\t\t\t\t\t<div class=\"text\">\r\n\t\t\t\t\t<span class=\"date\">3 de janeiro de 2022<\/span>\r\n\t\t\t\t\t\t<h5 class=\"clean_heading\"><a class=\"title\" href=\"https:\/\/www2.ifsc.usp.br\/pos\/chamada-de-trabalhos-escola-regional-de-alto-desempenho-de-sao-paulo-erad-sp\/\" title=\"Chamada de Trabalhos &#8211; Escola Regional de Alto Desempenho de S\u00e3o Paulo (ERAD-SP)\" rel=\"bookmark\">Chamada de Trabalhos &#8211; Escola Regional de Alto Desempenho de S\u00e3o Paulo (ERAD-SP)<\/a><\/h5>\r\n\t\t\r\n\t\t\t\t\t<\/div>\r\n\t\t\t\t\t\r\n\t\t\t<\/article>\r\n\t\t\t\r\n\t\t\t\r\n\t\t\t\r\n\t\t\t\t\t\r\n\t\t\t\r\n\t\t\t\r\n\r\n\r\n\r\n\r\n\r\n\t\t\t\r\n\t\t\t\t\t\t\r\n\t\t\t<article>\r\n\t\t\t\r\n\t\t\t\t\t<figure><\/figure> \r\n\t\t\t\t\t\r\n\t\t\t\t\t\r\n\r\n\t\t\t\t\t<div class=\"text\">\r\n\t\t\t\t\t<span class=\"date\">3 de janeiro de 2022<\/span>\r\n\t\t\t\t\t\t<h5 class=\"clean_heading\"><a class=\"title\" href=\"https:\/\/www2.ifsc.usp.br\/pos\/chamada-de-minicursos-escola-regional-de-alto-desempenho-de-sao-paulo-erad-sp\/\" title=\"Chamada de Minicursos &#8211; Escola Regional de Alto Desempenho de S\u00e3o Paulo (ERAD-SP)\" rel=\"bookmark\">Chamada de Minicursos &#8211; Escola Regional de Alto Desempenho de S\u00e3o Paulo (ERAD-SP)<\/a><\/h5>\r\n\t\t\r\n\t\t\t\t\t<\/div>\r\n\t\t\t\t\t\r\n\t\t\t<\/article>\r\n\t\t\t\r\n\t\t\t\r\n\t\t\t\r\n\t\t\t\t\t\r\n\t\t\t\r\n\t\t\t\r\n\r\n\r\n\r\n\r\n\r\n\t\t\t\r\n\t\t\t\t\t\t\r\n\t\t\t<article>\r\n\t\t\t\r\n\t\t\t\t\t<figure><\/figure> \r\n\t\t\t\t\t\r\n\t\t\t\t\t\r\n\r\n\t\t\t\t\t<div class=\"text\">\r\n\t\t\t\t\t<span class=\"date\">24 de novembro de 2021<\/span>\r\n\t\t\t\t\t\t<h5 class=\"clean_heading\"><a class=\"title\" href=\"https:\/\/www2.ifsc.usp.br\/pos\/divulgacao-webinar-cooperacao-academica-e-cientifica-entre-a-universidade-de-sao-paulo-usp-e-a-humboldt-universitat-zu-berlin-hub\/\" title=\"Divulga\u00e7\u00e3o &#8211; webinar \u201cCoopera\u00e7\u00e3o acad\u00eamica e cient\u00edfica entre a Universidade de S\u00e3o Paulo (USP) e a Humboldt Universit\u00e4t zu Berlin (HUB)\" rel=\"bookmark\">Divulga\u00e7\u00e3o &#8211; webinar \u201cCoopera\u00e7\u00e3o acad\u00eamica e cient\u00edfica entre a Universidade de S\u00e3o Paulo (USP) e a Humboldt Universit\u00e4t zu Berlin (HUB)<\/a><\/h5>\r\n\t\t\r\n\t\t\t\t\t<\/div>\r\n\t\t\t\t\t\r\n\t\t\t<\/article>\r\n\t\t\t\r\n\t\t\t\r\n\t\t\t\r\n\t\t\t\t\t\r\n\t\t\t\r\n\t\t\t\r\n\r\n\r\n\r\n\r\n\r\n\t\t\t\r\n\t\t\t\t\t\t\r\n\t\t\t<article>\r\n\t\t\t\r\n\t\t\t\t\t<figure><\/figure> \r\n\t\t\t\t\t\r\n\t\t\t\t\t\r\n\r\n\t\t\t\t\t<div class=\"text\">\r\n\t\t\t\t\t<span class=\"date\">24 de novembro de 2021<\/span>\r\n\t\t\t\t\t\t<h5 class=\"clean_heading\"><a class=\"title\" href=\"https:\/\/www2.ifsc.usp.br\/pos\/iii-escola-de-verao-ufpr\/\" title=\"III Escola de Ver\u00e3o &#8211; UFPR\" rel=\"bookmark\">III Escola de Ver\u00e3o &#8211; UFPR<\/a><\/h5>\r\n\t\t\r\n\t\t\t\t\t<\/div>\r\n\t\t\t\t\t\r\n\t\t\t<\/article>\r\n\t\t\t\r\n\t\t\t\r\n\t\t\t\r\n\t\t\t\t\t\r\n\t\t\t\r\n\t\t\t\r\n\r\n\r\n\r\n\r\n\r\n\t\t\t\r\n\t\t\t\t\t\t\r\n\t\t\t<article>\r\n\t\t\t\r\n\t\t\t\t\t<figure><\/figure> \r\n\t\t\t\t\t\r\n\t\t\t\t\t\r\n\r\n\t\t\t\t\t<div class=\"text\">\r\n\t\t\t\t\t<span class=\"date\">24 de novembro de 2021<\/span>\r\n\t\t\t\t\t\t<h5 class=\"clean_heading\"><a class=\"title\" href=\"https:\/\/www2.ifsc.usp.br\/pos\/anuncio-ictp-saifr-reuven-opher-workshop-on-challenges-of-new-physics-in-space\/\" title=\"An\u00fancio ICTP-SAIFR: Reuven Opher Workshop on Challenges of New Physics in Space\" rel=\"bookmark\">An\u00fancio ICTP-SAIFR: Reuven Opher Workshop on Challenges of New Physics in Space<\/a><\/h5>\r\n\t\t\r\n\t\t\t\t\t<\/div>\r\n\t\t\t\t\t\r\n\t\t\t<\/article>\r\n\t\t\t\r\n\t\t\t\r\n\t\t\t\r\n\t\t\t\t\t\r\n\t\t\t\r\n\t\t\t\r\n\r\n\r\n\r\n\r\n\r\n\t\t\t\r\n\t\t\t\t\t\t\r\n\t\t\t<article>\r\n\t\t\t\r\n\t\t\t\t\t<figure><\/figure> \r\n\t\t\t\t\t\r\n\t\t\t\t\t\r\n\r\n\t\t\t\t\t<div class=\"text\">\r\n\t\t\t\t\t<span class=\"date\">9 de novembro de 2021<\/span>\r\n\t\t\t\t\t\t<h5 class=\"clean_heading\"><a class=\"title\" href=\"https:\/\/www2.ifsc.usp.br\/pos\/06-areas-tematicas-xxx-congresso-latino-americano-de-hidraulica\/\" title=\"06 \u00c1reas Tem\u00e1ticas: XXX Congresso Latino-americano de Hidr\u00e1ulica\" rel=\"bookmark\">06 \u00c1reas Tem\u00e1ticas: XXX Congresso Latino-americano de Hidr\u00e1ulica<\/a><\/h5>\r\n\t\t\r\n\t\t\t\t\t<\/div>\r\n\t\t\t\t\t\r\n\t\t\t<\/article>\r\n\t\t\t\r\n\t\t\t\r\n\t\t\t\r\n\t\t\t\t\t\r\n\t\t\t\r\n\t\t\t\r\n\r\n\r\n\r\n\r\n\r\n\t\t\t\r\n\t\t\t\t\t\t\r\n\t\t\t<article>\r\n\t\t\t\r\n\t\t\t\t\t<figure><\/figure> \r\n\t\t\t\t\t\r\n\t\t\t\t\t\r\n\r\n\t\t\t\t\t<div class=\"text\">\r\n\t\t\t\t\t<span class=\"date\">8 de novembro de 2021<\/span>\r\n\t\t\t\t\t\t<h5 class=\"clean_heading\"><a class=\"title\" href=\"https:\/\/www2.ifsc.usp.br\/pos\/5a-escola-de-pesquisadores-do-campus-usp-de-sao-carlos\/\" title=\"5\u00aa Escola de Pesquisadores do Campus USP de S\u00e3o Carlos\" rel=\"bookmark\">5\u00aa Escola de Pesquisadores do Campus USP de S\u00e3o Carlos<\/a><\/h5>\r\n\t\t\r\n\t\t\t\t\t<\/div>\r\n\t\t\t\t\t\r\n\t\t\t<\/article>\r\n\t\t\t\r\n\t\t\t\r\n\t\t\t\r\n\t\t\t\t\t\r\n\t\t\t\r\n\t\t\t\r\n\r\n\r\n\r\n\r\n\r\n\t\t\t\r\n\t\t\t\t\t\t\r\n\t\t\t<article>\r\n\t\t\t\r\n\t\t\t\t\t<figure><\/figure> \r\n\t\t\t\t\t\r\n\t\t\t\t\t\r\n\r\n\t\t\t\t\t<div class=\"text\">\r\n\t\t\t\t\t<span class=\"date\">25 de outubro de 2021<\/span>\r\n\t\t\t\t\t\t<h5 class=\"clean_heading\"><a class=\"title\" href=\"https:\/\/www2.ifsc.usp.br\/pos\/23-simposio-em-ciencia-e-engenharia-de-materiais-da-eesc-usp-sicem\/\" title=\"23\u00b0 Simp\u00f3sio em Ci\u00eancia e Engenharia de Materiais da EESC\/USP (SICEM)\" rel=\"bookmark\">23\u00b0 Simp\u00f3sio em Ci\u00eancia e Engenharia de Materiais da EESC\/USP (SICEM)<\/a><\/h5>\r\n\t\t\r\n\t\t\t\t\t<\/div>\r\n\t\t\t\t\t\r\n\t\t\t<\/article>\r\n\t\t\t\r\n\t\t\t\r\n\t\t\t\r\n\t\t\t\t\t\r\n\t\t\t\r\n\t\t\t\r\n\r\n\r\n\r\n\r\n\r\n\t\t\t\r\n\t\t\t\t\t\t\r\n\t\t\t<article>\r\n\t\t\t\r\n\t\t\t\t\t<figure><\/figure> \r\n\t\t\t\t\t\r\n\t\t\t\t\t\r\n\r\n\t\t\t\t\t<div class=\"text\">\r\n\t\t\t\t\t<span class=\"date\">13 de outubro de 2021<\/span>\r\n\t\t\t\t\t\t<h5 class=\"clean_heading\"><a class=\"title\" href=\"https:\/\/www2.ifsc.usp.br\/pos\/divulgacao-softe-e-premiacoes-ap-orais\/\" title=\"Divulga\u00e7\u00e3o SOFTE e Premia\u00e7\u00f5es Ap. Orais\" rel=\"bookmark\">Divulga\u00e7\u00e3o SOFTE e Premia\u00e7\u00f5es Ap. Orais<\/a><\/h5>\r\n\t\t\r\n\t\t\t\t\t<\/div>\r\n\t\t\t\t\t\r\n\t\t\t<\/article>\r\n\t\t\t\r\n\t\t\t\r\n\t\t\t\r\n\t\t\t\t\t\r\n\t\t\t\r\n\t\t\t\r\n\r\n\r\n\r\n\r\n\r\n\t\t\t\r\n\t\t\t\t\t\t\r\n\t\t\t<article>\r\n\t\t\t\r\n\t\t\t\t\t<figure><\/figure> \r\n\t\t\t\t\t\r\n\t\t\t\t\t\r\n\r\n\t\t\t\t\t<div class=\"text\">\r\n\t\t\t\t\t<span class=\"date\">13 de outubro de 2021<\/span>\r\n\t\t\t\t\t\t<h5 class=\"clean_heading\"><a class=\"title\" href=\"https:\/\/www2.ifsc.usp.br\/pos\/anuncio-ictp-saifr-silafae-xii3-4\/\" title=\"An\u00fancio ICTP-SAIFR: SILAFAE XII3\/4\" rel=\"bookmark\">An\u00fancio ICTP-SAIFR: SILAFAE XII3\/4<\/a><\/h5>\r\n\t\t\r\n\t\t\t\t\t<\/div>\r\n\t\t\t\t\t\r\n\t\t\t<\/article>\r\n\t\t\t\r\n\t\t\t\r\n\t\t\t\r\n\t\t\t\t\t\r\n\t\t\t\r\n\t\t\t\r\n\r\n\r\n\r\n\r\n\r\n\t\t\t\r\n\t\t\t\t\t\t\r\n\t\t\t<article>\r\n\t\t\t\r\n\t\t\t\t\t<figure><\/figure> \r\n\t\t\t\t\t\r\n\t\t\t\t\t\r\n\r\n\t\t\t\t\t<div class=\"text\">\r\n\t\t\t\t\t<span class=\"date\">13 de outubro de 2021<\/span>\r\n\t\t\t\t\t\t<h5 class=\"clean_heading\"><a class=\"title\" href=\"https:\/\/www2.ifsc.usp.br\/pos\/modelo-de-resumos-xxx-congresso-latino-americano-de-hidraulica\/\" title=\"MODELO de Resumos &#8211; XXX Congresso Latino-americano de Hidr\u00e1ulica\" rel=\"bookmark\">MODELO de Resumos &#8211; XXX Congresso Latino-americano de Hidr\u00e1ulica<\/a><\/h5>\r\n\t\t\r\n\t\t\t\t\t<\/div>\r\n\t\t\t\t\t\r\n\t\t\t<\/article>\r\n\t\t\t\r\n\t\t\t\r\n\t\t\t\r\n\t\t\t\t\t\r\n\t\t\t\r\n\t\t\t\r\n\r\n\r\n\r\n\r\n\r\n\t\t\t\r\n\t\t\t\t\t\t\r\n\t\t\t<article>\r\n\t\t\t\r\n\t\t\t\t\t<figure><\/figure> \r\n\t\t\t\t\t\r\n\t\t\t\t\t\r\n\r\n\t\t\t\t\t<div class=\"text\">\r\n\t\t\t\t\t<span class=\"date\">13 de outubro de 2021<\/span>\r\n\t\t\t\t\t\t<h5 class=\"clean_heading\"><a class=\"title\" href=\"https:\/\/www2.ifsc.usp.br\/pos\/convite-13-10-webinar-scival-para-comissoes-de-programas-de-pos-graduacao-usp-14h\/\" title=\"CONVITE: 13\/10 | Webinar SciVal para Comiss\u00f5es de Programas de P\u00f3s-Gradua\u00e7\u00e3o USP 14h\" rel=\"bookmark\">CONVITE: 13\/10 | Webinar SciVal para Comiss\u00f5es de Programas de P\u00f3s-Gradua\u00e7\u00e3o USP 14h<\/a><\/h5>\r\n\t\t\r\n\t\t\t\t\t<\/div>\r\n\t\t\t\t\t\r\n\t\t\t<\/article>\r\n\t\t\t\r\n\t\t\t\r\n\t\t\t\r\n\t\t\t\t\t\r\n\t\t\t\r\n\t\t\t\r\n\r\n\r\n\r\n\r\n\r\n\t\t\t\r\n\t\t\t\t\t\t\r\n\t\t\t<article>\r\n\t\t\t\r\n\t\t\t\t\t<figure><\/figure> \r\n\t\t\t\t\t\r\n\t\t\t\t\t\r\n\r\n\t\t\t\t\t<div class=\"text\">\r\n\t\t\t\t\t<span class=\"date\">5 de outubro de 2021<\/span>\r\n\t\t\t\t\t\t<h5 class=\"clean_heading\"><a class=\"title\" href=\"https:\/\/www2.ifsc.usp.br\/pos\/divulgacao-softe-semana-de-optica-fotonica-e-ensino\/\" title=\"Divulga\u00e7\u00e3o SOFTE &#8211; Semana de \u00d3ptica, FoT\u00f4nica e Ensino\" rel=\"bookmark\">Divulga\u00e7\u00e3o SOFTE &#8211; Semana de \u00d3ptica, FoT\u00f4nica e Ensino<\/a><\/h5>\r\n\t\t\r\n\t\t\t\t\t<\/div>\r\n\t\t\t\t\t\r\n\t\t\t<\/article>\r\n\t\t\t\r\n\t\t\t\r\n\t\t\t\r\n\t\t\t\t\t\r\n\t\t\t\r\n\t\t\t\r\n\r\n\r\n\r\n\r\n\r\n\t\t\t\r\n\t\t\t\t\t\t\r\n\t\t\t<article>\r\n\t\t\t\r\n\t\t\t\t\t<figure><\/figure> \r\n\t\t\t\t\t\r\n\t\t\t\t\t\r\n\r\n\t\t\t\t\t<div class=\"text\">\r\n\t\t\t\t\t<span class=\"date\">5 de outubro de 2021<\/span>\r\n\t\t\t\t\t\t<h5 class=\"clean_heading\"><a class=\"title\" href=\"https:\/\/www2.ifsc.usp.br\/pos\/xxx-congresso-latino-americano-de-hidraulica-foz-do-iguacu-2022\/\" title=\"XXX Congresso Latino-americano de Hidr\u00e1ulica, Foz do Igua\u00e7u 2022\" rel=\"bookmark\">XXX Congresso Latino-americano de Hidr\u00e1ulica, Foz do Igua\u00e7u 2022<\/a><\/h5>\r\n\t\t\r\n\t\t\t\t\t<\/div>\r\n\t\t\t\t\t\r\n\t\t\t<\/article>\r\n\t\t\t\r\n\t\t\t\r\n\t\t\t\r\n\t\t\t\t\t\r\n\t\t\t\r\n\t\t\t\r\n\r\n\r\n\r\n\r\n\r\n\t\t\t\r\n\t\t\t\t\t\t\r\n\t\t\t<article>\r\n\t\t\t\r\n\t\t\t\t\t<figure><\/figure> \r\n\t\t\t\t\t\r\n\t\t\t\t\t\r\n\r\n\t\t\t\t\t<div class=\"text\">\r\n\t\t\t\t\t<span class=\"date\">5 de outubro de 2021<\/span>\r\n\t\t\t\t\t\t<h5 class=\"clean_heading\"><a class=\"title\" href=\"https:\/\/www2.ifsc.usp.br\/pos\/i-workshop-de-inteligencia-artificial-aplicada-a-saude-i-waiah-2\/\" title=\"I Workshop de Intelig\u00eancia Artificial Aplicada \u00e0 Sa\u00fade (I-WAIAH)\" rel=\"bookmark\">I Workshop de Intelig\u00eancia Artificial Aplicada \u00e0 Sa\u00fade (I-WAIAH)<\/a><\/h5>\r\n\t\t\r\n\t\t\t\t\t<\/div>\r\n\t\t\t\t\t\r\n\t\t\t<\/article>\r\n\t\t\t\r\n\t\t\t\r\n\t\t\t\r\n\t\t\t\t\t\r\n\t\t\t\r\n\t\t\t\r\n\r\n\r\n\r\n\r\n\r\n\t\t\t\r\n\t\t\t\t\t\t\r\n\t\t\t<article>\r\n\t\t\t\r\n\t\t\t\t\t<figure><\/figure> \r\n\t\t\t\t\t\r\n\t\t\t\t\t\r\n\r\n\t\t\t\t\t<div class=\"text\">\r\n\t\t\t\t\t<span class=\"date\">27 de setembro de 2021<\/span>\r\n\t\t\t\t\t\t<h5 class=\"clean_heading\"><a class=\"title\" href=\"https:\/\/www2.ifsc.usp.br\/pos\/convite-30-anos-do-ghtc-ciclo-de-seminarios-celebrativos\/\" title=\"Convite &#8211; 30 ANOS DO GHTC: CICLO DE SEMIN\u00c1RIOS CELEBRATIVOS\" rel=\"bookmark\">Convite &#8211; 30 ANOS DO GHTC: CICLO DE SEMIN\u00c1RIOS CELEBRATIVOS<\/a><\/h5>\r\n\t\t\r\n\t\t\t\t\t<\/div>\r\n\t\t\t\t\t\r\n\t\t\t<\/article>\r\n\t\t\t\r\n\t\t\t\r\n\t\t\t\r\n\t\t\t\t\t\r\n\t\t\t\r\n\t\t\t\r\n\r\n\r\n\r\n\r\n\r\n\t\t\t\r\n\t\t\t\t\t\t\r\n\t\t\t<article>\r\n\t\t\t\r\n\t\t\t\t\t<figure><\/figure> \r\n\t\t\t\t\t\r\n\t\t\t\t\t\r\n\r\n\t\t\t\t\t<div class=\"text\">\r\n\t\t\t\t\t<span class=\"date\">21 de setembro de 2021<\/span>\r\n\t\t\t\t\t\t<h5 class=\"clean_heading\"><a class=\"title\" href=\"https:\/\/www2.ifsc.usp.br\/pos\/i-workshop-de-inteligencia-artificial-aplicada-a-saude-i-waiah\/\" title=\"I Workshop de Intelig\u00eancia Artificial Aplicada \u00e0 Sa\u00fade (I-WAIAH)\" rel=\"bookmark\">I Workshop de Intelig\u00eancia Artificial Aplicada \u00e0 Sa\u00fade (I-WAIAH)<\/a><\/h5>\r\n\t\t\r\n\t\t\t\t\t<\/div>\r\n\t\t\t\t\t\r\n\t\t\t<\/article>\r\n\t\t\t\r\n\t\t\t\r\n\t\t\t\r\n\t\t\t\t\t\r\n\t\t\t\r\n\t\t\t\r\n\r\n\r\n\r\n\r\n\r\n\t\t\t\r\n\t\t\t\t\t\t\r\n\t\t\t<article>\r\n\t\t\t\r\n\t\t\t\t\t<figure><\/figure> \r\n\t\t\t\t\t\r\n\t\t\t\t\t\r\n\r\n\t\t\t\t\t<div class=\"text\">\r\n\t\t\t\t\t<span class=\"date\">20 de setembro de 2021<\/span>\r\n\t\t\t\t\t\t<h5 class=\"clean_heading\"><a class=\"title\" href=\"https:\/\/www2.ifsc.usp.br\/pos\/divulgacao-xi-four-biotec\/\" title=\"Divulga\u00e7\u00e3o XI Four Biotec\" rel=\"bookmark\">Divulga\u00e7\u00e3o XI Four Biotec<\/a><\/h5>\r\n\t\t\r\n\t\t\t\t\t<\/div>\r\n\t\t\t\t\t\r\n\t\t\t<\/article>\r\n\t\t\t\r\n\t\t\t\r\n\t\t\t\r\n\t\t\t\t\t\r\n\t\t\t\r\n\t\t\t\r\n\r\n\r\n\r\n\r\n\r\n\t\t\t\r\n\t\t\t\t\t\t\r\n\t\t\t<article>\r\n\t\t\t\r\n\t\t\t\t\t<figure><\/figure> \r\n\t\t\t\t\t\r\n\t\t\t\t\t\r\n\r\n\t\t\t\t\t<div class=\"text\">\r\n\t\t\t\t\t<span class=\"date\">17 de setembro de 2021<\/span>\r\n\t\t\t\t\t\t<h5 class=\"clean_heading\"><a class=\"title\" href=\"https:\/\/www2.ifsc.usp.br\/pos\/convite-encontro-nacional-de-fisica-estatistica-novembro-2021\/\" title=\"Convite: Encontro Nacional de F\u00edsica Estat\u00edstica &#8211; Novembro\/2021\" rel=\"bookmark\">Convite: Encontro Nacional de F\u00edsica Estat\u00edstica &#8211; Novembro\/2021<\/a><\/h5>\r\n\t\t\r\n\t\t\t\t\t<\/div>\r\n\t\t\t\t\t\r\n\t\t\t<\/article>\r\n\t\t\t\r\n\t\t\t\r\n\t\t\t\r\n\t\t\t\t\t\r\n\t\t\t\r\n\t\t\t\r\n\r\n\r\n\r\n\r\n\r\n\t\t\t\r\n\t\t\t\t\t\t<\/section>\r\n\t\t\r\n\t\t\t<div class=\"navigation\"><div class=\"es_styles_pagination\"><span>P\u00e1gina 1 de 3<\/span><span class=\"current\">1<\/span><a href='https:\/\/www2.ifsc.usp.br\/pos\/wp-json\/wp\/v2\/pages\/10718\/page\/2\/' class=\"inactive\">2<\/a><a href='https:\/\/www2.ifsc.usp.br\/pos\/wp-json\/wp\/v2\/pages\/10718\/page\/3\/' class=\"inactive\">3<\/a><\/div>\n<\/div>\r\n\t\t\t\n","protected":false},"excerpt":{"rendered":"Prezadas\/os coordenadores de programas de P\u00f3s-Gradua\u00e7\u00e3o, colegas docentes e discentes, Temos o prazer de convid\u00e1-los\/as para participar do terceiro Encontro Nacional de F\u00edsica Estat\u00edstica (ENFE), que ser\u00e1 realizado entre os dias 22 e 25 de novembro de 2021 em formato remoto (online). O encontro tem como objetivo reunir a comunidade de F\u00edsica Estat\u00edstica, Sistemas Din\u00e2micos [...]","protected":false},"author":2,"featured_media":0,"parent":0,"menu_order":0,"comment_status":"closed","ping_status":"closed","template":"","meta":{"footnotes":""},"class_list":["post-10718","page","type-page","status-publish","hentry"],"yoast_head":"<!-- This site is optimized with the Yoast SEO plugin v27.1.1 - https:\/\/yoast.com\/product\/yoast-seo-wordpress\/ -->\n<title>Eventos - P\u00f3s-Gradua\u00e7\u00e3o IFSC<\/title>\n<meta name=\"robots\" content=\"index, follow, max-snippet:-1, max-image-preview:large, max-video-preview:-1\" \/>\n<link rel=\"canonical\" href=\"https:\/\/www2.ifsc.usp.br\/pos\/eventos\/\" \/>\n<meta property=\"og:locale\" content=\"pt_BR\" \/>\n<meta property=\"og:type\" content=\"article\" \/>\n<meta property=\"og:title\" content=\"Eventos - P\u00f3s-Gradua\u00e7\u00e3o IFSC\" \/>\n<meta property=\"og:url\" content=\"https:\/\/www2.ifsc.usp.br\/pos\/eventos\/\" \/>\n<meta property=\"og:site_name\" content=\"P\u00f3s-Gradua\u00e7\u00e3o IFSC\" \/>\n<meta name=\"twitter:card\" content=\"summary_large_image\" \/>\n<script type=\"application\/ld+json\" class=\"yoast-schema-graph\">{\"@context\":\"https:\/\/schema.org\",\"@graph\":[{\"@type\":\"WebPage\",\"@id\":\"https:\/\/www2.ifsc.usp.br\/pos\/eventos\/\",\"url\":\"https:\/\/www2.ifsc.usp.br\/pos\/eventos\/\",\"name\":\"Eventos - P\u00f3s-Gradua\u00e7\u00e3o IFSC\",\"isPartOf\":{\"@id\":\"https:\/\/www2.ifsc.usp.br\/pos\/#website\"},\"datePublished\":\"2020-11-11T21:50:49+00:00\",\"breadcrumb\":{\"@id\":\"https:\/\/www2.ifsc.usp.br\/pos\/eventos\/#breadcrumb\"},\"inLanguage\":\"pt-BR\",\"potentialAction\":[{\"@type\":\"ReadAction\",\"target\":[\"https:\/\/www2.ifsc.usp.br\/pos\/eventos\/\"]}]},{\"@type\":\"BreadcrumbList\",\"@id\":\"https:\/\/www2.ifsc.usp.br\/pos\/eventos\/#breadcrumb\",\"itemListElement\":[{\"@type\":\"ListItem\",\"position\":1,\"name\":\"Home\",\"item\":\"https:\/\/www2.ifsc.usp.br\/pos\/\"},{\"@type\":\"ListItem\",\"position\":2,\"name\":\"Eventos\"}]},{\"@type\":\"WebSite\",\"@id\":\"https:\/\/www2.ifsc.usp.br\/pos\/#website\",\"url\":\"https:\/\/www2.ifsc.usp.br\/pos\/\",\"name\":\"P\u00f3s-Gradua\u00e7\u00e3o IFSC\",\"description\":\"Instituto de F\u00edsica de S\u00e3o Carlos\",\"potentialAction\":[{\"@type\":\"SearchAction\",\"target\":{\"@type\":\"EntryPoint\",\"urlTemplate\":\"https:\/\/www2.ifsc.usp.br\/pos\/?s={search_term_string}\"},\"query-input\":{\"@type\":\"PropertyValueSpecification\",\"valueRequired\":true,\"valueName\":\"search_term_string\"}}],\"inLanguage\":\"pt-BR\"}]}<\/script>\n<!-- \/ Yoast SEO plugin. -->","yoast_head_json":{"title":"Eventos - P\u00f3s-Gradua\u00e7\u00e3o IFSC","robots":{"index":"index","follow":"follow","max-snippet":"max-snippet:-1","max-image-preview":"max-image-preview:large","max-video-preview":"max-video-preview:-1"},"canonical":"https:\/\/www2.ifsc.usp.br\/pos\/eventos\/","og_locale":"pt_BR","og_type":"article","og_title":"Eventos - P\u00f3s-Gradua\u00e7\u00e3o IFSC","og_url":"https:\/\/www2.ifsc.usp.br\/pos\/eventos\/","og_site_name":"P\u00f3s-Gradua\u00e7\u00e3o IFSC","twitter_card":"summary_large_image","schema":{"@context":"https:\/\/schema.org","@graph":[{"@type":"WebPage","@id":"https:\/\/www2.ifsc.usp.br\/pos\/eventos\/","url":"https:\/\/www2.ifsc.usp.br\/pos\/eventos\/","name":"Eventos - P\u00f3s-Gradua\u00e7\u00e3o IFSC","isPartOf":{"@id":"https:\/\/www2.ifsc.usp.br\/pos\/#website"},"datePublished":"2020-11-11T21:50:49+00:00","breadcrumb":{"@id":"https:\/\/www2.ifsc.usp.br\/pos\/eventos\/#breadcrumb"},"inLanguage":"pt-BR","potentialAction":[{"@type":"ReadAction","target":["https:\/\/www2.ifsc.usp.br\/pos\/eventos\/"]}]},{"@type":"BreadcrumbList","@id":"https:\/\/www2.ifsc.usp.br\/pos\/eventos\/#breadcrumb","itemListElement":[{"@type":"ListItem","position":1,"name":"Home","item":"https:\/\/www2.ifsc.usp.br\/pos\/"},{"@type":"ListItem","position":2,"name":"Eventos"}]},{"@type":"WebSite","@id":"https:\/\/www2.ifsc.usp.br\/pos\/#website","url":"https:\/\/www2.ifsc.usp.br\/pos\/","name":"P\u00f3s-Gradua\u00e7\u00e3o IFSC","description":"Instituto de F\u00edsica de S\u00e3o Carlos","potentialAction":[{"@type":"SearchAction","target":{"@type":"EntryPoint","urlTemplate":"https:\/\/www2.ifsc.usp.br\/pos\/?s={search_term_string}"},"query-input":{"@type":"PropertyValueSpecification","valueRequired":true,"valueName":"search_term_string"}}],"inLanguage":"pt-BR"}]}},"_links":{"self":[{"href":"https:\/\/www2.ifsc.usp.br\/pos\/wp-json\/wp\/v2\/pages\/10718","targetHints":{"allow":["GET"]}}],"collection":[{"href":"https:\/\/www2.ifsc.usp.br\/pos\/wp-json\/wp\/v2\/pages"}],"about":[{"href":"https:\/\/www2.ifsc.usp.br\/pos\/wp-json\/wp\/v2\/types\/page"}],"author":[{"embeddable":true,"href":"https:\/\/www2.ifsc.usp.br\/pos\/wp-json\/wp\/v2\/users\/2"}],"replies":[{"embeddable":true,"href":"https:\/\/www2.ifsc.usp.br\/pos\/wp-json\/wp\/v2\/comments?post=10718"}],"version-history":[{"count":1,"href":"https:\/\/www2.ifsc.usp.br\/pos\/wp-json\/wp\/v2\/pages\/10718\/revisions"}],"predecessor-version":[{"id":10719,"href":"https:\/\/www2.ifsc.usp.br\/pos\/wp-json\/wp\/v2\/pages\/10718\/revisions\/10719"}],"wp:attachment":[{"href":"https:\/\/www2.ifsc.usp.br\/pos\/wp-json\/wp\/v2\/media?parent=10718"}],"curies":[{"name":"wp","href":"https:\/\/api.w.org\/{rel}","templated":true}]}}