{"id":8693,"date":"2017-03-28T08:48:57","date_gmt":"2017-03-28T11:48:57","guid":{"rendered":"https:\/\/www2.ifsc.usp.br\/portal-ifsc\/?page_id=8693"},"modified":"2017-04-18T10:23:59","modified_gmt":"2017-04-18T13:23:59","slug":"vidraria","status":"publish","type":"page","link":"https:\/\/www2.ifsc.usp.br\/portal-ifsc\/vidraria\/","title":{"rendered":"Vidraria"},"content":{"rendered":"<p align=\"justify\"><span style=\"font-family: Times New Roman,serif;\"><span style=\"font-size: medium;\"><span style=\"font-family: Arial,serif;\"><span lang=\"pt-BR\">A vidraria foi criada em 1992 a partir da Oficina de \u00d3ptica. Ela tem como principal miss\u00e3o oferecer suporte t\u00e9cnico aos grupos de pesquisa e de ensino do IFSC. Servi\u00e7os de reparo, manuten\u00e7\u00e3o e confec\u00e7\u00e3o de novos dispositivos de vidro s\u00e3o as requisi\u00e7\u00f5es mais comuns. A vidraria possui equipamentos como ma\u00e7aricos, tornos, fornos, bomba de v\u00e1cuo etc. adequados para trabalhos com tubos, capilares, placas e tarugos de vidros. A vidraria conta com um t\u00e9cnico especializado com vasta experi\u00eancia na \u00e1rea. <\/span><\/span><\/span><\/span><\/p>\n<p align=\"justify\"><span style=\"font-family: Times New Roman,serif;\"><span style=\"font-size: medium;\"><span style=\"font-family: Arial,serif;\"><span lang=\"pt-BR\">Projetos especiais de confec\u00e7\u00e3o de equipamentos dedicados podem ser realizados na vidraria. Al\u00e9m disso, ela tem capacidade de realizar solda vidro-metal (liga met\u00e1lica kovar) quando necess\u00e1rio.<\/span><\/span><\/span><\/span><\/p>\n\n","protected":false},"excerpt":{"rendered":"<p>A vidraria foi criada em 1992 a partir da Oficina de \u00d3ptica. Ela tem como principal miss\u00e3o oferecer suporte t\u00e9cnico aos grupos de pesquisa e de ensino do IFSC. Servi\u00e7os de reparo, manuten\u00e7\u00e3o e confec\u00e7\u00e3o de novos dispositivos de vidro s\u00e3o as requisi\u00e7\u00f5es mais comuns. A vidraria possui equipamentos como ma\u00e7aricos, tornos, fornos, bomba de [&hellip;]<\/p>\n","protected":false},"author":1,"featured_media":0,"parent":0,"menu_order":0,"comment_status":"closed","ping_status":"closed","template":"","meta":{"_acf_changed":false,"footnotes":""},"class_list":["post-8693","page","type-page","status-publish","hentry"],"acf":[],"yoast_head":"<!-- This site is optimized with the Yoast SEO plugin v27.2 - https:\/\/yoast.com\/product\/yoast-seo-wordpress\/ -->\n<title>Vidraria - Portal IFSC<\/title>\n<meta name=\"robots\" content=\"index, follow, max-snippet:-1, max-image-preview:large, max-video-preview:-1\" \/>\n<link rel=\"canonical\" href=\"https:\/\/www2.ifsc.usp.br\/portal-ifsc\/vidraria\/\" \/>\n<meta property=\"og:locale\" content=\"pt_BR\" \/>\n<meta property=\"og:type\" content=\"article\" \/>\n<meta property=\"og:title\" content=\"Vidraria - Portal IFSC\" \/>\n<meta property=\"og:description\" content=\"A vidraria foi criada em 1992 a partir da Oficina de \u00d3ptica. Ela tem como principal miss\u00e3o oferecer suporte t\u00e9cnico aos grupos de pesquisa e de ensino do IFSC. Servi\u00e7os de reparo, manuten\u00e7\u00e3o e confec\u00e7\u00e3o de novos dispositivos de vidro s\u00e3o as requisi\u00e7\u00f5es mais comuns. A vidraria possui equipamentos como ma\u00e7aricos, tornos, fornos, bomba de [&hellip;]\" \/>\n<meta property=\"og:url\" content=\"https:\/\/www2.ifsc.usp.br\/portal-ifsc\/vidraria\/\" \/>\n<meta property=\"og:site_name\" content=\"Portal IFSC\" \/>\n<meta property=\"article:modified_time\" content=\"2017-04-18T13:23:59+00:00\" \/>\n<meta name=\"twitter:card\" content=\"summary_large_image\" \/>\n<meta name=\"twitter:label1\" content=\"Est. tempo de leitura\" \/>\n\t<meta name=\"twitter:data1\" content=\"1 minuto\" \/>\n<script type=\"application\/ld+json\" class=\"yoast-schema-graph\">{\"@context\":\"https:\/\/schema.org\",\"@graph\":[{\"@type\":\"WebPage\",\"@id\":\"https:\/\/www2.ifsc.usp.br\/portal-ifsc\/vidraria\/\",\"url\":\"https:\/\/www2.ifsc.usp.br\/portal-ifsc\/vidraria\/\",\"name\":\"Vidraria - Portal IFSC\",\"isPartOf\":{\"@id\":\"https:\/\/www2.ifsc.usp.br\/portal-ifsc\/#website\"},\"datePublished\":\"2017-03-28T11:48:57+00:00\",\"dateModified\":\"2017-04-18T13:23:59+00:00\",\"breadcrumb\":{\"@id\":\"https:\/\/www2.ifsc.usp.br\/portal-ifsc\/vidraria\/#breadcrumb\"},\"inLanguage\":\"pt-BR\",\"potentialAction\":[{\"@type\":\"ReadAction\",\"target\":[\"https:\/\/www2.ifsc.usp.br\/portal-ifsc\/vidraria\/\"]}]},{\"@type\":\"BreadcrumbList\",\"@id\":\"https:\/\/www2.ifsc.usp.br\/portal-ifsc\/vidraria\/#breadcrumb\",\"itemListElement\":[{\"@type\":\"ListItem\",\"position\":1,\"name\":\"In\u00edcio\",\"item\":\"https:\/\/www2.ifsc.usp.br\/portal-ifsc\/\"},{\"@type\":\"ListItem\",\"position\":2,\"name\":\"Vidraria\"}]},{\"@type\":\"WebSite\",\"@id\":\"https:\/\/www2.ifsc.usp.br\/portal-ifsc\/#website\",\"url\":\"https:\/\/www2.ifsc.usp.br\/portal-ifsc\/\",\"name\":\"Portal IFSC\",\"description\":\"Instituto de F\u00edsica de S\u00e3o Carlos\",\"publisher\":{\"@id\":\"https:\/\/www2.ifsc.usp.br\/portal-ifsc\/#organization\"},\"potentialAction\":[{\"@type\":\"SearchAction\",\"target\":{\"@type\":\"EntryPoint\",\"urlTemplate\":\"https:\/\/www2.ifsc.usp.br\/portal-ifsc\/?s={search_term_string}\"},\"query-input\":{\"@type\":\"PropertyValueSpecification\",\"valueRequired\":true,\"valueName\":\"search_term_string\"}}],\"inLanguage\":\"pt-BR\"},{\"@type\":\"Organization\",\"@id\":\"https:\/\/www2.ifsc.usp.br\/portal-ifsc\/#organization\",\"name\":\"Portal IFSC\",\"url\":\"https:\/\/www2.ifsc.usp.br\/portal-ifsc\/\",\"logo\":{\"@type\":\"ImageObject\",\"inLanguage\":\"pt-BR\",\"@id\":\"https:\/\/www2.ifsc.usp.br\/portal-ifsc\/#\/schema\/logo\/image\/\",\"url\":\"https:\/\/www2.ifsc.usp.br\/portal-ifsc\/wp-content\/uploads\/2017\/03\/logotipo_ifsc_usp_500x862.jpg\",\"contentUrl\":\"https:\/\/www2.ifsc.usp.br\/portal-ifsc\/wp-content\/uploads\/2017\/03\/logotipo_ifsc_usp_500x862.jpg\",\"width\":500,\"height\":862,\"caption\":\"Portal IFSC\"},\"image\":{\"@id\":\"https:\/\/www2.ifsc.usp.br\/portal-ifsc\/#\/schema\/logo\/image\/\"}}]}<\/script>\n<!-- \/ Yoast SEO plugin. -->","yoast_head_json":{"title":"Vidraria - Portal IFSC","robots":{"index":"index","follow":"follow","max-snippet":"max-snippet:-1","max-image-preview":"max-image-preview:large","max-video-preview":"max-video-preview:-1"},"canonical":"https:\/\/www2.ifsc.usp.br\/portal-ifsc\/vidraria\/","og_locale":"pt_BR","og_type":"article","og_title":"Vidraria - Portal IFSC","og_description":"A vidraria foi criada em 1992 a partir da Oficina de \u00d3ptica. Ela tem como principal miss\u00e3o oferecer suporte t\u00e9cnico aos grupos de pesquisa e de ensino do IFSC. Servi\u00e7os de reparo, manuten\u00e7\u00e3o e confec\u00e7\u00e3o de novos dispositivos de vidro s\u00e3o as requisi\u00e7\u00f5es mais comuns. A vidraria possui equipamentos como ma\u00e7aricos, tornos, fornos, bomba de [&hellip;]","og_url":"https:\/\/www2.ifsc.usp.br\/portal-ifsc\/vidraria\/","og_site_name":"Portal IFSC","article_modified_time":"2017-04-18T13:23:59+00:00","twitter_card":"summary_large_image","twitter_misc":{"Est. tempo de leitura":"1 minuto"},"schema":{"@context":"https:\/\/schema.org","@graph":[{"@type":"WebPage","@id":"https:\/\/www2.ifsc.usp.br\/portal-ifsc\/vidraria\/","url":"https:\/\/www2.ifsc.usp.br\/portal-ifsc\/vidraria\/","name":"Vidraria - Portal IFSC","isPartOf":{"@id":"https:\/\/www2.ifsc.usp.br\/portal-ifsc\/#website"},"datePublished":"2017-03-28T11:48:57+00:00","dateModified":"2017-04-18T13:23:59+00:00","breadcrumb":{"@id":"https:\/\/www2.ifsc.usp.br\/portal-ifsc\/vidraria\/#breadcrumb"},"inLanguage":"pt-BR","potentialAction":[{"@type":"ReadAction","target":["https:\/\/www2.ifsc.usp.br\/portal-ifsc\/vidraria\/"]}]},{"@type":"BreadcrumbList","@id":"https:\/\/www2.ifsc.usp.br\/portal-ifsc\/vidraria\/#breadcrumb","itemListElement":[{"@type":"ListItem","position":1,"name":"In\u00edcio","item":"https:\/\/www2.ifsc.usp.br\/portal-ifsc\/"},{"@type":"ListItem","position":2,"name":"Vidraria"}]},{"@type":"WebSite","@id":"https:\/\/www2.ifsc.usp.br\/portal-ifsc\/#website","url":"https:\/\/www2.ifsc.usp.br\/portal-ifsc\/","name":"Portal IFSC","description":"Instituto de F\u00edsica de S\u00e3o Carlos","publisher":{"@id":"https:\/\/www2.ifsc.usp.br\/portal-ifsc\/#organization"},"potentialAction":[{"@type":"SearchAction","target":{"@type":"EntryPoint","urlTemplate":"https:\/\/www2.ifsc.usp.br\/portal-ifsc\/?s={search_term_string}"},"query-input":{"@type":"PropertyValueSpecification","valueRequired":true,"valueName":"search_term_string"}}],"inLanguage":"pt-BR"},{"@type":"Organization","@id":"https:\/\/www2.ifsc.usp.br\/portal-ifsc\/#organization","name":"Portal IFSC","url":"https:\/\/www2.ifsc.usp.br\/portal-ifsc\/","logo":{"@type":"ImageObject","inLanguage":"pt-BR","@id":"https:\/\/www2.ifsc.usp.br\/portal-ifsc\/#\/schema\/logo\/image\/","url":"https:\/\/www2.ifsc.usp.br\/portal-ifsc\/wp-content\/uploads\/2017\/03\/logotipo_ifsc_usp_500x862.jpg","contentUrl":"https:\/\/www2.ifsc.usp.br\/portal-ifsc\/wp-content\/uploads\/2017\/03\/logotipo_ifsc_usp_500x862.jpg","width":500,"height":862,"caption":"Portal IFSC"},"image":{"@id":"https:\/\/www2.ifsc.usp.br\/portal-ifsc\/#\/schema\/logo\/image\/"}}]}},"_links":{"self":[{"href":"https:\/\/www2.ifsc.usp.br\/portal-ifsc\/wp-json\/wp\/v2\/pages\/8693","targetHints":{"allow":["GET"]}}],"collection":[{"href":"https:\/\/www2.ifsc.usp.br\/portal-ifsc\/wp-json\/wp\/v2\/pages"}],"about":[{"href":"https:\/\/www2.ifsc.usp.br\/portal-ifsc\/wp-json\/wp\/v2\/types\/page"}],"author":[{"embeddable":true,"href":"https:\/\/www2.ifsc.usp.br\/portal-ifsc\/wp-json\/wp\/v2\/users\/1"}],"replies":[{"embeddable":true,"href":"https:\/\/www2.ifsc.usp.br\/portal-ifsc\/wp-json\/wp\/v2\/comments?post=8693"}],"version-history":[{"count":0,"href":"https:\/\/www2.ifsc.usp.br\/portal-ifsc\/wp-json\/wp\/v2\/pages\/8693\/revisions"}],"wp:attachment":[{"href":"https:\/\/www2.ifsc.usp.br\/portal-ifsc\/wp-json\/wp\/v2\/media?parent=8693"}],"curies":[{"name":"wp","href":"https:\/\/api.w.org\/{rel}","templated":true}]}}