{"id":8665,"date":"2017-03-27T11:03:09","date_gmt":"2017-03-27T14:03:09","guid":{"rendered":"https:\/\/www2.ifsc.usp.br\/portal-ifsc\/?page_id=8665"},"modified":"2020-06-03T18:50:03","modified_gmt":"2020-06-03T21:50:03","slug":"como-chegar","status":"publish","type":"page","link":"https:\/\/www2.ifsc.usp.br\/portal-ifsc\/como-chegar\/","title":{"rendered":"Como chegar e Mapas"},"content":{"rendered":"<p>[vc_row rt_row_background_width=&#8221;default&#8221; rt_row_style=&#8221;default-style&#8221; rt_row_borders=&#8221;&#8221; rt_row_paddings=&#8221;true&#8221; rt_bg_effect=&#8221;classic&#8221; rt_bg_image_repeat=&#8221;repeat&#8221; rt_bg_size=&#8221;cover&#8221; rt_bg_position=&#8221;right top&#8221; rt_bg_attachment=&#8221;scroll&#8221; rt_bg_video_format=&#8221;self-hosted&#8221;][vc_column rt_wrp_col_paddings=&#8221;false&#8221; rt_border_top=&#8221;&#8221; rt_border_bottom=&#8221;&#8221; rt_border_left=&#8221;&#8221; rt_border_right=&#8221;&#8221; rt_border_top_mobile=&#8221;&#8221; rt_border_bottom_mobile=&#8221;&#8221; rt_border_left_mobile=&#8221;&#8221; rt_border_right_mobile=&#8221;&#8221; rt_bg_image_repeat=&#8221;repeat&#8221; rt_bg_size=&#8221;auto auto&#8221; rt_bg_position=&#8221;right top&#8221; rt_bg_attachment=&#8221;scroll&#8221;][vc_column_text]<strong>Instituto de F\u00edsica de S\u00e3o Carlos (\u00e1rea 1 do campus USP)<\/strong><br \/>\nAvenida Trabalhador S\u00e3o-carlense, n\u00ba 400<br \/>\nParque Arnold Schimidt \u2013 CEP 13566-590<br \/>\nS\u00e3o Carlos \u2013 S\u00e3o Paulo \u2013 Brasil<br \/>\nTelefones:<br \/>\n(16) 3373-9672 (Portaria Administra\u00e7\u00e3o)<br \/>\n(16) 3373-9826 (Portaria Departamento)<br \/>\n(16) 3373-9767 (Portaria Laborat\u00f3rio de Ensino)<\/p>\n<p><strong>Instituto de F\u00edsica de S\u00e3o Carlos (\u00e1rea 2 do campus USP)<\/strong><br \/>\nAv. Jo\u00e3o Dagnone, 1100 \u2013 Jardim Santa Angelina<br \/>\nCEP: 13563-120 \u2013 S\u00e3o Carlos \u2013 SP \u2013 Brasil<br \/>\nTelefone: (16) 3373-8068 (Portaria)<\/p>\n<p>[\/vc_column_text][\/vc_column][\/vc_row][vc_row rt_row_background_width=&#8221;default&#8221; rt_row_style=&#8221;default-style&#8221; rt_row_borders=&#8221;&#8221; rt_row_paddings=&#8221;true&#8221; rt_bg_effect=&#8221;classic&#8221; rt_bg_image_repeat=&#8221;repeat&#8221; rt_bg_size=&#8221;cover&#8221; rt_bg_position=&#8221;right top&#8221; rt_bg_attachment=&#8221;scroll&#8221; rt_bg_video_format=&#8221;self-hosted&#8221;][vc_column width=&#8221;1\/2&#8243; rt_wrp_col_paddings=&#8221;false&#8221; rt_border_top=&#8221;&#8221; rt_border_bottom=&#8221;&#8221; rt_border_left=&#8221;&#8221; rt_border_right=&#8221;&#8221; rt_border_top_mobile=&#8221;&#8221; rt_border_bottom_mobile=&#8221;&#8221; rt_border_left_mobile=&#8221;&#8221; rt_border_right_mobile=&#8221;&#8221; rt_bg_image_repeat=&#8221;repeat&#8221; rt_bg_size=&#8221;auto auto&#8221; rt_bg_position=&#8221;right top&#8221; rt_bg_attachment=&#8221;scroll&#8221;][vc_column_text]<strong>IFSC na \u00e1rea 1 do campus de S\u00e3o Carlos<\/strong><\/p>\n<p>Latitude: 22<code>\u00b0<\/code>00&#8217;84.67&#8221; S<br \/>\nLongitude: 47<code>\u00b0<\/code>89&#8217;77.78&#8221; W[\/vc_column_text][\/vc_column][vc_column width=&#8221;1\/2&#8243; rt_wrp_col_paddings=&#8221;false&#8221; rt_border_top=&#8221;&#8221; rt_border_bottom=&#8221;&#8221; rt_border_left=&#8221;&#8221; rt_border_right=&#8221;&#8221; rt_border_top_mobile=&#8221;&#8221; rt_border_bottom_mobile=&#8221;&#8221; rt_border_left_mobile=&#8221;&#8221; rt_border_right_mobile=&#8221;&#8221; rt_bg_image_repeat=&#8221;repeat&#8221; rt_bg_size=&#8221;auto auto&#8221; rt_bg_position=&#8221;right top&#8221; rt_bg_attachment=&#8221;scroll&#8221;][vc_column_text]<strong>IFSC na \u00e1rea 2 do campus de S\u00e3o Carlos<\/strong><\/p>\n<p>Latitude: 22<code>\u00b0<\/code>00&#8217;48.67&#8221; S<br \/>\nLongitude: 47<code>\u00b0<\/code>93&#8217;05.13&#8221; W[\/vc_column_text][\/vc_column][\/vc_row][vc_row rt_row_background_width=&#8221;default&#8221; rt_row_style=&#8221;default-style&#8221; rt_row_borders=&#8221;&#8221; rt_row_paddings=&#8221;true&#8221; rt_bg_effect=&#8221;classic&#8221; rt_bg_image_repeat=&#8221;repeat&#8221; rt_bg_size=&#8221;cover&#8221; rt_bg_position=&#8221;right top&#8221; rt_bg_attachment=&#8221;scroll&#8221; rt_bg_video_format=&#8221;self-hosted&#8221;][vc_column width=&#8221;1\/2&#8243; rt_wrp_col_paddings=&#8221;false&#8221; rt_border_top=&#8221;&#8221; rt_border_bottom=&#8221;&#8221; rt_border_left=&#8221;&#8221; rt_border_right=&#8221;&#8221; rt_border_top_mobile=&#8221;&#8221; rt_border_bottom_mobile=&#8221;&#8221; rt_border_left_mobile=&#8221;&#8221; rt_border_right_mobile=&#8221;&#8221; rt_bg_image_repeat=&#8221;repeat&#8221; rt_bg_size=&#8221;auto auto&#8221; rt_bg_position=&#8221;right top&#8221; rt_bg_attachment=&#8221;scroll&#8221;][vc_gmaps link=&#8221;#E-8_JTNDaWZyYW1lJTIwc3JjJTNEJTIyaHR0cHMlM0ElMkYlMkZ3d3cuZ29vZ2xlLmNvbSUyRm1hcHMlMkZlbWJlZCUzRnBiJTNEJTIxMW0xOCUyMTFtMTIlMjExbTMlMjExZDM2OTkuMDc0MjE3Mjk4NjUzNCUyMTJkLTQ3Ljg5OTk2Njk4NTUxMzU2NSUyMTNkLTIyLjAwODQ2NzA4NTQ3NTg5MyUyMTJtMyUyMTFmMCUyMTJmMCUyMTNmMCUyMTNtMiUyMTFpMTAyNCUyMTJpNzY4JTIxNGYxMy4xJTIxM20zJTIxMW0yJTIxMXMweDk0Yjg3NzM0YTU1ZTJhODklMjUzQTB4ZGY0NDMwMjI5YzFlY2RiZCUyMTJzSUZTQyUyNTIwLSUyNTIwSW5zdGl0dXRvJTI1MjBkZSUyNTIwRiUyNUMzJTI1QURzaWNhJTI1MjBkZSUyNTIwUyUyNUMzJTI1QTNvJTI1MjBDYXJsb3MlMjE1ZTAlMjEzbTIlMjExc3B0LUJSJTIxMnNiciUyMTR2MTU5MTIwNTMzODA1NiUyMTVtMiUyMTFzcHQtQlIlMjEyc2JyJTIyJTIwd2lkdGglM0QlMjI2MDAlMjIlMjBoZWlnaHQlM0QlMjI0NTAlMjIlMjBmcmFtZWJvcmRlciUzRCUyMjAlMjIlMjBzdHlsZSUzRCUyMmJvcmRlciUzQTAlM0IlMjIlMjBhbGxvd2Z1bGxzY3JlZW4lM0QlMjIlMjIlMjBhcmlhLWhpZGRlbiUzRCUyMmZhbHNlJTIyJTIwdGFiaW5kZXglM0QlMjIwJTIyJTNFJTNDJTJGaWZyYW1lJTNF&#8221; title=&#8221;IFSC\/USP &#8211; \u00e1rea 1 &#8211; campus S\u00e3o Carlos&#8221;][\/vc_column][vc_column width=&#8221;1\/2&#8243; rt_wrp_col_paddings=&#8221;false&#8221; rt_border_top=&#8221;&#8221; rt_border_bottom=&#8221;&#8221; rt_border_left=&#8221;&#8221; rt_border_right=&#8221;&#8221; rt_border_top_mobile=&#8221;&#8221; rt_border_bottom_mobile=&#8221;&#8221; rt_border_left_mobile=&#8221;&#8221; rt_border_right_mobile=&#8221;&#8221; rt_bg_image_repeat=&#8221;repeat&#8221; rt_bg_size=&#8221;auto auto&#8221; rt_bg_position=&#8221;right top&#8221; rt_bg_attachment=&#8221;scroll&#8221;][vc_gmaps link=&#8221;#E-8_JTNDaWZyYW1lJTIwc3JjJTNEJTIyaHR0cHMlM0ElMkYlMkZ3d3cuZ29vZ2xlLmNvbSUyRm1hcHMlMkZlbWJlZCUzRnBiJTNEJTIxMW0xOCUyMTFtMTIlMjExbTMlMjExZDM2OTkuMTY4MTUwNjEzNzMxJTIxMmQtNDcuOTMyNzAxODgyNTU2MTQ1JTIxM2QtMjIuMDA0ODY3MTk5OTk5OTk2JTIxMm0zJTIxMWYwJTIxMmYwJTIxM2YwJTIxM20yJTIxMWkxMDI0JTIxMmk3NjglMjE0ZjEzLjElMjEzbTMlMjExbTIlMjExczB4OTRiODdhMGUyNDhiMmEwYiUyNTNBMHgyNWI0NTFhMGQyZTlhNGNmJTIxMnNJbnN0aXR1dG8lMjUyMGRlJTI1MjBGJTI1QzMlMjVBRHNpY2ElMjUyMGRlJTI1MjBTJTI1QzMlMjVBM28lMjUyMENhcmxvcyUyMTVlMCUyMTNtMiUyMTFzcHQtQlIlMjEyc2JyJTIxNHYxNTkxMjA1NjA2MDY1JTIxNW0yJTIxMXNwdC1CUiUyMTJzYnIlMjIlMjB3aWR0aCUzRCUyMjYwMCUyMiUyMGhlaWdodCUzRCUyMjQ1MCUyMiUyMGZyYW1lYm9yZGVyJTNEJTIyMCUyMiUyMHN0eWxlJTNEJTIyYm9yZGVyJTNBMCUzQiUyMiUyMGFsbG93ZnVsbHNjcmVlbiUzRCUyMiUyMiUyMGFyaWEtaGlkZGVuJTNEJTIyZmFsc2UlMjIlMjB0YWJpbmRleCUzRCUyMjAlMjIlM0UlM0MlMkZpZnJhbWUlM0U=&#8221; title=&#8221;IFSC\/USP &#8211; \u00e1rea 2 &#8211; campus S\u00e3o Carlos&#8221;][\/vc_column][\/vc_row][vc_row rt_row_background_width=&#8221;default&#8221; rt_row_style=&#8221;default-style&#8221; rt_row_borders=&#8221;&#8221; rt_row_paddings=&#8221;true&#8221; rt_bg_effect=&#8221;classic&#8221; rt_bg_image_repeat=&#8221;repeat&#8221; rt_bg_size=&#8221;cover&#8221; rt_bg_position=&#8221;right top&#8221; rt_bg_attachment=&#8221;scroll&#8221; rt_bg_video_format=&#8221;self-hosted&#8221;][vc_column width=&#8221;1\/2&#8243; rt_wrp_col_paddings=&#8221;false&#8221; rt_border_top=&#8221;&#8221; rt_border_bottom=&#8221;&#8221; rt_border_left=&#8221;&#8221; rt_border_right=&#8221;&#8221; rt_border_top_mobile=&#8221;&#8221; rt_border_bottom_mobile=&#8221;&#8221; rt_border_left_mobile=&#8221;&#8221; rt_border_right_mobile=&#8221;&#8221; rt_bg_image_repeat=&#8221;repeat&#8221; rt_bg_size=&#8221;auto auto&#8221; rt_bg_position=&#8221;right top&#8221; rt_bg_attachment=&#8221;scroll&#8221;][vc_column_text]<\/p>\n<h5><a href=\"https:\/\/www.waze.com\/livemap?zoom=17&amp;lat=-22.00901&amp;lon=-47.89698\" target=\"_blank\" rel=\"noopener noreferrer\">Clique aqui para setar o destino no Waze para o IFSC\/USP na \u00e1rea 1<\/a><\/h5>\n<p>[\/vc_column_text][\/vc_column][vc_column width=&#8221;1\/2&#8243; rt_wrp_col_paddings=&#8221;false&#8221; rt_border_top=&#8221;&#8221; rt_border_bottom=&#8221;&#8221; rt_border_left=&#8221;&#8221; rt_border_right=&#8221;&#8221; rt_border_top_mobile=&#8221;&#8221; rt_border_bottom_mobile=&#8221;&#8221; rt_border_left_mobile=&#8221;&#8221; rt_border_right_mobile=&#8221;&#8221; rt_bg_image_repeat=&#8221;repeat&#8221; rt_bg_size=&#8221;auto auto&#8221; rt_bg_position=&#8221;right top&#8221; rt_bg_attachment=&#8221;scroll&#8221;][vc_column_text]<\/p>\n<h5><a href=\"https:\/\/www.waze.com\/livemap?zoom=17&amp;lat=-22.00457&amp;lon=-47.93083\" target=\"_blank\" rel=\"noopener noreferrer\">Clique aqui para setar o destino no Waze para o IFSC\/USP na \u00e1rea 2<\/a><\/h5>\n<p>[\/vc_column_text][\/vc_column][\/vc_row][vc_row rt_row_background_width=&#8221;default&#8221; rt_row_style=&#8221;default-style&#8221; rt_row_borders=&#8221;&#8221; rt_row_paddings=&#8221;true&#8221; rt_bg_effect=&#8221;classic&#8221; rt_bg_image_repeat=&#8221;repeat&#8221; rt_bg_size=&#8221;cover&#8221; rt_bg_position=&#8221;right top&#8221; rt_bg_attachment=&#8221;scroll&#8221; rt_bg_video_format=&#8221;self-hosted&#8221;][vc_column rt_wrp_col_paddings=&#8221;false&#8221; rt_border_top=&#8221;&#8221; rt_border_bottom=&#8221;&#8221; rt_border_left=&#8221;&#8221; rt_border_right=&#8221;&#8221; rt_border_top_mobile=&#8221;&#8221; rt_border_bottom_mobile=&#8221;&#8221; rt_border_left_mobile=&#8221;&#8221; rt_border_right_mobile=&#8221;&#8221; rt_bg_image_repeat=&#8221;repeat&#8221; rt_bg_size=&#8221;auto auto&#8221; rt_bg_position=&#8221;right top&#8221; rt_bg_attachment=&#8221;scroll&#8221;][vc_column_text]<\/p>\n<ul>\n<li><a href=\"https:\/\/www2.ifsc.usp.br\/portal-ifsc\/wp-content\/uploads\/2017\/03\/mapa-loc-salas.pdf\" target=\"_blank\" rel=\"noopener noreferrer\">Localiza\u00e7\u00e3o dos Audit\u00f3rio e salas de aulas \u2013 \u00e1rea 1<\/a><\/li>\n<li><a href=\"https:\/\/www2.ifsc.usp.br\/portal-ifsc\/wp-content\/uploads\/2017\/03\/mapa-loc-grupos.pdf\" target=\"_blank\" rel=\"noopener noreferrer\">Localiza\u00e7\u00e3o dos Grupos de pesquisa e \u00e1reas Administrativas \u2013 \u00e1rea 1<\/a><\/li>\n<li><a href=\"https:\/\/www2.ifsc.usp.br\/portal-ifsc\/wp-content\/uploads\/2019\/01\/site_mapa_usp_area1.jpg\" target=\"_blank\" rel=\"noopener noreferrer\">Localiza\u00e7\u00e3o dos pr\u00e9dios do IFSC na \u00e1rea 1<\/a><\/li>\n<li><a href=\"https:\/\/www2.ifsc.usp.br\/portal-ifsc\/wp-content\/uploads\/2019\/01\/site_mapa_usp_area2.jpg\" target=\"_blank\" rel=\"noopener noreferrer\">Localiza\u00e7\u00e3o dos pr\u00e9dios do IFSC na \u00e1rea 2<\/a><\/li>\n<\/ul>\n<p>&nbsp;<\/p>\n<p>Maiores informa\u00e7\u00f5es de acesso ao campus USP de S\u00e3o Carlos, <a href=\"http:\/\/www.saocarlos.usp.br\/telefones-do-campus-usp-sao-carlos\/\" target=\"_blank\" rel=\"noopener noreferrer\">clique aqui<\/a>.[\/vc_column_text][\/vc_column][\/vc_row]<\/p>\n","protected":false},"excerpt":{"rendered":"<p>[vc_row rt_row_background_width=&#8221;default&#8221; rt_row_style=&#8221;default-style&#8221; rt_row_borders=&#8221;&#8221; rt_row_paddings=&#8221;true&#8221; rt_bg_effect=&#8221;classic&#8221; rt_bg_image_repeat=&#8221;repeat&#8221; rt_bg_size=&#8221;cover&#8221; rt_bg_position=&#8221;right top&#8221; rt_bg_attachment=&#8221;scroll&#8221; rt_bg_video_format=&#8221;self-hosted&#8221;][vc_column rt_wrp_col_paddings=&#8221;false&#8221; rt_border_top=&#8221;&#8221; rt_border_bottom=&#8221;&#8221; rt_border_left=&#8221;&#8221; rt_border_right=&#8221;&#8221; rt_border_top_mobile=&#8221;&#8221; rt_border_bottom_mobile=&#8221;&#8221; rt_border_left_mobile=&#8221;&#8221; rt_border_right_mobile=&#8221;&#8221; rt_bg_image_repeat=&#8221;repeat&#8221; rt_bg_size=&#8221;auto auto&#8221; rt_bg_position=&#8221;right top&#8221; rt_bg_attachment=&#8221;scroll&#8221;][vc_column_text]Instituto de F\u00edsica de S\u00e3o Carlos (\u00e1rea 1 do campus USP) Avenida Trabalhador S\u00e3o-carlense, n\u00ba 400 Parque Arnold Schimidt \u2013 CEP 13566-590 S\u00e3o Carlos \u2013 S\u00e3o Paulo \u2013 Brasil [&hellip;]<\/p>\n","protected":false},"author":1,"featured_media":0,"parent":0,"menu_order":0,"comment_status":"closed","ping_status":"closed","template":"","meta":{"_acf_changed":false,"footnotes":""},"class_list":["post-8665","page","type-page","status-publish","hentry"],"acf":[],"yoast_head":"<!-- This site is optimized with the Yoast SEO plugin v27.2 - https:\/\/yoast.com\/product\/yoast-seo-wordpress\/ -->\n<title>Como chegar e Mapas - Portal IFSC<\/title>\n<meta name=\"robots\" content=\"index, follow, max-snippet:-1, max-image-preview:large, max-video-preview:-1\" \/>\n<link rel=\"canonical\" href=\"https:\/\/www2.ifsc.usp.br\/portal-ifsc\/como-chegar\/\" \/>\n<meta property=\"og:locale\" content=\"pt_BR\" \/>\n<meta property=\"og:type\" content=\"article\" \/>\n<meta property=\"og:title\" content=\"Como chegar e Mapas - Portal IFSC\" \/>\n<meta property=\"og:description\" content=\"[vc_row rt_row_background_width=&#8221;default&#8221; rt_row_style=&#8221;default-style&#8221; rt_row_borders=&#8221;&#8221; rt_row_paddings=&#8221;true&#8221; rt_bg_effect=&#8221;classic&#8221; rt_bg_image_repeat=&#8221;repeat&#8221; rt_bg_size=&#8221;cover&#8221; rt_bg_position=&#8221;right top&#8221; rt_bg_attachment=&#8221;scroll&#8221; rt_bg_video_format=&#8221;self-hosted&#8221;][vc_column rt_wrp_col_paddings=&#8221;false&#8221; rt_border_top=&#8221;&#8221; rt_border_bottom=&#8221;&#8221; rt_border_left=&#8221;&#8221; rt_border_right=&#8221;&#8221; rt_border_top_mobile=&#8221;&#8221; rt_border_bottom_mobile=&#8221;&#8221; rt_border_left_mobile=&#8221;&#8221; rt_border_right_mobile=&#8221;&#8221; rt_bg_image_repeat=&#8221;repeat&#8221; rt_bg_size=&#8221;auto auto&#8221; rt_bg_position=&#8221;right top&#8221; rt_bg_attachment=&#8221;scroll&#8221;][vc_column_text]Instituto de F\u00edsica de S\u00e3o Carlos (\u00e1rea 1 do campus USP) Avenida Trabalhador S\u00e3o-carlense, n\u00ba 400 Parque Arnold Schimidt \u2013 CEP 13566-590 S\u00e3o Carlos \u2013 S\u00e3o Paulo \u2013 Brasil [&hellip;]\" \/>\n<meta property=\"og:url\" content=\"https:\/\/www2.ifsc.usp.br\/portal-ifsc\/como-chegar\/\" \/>\n<meta property=\"og:site_name\" content=\"Portal IFSC\" \/>\n<meta property=\"article:modified_time\" content=\"2020-06-03T21:50:03+00:00\" \/>\n<meta name=\"twitter:card\" content=\"summary_large_image\" \/>\n<meta name=\"twitter:label1\" content=\"Est. tempo de leitura\" \/>\n\t<meta name=\"twitter:data1\" content=\"5 minutos\" \/>\n<script type=\"application\/ld+json\" class=\"yoast-schema-graph\">{\"@context\":\"https:\/\/schema.org\",\"@graph\":[{\"@type\":\"WebPage\",\"@id\":\"https:\/\/www2.ifsc.usp.br\/portal-ifsc\/como-chegar\/\",\"url\":\"https:\/\/www2.ifsc.usp.br\/portal-ifsc\/como-chegar\/\",\"name\":\"Como chegar e Mapas - Portal IFSC\",\"isPartOf\":{\"@id\":\"https:\/\/www2.ifsc.usp.br\/portal-ifsc\/#website\"},\"datePublished\":\"2017-03-27T14:03:09+00:00\",\"dateModified\":\"2020-06-03T21:50:03+00:00\",\"breadcrumb\":{\"@id\":\"https:\/\/www2.ifsc.usp.br\/portal-ifsc\/como-chegar\/#breadcrumb\"},\"inLanguage\":\"pt-BR\",\"potentialAction\":[{\"@type\":\"ReadAction\",\"target\":[\"https:\/\/www2.ifsc.usp.br\/portal-ifsc\/como-chegar\/\"]}]},{\"@type\":\"BreadcrumbList\",\"@id\":\"https:\/\/www2.ifsc.usp.br\/portal-ifsc\/como-chegar\/#breadcrumb\",\"itemListElement\":[{\"@type\":\"ListItem\",\"position\":1,\"name\":\"In\u00edcio\",\"item\":\"https:\/\/www2.ifsc.usp.br\/portal-ifsc\/\"},{\"@type\":\"ListItem\",\"position\":2,\"name\":\"Como chegar e Mapas\"}]},{\"@type\":\"WebSite\",\"@id\":\"https:\/\/www2.ifsc.usp.br\/portal-ifsc\/#website\",\"url\":\"https:\/\/www2.ifsc.usp.br\/portal-ifsc\/\",\"name\":\"Portal IFSC\",\"description\":\"Instituto de F\u00edsica de S\u00e3o Carlos\",\"publisher\":{\"@id\":\"https:\/\/www2.ifsc.usp.br\/portal-ifsc\/#organization\"},\"potentialAction\":[{\"@type\":\"SearchAction\",\"target\":{\"@type\":\"EntryPoint\",\"urlTemplate\":\"https:\/\/www2.ifsc.usp.br\/portal-ifsc\/?s={search_term_string}\"},\"query-input\":{\"@type\":\"PropertyValueSpecification\",\"valueRequired\":true,\"valueName\":\"search_term_string\"}}],\"inLanguage\":\"pt-BR\"},{\"@type\":\"Organization\",\"@id\":\"https:\/\/www2.ifsc.usp.br\/portal-ifsc\/#organization\",\"name\":\"Portal IFSC\",\"url\":\"https:\/\/www2.ifsc.usp.br\/portal-ifsc\/\",\"logo\":{\"@type\":\"ImageObject\",\"inLanguage\":\"pt-BR\",\"@id\":\"https:\/\/www2.ifsc.usp.br\/portal-ifsc\/#\/schema\/logo\/image\/\",\"url\":\"https:\/\/www2.ifsc.usp.br\/portal-ifsc\/wp-content\/uploads\/2017\/03\/logotipo_ifsc_usp_500x862.jpg\",\"contentUrl\":\"https:\/\/www2.ifsc.usp.br\/portal-ifsc\/wp-content\/uploads\/2017\/03\/logotipo_ifsc_usp_500x862.jpg\",\"width\":500,\"height\":862,\"caption\":\"Portal IFSC\"},\"image\":{\"@id\":\"https:\/\/www2.ifsc.usp.br\/portal-ifsc\/#\/schema\/logo\/image\/\"}}]}<\/script>\n<!-- \/ Yoast SEO plugin. -->","yoast_head_json":{"title":"Como chegar e Mapas - Portal IFSC","robots":{"index":"index","follow":"follow","max-snippet":"max-snippet:-1","max-image-preview":"max-image-preview:large","max-video-preview":"max-video-preview:-1"},"canonical":"https:\/\/www2.ifsc.usp.br\/portal-ifsc\/como-chegar\/","og_locale":"pt_BR","og_type":"article","og_title":"Como chegar e Mapas - Portal IFSC","og_description":"[vc_row rt_row_background_width=&#8221;default&#8221; rt_row_style=&#8221;default-style&#8221; rt_row_borders=&#8221;&#8221; rt_row_paddings=&#8221;true&#8221; rt_bg_effect=&#8221;classic&#8221; rt_bg_image_repeat=&#8221;repeat&#8221; rt_bg_size=&#8221;cover&#8221; rt_bg_position=&#8221;right top&#8221; rt_bg_attachment=&#8221;scroll&#8221; rt_bg_video_format=&#8221;self-hosted&#8221;][vc_column rt_wrp_col_paddings=&#8221;false&#8221; rt_border_top=&#8221;&#8221; rt_border_bottom=&#8221;&#8221; rt_border_left=&#8221;&#8221; rt_border_right=&#8221;&#8221; rt_border_top_mobile=&#8221;&#8221; rt_border_bottom_mobile=&#8221;&#8221; rt_border_left_mobile=&#8221;&#8221; rt_border_right_mobile=&#8221;&#8221; rt_bg_image_repeat=&#8221;repeat&#8221; rt_bg_size=&#8221;auto auto&#8221; rt_bg_position=&#8221;right top&#8221; rt_bg_attachment=&#8221;scroll&#8221;][vc_column_text]Instituto de F\u00edsica de S\u00e3o Carlos (\u00e1rea 1 do campus USP) Avenida Trabalhador S\u00e3o-carlense, n\u00ba 400 Parque Arnold Schimidt \u2013 CEP 13566-590 S\u00e3o Carlos \u2013 S\u00e3o Paulo \u2013 Brasil [&hellip;]","og_url":"https:\/\/www2.ifsc.usp.br\/portal-ifsc\/como-chegar\/","og_site_name":"Portal IFSC","article_modified_time":"2020-06-03T21:50:03+00:00","twitter_card":"summary_large_image","twitter_misc":{"Est. tempo de leitura":"5 minutos"},"schema":{"@context":"https:\/\/schema.org","@graph":[{"@type":"WebPage","@id":"https:\/\/www2.ifsc.usp.br\/portal-ifsc\/como-chegar\/","url":"https:\/\/www2.ifsc.usp.br\/portal-ifsc\/como-chegar\/","name":"Como chegar e Mapas - Portal IFSC","isPartOf":{"@id":"https:\/\/www2.ifsc.usp.br\/portal-ifsc\/#website"},"datePublished":"2017-03-27T14:03:09+00:00","dateModified":"2020-06-03T21:50:03+00:00","breadcrumb":{"@id":"https:\/\/www2.ifsc.usp.br\/portal-ifsc\/como-chegar\/#breadcrumb"},"inLanguage":"pt-BR","potentialAction":[{"@type":"ReadAction","target":["https:\/\/www2.ifsc.usp.br\/portal-ifsc\/como-chegar\/"]}]},{"@type":"BreadcrumbList","@id":"https:\/\/www2.ifsc.usp.br\/portal-ifsc\/como-chegar\/#breadcrumb","itemListElement":[{"@type":"ListItem","position":1,"name":"In\u00edcio","item":"https:\/\/www2.ifsc.usp.br\/portal-ifsc\/"},{"@type":"ListItem","position":2,"name":"Como chegar e Mapas"}]},{"@type":"WebSite","@id":"https:\/\/www2.ifsc.usp.br\/portal-ifsc\/#website","url":"https:\/\/www2.ifsc.usp.br\/portal-ifsc\/","name":"Portal IFSC","description":"Instituto de F\u00edsica de S\u00e3o Carlos","publisher":{"@id":"https:\/\/www2.ifsc.usp.br\/portal-ifsc\/#organization"},"potentialAction":[{"@type":"SearchAction","target":{"@type":"EntryPoint","urlTemplate":"https:\/\/www2.ifsc.usp.br\/portal-ifsc\/?s={search_term_string}"},"query-input":{"@type":"PropertyValueSpecification","valueRequired":true,"valueName":"search_term_string"}}],"inLanguage":"pt-BR"},{"@type":"Organization","@id":"https:\/\/www2.ifsc.usp.br\/portal-ifsc\/#organization","name":"Portal IFSC","url":"https:\/\/www2.ifsc.usp.br\/portal-ifsc\/","logo":{"@type":"ImageObject","inLanguage":"pt-BR","@id":"https:\/\/www2.ifsc.usp.br\/portal-ifsc\/#\/schema\/logo\/image\/","url":"https:\/\/www2.ifsc.usp.br\/portal-ifsc\/wp-content\/uploads\/2017\/03\/logotipo_ifsc_usp_500x862.jpg","contentUrl":"https:\/\/www2.ifsc.usp.br\/portal-ifsc\/wp-content\/uploads\/2017\/03\/logotipo_ifsc_usp_500x862.jpg","width":500,"height":862,"caption":"Portal IFSC"},"image":{"@id":"https:\/\/www2.ifsc.usp.br\/portal-ifsc\/#\/schema\/logo\/image\/"}}]}},"_links":{"self":[{"href":"https:\/\/www2.ifsc.usp.br\/portal-ifsc\/wp-json\/wp\/v2\/pages\/8665","targetHints":{"allow":["GET"]}}],"collection":[{"href":"https:\/\/www2.ifsc.usp.br\/portal-ifsc\/wp-json\/wp\/v2\/pages"}],"about":[{"href":"https:\/\/www2.ifsc.usp.br\/portal-ifsc\/wp-json\/wp\/v2\/types\/page"}],"author":[{"embeddable":true,"href":"https:\/\/www2.ifsc.usp.br\/portal-ifsc\/wp-json\/wp\/v2\/users\/1"}],"replies":[{"embeddable":true,"href":"https:\/\/www2.ifsc.usp.br\/portal-ifsc\/wp-json\/wp\/v2\/comments?post=8665"}],"version-history":[{"count":22,"href":"https:\/\/www2.ifsc.usp.br\/portal-ifsc\/wp-json\/wp\/v2\/pages\/8665\/revisions"}],"predecessor-version":[{"id":31409,"href":"https:\/\/www2.ifsc.usp.br\/portal-ifsc\/wp-json\/wp\/v2\/pages\/8665\/revisions\/31409"}],"wp:attachment":[{"href":"https:\/\/www2.ifsc.usp.br\/portal-ifsc\/wp-json\/wp\/v2\/media?parent=8665"}],"curies":[{"name":"wp","href":"https:\/\/api.w.org\/{rel}","templated":true}]}}