{"id":8306,"date":"2017-03-20T14:48:49","date_gmt":"2017-03-20T17:48:49","guid":{"rendered":"https:\/\/www2.ifsc.usp.br\/portal-ifsc\/?page_id=8306"},"modified":"2025-08-25T16:58:32","modified_gmt":"2025-08-25T19:58:32","slug":"divisao-administrativa","status":"publish","type":"page","link":"https:\/\/www2.ifsc.usp.br\/portal-ifsc\/divisao-administrativa\/","title":{"rendered":"Divis\u00e3o Administrativa &#8211; DVADM"},"content":{"rendered":"<p>[vc_row rt_row_background_width=&#8221;default&#8221; rt_row_style=&#8221;default-style&#8221; rt_row_borders=&#8221;&#8221; rt_row_paddings=&#8221;true&#8221; rt_bg_effect=&#8221;classic&#8221; rt_bg_image_repeat=&#8221;repeat&#8221; rt_bg_size=&#8221;cover&#8221; rt_bg_position=&#8221;right top&#8221; rt_bg_attachment=&#8221;scroll&#8221; rt_bg_video_format=&#8221;self-hosted&#8221;][vc_column rt_wrp_col_paddings=&#8221;false&#8221; rt_border_top=&#8221;&#8221; rt_border_bottom=&#8221;&#8221; rt_border_left=&#8221;&#8221; rt_border_right=&#8221;&#8221; rt_border_top_mobile=&#8221;&#8221; rt_border_bottom_mobile=&#8221;&#8221; rt_border_left_mobile=&#8221;&#8221; rt_border_right_mobile=&#8221;&#8221; rt_bg_image_repeat=&#8221;repeat&#8221; rt_bg_size=&#8221;auto auto&#8221; rt_bg_position=&#8221;right top&#8221; rt_bg_attachment=&#8221;scroll&#8221;][vc_column_text]A<strong> Divis\u00e3o Administrativa (DVADM)<\/strong>\u00a0presta assessoramento t\u00e9cnico \u00e0 Dire\u00e7\u00e3o do IFSC, CTA, Congrega\u00e7\u00e3o, Chefias de Departamentos e Comiss\u00f5es. Gerencia a \u00c1rea Administrativa sob planejamento, organiza\u00e7\u00e3o e controle de processos e pessoas, supervisionando servi\u00e7os, se\u00e7\u00f5es, setores. Apoia Comiss\u00f5es, atividades e programas espec\u00edficos, dando suporte t\u00e9cnico especializado e legal \u00e0 consecu\u00e7\u00e3o dos objetivos do Instituto segundo as suas metas, valores centrais e vis\u00e3o de futuro.<\/p>\n<p><strong>Temas e\/ou Atividades<\/strong><\/p>\n<ul>\n<li>Elabora\u00e7\u00e3o de estudos, pareceres, relat\u00f3rios e projetos pertinentes<\/li>\n<li>Gest\u00e3o de contratos terceirizados e programas espec\u00edficos<\/li>\n<li>Tarefas de representa\u00e7\u00e3o e rela\u00e7\u00f5es t\u00e9cnicas com a Comunidade<\/li>\n<li>Pareceres \/ Despachos \/ Encaminhamentos T\u00e9cnicos \/ Instru\u00e7\u00e3o processual<\/li>\n<li>Assessoramento t\u00e9cnico aos processos da carreira: avalia\u00e7\u00e3o, enquadramentos, promo\u00e7\u00e3o, comunica\u00e7\u00f5es<\/li>\n<li>Gerenciamento do Sistema USP Oportunidades (banco de vagas para mobilidade funcional de servidores)<\/li>\n<li>Processos de estacionamento dos pr\u00e9dios \/ Cancelas \/ Catracas<\/li>\n<li>Telefonia: Gest\u00e3o de Cotas, Distribui\u00e7\u00e3o de Ramais, Manuten\u00e7\u00e3o da Lista Telef\u00f4nica IFSC<\/li>\n<li>Obras Civis: Assessoramento t\u00e9cnico \u00e0 instru\u00e7\u00e3o de processos de obras, reformas e servi\u00e7os, com tramita\u00e7\u00e3o junto aos \u00f3rg\u00e3os competentes<\/li>\n<li>Sindic\u00e2ncias Administrativas \/ Processos Administrativos Disciplinares \/ Instru\u00e7\u00f5es processuais e assessoramento em face de reclama\u00e7\u00f5es trabalhistas, mandados, a\u00e7\u00f5es civis p\u00fablicas<\/li>\n<li>Apura\u00e7\u00f5es de acidentes de ve\u00edculos oficiais e multas de tr\u00e2nsito<\/li>\n<li>Elei\u00e7\u00f5es para Representa\u00e7\u00f5es dos Servidores T\u00e9cnicos e Administrativos: CO, CCRH, Conselho do Campus, CIPA, CGQP, T&amp;D, CA<\/li>\n<li>Terceiriza\u00e7\u00e3o de servi\u00e7os: Estudos de demandas<\/li>\n<li>Gest\u00e3o de Contratos: Limpeza \/ Vigil\u00e2ncia \/ Portarias \/ Jardinagem \/ Lanchonete \/ Dosimetria Pessoal-Ambiente \/ Reprografia \/ Lanchonete \/ M\u00e1quinas de Auto-servi\u00e7o \/ Combust\u00edveis \/ Elevadores \/ Catracas \/ Menor Aprendiz \/ Correios<\/li>\n<li>Sistemas Corporativos: Telefonia \/ Acr\u00f3pole \/ Boportuni \/ Contratos \/ Frota \/ Marte \/ Mercurio \/ Proteos \/ Sasg \/ Tycho \/ ifPonto<\/li>\n<li>Sistemas Intranet: Requisi\u00e7\u00e3o de Servi\u00e7os \/ Caf\u00e9 \/ Columba \/ Viagens \/ SAFi \/ Pauta Colegiados \/ Pessoal \/ Ger\u00eancia T&amp;D \/ Petrus \/ Legisla\u00e7\u00e3o<\/li>\n<li>Delega\u00e7\u00f5es de Compet\u00eancia: registros em CTPS \/ gest\u00e3o ATAd \/ assinaturas de documentos de processos de avalia\u00e7\u00e3o \/ aprova\u00e7\u00e3o de or\u00e7amentos para servi\u00e7os de Inform\u00e1tica e Telefonia \/ encaminhamentos de servi\u00e7os a unidades do Campus \/ Junto \u00e0 PUSP-SC \u2013 servi\u00e7os de manuten\u00e7\u00e3o diversos<\/li>\n<li>Participa\u00e7\u00e3o em a\u00e7\u00f5es do Programa de Qualidade do IFSC<\/li>\n<li>Participa\u00e7\u00e3o em iniciativas de a\u00e7\u00f5es ambientais \u2013 PURE \/ PURA \/ Reciclagens<\/li>\n<\/ul>\n<p>&nbsp;<\/p>\n<p><strong>A Divis\u00e3o Administrativa \u00e9 composta dos seguintes setores e oficinas:<\/strong><\/p>\n<ul>\n<li><a href=\"https:\/\/www2.ifsc.usp.br\/portal-ifsc\/desenho-tecnico-atad\/\">Desenho T\u00e9cnico<\/a><\/li>\n<li><a href=\"https:\/\/www2.ifsc.usp.br\/portal-ifsc\/manutencao-predial-atad\/\">Se\u00e7\u00e3o de Manuten\u00e7\u00e3o Predial e El\u00e9trica<\/a><\/li>\n<li><a href=\"https:\/\/www2.ifsc.usp.br\/portal-ifsc\/oficina-de-criogenia\">Oficina de Criogenia<\/a><\/li>\n<li><a href=\"https:\/\/www2.ifsc.usp.br\/portal-ifsc\/secao-de-grafica\">Se\u00e7\u00e3o de Gr\u00e1fica<\/a><\/li>\n<li><a href=\"https:\/\/www2.ifsc.usp.br\/portal-ifsc\/servico-de-infraestrutura-e-gestao-de-contratos\">Servi\u00e7o de Infraestrutura e Gest\u00e3o de Contratos<\/a><\/li>\n<li><a href=\"https:\/\/www2.ifsc.usp.br\/portal-ifsc\/secao-de-veiculos\">Se\u00e7\u00e3o de Ve\u00edculos<\/a><\/li>\n<li><a href=\"https:\/\/www2.ifsc.usp.br\/portal-ifsc\/servico-de-expediente\">Servi\u00e7o de Expediente<\/a><\/li>\n<\/ul>\n<p>&nbsp;<\/p>\n\n<p>[\/vc_column_text][\/vc_column][\/vc_row]<\/p>\n","protected":false},"excerpt":{"rendered":"<p>[vc_row rt_row_background_width=&#8221;default&#8221; rt_row_style=&#8221;default-style&#8221; rt_row_borders=&#8221;&#8221; rt_row_paddings=&#8221;true&#8221; rt_bg_effect=&#8221;classic&#8221; rt_bg_image_repeat=&#8221;repeat&#8221; rt_bg_size=&#8221;cover&#8221; rt_bg_position=&#8221;right top&#8221; rt_bg_attachment=&#8221;scroll&#8221; rt_bg_video_format=&#8221;self-hosted&#8221;][vc_column rt_wrp_col_paddings=&#8221;false&#8221; rt_border_top=&#8221;&#8221; rt_border_bottom=&#8221;&#8221; rt_border_left=&#8221;&#8221; rt_border_right=&#8221;&#8221; rt_border_top_mobile=&#8221;&#8221; rt_border_bottom_mobile=&#8221;&#8221; rt_border_left_mobile=&#8221;&#8221; rt_border_right_mobile=&#8221;&#8221; rt_bg_image_repeat=&#8221;repeat&#8221; rt_bg_size=&#8221;auto auto&#8221; rt_bg_position=&#8221;right top&#8221; rt_bg_attachment=&#8221;scroll&#8221;][vc_column_text]A Divis\u00e3o Administrativa (DVADM)\u00a0presta assessoramento t\u00e9cnico \u00e0 Dire\u00e7\u00e3o do IFSC, CTA, Congrega\u00e7\u00e3o, Chefias de Departamentos e Comiss\u00f5es. Gerencia a \u00c1rea Administrativa sob planejamento, organiza\u00e7\u00e3o e controle de processos e [&hellip;]<\/p>\n","protected":false},"author":2,"featured_media":0,"parent":0,"menu_order":0,"comment_status":"closed","ping_status":"closed","template":"","meta":{"_acf_changed":false,"footnotes":""},"class_list":["post-8306","page","type-page","status-publish","hentry"],"acf":[],"yoast_head":"<!-- This site is optimized with the Yoast SEO plugin v27.2 - https:\/\/yoast.com\/product\/yoast-seo-wordpress\/ -->\n<title>Divis\u00e3o Administrativa - DVADM - Portal IFSC<\/title>\n<meta name=\"robots\" content=\"index, follow, max-snippet:-1, max-image-preview:large, max-video-preview:-1\" \/>\n<link rel=\"canonical\" href=\"https:\/\/www2.ifsc.usp.br\/portal-ifsc\/divisao-administrativa\/\" \/>\n<meta property=\"og:locale\" content=\"pt_BR\" \/>\n<meta property=\"og:type\" content=\"article\" \/>\n<meta property=\"og:title\" content=\"Divis\u00e3o Administrativa - DVADM - Portal IFSC\" \/>\n<meta property=\"og:description\" content=\"[vc_row rt_row_background_width=&#8221;default&#8221; rt_row_style=&#8221;default-style&#8221; rt_row_borders=&#8221;&#8221; rt_row_paddings=&#8221;true&#8221; rt_bg_effect=&#8221;classic&#8221; rt_bg_image_repeat=&#8221;repeat&#8221; rt_bg_size=&#8221;cover&#8221; rt_bg_position=&#8221;right top&#8221; rt_bg_attachment=&#8221;scroll&#8221; rt_bg_video_format=&#8221;self-hosted&#8221;][vc_column rt_wrp_col_paddings=&#8221;false&#8221; rt_border_top=&#8221;&#8221; rt_border_bottom=&#8221;&#8221; rt_border_left=&#8221;&#8221; rt_border_right=&#8221;&#8221; rt_border_top_mobile=&#8221;&#8221; rt_border_bottom_mobile=&#8221;&#8221; rt_border_left_mobile=&#8221;&#8221; rt_border_right_mobile=&#8221;&#8221; rt_bg_image_repeat=&#8221;repeat&#8221; rt_bg_size=&#8221;auto auto&#8221; rt_bg_position=&#8221;right top&#8221; rt_bg_attachment=&#8221;scroll&#8221;][vc_column_text]A Divis\u00e3o Administrativa (DVADM)\u00a0presta assessoramento t\u00e9cnico \u00e0 Dire\u00e7\u00e3o do IFSC, CTA, Congrega\u00e7\u00e3o, Chefias de Departamentos e Comiss\u00f5es. Gerencia a \u00c1rea Administrativa sob planejamento, organiza\u00e7\u00e3o e controle de processos e [&hellip;]\" \/>\n<meta property=\"og:url\" content=\"https:\/\/www2.ifsc.usp.br\/portal-ifsc\/divisao-administrativa\/\" \/>\n<meta property=\"og:site_name\" content=\"Portal IFSC\" \/>\n<meta property=\"article:modified_time\" content=\"2025-08-25T19:58:32+00:00\" \/>\n<meta name=\"twitter:card\" content=\"summary_large_image\" \/>\n<meta name=\"twitter:label1\" content=\"Est. tempo de leitura\" \/>\n\t<meta name=\"twitter:data1\" content=\"3 minutos\" \/>\n<script type=\"application\/ld+json\" class=\"yoast-schema-graph\">{\"@context\":\"https:\/\/schema.org\",\"@graph\":[{\"@type\":\"WebPage\",\"@id\":\"https:\/\/www2.ifsc.usp.br\/portal-ifsc\/divisao-administrativa\/\",\"url\":\"https:\/\/www2.ifsc.usp.br\/portal-ifsc\/divisao-administrativa\/\",\"name\":\"Divis\u00e3o Administrativa - DVADM - Portal IFSC\",\"isPartOf\":{\"@id\":\"https:\/\/www2.ifsc.usp.br\/portal-ifsc\/#website\"},\"datePublished\":\"2017-03-20T17:48:49+00:00\",\"dateModified\":\"2025-08-25T19:58:32+00:00\",\"breadcrumb\":{\"@id\":\"https:\/\/www2.ifsc.usp.br\/portal-ifsc\/divisao-administrativa\/#breadcrumb\"},\"inLanguage\":\"pt-BR\",\"potentialAction\":[{\"@type\":\"ReadAction\",\"target\":[\"https:\/\/www2.ifsc.usp.br\/portal-ifsc\/divisao-administrativa\/\"]}]},{\"@type\":\"BreadcrumbList\",\"@id\":\"https:\/\/www2.ifsc.usp.br\/portal-ifsc\/divisao-administrativa\/#breadcrumb\",\"itemListElement\":[{\"@type\":\"ListItem\",\"position\":1,\"name\":\"In\u00edcio\",\"item\":\"https:\/\/www2.ifsc.usp.br\/portal-ifsc\/\"},{\"@type\":\"ListItem\",\"position\":2,\"name\":\"Divis\u00e3o Administrativa &#8211; DVADM\"}]},{\"@type\":\"WebSite\",\"@id\":\"https:\/\/www2.ifsc.usp.br\/portal-ifsc\/#website\",\"url\":\"https:\/\/www2.ifsc.usp.br\/portal-ifsc\/\",\"name\":\"Portal IFSC\",\"description\":\"Instituto de F\u00edsica de S\u00e3o Carlos\",\"publisher\":{\"@id\":\"https:\/\/www2.ifsc.usp.br\/portal-ifsc\/#organization\"},\"potentialAction\":[{\"@type\":\"SearchAction\",\"target\":{\"@type\":\"EntryPoint\",\"urlTemplate\":\"https:\/\/www2.ifsc.usp.br\/portal-ifsc\/?s={search_term_string}\"},\"query-input\":{\"@type\":\"PropertyValueSpecification\",\"valueRequired\":true,\"valueName\":\"search_term_string\"}}],\"inLanguage\":\"pt-BR\"},{\"@type\":\"Organization\",\"@id\":\"https:\/\/www2.ifsc.usp.br\/portal-ifsc\/#organization\",\"name\":\"Portal IFSC\",\"url\":\"https:\/\/www2.ifsc.usp.br\/portal-ifsc\/\",\"logo\":{\"@type\":\"ImageObject\",\"inLanguage\":\"pt-BR\",\"@id\":\"https:\/\/www2.ifsc.usp.br\/portal-ifsc\/#\/schema\/logo\/image\/\",\"url\":\"https:\/\/www2.ifsc.usp.br\/portal-ifsc\/wp-content\/uploads\/2017\/03\/logotipo_ifsc_usp_500x862.jpg\",\"contentUrl\":\"https:\/\/www2.ifsc.usp.br\/portal-ifsc\/wp-content\/uploads\/2017\/03\/logotipo_ifsc_usp_500x862.jpg\",\"width\":500,\"height\":862,\"caption\":\"Portal IFSC\"},\"image\":{\"@id\":\"https:\/\/www2.ifsc.usp.br\/portal-ifsc\/#\/schema\/logo\/image\/\"}}]}<\/script>\n<!-- \/ Yoast SEO plugin. -->","yoast_head_json":{"title":"Divis\u00e3o Administrativa - DVADM - Portal IFSC","robots":{"index":"index","follow":"follow","max-snippet":"max-snippet:-1","max-image-preview":"max-image-preview:large","max-video-preview":"max-video-preview:-1"},"canonical":"https:\/\/www2.ifsc.usp.br\/portal-ifsc\/divisao-administrativa\/","og_locale":"pt_BR","og_type":"article","og_title":"Divis\u00e3o Administrativa - DVADM - Portal IFSC","og_description":"[vc_row rt_row_background_width=&#8221;default&#8221; rt_row_style=&#8221;default-style&#8221; rt_row_borders=&#8221;&#8221; rt_row_paddings=&#8221;true&#8221; rt_bg_effect=&#8221;classic&#8221; rt_bg_image_repeat=&#8221;repeat&#8221; rt_bg_size=&#8221;cover&#8221; rt_bg_position=&#8221;right top&#8221; rt_bg_attachment=&#8221;scroll&#8221; rt_bg_video_format=&#8221;self-hosted&#8221;][vc_column rt_wrp_col_paddings=&#8221;false&#8221; rt_border_top=&#8221;&#8221; rt_border_bottom=&#8221;&#8221; rt_border_left=&#8221;&#8221; rt_border_right=&#8221;&#8221; rt_border_top_mobile=&#8221;&#8221; rt_border_bottom_mobile=&#8221;&#8221; rt_border_left_mobile=&#8221;&#8221; rt_border_right_mobile=&#8221;&#8221; rt_bg_image_repeat=&#8221;repeat&#8221; rt_bg_size=&#8221;auto auto&#8221; rt_bg_position=&#8221;right top&#8221; rt_bg_attachment=&#8221;scroll&#8221;][vc_column_text]A Divis\u00e3o Administrativa (DVADM)\u00a0presta assessoramento t\u00e9cnico \u00e0 Dire\u00e7\u00e3o do IFSC, CTA, Congrega\u00e7\u00e3o, Chefias de Departamentos e Comiss\u00f5es. Gerencia a \u00c1rea Administrativa sob planejamento, organiza\u00e7\u00e3o e controle de processos e [&hellip;]","og_url":"https:\/\/www2.ifsc.usp.br\/portal-ifsc\/divisao-administrativa\/","og_site_name":"Portal IFSC","article_modified_time":"2025-08-25T19:58:32+00:00","twitter_card":"summary_large_image","twitter_misc":{"Est. tempo de leitura":"3 minutos"},"schema":{"@context":"https:\/\/schema.org","@graph":[{"@type":"WebPage","@id":"https:\/\/www2.ifsc.usp.br\/portal-ifsc\/divisao-administrativa\/","url":"https:\/\/www2.ifsc.usp.br\/portal-ifsc\/divisao-administrativa\/","name":"Divis\u00e3o Administrativa - DVADM - Portal IFSC","isPartOf":{"@id":"https:\/\/www2.ifsc.usp.br\/portal-ifsc\/#website"},"datePublished":"2017-03-20T17:48:49+00:00","dateModified":"2025-08-25T19:58:32+00:00","breadcrumb":{"@id":"https:\/\/www2.ifsc.usp.br\/portal-ifsc\/divisao-administrativa\/#breadcrumb"},"inLanguage":"pt-BR","potentialAction":[{"@type":"ReadAction","target":["https:\/\/www2.ifsc.usp.br\/portal-ifsc\/divisao-administrativa\/"]}]},{"@type":"BreadcrumbList","@id":"https:\/\/www2.ifsc.usp.br\/portal-ifsc\/divisao-administrativa\/#breadcrumb","itemListElement":[{"@type":"ListItem","position":1,"name":"In\u00edcio","item":"https:\/\/www2.ifsc.usp.br\/portal-ifsc\/"},{"@type":"ListItem","position":2,"name":"Divis\u00e3o Administrativa &#8211; DVADM"}]},{"@type":"WebSite","@id":"https:\/\/www2.ifsc.usp.br\/portal-ifsc\/#website","url":"https:\/\/www2.ifsc.usp.br\/portal-ifsc\/","name":"Portal IFSC","description":"Instituto de F\u00edsica de S\u00e3o Carlos","publisher":{"@id":"https:\/\/www2.ifsc.usp.br\/portal-ifsc\/#organization"},"potentialAction":[{"@type":"SearchAction","target":{"@type":"EntryPoint","urlTemplate":"https:\/\/www2.ifsc.usp.br\/portal-ifsc\/?s={search_term_string}"},"query-input":{"@type":"PropertyValueSpecification","valueRequired":true,"valueName":"search_term_string"}}],"inLanguage":"pt-BR"},{"@type":"Organization","@id":"https:\/\/www2.ifsc.usp.br\/portal-ifsc\/#organization","name":"Portal IFSC","url":"https:\/\/www2.ifsc.usp.br\/portal-ifsc\/","logo":{"@type":"ImageObject","inLanguage":"pt-BR","@id":"https:\/\/www2.ifsc.usp.br\/portal-ifsc\/#\/schema\/logo\/image\/","url":"https:\/\/www2.ifsc.usp.br\/portal-ifsc\/wp-content\/uploads\/2017\/03\/logotipo_ifsc_usp_500x862.jpg","contentUrl":"https:\/\/www2.ifsc.usp.br\/portal-ifsc\/wp-content\/uploads\/2017\/03\/logotipo_ifsc_usp_500x862.jpg","width":500,"height":862,"caption":"Portal IFSC"},"image":{"@id":"https:\/\/www2.ifsc.usp.br\/portal-ifsc\/#\/schema\/logo\/image\/"}}]}},"_links":{"self":[{"href":"https:\/\/www2.ifsc.usp.br\/portal-ifsc\/wp-json\/wp\/v2\/pages\/8306","targetHints":{"allow":["GET"]}}],"collection":[{"href":"https:\/\/www2.ifsc.usp.br\/portal-ifsc\/wp-json\/wp\/v2\/pages"}],"about":[{"href":"https:\/\/www2.ifsc.usp.br\/portal-ifsc\/wp-json\/wp\/v2\/types\/page"}],"author":[{"embeddable":true,"href":"https:\/\/www2.ifsc.usp.br\/portal-ifsc\/wp-json\/wp\/v2\/users\/2"}],"replies":[{"embeddable":true,"href":"https:\/\/www2.ifsc.usp.br\/portal-ifsc\/wp-json\/wp\/v2\/comments?post=8306"}],"version-history":[{"count":19,"href":"https:\/\/www2.ifsc.usp.br\/portal-ifsc\/wp-json\/wp\/v2\/pages\/8306\/revisions"}],"predecessor-version":[{"id":57914,"href":"https:\/\/www2.ifsc.usp.br\/portal-ifsc\/wp-json\/wp\/v2\/pages\/8306\/revisions\/57914"}],"wp:attachment":[{"href":"https:\/\/www2.ifsc.usp.br\/portal-ifsc\/wp-json\/wp\/v2\/media?parent=8306"}],"curies":[{"name":"wp","href":"https:\/\/api.w.org\/{rel}","templated":true}]}}