{"id":8068,"date":"2017-03-16T10:52:21","date_gmt":"2017-03-16T13:52:21","guid":{"rendered":"https:\/\/www2.ifsc.usp.br\/portal-ifsc\/?page_id=8068"},"modified":"2022-08-30T08:43:38","modified_gmt":"2022-08-30T11:43:38","slug":"grupo-de-fisica-teorica-fcm","status":"publish","type":"page","link":"https:\/\/www2.ifsc.usp.br\/portal-ifsc\/grupo-de-fisica-teorica-fcm\/","title":{"rendered":"Grupo de F\u00edsica Te\u00f3rica (GFT-FCM)"},"content":{"rendered":"<p>[vc_row rt_row_background_width=&#8221;default&#8221; rt_row_style=&#8221;default-style&#8221; rt_row_borders=&#8221;&#8221; rt_row_paddings=&#8221;true&#8221; rt_bg_effect=&#8221;classic&#8221; rt_bg_image_repeat=&#8221;repeat&#8221; rt_bg_size=&#8221;cover&#8221; rt_bg_position=&#8221;right top&#8221; rt_bg_attachment=&#8221;scroll&#8221; rt_bg_video_format=&#8221;self-hosted&#8221;][vc_column rt_wrp_col_paddings=&#8221;false&#8221; rt_border_top=&#8221;&#8221; rt_border_bottom=&#8221;&#8221; rt_border_left=&#8221;&#8221; rt_border_right=&#8221;&#8221; rt_border_top_mobile=&#8221;&#8221; rt_border_bottom_mobile=&#8221;&#8221; rt_border_left_mobile=&#8221;&#8221; rt_border_right_mobile=&#8221;&#8221; rt_bg_image_repeat=&#8221;repeat&#8221; rt_bg_size=&#8221;auto auto&#8221; rt_bg_position=&#8221;right top&#8221; rt_bg_attachment=&#8221;scroll&#8221;][vc_column_text]<strong>Respons\u00e1vel: <\/strong>Prof. Dr. Jos\u00e9 Abel Hoyos Neto<\/p>\n<p><strong>Secretaria:<br \/>\n<\/strong>Yvone Aparecida Biason \u2013 yvone<img loading=\"lazy\" decoding=\"async\" class=\"alignnone wp-image-13371\" src=\"https:\/\/www2.ifsc.usp.br\/english\/wp-content\/uploads\/2018\/10\/ar-300x300.png\" sizes=\"auto, (max-width: 15px) 100vw, 15px\" srcset=\"https:\/\/www2.ifsc.usp.br\/english\/wp-content\/uploads\/2018\/10\/ar-300x300.png 300w, https:\/\/www2.ifsc.usp.br\/english\/wp-content\/uploads\/2018\/10\/ar-150x150.png 150w, https:\/\/www2.ifsc.usp.br\/english\/wp-content\/uploads\/2018\/10\/ar.png 313w\" alt=\"\" width=\"15\" height=\"15\" \/>ifsc.usp.br<br \/>\nFone: +55 16 3373-9827<\/p>\n<p><img loading=\"lazy\" decoding=\"async\" class=\"size-medium wp-image-25033 alignleft\" src=\"https:\/\/www2.ifsc.usp.br\/portal-ifsc\/wp-content\/uploads\/2019\/01\/grupo-ft-fcm-300x225.jpg\" alt=\"\" width=\"300\" height=\"225\" srcset=\"https:\/\/www2.ifsc.usp.br\/portal-ifsc\/wp-content\/uploads\/2019\/01\/grupo-ft-fcm-300x225.jpg 300w, https:\/\/www2.ifsc.usp.br\/portal-ifsc\/wp-content\/uploads\/2019\/01\/grupo-ft-fcm-768x576.jpg 768w, https:\/\/www2.ifsc.usp.br\/portal-ifsc\/wp-content\/uploads\/2019\/01\/grupo-ft-fcm.jpg 1000w\" sizes=\"auto, (max-width: 300px) 100vw, 300px\" \/>O Grupo de F\u00edsica Te\u00f3rica do FCM \u00e9 composto por atuantes nas \u00e1reas de Teoria Qu\u00e2ntica de Campos,\u00a0 F\u00edsica da Mat\u00e9ria Condensada,\u00a0Teoria da Informa\u00e7\u00e3o Qu\u00e2ntica,\u00a0\u00d3ptica Qu\u00e2ntica e Mec\u00e2nica Qu\u00e2ntica Pseudo-Hermitiana, Cosmologia e Teorias da Gravidade.\u00a0 Em particular, o grupo tem se dedicado \u00e0 investiga\u00e7\u00e3o dos fen\u00f4menos como transi\u00e7\u00f5es de fase, s\u00f3litons e aspectos n\u00e3o perturbativos em teorias de campos, teorias de campos integr\u00e1veis, sistemas fortemente correlacionados, sistemas desordenados, estrutura eletr\u00f4nica e propriedades de transporte em nanoestruturas semicondutoras, efeitos de muitos corpos em sistemas de baixa dimensionalidade, teoria da nuclea\u00e7\u00e3o, intera\u00e7\u00e3o radia\u00e7\u00e3o-mat\u00e9ria, fundamentos da mec\u00e2nica qu\u00e2ntica,\u00a0\u00a0implica\u00e7\u00f5es f\u00edsicas dos processos pseudo-hermitianos,\u00a0propriedades de cordas c\u00f3smicas, princ\u00edpio hologr\u00e1fico, etc.<\/p>\n<p>Al\u00e9m dos estudantes de gradua\u00e7\u00e3o e p\u00f3s-gradua\u00e7\u00e3o, o grupo conta com a participa\u00e7\u00e3o constante de p\u00f3s-doutores e visitantes de institui\u00e7\u00f5es nacionais e internacionais que promovem um ambiente de est\u00edmulo ao ensino, pesquisa e extens\u00e3o.<\/p>\n\n<p>[\/vc_column_text][\/vc_column][\/vc_row]<\/p>\n","protected":false},"excerpt":{"rendered":"<p>[vc_row rt_row_background_width=&#8221;default&#8221; rt_row_style=&#8221;default-style&#8221; rt_row_borders=&#8221;&#8221; rt_row_paddings=&#8221;true&#8221; rt_bg_effect=&#8221;classic&#8221; rt_bg_image_repeat=&#8221;repeat&#8221; rt_bg_size=&#8221;cover&#8221; rt_bg_position=&#8221;right top&#8221; rt_bg_attachment=&#8221;scroll&#8221; rt_bg_video_format=&#8221;self-hosted&#8221;][vc_column rt_wrp_col_paddings=&#8221;false&#8221; rt_border_top=&#8221;&#8221; rt_border_bottom=&#8221;&#8221; rt_border_left=&#8221;&#8221; rt_border_right=&#8221;&#8221; rt_border_top_mobile=&#8221;&#8221; rt_border_bottom_mobile=&#8221;&#8221; rt_border_left_mobile=&#8221;&#8221; rt_border_right_mobile=&#8221;&#8221; rt_bg_image_repeat=&#8221;repeat&#8221; rt_bg_size=&#8221;auto auto&#8221; rt_bg_position=&#8221;right top&#8221; rt_bg_attachment=&#8221;scroll&#8221;][vc_column_text]Respons\u00e1vel: Prof. Dr. Jos\u00e9 Abel Hoyos Neto Secretaria: Yvone Aparecida Biason \u2013 yvoneifsc.usp.br Fone: +55 16 3373-9827 O Grupo de F\u00edsica Te\u00f3rica do FCM \u00e9 composto por atuantes nas [&hellip;]<\/p>\n","protected":false},"author":1,"featured_media":0,"parent":0,"menu_order":0,"comment_status":"closed","ping_status":"closed","template":"","meta":{"_acf_changed":false,"footnotes":""},"class_list":["post-8068","page","type-page","status-publish","hentry"],"acf":[],"yoast_head":"<!-- This site is optimized with the Yoast SEO plugin v27.2 - https:\/\/yoast.com\/product\/yoast-seo-wordpress\/ -->\n<title>Grupo de F\u00edsica Te\u00f3rica (GFT-FCM) - Portal IFSC<\/title>\n<meta name=\"robots\" content=\"index, follow, max-snippet:-1, max-image-preview:large, max-video-preview:-1\" \/>\n<link rel=\"canonical\" href=\"https:\/\/www2.ifsc.usp.br\/portal-ifsc\/grupo-de-fisica-teorica-fcm\/\" \/>\n<meta property=\"og:locale\" content=\"pt_BR\" \/>\n<meta property=\"og:type\" content=\"article\" \/>\n<meta property=\"og:title\" content=\"Grupo de F\u00edsica Te\u00f3rica (GFT-FCM) - Portal IFSC\" \/>\n<meta property=\"og:description\" content=\"[vc_row rt_row_background_width=&#8221;default&#8221; rt_row_style=&#8221;default-style&#8221; rt_row_borders=&#8221;&#8221; rt_row_paddings=&#8221;true&#8221; rt_bg_effect=&#8221;classic&#8221; rt_bg_image_repeat=&#8221;repeat&#8221; rt_bg_size=&#8221;cover&#8221; rt_bg_position=&#8221;right top&#8221; rt_bg_attachment=&#8221;scroll&#8221; rt_bg_video_format=&#8221;self-hosted&#8221;][vc_column rt_wrp_col_paddings=&#8221;false&#8221; rt_border_top=&#8221;&#8221; rt_border_bottom=&#8221;&#8221; rt_border_left=&#8221;&#8221; rt_border_right=&#8221;&#8221; rt_border_top_mobile=&#8221;&#8221; rt_border_bottom_mobile=&#8221;&#8221; rt_border_left_mobile=&#8221;&#8221; rt_border_right_mobile=&#8221;&#8221; rt_bg_image_repeat=&#8221;repeat&#8221; rt_bg_size=&#8221;auto auto&#8221; rt_bg_position=&#8221;right top&#8221; rt_bg_attachment=&#8221;scroll&#8221;][vc_column_text]Respons\u00e1vel: Prof. Dr. Jos\u00e9 Abel Hoyos Neto Secretaria: Yvone Aparecida Biason \u2013 yvoneifsc.usp.br Fone: +55 16 3373-9827 O Grupo de F\u00edsica Te\u00f3rica do FCM \u00e9 composto por atuantes nas [&hellip;]\" \/>\n<meta property=\"og:url\" content=\"https:\/\/www2.ifsc.usp.br\/portal-ifsc\/grupo-de-fisica-teorica-fcm\/\" \/>\n<meta property=\"og:site_name\" content=\"Portal IFSC\" \/>\n<meta property=\"article:modified_time\" content=\"2022-08-30T11:43:38+00:00\" \/>\n<meta property=\"og:image\" content=\"https:\/\/www2.ifsc.usp.br\/english\/wp-content\/uploads\/2018\/10\/ar-300x300.png\" \/>\n<meta name=\"twitter:card\" content=\"summary_large_image\" \/>\n<meta name=\"twitter:label1\" content=\"Est. tempo de leitura\" \/>\n\t<meta name=\"twitter:data1\" content=\"2 minutos\" \/>\n<script type=\"application\/ld+json\" class=\"yoast-schema-graph\">{\"@context\":\"https:\/\/schema.org\",\"@graph\":[{\"@type\":\"WebPage\",\"@id\":\"https:\/\/www2.ifsc.usp.br\/portal-ifsc\/grupo-de-fisica-teorica-fcm\/\",\"url\":\"https:\/\/www2.ifsc.usp.br\/portal-ifsc\/grupo-de-fisica-teorica-fcm\/\",\"name\":\"Grupo de F\u00edsica Te\u00f3rica (GFT-FCM) - Portal IFSC\",\"isPartOf\":{\"@id\":\"https:\/\/www2.ifsc.usp.br\/portal-ifsc\/#website\"},\"primaryImageOfPage\":{\"@id\":\"https:\/\/www2.ifsc.usp.br\/portal-ifsc\/grupo-de-fisica-teorica-fcm\/#primaryimage\"},\"image\":{\"@id\":\"https:\/\/www2.ifsc.usp.br\/portal-ifsc\/grupo-de-fisica-teorica-fcm\/#primaryimage\"},\"thumbnailUrl\":\"https:\/\/www2.ifsc.usp.br\/english\/wp-content\/uploads\/2018\/10\/ar-300x300.png\",\"datePublished\":\"2017-03-16T13:52:21+00:00\",\"dateModified\":\"2022-08-30T11:43:38+00:00\",\"breadcrumb\":{\"@id\":\"https:\/\/www2.ifsc.usp.br\/portal-ifsc\/grupo-de-fisica-teorica-fcm\/#breadcrumb\"},\"inLanguage\":\"pt-BR\",\"potentialAction\":[{\"@type\":\"ReadAction\",\"target\":[\"https:\/\/www2.ifsc.usp.br\/portal-ifsc\/grupo-de-fisica-teorica-fcm\/\"]}]},{\"@type\":\"ImageObject\",\"inLanguage\":\"pt-BR\",\"@id\":\"https:\/\/www2.ifsc.usp.br\/portal-ifsc\/grupo-de-fisica-teorica-fcm\/#primaryimage\",\"url\":\"https:\/\/www2.ifsc.usp.br\/english\/wp-content\/uploads\/2018\/10\/ar-300x300.png\",\"contentUrl\":\"https:\/\/www2.ifsc.usp.br\/english\/wp-content\/uploads\/2018\/10\/ar-300x300.png\"},{\"@type\":\"BreadcrumbList\",\"@id\":\"https:\/\/www2.ifsc.usp.br\/portal-ifsc\/grupo-de-fisica-teorica-fcm\/#breadcrumb\",\"itemListElement\":[{\"@type\":\"ListItem\",\"position\":1,\"name\":\"In\u00edcio\",\"item\":\"https:\/\/www2.ifsc.usp.br\/portal-ifsc\/\"},{\"@type\":\"ListItem\",\"position\":2,\"name\":\"Grupo de F\u00edsica Te\u00f3rica (GFT-FCM)\"}]},{\"@type\":\"WebSite\",\"@id\":\"https:\/\/www2.ifsc.usp.br\/portal-ifsc\/#website\",\"url\":\"https:\/\/www2.ifsc.usp.br\/portal-ifsc\/\",\"name\":\"Portal IFSC\",\"description\":\"Instituto de F\u00edsica de S\u00e3o Carlos\",\"publisher\":{\"@id\":\"https:\/\/www2.ifsc.usp.br\/portal-ifsc\/#organization\"},\"potentialAction\":[{\"@type\":\"SearchAction\",\"target\":{\"@type\":\"EntryPoint\",\"urlTemplate\":\"https:\/\/www2.ifsc.usp.br\/portal-ifsc\/?s={search_term_string}\"},\"query-input\":{\"@type\":\"PropertyValueSpecification\",\"valueRequired\":true,\"valueName\":\"search_term_string\"}}],\"inLanguage\":\"pt-BR\"},{\"@type\":\"Organization\",\"@id\":\"https:\/\/www2.ifsc.usp.br\/portal-ifsc\/#organization\",\"name\":\"Portal IFSC\",\"url\":\"https:\/\/www2.ifsc.usp.br\/portal-ifsc\/\",\"logo\":{\"@type\":\"ImageObject\",\"inLanguage\":\"pt-BR\",\"@id\":\"https:\/\/www2.ifsc.usp.br\/portal-ifsc\/#\/schema\/logo\/image\/\",\"url\":\"https:\/\/www2.ifsc.usp.br\/portal-ifsc\/wp-content\/uploads\/2017\/03\/logotipo_ifsc_usp_500x862.jpg\",\"contentUrl\":\"https:\/\/www2.ifsc.usp.br\/portal-ifsc\/wp-content\/uploads\/2017\/03\/logotipo_ifsc_usp_500x862.jpg\",\"width\":500,\"height\":862,\"caption\":\"Portal IFSC\"},\"image\":{\"@id\":\"https:\/\/www2.ifsc.usp.br\/portal-ifsc\/#\/schema\/logo\/image\/\"}}]}<\/script>\n<!-- \/ Yoast SEO plugin. -->","yoast_head_json":{"title":"Grupo de F\u00edsica Te\u00f3rica (GFT-FCM) - Portal IFSC","robots":{"index":"index","follow":"follow","max-snippet":"max-snippet:-1","max-image-preview":"max-image-preview:large","max-video-preview":"max-video-preview:-1"},"canonical":"https:\/\/www2.ifsc.usp.br\/portal-ifsc\/grupo-de-fisica-teorica-fcm\/","og_locale":"pt_BR","og_type":"article","og_title":"Grupo de F\u00edsica Te\u00f3rica (GFT-FCM) - Portal IFSC","og_description":"[vc_row rt_row_background_width=&#8221;default&#8221; rt_row_style=&#8221;default-style&#8221; rt_row_borders=&#8221;&#8221; rt_row_paddings=&#8221;true&#8221; rt_bg_effect=&#8221;classic&#8221; rt_bg_image_repeat=&#8221;repeat&#8221; rt_bg_size=&#8221;cover&#8221; rt_bg_position=&#8221;right top&#8221; rt_bg_attachment=&#8221;scroll&#8221; rt_bg_video_format=&#8221;self-hosted&#8221;][vc_column rt_wrp_col_paddings=&#8221;false&#8221; rt_border_top=&#8221;&#8221; rt_border_bottom=&#8221;&#8221; rt_border_left=&#8221;&#8221; rt_border_right=&#8221;&#8221; rt_border_top_mobile=&#8221;&#8221; rt_border_bottom_mobile=&#8221;&#8221; rt_border_left_mobile=&#8221;&#8221; rt_border_right_mobile=&#8221;&#8221; rt_bg_image_repeat=&#8221;repeat&#8221; rt_bg_size=&#8221;auto auto&#8221; rt_bg_position=&#8221;right top&#8221; rt_bg_attachment=&#8221;scroll&#8221;][vc_column_text]Respons\u00e1vel: Prof. Dr. Jos\u00e9 Abel Hoyos Neto Secretaria: Yvone Aparecida Biason \u2013 yvoneifsc.usp.br Fone: +55 16 3373-9827 O Grupo de F\u00edsica Te\u00f3rica do FCM \u00e9 composto por atuantes nas [&hellip;]","og_url":"https:\/\/www2.ifsc.usp.br\/portal-ifsc\/grupo-de-fisica-teorica-fcm\/","og_site_name":"Portal IFSC","article_modified_time":"2022-08-30T11:43:38+00:00","og_image":[{"url":"https:\/\/www2.ifsc.usp.br\/english\/wp-content\/uploads\/2018\/10\/ar-300x300.png","type":"","width":"","height":""}],"twitter_card":"summary_large_image","twitter_misc":{"Est. tempo de leitura":"2 minutos"},"schema":{"@context":"https:\/\/schema.org","@graph":[{"@type":"WebPage","@id":"https:\/\/www2.ifsc.usp.br\/portal-ifsc\/grupo-de-fisica-teorica-fcm\/","url":"https:\/\/www2.ifsc.usp.br\/portal-ifsc\/grupo-de-fisica-teorica-fcm\/","name":"Grupo de F\u00edsica Te\u00f3rica (GFT-FCM) - Portal IFSC","isPartOf":{"@id":"https:\/\/www2.ifsc.usp.br\/portal-ifsc\/#website"},"primaryImageOfPage":{"@id":"https:\/\/www2.ifsc.usp.br\/portal-ifsc\/grupo-de-fisica-teorica-fcm\/#primaryimage"},"image":{"@id":"https:\/\/www2.ifsc.usp.br\/portal-ifsc\/grupo-de-fisica-teorica-fcm\/#primaryimage"},"thumbnailUrl":"https:\/\/www2.ifsc.usp.br\/english\/wp-content\/uploads\/2018\/10\/ar-300x300.png","datePublished":"2017-03-16T13:52:21+00:00","dateModified":"2022-08-30T11:43:38+00:00","breadcrumb":{"@id":"https:\/\/www2.ifsc.usp.br\/portal-ifsc\/grupo-de-fisica-teorica-fcm\/#breadcrumb"},"inLanguage":"pt-BR","potentialAction":[{"@type":"ReadAction","target":["https:\/\/www2.ifsc.usp.br\/portal-ifsc\/grupo-de-fisica-teorica-fcm\/"]}]},{"@type":"ImageObject","inLanguage":"pt-BR","@id":"https:\/\/www2.ifsc.usp.br\/portal-ifsc\/grupo-de-fisica-teorica-fcm\/#primaryimage","url":"https:\/\/www2.ifsc.usp.br\/english\/wp-content\/uploads\/2018\/10\/ar-300x300.png","contentUrl":"https:\/\/www2.ifsc.usp.br\/english\/wp-content\/uploads\/2018\/10\/ar-300x300.png"},{"@type":"BreadcrumbList","@id":"https:\/\/www2.ifsc.usp.br\/portal-ifsc\/grupo-de-fisica-teorica-fcm\/#breadcrumb","itemListElement":[{"@type":"ListItem","position":1,"name":"In\u00edcio","item":"https:\/\/www2.ifsc.usp.br\/portal-ifsc\/"},{"@type":"ListItem","position":2,"name":"Grupo de F\u00edsica Te\u00f3rica (GFT-FCM)"}]},{"@type":"WebSite","@id":"https:\/\/www2.ifsc.usp.br\/portal-ifsc\/#website","url":"https:\/\/www2.ifsc.usp.br\/portal-ifsc\/","name":"Portal IFSC","description":"Instituto de F\u00edsica de S\u00e3o Carlos","publisher":{"@id":"https:\/\/www2.ifsc.usp.br\/portal-ifsc\/#organization"},"potentialAction":[{"@type":"SearchAction","target":{"@type":"EntryPoint","urlTemplate":"https:\/\/www2.ifsc.usp.br\/portal-ifsc\/?s={search_term_string}"},"query-input":{"@type":"PropertyValueSpecification","valueRequired":true,"valueName":"search_term_string"}}],"inLanguage":"pt-BR"},{"@type":"Organization","@id":"https:\/\/www2.ifsc.usp.br\/portal-ifsc\/#organization","name":"Portal IFSC","url":"https:\/\/www2.ifsc.usp.br\/portal-ifsc\/","logo":{"@type":"ImageObject","inLanguage":"pt-BR","@id":"https:\/\/www2.ifsc.usp.br\/portal-ifsc\/#\/schema\/logo\/image\/","url":"https:\/\/www2.ifsc.usp.br\/portal-ifsc\/wp-content\/uploads\/2017\/03\/logotipo_ifsc_usp_500x862.jpg","contentUrl":"https:\/\/www2.ifsc.usp.br\/portal-ifsc\/wp-content\/uploads\/2017\/03\/logotipo_ifsc_usp_500x862.jpg","width":500,"height":862,"caption":"Portal IFSC"},"image":{"@id":"https:\/\/www2.ifsc.usp.br\/portal-ifsc\/#\/schema\/logo\/image\/"}}]}},"_links":{"self":[{"href":"https:\/\/www2.ifsc.usp.br\/portal-ifsc\/wp-json\/wp\/v2\/pages\/8068","targetHints":{"allow":["GET"]}}],"collection":[{"href":"https:\/\/www2.ifsc.usp.br\/portal-ifsc\/wp-json\/wp\/v2\/pages"}],"about":[{"href":"https:\/\/www2.ifsc.usp.br\/portal-ifsc\/wp-json\/wp\/v2\/types\/page"}],"author":[{"embeddable":true,"href":"https:\/\/www2.ifsc.usp.br\/portal-ifsc\/wp-json\/wp\/v2\/users\/1"}],"replies":[{"embeddable":true,"href":"https:\/\/www2.ifsc.usp.br\/portal-ifsc\/wp-json\/wp\/v2\/comments?post=8068"}],"version-history":[{"count":8,"href":"https:\/\/www2.ifsc.usp.br\/portal-ifsc\/wp-json\/wp\/v2\/pages\/8068\/revisions"}],"predecessor-version":[{"id":48904,"href":"https:\/\/www2.ifsc.usp.br\/portal-ifsc\/wp-json\/wp\/v2\/pages\/8068\/revisions\/48904"}],"wp:attachment":[{"href":"https:\/\/www2.ifsc.usp.br\/portal-ifsc\/wp-json\/wp\/v2\/media?parent=8068"}],"curies":[{"name":"wp","href":"https:\/\/api.w.org\/{rel}","templated":true}]}}