{"id":7932,"date":"2017-03-15T14:54:47","date_gmt":"2017-03-15T17:54:47","guid":{"rendered":"https:\/\/www2.ifsc.usp.br\/portal-ifsc\/?page_id=7932"},"modified":"2026-03-04T15:15:52","modified_gmt":"2026-03-04T18:15:52","slug":"ifsc-em-numeros","status":"publish","type":"page","link":"https:\/\/www2.ifsc.usp.br\/portal-ifsc\/ifsc-em-numeros\/","title":{"rendered":"IFSC em n\u00fameros"},"content":{"rendered":"<p>[vc_row rt_row_background_width=&#8221;default&#8221; rt_row_style=&#8221;default-style&#8221; rt_row_borders=&#8221;&#8221; rt_row_paddings=&#8221;true&#8221; rt_bg_effect=&#8221;classic&#8221; rt_bg_image_repeat=&#8221;repeat&#8221; rt_bg_size=&#8221;cover&#8221; rt_bg_position=&#8221;right top&#8221; rt_bg_attachment=&#8221;scroll&#8221; rt_bg_video_format=&#8221;self-hosted&#8221;][vc_column rt_wrp_col_paddings=&#8221;false&#8221; rt_border_top=&#8221;&#8221; rt_border_bottom=&#8221;&#8221; rt_border_left=&#8221;&#8221; rt_border_right=&#8221;&#8221; rt_border_top_mobile=&#8221;&#8221; rt_border_bottom_mobile=&#8221;&#8221; rt_border_left_mobile=&#8221;&#8221; rt_border_right_mobile=&#8221;&#8221; rt_bg_image_repeat=&#8221;repeat&#8221; rt_bg_size=&#8221;auto auto&#8221; rt_bg_position=&#8221;right top&#8221; rt_bg_attachment=&#8221;scroll&#8221;][vc_column_text]O IFSC em n\u00fameros s\u00e3o indicadores que mostram o crescimento da unidade baseado em diversas caracter\u00edsticas, tais como:<\/p>\n<ul>\n<li>\u00c1rea constru\u00edda;<\/li>\n<li>N\u00famero de docentes, funcion\u00e1rios e alunos;<\/li>\n<li>Produ\u00e7\u00e3o cient\u00edfica;<\/li>\n<li>Conv\u00eanios firmados;<\/li>\n<li>Atividades de cultura e extens\u00e3o;<\/li>\n<li>Dentre alguns outros indicadores.<\/li>\n<\/ul>\n<p>Os folders est\u00e3o dispon\u00edveis nos links abaixo, cada um referente ao ano de sua publica\u00e7\u00e3o.[\/vc_column_text][\/vc_column][\/vc_row][vc_row rt_row_background_width=&#8221;default&#8221; rt_row_style=&#8221;default-style&#8221; rt_row_borders=&#8221;&#8221; rt_row_paddings=&#8221;true&#8221; rt_bg_effect=&#8221;classic&#8221; rt_bg_image_repeat=&#8221;repeat&#8221; rt_bg_size=&#8221;cover&#8221; rt_bg_position=&#8221;right top&#8221; rt_bg_attachment=&#8221;scroll&#8221; rt_bg_video_format=&#8221;self-hosted&#8221;][vc_column rt_wrp_col_paddings=&#8221;false&#8221; rt_border_top=&#8221;&#8221; rt_border_bottom=&#8221;&#8221; rt_border_left=&#8221;&#8221; rt_border_right=&#8221;&#8221; rt_border_top_mobile=&#8221;&#8221; rt_border_bottom_mobile=&#8221;&#8221; rt_border_left_mobile=&#8221;&#8221; rt_border_right_mobile=&#8221;&#8221; rt_bg_image_repeat=&#8221;repeat&#8221; rt_bg_size=&#8221;auto auto&#8221; rt_bg_position=&#8221;right top&#8221; rt_bg_attachment=&#8221;scroll&#8221;]<div id=\"\" class=\"pricing_table  \" data-rt-animation-group=\"group\"><div id=\"\" class=\"table_wrap features \" data-rt-animate=\"animate\" data-rt-animation-type=\"fadeInDown\"><ul><li class=\"caption empty\"><\/li><li class=\"price empty\"><\/li><p style=\"text-align: center;\"><a href=\"https:\/\/www2.ifsc.usp.br\/portal-ifsc\/wp-content\/uploads\/2026\/03\/IFSC-numeros-2025.pdf\" target=\"_blank\" rel=\"noopener\">2025<\/a><\/p>\n<\/div><div id=\"\" class=\"table_wrap features \" data-rt-animate=\"animate\" data-rt-animation-type=\"fadeInDown\"><ul><li class=\"caption empty\"><\/li><li class=\"price empty\"><\/li><p style=\"text-align: center;\"><a href=\"https:\/\/www2.ifsc.usp.br\/portal-ifsc\/wp-content\/uploads\/2025\/03\/IFSC-numeros-2024.pdf\" target=\"_blank\" rel=\"noopener\">2024<\/a><\/p>\n<\/div><div id=\"\" class=\"table_wrap features \" data-rt-animate=\"animate\" data-rt-animation-type=\"fadeInDown\"><ul><li class=\"caption empty\"><\/li><li class=\"price empty\"><\/li><p style=\"text-align: center;\"><a href=\"https:\/\/www2.ifsc.usp.br\/portal-ifsc\/wp-content\/uploads\/2024\/02\/IFSC-em-numeros-2023.pdf\" target=\"_blank\" rel=\"noopener\">2023<\/a><\/p>\n<\/div><div id=\"\" class=\"table_wrap features \" data-rt-animate=\"animate\" data-rt-animation-type=\"fadeInDown\"><ul><li class=\"caption empty\"><\/li><li class=\"price empty\"><\/li><p style=\"text-align: center;\"><a href=\"https:\/\/www2.ifsc.usp.br\/portal-ifsc\/wp-content\/uploads\/2023\/03\/IFSC-em-Numeros-Indicadores-2022.pdf\" target=\"_blank\" rel=\"noopener\">2022<\/a><\/p>\n<\/div><div id=\"\" class=\"table_wrap features \" data-rt-animate=\"animate\" data-rt-animation-type=\"fadeInDown\"><ul><li class=\"caption empty\"><\/li><li class=\"price empty\"><\/li><p style=\"text-align: center;\"><a href=\"https:\/\/www2.ifsc.usp.br\/portal-ifsc\/wp-content\/uploads\/2022\/01\/IFSC-em-Numeros-Indicadores-2021.pdf\">2021<\/a><\/p>\n<\/div><div id=\"\" class=\"table_wrap features \" data-rt-animate=\"animate\" data-rt-animation-type=\"fadeInDown\"><ul><li class=\"caption empty\"><\/li><li class=\"price empty\"><\/li><p style=\"text-align: center;\"><a href=\"https:\/\/www2.ifsc.usp.br\/portal-ifsc\/wp-content\/uploads\/2021\/05\/Indicadores-IFSC-2020.pdf\" target=\"_blank\" rel=\"noopener\">2020<\/a><\/p>\n<\/div><div id=\"\" class=\"table_wrap features \" data-rt-animate=\"animate\" data-rt-animation-type=\"fadeInDown\"><ul><li class=\"caption empty\"><\/li><li class=\"price empty\"><\/li><p style=\"text-align: center;\"><a href=\"https:\/\/www2.ifsc.usp.br\/portal-ifsc\/wp-content\/uploads\/2021\/05\/Indicadores-IFSC-2019.pdf\" target=\"_blank\" rel=\"noopener\">2019<\/a><\/p>\n<\/div><div id=\"\" class=\"table_wrap features \" data-rt-animate=\"animate\" data-rt-animation-type=\"fadeInDown\"><ul><li class=\"caption empty\"><\/li><li class=\"price empty\"><\/li><p style=\"text-align: center;\"><a href=\"https:\/\/www2.ifsc.usp.br\/portal-ifsc\/wp-content\/uploads\/2021\/05\/Indicadores-IFSC-2018.pdf\" target=\"_blank\" rel=\"noopener\">2018<\/a><\/p>\n<\/div><div id=\"\" class=\"table_wrap features \" data-rt-animate=\"animate\" data-rt-animation-type=\"fadeInDown\"><ul><li class=\"caption empty\"><\/li><li class=\"price empty\"><\/li><p style=\"text-align: center;\"><a href=\"https:\/\/www2.ifsc.usp.br\/portal-ifsc\/wp-content\/uploads\/2021\/05\/Indicadores-IFSC-2017.pdf\" target=\"_blank\" rel=\"noopener\">2017<\/a><\/p>\n<\/div><div id=\"\" class=\"table_wrap features \" data-rt-animate=\"animate\" data-rt-animation-type=\"fadeInDown\"><ul><li class=\"caption empty\"><\/li><li class=\"price empty\"><\/li><p style=\"text-align: center;\"><a href=\"https:\/\/www2.ifsc.usp.br\/portal-ifsc\/wp-content\/uploads\/2021\/05\/Indicadores-IFSC-2016.pdf\" target=\"_blank\" rel=\"noopener\">2016<\/a><\/p>\n<\/div><div id=\"\" class=\"table_wrap features \" data-rt-animate=\"animate\" data-rt-animation-type=\"fadeInDown\"><ul><li class=\"caption empty\"><\/li><li class=\"price empty\"><\/li><p style=\"text-align: center;\"><a href=\"https:\/\/www2.ifsc.usp.br\/portal-ifsc\/wp-content\/uploads\/2017\/03\/Indicadores-2015.pdf\" target=\"_blank\" rel=\"noopener\">2015<\/a><\/p>\n<\/div><div id=\"\" class=\"table_wrap features \" data-rt-animate=\"animate\" data-rt-animation-type=\"fadeInDown\"><ul><li class=\"caption empty\"><\/li><li class=\"price empty\"><\/li><p style=\"text-align: center;\"><a href=\"https:\/\/www2.ifsc.usp.br\/portal-ifsc\/wp-content\/uploads\/2017\/03\/Indicadores-2014.pdf\" target=\"_blank\" rel=\"noopener\">2014<\/a><\/p>\n<\/div><div id=\"\" class=\"table_wrap features \" data-rt-animate=\"animate\" data-rt-animation-type=\"fadeInDown\"><ul><li class=\"caption empty\"><\/li><li class=\"price empty\"><\/li><p style=\"text-align: center;\"><a href=\"https:\/\/www2.ifsc.usp.br\/portal-ifsc\/wp-content\/uploads\/2017\/03\/Indicadores-2013.pdf\" target=\"_blank\" rel=\"noopener\">2013<\/a><\/p>\n<\/div><div id=\"\" class=\"table_wrap features \" data-rt-animate=\"animate\" data-rt-animation-type=\"fadeInDown\"><ul><li class=\"caption empty\"><\/li><li class=\"price empty\"><\/li><p style=\"text-align: center;\"><a href=\"https:\/\/www2.ifsc.usp.br\/portal-ifsc\/wp-content\/uploads\/2017\/03\/Indicadores-2012.pdf\" target=\"_blank\" rel=\"noopener\">2012<\/a><\/p>\n<\/div><div id=\"\" class=\"table_wrap features \" data-rt-animate=\"animate\" data-rt-animation-type=\"fadeInDown\"><ul><li class=\"caption empty\"><\/li><li class=\"price empty\"><\/li><p style=\"text-align: center;\"><a href=\"https:\/\/www2.ifsc.usp.br\/portal-ifsc\/wp-content\/uploads\/2017\/03\/Indicadores-2011.pdf\" target=\"_blank\" rel=\"noopener\">2011<\/a><\/p>\n<\/div><div id=\"\" class=\"table_wrap features \" data-rt-animate=\"animate\" data-rt-animation-type=\"fadeInDown\"><ul><li class=\"caption empty\"><\/li><li class=\"price empty\"><\/li><p style=\"text-align: center;\"><a href=\"https:\/\/www2.ifsc.usp.br\/portal-ifsc\/wp-content\/uploads\/2017\/03\/Indicadores-2010.pdf\" target=\"_blank\" rel=\"noopener\">2010<\/a><\/p>\n<\/div><div id=\"\" class=\"table_wrap features \" data-rt-animate=\"animate\" data-rt-animation-type=\"fadeInDown\"><ul><li class=\"caption empty\"><\/li><li class=\"price empty\"><\/li><p style=\"text-align: center;\"><a href=\"https:\/\/www2.ifsc.usp.br\/portal-ifsc\/wp-content\/uploads\/2017\/03\/Indicadores-2009.pdf\" target=\"_blank\" rel=\"noopener\">2009<\/a><\/p>\n<\/div><div id=\"\" class=\"table_wrap features \" data-rt-animate=\"animate\" data-rt-animation-type=\"fadeInDown\"><ul><li class=\"caption empty\"><\/li><li class=\"price empty\"><\/li><p style=\"text-align: center;\"><a href=\"https:\/\/www2.ifsc.usp.br\/portal-ifsc\/wp-content\/uploads\/2017\/03\/Indicadores-2007.pdf\" target=\"_blank\" rel=\"noopener\">2007<\/a><\/p>\n<\/div><div id=\"\" class=\"table_wrap features \" data-rt-animate=\"animate\" data-rt-animation-type=\"fadeInDown\"><ul><li class=\"caption empty\"><\/li><li class=\"price empty\"><\/li><p style=\"text-align: center;\"><a href=\"https:\/\/www2.ifsc.usp.br\/portal-ifsc\/wp-content\/uploads\/2017\/03\/Indicadores-2005.pdf\" target=\"_blank\" rel=\"noopener\">2005<\/a><\/p>\n<\/div><div id=\"\" class=\"table_wrap features \" data-rt-animate=\"animate\" data-rt-animation-type=\"fadeInDown\"><ul><li class=\"caption empty\"><\/li><li class=\"price empty\"><\/li><p style=\"text-align: center;\"><a href=\"https:\/\/www2.ifsc.usp.br\/portal-ifsc\/wp-content\/uploads\/2017\/03\/Indicadores-2003.pdf\" target=\"_blank\" rel=\"noopener\">2003<\/a><\/p>\n<\/div><\/div>[\/vc_column][\/vc_row]<\/p>\n","protected":false},"excerpt":{"rendered":"<p>[vc_row rt_row_background_width=&#8221;default&#8221; rt_row_style=&#8221;default-style&#8221; rt_row_borders=&#8221;&#8221; rt_row_paddings=&#8221;true&#8221; rt_bg_effect=&#8221;classic&#8221; rt_bg_image_repeat=&#8221;repeat&#8221; rt_bg_size=&#8221;cover&#8221; rt_bg_position=&#8221;right top&#8221; rt_bg_attachment=&#8221;scroll&#8221; rt_bg_video_format=&#8221;self-hosted&#8221;][vc_column rt_wrp_col_paddings=&#8221;false&#8221; rt_border_top=&#8221;&#8221; rt_border_bottom=&#8221;&#8221; rt_border_left=&#8221;&#8221; rt_border_right=&#8221;&#8221; rt_border_top_mobile=&#8221;&#8221; rt_border_bottom_mobile=&#8221;&#8221; rt_border_left_mobile=&#8221;&#8221; rt_border_right_mobile=&#8221;&#8221; rt_bg_image_repeat=&#8221;repeat&#8221; rt_bg_size=&#8221;auto auto&#8221; rt_bg_position=&#8221;right top&#8221; rt_bg_attachment=&#8221;scroll&#8221;][vc_column_text]O IFSC em n\u00fameros s\u00e3o indicadores que mostram o crescimento da unidade baseado em diversas caracter\u00edsticas, tais como: \u00c1rea constru\u00edda; N\u00famero de docentes, funcion\u00e1rios e alunos; Produ\u00e7\u00e3o cient\u00edfica; Conv\u00eanios [&hellip;]<\/p>\n","protected":false},"author":1,"featured_media":0,"parent":0,"menu_order":0,"comment_status":"closed","ping_status":"closed","template":"","meta":{"_acf_changed":false,"footnotes":""},"class_list":["post-7932","page","type-page","status-publish","hentry"],"acf":[],"yoast_head":"<!-- This site is optimized with the Yoast SEO plugin v27.2 - https:\/\/yoast.com\/product\/yoast-seo-wordpress\/ -->\n<title>IFSC em n\u00fameros - Portal IFSC<\/title>\n<meta name=\"robots\" content=\"index, follow, max-snippet:-1, max-image-preview:large, max-video-preview:-1\" \/>\n<link rel=\"canonical\" href=\"https:\/\/www2.ifsc.usp.br\/portal-ifsc\/ifsc-em-numeros\/\" \/>\n<meta property=\"og:locale\" content=\"pt_BR\" \/>\n<meta property=\"og:type\" content=\"article\" \/>\n<meta property=\"og:title\" content=\"IFSC em n\u00fameros - Portal IFSC\" \/>\n<meta property=\"og:description\" content=\"[vc_row rt_row_background_width=&#8221;default&#8221; rt_row_style=&#8221;default-style&#8221; rt_row_borders=&#8221;&#8221; rt_row_paddings=&#8221;true&#8221; rt_bg_effect=&#8221;classic&#8221; rt_bg_image_repeat=&#8221;repeat&#8221; rt_bg_size=&#8221;cover&#8221; rt_bg_position=&#8221;right top&#8221; rt_bg_attachment=&#8221;scroll&#8221; rt_bg_video_format=&#8221;self-hosted&#8221;][vc_column rt_wrp_col_paddings=&#8221;false&#8221; rt_border_top=&#8221;&#8221; rt_border_bottom=&#8221;&#8221; rt_border_left=&#8221;&#8221; rt_border_right=&#8221;&#8221; rt_border_top_mobile=&#8221;&#8221; rt_border_bottom_mobile=&#8221;&#8221; rt_border_left_mobile=&#8221;&#8221; rt_border_right_mobile=&#8221;&#8221; rt_bg_image_repeat=&#8221;repeat&#8221; rt_bg_size=&#8221;auto auto&#8221; rt_bg_position=&#8221;right top&#8221; rt_bg_attachment=&#8221;scroll&#8221;][vc_column_text]O IFSC em n\u00fameros s\u00e3o indicadores que mostram o crescimento da unidade baseado em diversas caracter\u00edsticas, tais como: \u00c1rea constru\u00edda; N\u00famero de docentes, funcion\u00e1rios e alunos; Produ\u00e7\u00e3o cient\u00edfica; Conv\u00eanios [&hellip;]\" \/>\n<meta property=\"og:url\" content=\"https:\/\/www2.ifsc.usp.br\/portal-ifsc\/ifsc-em-numeros\/\" \/>\n<meta property=\"og:site_name\" content=\"Portal IFSC\" \/>\n<meta property=\"article:modified_time\" content=\"2026-03-04T18:15:52+00:00\" \/>\n<meta name=\"twitter:card\" content=\"summary_large_image\" \/>\n<meta name=\"twitter:label1\" content=\"Est. tempo de leitura\" \/>\n\t<meta name=\"twitter:data1\" content=\"1 minuto\" \/>\n<script type=\"application\/ld+json\" class=\"yoast-schema-graph\">{\"@context\":\"https:\/\/schema.org\",\"@graph\":[{\"@type\":\"WebPage\",\"@id\":\"https:\/\/www2.ifsc.usp.br\/portal-ifsc\/ifsc-em-numeros\/\",\"url\":\"https:\/\/www2.ifsc.usp.br\/portal-ifsc\/ifsc-em-numeros\/\",\"name\":\"IFSC em n\u00fameros - Portal IFSC\",\"isPartOf\":{\"@id\":\"https:\/\/www2.ifsc.usp.br\/portal-ifsc\/#website\"},\"datePublished\":\"2017-03-15T17:54:47+00:00\",\"dateModified\":\"2026-03-04T18:15:52+00:00\",\"breadcrumb\":{\"@id\":\"https:\/\/www2.ifsc.usp.br\/portal-ifsc\/ifsc-em-numeros\/#breadcrumb\"},\"inLanguage\":\"pt-BR\",\"potentialAction\":[{\"@type\":\"ReadAction\",\"target\":[\"https:\/\/www2.ifsc.usp.br\/portal-ifsc\/ifsc-em-numeros\/\"]}]},{\"@type\":\"BreadcrumbList\",\"@id\":\"https:\/\/www2.ifsc.usp.br\/portal-ifsc\/ifsc-em-numeros\/#breadcrumb\",\"itemListElement\":[{\"@type\":\"ListItem\",\"position\":1,\"name\":\"In\u00edcio\",\"item\":\"https:\/\/www2.ifsc.usp.br\/portal-ifsc\/\"},{\"@type\":\"ListItem\",\"position\":2,\"name\":\"IFSC em n\u00fameros\"}]},{\"@type\":\"WebSite\",\"@id\":\"https:\/\/www2.ifsc.usp.br\/portal-ifsc\/#website\",\"url\":\"https:\/\/www2.ifsc.usp.br\/portal-ifsc\/\",\"name\":\"Portal IFSC\",\"description\":\"Instituto de F\u00edsica de S\u00e3o Carlos\",\"publisher\":{\"@id\":\"https:\/\/www2.ifsc.usp.br\/portal-ifsc\/#organization\"},\"potentialAction\":[{\"@type\":\"SearchAction\",\"target\":{\"@type\":\"EntryPoint\",\"urlTemplate\":\"https:\/\/www2.ifsc.usp.br\/portal-ifsc\/?s={search_term_string}\"},\"query-input\":{\"@type\":\"PropertyValueSpecification\",\"valueRequired\":true,\"valueName\":\"search_term_string\"}}],\"inLanguage\":\"pt-BR\"},{\"@type\":\"Organization\",\"@id\":\"https:\/\/www2.ifsc.usp.br\/portal-ifsc\/#organization\",\"name\":\"Portal IFSC\",\"url\":\"https:\/\/www2.ifsc.usp.br\/portal-ifsc\/\",\"logo\":{\"@type\":\"ImageObject\",\"inLanguage\":\"pt-BR\",\"@id\":\"https:\/\/www2.ifsc.usp.br\/portal-ifsc\/#\/schema\/logo\/image\/\",\"url\":\"https:\/\/www2.ifsc.usp.br\/portal-ifsc\/wp-content\/uploads\/2017\/03\/logotipo_ifsc_usp_500x862.jpg\",\"contentUrl\":\"https:\/\/www2.ifsc.usp.br\/portal-ifsc\/wp-content\/uploads\/2017\/03\/logotipo_ifsc_usp_500x862.jpg\",\"width\":500,\"height\":862,\"caption\":\"Portal IFSC\"},\"image\":{\"@id\":\"https:\/\/www2.ifsc.usp.br\/portal-ifsc\/#\/schema\/logo\/image\/\"}}]}<\/script>\n<!-- \/ Yoast SEO plugin. -->","yoast_head_json":{"title":"IFSC em n\u00fameros - Portal IFSC","robots":{"index":"index","follow":"follow","max-snippet":"max-snippet:-1","max-image-preview":"max-image-preview:large","max-video-preview":"max-video-preview:-1"},"canonical":"https:\/\/www2.ifsc.usp.br\/portal-ifsc\/ifsc-em-numeros\/","og_locale":"pt_BR","og_type":"article","og_title":"IFSC em n\u00fameros - Portal IFSC","og_description":"[vc_row rt_row_background_width=&#8221;default&#8221; rt_row_style=&#8221;default-style&#8221; rt_row_borders=&#8221;&#8221; rt_row_paddings=&#8221;true&#8221; rt_bg_effect=&#8221;classic&#8221; rt_bg_image_repeat=&#8221;repeat&#8221; rt_bg_size=&#8221;cover&#8221; rt_bg_position=&#8221;right top&#8221; rt_bg_attachment=&#8221;scroll&#8221; rt_bg_video_format=&#8221;self-hosted&#8221;][vc_column rt_wrp_col_paddings=&#8221;false&#8221; rt_border_top=&#8221;&#8221; rt_border_bottom=&#8221;&#8221; rt_border_left=&#8221;&#8221; rt_border_right=&#8221;&#8221; rt_border_top_mobile=&#8221;&#8221; rt_border_bottom_mobile=&#8221;&#8221; rt_border_left_mobile=&#8221;&#8221; rt_border_right_mobile=&#8221;&#8221; rt_bg_image_repeat=&#8221;repeat&#8221; rt_bg_size=&#8221;auto auto&#8221; rt_bg_position=&#8221;right top&#8221; rt_bg_attachment=&#8221;scroll&#8221;][vc_column_text]O IFSC em n\u00fameros s\u00e3o indicadores que mostram o crescimento da unidade baseado em diversas caracter\u00edsticas, tais como: \u00c1rea constru\u00edda; N\u00famero de docentes, funcion\u00e1rios e alunos; Produ\u00e7\u00e3o cient\u00edfica; Conv\u00eanios [&hellip;]","og_url":"https:\/\/www2.ifsc.usp.br\/portal-ifsc\/ifsc-em-numeros\/","og_site_name":"Portal IFSC","article_modified_time":"2026-03-04T18:15:52+00:00","twitter_card":"summary_large_image","twitter_misc":{"Est. tempo de leitura":"1 minuto"},"schema":{"@context":"https:\/\/schema.org","@graph":[{"@type":"WebPage","@id":"https:\/\/www2.ifsc.usp.br\/portal-ifsc\/ifsc-em-numeros\/","url":"https:\/\/www2.ifsc.usp.br\/portal-ifsc\/ifsc-em-numeros\/","name":"IFSC em n\u00fameros - Portal IFSC","isPartOf":{"@id":"https:\/\/www2.ifsc.usp.br\/portal-ifsc\/#website"},"datePublished":"2017-03-15T17:54:47+00:00","dateModified":"2026-03-04T18:15:52+00:00","breadcrumb":{"@id":"https:\/\/www2.ifsc.usp.br\/portal-ifsc\/ifsc-em-numeros\/#breadcrumb"},"inLanguage":"pt-BR","potentialAction":[{"@type":"ReadAction","target":["https:\/\/www2.ifsc.usp.br\/portal-ifsc\/ifsc-em-numeros\/"]}]},{"@type":"BreadcrumbList","@id":"https:\/\/www2.ifsc.usp.br\/portal-ifsc\/ifsc-em-numeros\/#breadcrumb","itemListElement":[{"@type":"ListItem","position":1,"name":"In\u00edcio","item":"https:\/\/www2.ifsc.usp.br\/portal-ifsc\/"},{"@type":"ListItem","position":2,"name":"IFSC em n\u00fameros"}]},{"@type":"WebSite","@id":"https:\/\/www2.ifsc.usp.br\/portal-ifsc\/#website","url":"https:\/\/www2.ifsc.usp.br\/portal-ifsc\/","name":"Portal IFSC","description":"Instituto de F\u00edsica de S\u00e3o Carlos","publisher":{"@id":"https:\/\/www2.ifsc.usp.br\/portal-ifsc\/#organization"},"potentialAction":[{"@type":"SearchAction","target":{"@type":"EntryPoint","urlTemplate":"https:\/\/www2.ifsc.usp.br\/portal-ifsc\/?s={search_term_string}"},"query-input":{"@type":"PropertyValueSpecification","valueRequired":true,"valueName":"search_term_string"}}],"inLanguage":"pt-BR"},{"@type":"Organization","@id":"https:\/\/www2.ifsc.usp.br\/portal-ifsc\/#organization","name":"Portal IFSC","url":"https:\/\/www2.ifsc.usp.br\/portal-ifsc\/","logo":{"@type":"ImageObject","inLanguage":"pt-BR","@id":"https:\/\/www2.ifsc.usp.br\/portal-ifsc\/#\/schema\/logo\/image\/","url":"https:\/\/www2.ifsc.usp.br\/portal-ifsc\/wp-content\/uploads\/2017\/03\/logotipo_ifsc_usp_500x862.jpg","contentUrl":"https:\/\/www2.ifsc.usp.br\/portal-ifsc\/wp-content\/uploads\/2017\/03\/logotipo_ifsc_usp_500x862.jpg","width":500,"height":862,"caption":"Portal IFSC"},"image":{"@id":"https:\/\/www2.ifsc.usp.br\/portal-ifsc\/#\/schema\/logo\/image\/"}}]}},"_links":{"self":[{"href":"https:\/\/www2.ifsc.usp.br\/portal-ifsc\/wp-json\/wp\/v2\/pages\/7932","targetHints":{"allow":["GET"]}}],"collection":[{"href":"https:\/\/www2.ifsc.usp.br\/portal-ifsc\/wp-json\/wp\/v2\/pages"}],"about":[{"href":"https:\/\/www2.ifsc.usp.br\/portal-ifsc\/wp-json\/wp\/v2\/types\/page"}],"author":[{"embeddable":true,"href":"https:\/\/www2.ifsc.usp.br\/portal-ifsc\/wp-json\/wp\/v2\/users\/1"}],"replies":[{"embeddable":true,"href":"https:\/\/www2.ifsc.usp.br\/portal-ifsc\/wp-json\/wp\/v2\/comments?post=7932"}],"version-history":[{"count":14,"href":"https:\/\/www2.ifsc.usp.br\/portal-ifsc\/wp-json\/wp\/v2\/pages\/7932\/revisions"}],"predecessor-version":[{"id":59276,"href":"https:\/\/www2.ifsc.usp.br\/portal-ifsc\/wp-json\/wp\/v2\/pages\/7932\/revisions\/59276"}],"wp:attachment":[{"href":"https:\/\/www2.ifsc.usp.br\/portal-ifsc\/wp-json\/wp\/v2\/media?parent=7932"}],"curies":[{"name":"wp","href":"https:\/\/api.w.org\/{rel}","templated":true}]}}