{"id":55010,"date":"2024-08-01T10:27:25","date_gmt":"2024-08-01T13:27:25","guid":{"rendered":"https:\/\/www2.ifsc.usp.br\/portal-ifsc\/?page_id=55010"},"modified":"2024-08-01T10:35:42","modified_gmt":"2024-08-01T13:35:42","slug":"aviso-de-contratacao-direta-no-8-2024","status":"publish","type":"page","link":"https:\/\/www2.ifsc.usp.br\/portal-ifsc\/aviso-de-contratacao-direta-no-8-2024\/","title":{"rendered":"AVISO DE CONTRATA\u00c7\u00c3O DIRETA N\u00ba 8\/2024"},"content":{"rendered":"<p>AVISO DE CONTRATA\u00c7\u00c3O DIRETA N\u00ba. 8\/2024<br \/>\nUASG n\u00ba 102160 &#8211; IFSC\/USP<\/p>\n<p>Processo SEI n\u00ba 154.00003990\/2024-88<br \/>\nPNCP n\u00ba 63025530000104-1-001028\/2024<\/p>\n<p><strong>OBJETO: <\/strong>Aquisi\u00e7\u00e3o de baterias para nobreaks, nos termos do inciso II do caput do art. 75 da Lei federal n\u00ba 14.133\/2021<\/p>\n<p><strong>VALOR TOTAL DA CONTRATA\u00c7\u00c3O<\/strong>: Estimativa de pre\u00e7os realizada concomitantemente \u00e0 sele\u00e7\u00e3o da proposta economicamente mais vantajosa.<\/p>\n<p><strong>DATA DA SESS\u00c3O:<\/strong> Dia 06\/08\/2024<br \/>\n<strong>HOR\u00c1RIO DA FASE DE LANCES:<\/strong> Das 08h00 \u00e0s 15h00<\/p>\n<p><strong>PREFER\u00caNCIA ME\/EPP\/EQUIPARADAS:<\/strong> SIM<br \/>\n<strong>Crit\u00e9rio de Julgamento:<\/strong> menor pre\u00e7o por item<\/p>\n<p>Link: <a href=\"https:\/\/www.gov.br\/compras\/pt-br\" target=\"_blank\" rel=\"noopener\">https:\/\/www.gov.br\/compras\/pt-br<\/a><\/p>\n<p><strong>Documentos:<\/strong><\/p>\n<ul>\n<li><a href=\"https:\/\/www2.ifsc.usp.br\/portal-ifsc\/wp-content\/uploads\/2024\/08\/09.-AVISO-CONTRATACAO-DIRETA-USP-BENS-E-SERVICOS.pdf\">AVISO CONTRATA\u00c7\u00c3O DIRETA USP NR 08\/2024- BENS E SERVI\u00c7OS<\/a><\/li>\n<\/ul>\n","protected":false},"excerpt":{"rendered":"<p>AVISO DE CONTRATA\u00c7\u00c3O DIRETA N\u00ba. 8\/2024 UASG n\u00ba 102160 &#8211; IFSC\/USP Processo SEI n\u00ba 154.00003990\/2024-88 PNCP n\u00ba 63025530000104-1-001028\/2024 OBJETO: Aquisi\u00e7\u00e3o de baterias para nobreaks, nos termos do inciso II do caput do art. 75 da Lei federal n\u00ba 14.133\/2021 VALOR TOTAL DA CONTRATA\u00c7\u00c3O: Estimativa de pre\u00e7os realizada concomitantemente \u00e0 sele\u00e7\u00e3o da proposta economicamente mais vantajosa. [&hellip;]<\/p>\n","protected":false},"author":2,"featured_media":0,"parent":0,"menu_order":0,"comment_status":"closed","ping_status":"closed","template":"","meta":{"_acf_changed":false,"footnotes":""},"class_list":["post-55010","page","type-page","status-publish","hentry"],"acf":[],"yoast_head":"<!-- This site is optimized with the Yoast SEO plugin v27.2 - https:\/\/yoast.com\/product\/yoast-seo-wordpress\/ -->\n<title>AVISO DE CONTRATA\u00c7\u00c3O DIRETA N\u00ba 8\/2024 - Portal IFSC<\/title>\n<meta name=\"robots\" content=\"index, follow, max-snippet:-1, max-image-preview:large, max-video-preview:-1\" \/>\n<link rel=\"canonical\" href=\"https:\/\/www2.ifsc.usp.br\/portal-ifsc\/aviso-de-contratacao-direta-no-8-2024\/\" \/>\n<meta property=\"og:locale\" content=\"pt_BR\" \/>\n<meta property=\"og:type\" content=\"article\" \/>\n<meta property=\"og:title\" content=\"AVISO DE CONTRATA\u00c7\u00c3O DIRETA N\u00ba 8\/2024 - Portal IFSC\" \/>\n<meta property=\"og:description\" content=\"AVISO DE CONTRATA\u00c7\u00c3O DIRETA N\u00ba. 8\/2024 UASG n\u00ba 102160 &#8211; IFSC\/USP Processo SEI n\u00ba 154.00003990\/2024-88 PNCP n\u00ba 63025530000104-1-001028\/2024 OBJETO: Aquisi\u00e7\u00e3o de baterias para nobreaks, nos termos do inciso II do caput do art. 75 da Lei federal n\u00ba 14.133\/2021 VALOR TOTAL DA CONTRATA\u00c7\u00c3O: Estimativa de pre\u00e7os realizada concomitantemente \u00e0 sele\u00e7\u00e3o da proposta economicamente mais vantajosa. [&hellip;]\" \/>\n<meta property=\"og:url\" content=\"https:\/\/www2.ifsc.usp.br\/portal-ifsc\/aviso-de-contratacao-direta-no-8-2024\/\" \/>\n<meta property=\"og:site_name\" content=\"Portal IFSC\" \/>\n<meta property=\"article:modified_time\" content=\"2024-08-01T13:35:42+00:00\" \/>\n<meta name=\"twitter:card\" content=\"summary_large_image\" \/>\n<meta name=\"twitter:label1\" content=\"Est. tempo de leitura\" \/>\n\t<meta name=\"twitter:data1\" content=\"1 minuto\" \/>\n<script type=\"application\/ld+json\" class=\"yoast-schema-graph\">{\"@context\":\"https:\/\/schema.org\",\"@graph\":[{\"@type\":\"WebPage\",\"@id\":\"https:\/\/www2.ifsc.usp.br\/portal-ifsc\/aviso-de-contratacao-direta-no-8-2024\/\",\"url\":\"https:\/\/www2.ifsc.usp.br\/portal-ifsc\/aviso-de-contratacao-direta-no-8-2024\/\",\"name\":\"AVISO DE CONTRATA\u00c7\u00c3O DIRETA N\u00ba 8\/2024 - Portal IFSC\",\"isPartOf\":{\"@id\":\"https:\/\/www2.ifsc.usp.br\/portal-ifsc\/#website\"},\"datePublished\":\"2024-08-01T13:27:25+00:00\",\"dateModified\":\"2024-08-01T13:35:42+00:00\",\"breadcrumb\":{\"@id\":\"https:\/\/www2.ifsc.usp.br\/portal-ifsc\/aviso-de-contratacao-direta-no-8-2024\/#breadcrumb\"},\"inLanguage\":\"pt-BR\",\"potentialAction\":[{\"@type\":\"ReadAction\",\"target\":[\"https:\/\/www2.ifsc.usp.br\/portal-ifsc\/aviso-de-contratacao-direta-no-8-2024\/\"]}]},{\"@type\":\"BreadcrumbList\",\"@id\":\"https:\/\/www2.ifsc.usp.br\/portal-ifsc\/aviso-de-contratacao-direta-no-8-2024\/#breadcrumb\",\"itemListElement\":[{\"@type\":\"ListItem\",\"position\":1,\"name\":\"In\u00edcio\",\"item\":\"https:\/\/www2.ifsc.usp.br\/portal-ifsc\/\"},{\"@type\":\"ListItem\",\"position\":2,\"name\":\"AVISO DE CONTRATA\u00c7\u00c3O DIRETA N\u00ba 8\/2024\"}]},{\"@type\":\"WebSite\",\"@id\":\"https:\/\/www2.ifsc.usp.br\/portal-ifsc\/#website\",\"url\":\"https:\/\/www2.ifsc.usp.br\/portal-ifsc\/\",\"name\":\"Portal IFSC\",\"description\":\"Instituto de F\u00edsica de S\u00e3o Carlos\",\"publisher\":{\"@id\":\"https:\/\/www2.ifsc.usp.br\/portal-ifsc\/#organization\"},\"potentialAction\":[{\"@type\":\"SearchAction\",\"target\":{\"@type\":\"EntryPoint\",\"urlTemplate\":\"https:\/\/www2.ifsc.usp.br\/portal-ifsc\/?s={search_term_string}\"},\"query-input\":{\"@type\":\"PropertyValueSpecification\",\"valueRequired\":true,\"valueName\":\"search_term_string\"}}],\"inLanguage\":\"pt-BR\"},{\"@type\":\"Organization\",\"@id\":\"https:\/\/www2.ifsc.usp.br\/portal-ifsc\/#organization\",\"name\":\"Portal IFSC\",\"url\":\"https:\/\/www2.ifsc.usp.br\/portal-ifsc\/\",\"logo\":{\"@type\":\"ImageObject\",\"inLanguage\":\"pt-BR\",\"@id\":\"https:\/\/www2.ifsc.usp.br\/portal-ifsc\/#\/schema\/logo\/image\/\",\"url\":\"https:\/\/www2.ifsc.usp.br\/portal-ifsc\/wp-content\/uploads\/2017\/03\/logotipo_ifsc_usp_500x862.jpg\",\"contentUrl\":\"https:\/\/www2.ifsc.usp.br\/portal-ifsc\/wp-content\/uploads\/2017\/03\/logotipo_ifsc_usp_500x862.jpg\",\"width\":500,\"height\":862,\"caption\":\"Portal IFSC\"},\"image\":{\"@id\":\"https:\/\/www2.ifsc.usp.br\/portal-ifsc\/#\/schema\/logo\/image\/\"}}]}<\/script>\n<!-- \/ Yoast SEO plugin. -->","yoast_head_json":{"title":"AVISO DE CONTRATA\u00c7\u00c3O DIRETA N\u00ba 8\/2024 - Portal IFSC","robots":{"index":"index","follow":"follow","max-snippet":"max-snippet:-1","max-image-preview":"max-image-preview:large","max-video-preview":"max-video-preview:-1"},"canonical":"https:\/\/www2.ifsc.usp.br\/portal-ifsc\/aviso-de-contratacao-direta-no-8-2024\/","og_locale":"pt_BR","og_type":"article","og_title":"AVISO DE CONTRATA\u00c7\u00c3O DIRETA N\u00ba 8\/2024 - Portal IFSC","og_description":"AVISO DE CONTRATA\u00c7\u00c3O DIRETA N\u00ba. 8\/2024 UASG n\u00ba 102160 &#8211; IFSC\/USP Processo SEI n\u00ba 154.00003990\/2024-88 PNCP n\u00ba 63025530000104-1-001028\/2024 OBJETO: Aquisi\u00e7\u00e3o de baterias para nobreaks, nos termos do inciso II do caput do art. 75 da Lei federal n\u00ba 14.133\/2021 VALOR TOTAL DA CONTRATA\u00c7\u00c3O: Estimativa de pre\u00e7os realizada concomitantemente \u00e0 sele\u00e7\u00e3o da proposta economicamente mais vantajosa. [&hellip;]","og_url":"https:\/\/www2.ifsc.usp.br\/portal-ifsc\/aviso-de-contratacao-direta-no-8-2024\/","og_site_name":"Portal IFSC","article_modified_time":"2024-08-01T13:35:42+00:00","twitter_card":"summary_large_image","twitter_misc":{"Est. tempo de leitura":"1 minuto"},"schema":{"@context":"https:\/\/schema.org","@graph":[{"@type":"WebPage","@id":"https:\/\/www2.ifsc.usp.br\/portal-ifsc\/aviso-de-contratacao-direta-no-8-2024\/","url":"https:\/\/www2.ifsc.usp.br\/portal-ifsc\/aviso-de-contratacao-direta-no-8-2024\/","name":"AVISO DE CONTRATA\u00c7\u00c3O DIRETA N\u00ba 8\/2024 - Portal IFSC","isPartOf":{"@id":"https:\/\/www2.ifsc.usp.br\/portal-ifsc\/#website"},"datePublished":"2024-08-01T13:27:25+00:00","dateModified":"2024-08-01T13:35:42+00:00","breadcrumb":{"@id":"https:\/\/www2.ifsc.usp.br\/portal-ifsc\/aviso-de-contratacao-direta-no-8-2024\/#breadcrumb"},"inLanguage":"pt-BR","potentialAction":[{"@type":"ReadAction","target":["https:\/\/www2.ifsc.usp.br\/portal-ifsc\/aviso-de-contratacao-direta-no-8-2024\/"]}]},{"@type":"BreadcrumbList","@id":"https:\/\/www2.ifsc.usp.br\/portal-ifsc\/aviso-de-contratacao-direta-no-8-2024\/#breadcrumb","itemListElement":[{"@type":"ListItem","position":1,"name":"In\u00edcio","item":"https:\/\/www2.ifsc.usp.br\/portal-ifsc\/"},{"@type":"ListItem","position":2,"name":"AVISO DE CONTRATA\u00c7\u00c3O DIRETA N\u00ba 8\/2024"}]},{"@type":"WebSite","@id":"https:\/\/www2.ifsc.usp.br\/portal-ifsc\/#website","url":"https:\/\/www2.ifsc.usp.br\/portal-ifsc\/","name":"Portal IFSC","description":"Instituto de F\u00edsica de S\u00e3o Carlos","publisher":{"@id":"https:\/\/www2.ifsc.usp.br\/portal-ifsc\/#organization"},"potentialAction":[{"@type":"SearchAction","target":{"@type":"EntryPoint","urlTemplate":"https:\/\/www2.ifsc.usp.br\/portal-ifsc\/?s={search_term_string}"},"query-input":{"@type":"PropertyValueSpecification","valueRequired":true,"valueName":"search_term_string"}}],"inLanguage":"pt-BR"},{"@type":"Organization","@id":"https:\/\/www2.ifsc.usp.br\/portal-ifsc\/#organization","name":"Portal IFSC","url":"https:\/\/www2.ifsc.usp.br\/portal-ifsc\/","logo":{"@type":"ImageObject","inLanguage":"pt-BR","@id":"https:\/\/www2.ifsc.usp.br\/portal-ifsc\/#\/schema\/logo\/image\/","url":"https:\/\/www2.ifsc.usp.br\/portal-ifsc\/wp-content\/uploads\/2017\/03\/logotipo_ifsc_usp_500x862.jpg","contentUrl":"https:\/\/www2.ifsc.usp.br\/portal-ifsc\/wp-content\/uploads\/2017\/03\/logotipo_ifsc_usp_500x862.jpg","width":500,"height":862,"caption":"Portal IFSC"},"image":{"@id":"https:\/\/www2.ifsc.usp.br\/portal-ifsc\/#\/schema\/logo\/image\/"}}]}},"_links":{"self":[{"href":"https:\/\/www2.ifsc.usp.br\/portal-ifsc\/wp-json\/wp\/v2\/pages\/55010","targetHints":{"allow":["GET"]}}],"collection":[{"href":"https:\/\/www2.ifsc.usp.br\/portal-ifsc\/wp-json\/wp\/v2\/pages"}],"about":[{"href":"https:\/\/www2.ifsc.usp.br\/portal-ifsc\/wp-json\/wp\/v2\/types\/page"}],"author":[{"embeddable":true,"href":"https:\/\/www2.ifsc.usp.br\/portal-ifsc\/wp-json\/wp\/v2\/users\/2"}],"replies":[{"embeddable":true,"href":"https:\/\/www2.ifsc.usp.br\/portal-ifsc\/wp-json\/wp\/v2\/comments?post=55010"}],"version-history":[{"count":6,"href":"https:\/\/www2.ifsc.usp.br\/portal-ifsc\/wp-json\/wp\/v2\/pages\/55010\/revisions"}],"predecessor-version":[{"id":55018,"href":"https:\/\/www2.ifsc.usp.br\/portal-ifsc\/wp-json\/wp\/v2\/pages\/55010\/revisions\/55018"}],"wp:attachment":[{"href":"https:\/\/www2.ifsc.usp.br\/portal-ifsc\/wp-json\/wp\/v2\/media?parent=55010"}],"curies":[{"name":"wp","href":"https:\/\/api.w.org\/{rel}","templated":true}]}}