{"id":44769,"date":"2021-08-10T14:42:44","date_gmt":"2021-08-10T17:42:44","guid":{"rendered":"https:\/\/www2.ifsc.usp.br\/portal-ifsc\/?page_id=44769"},"modified":"2024-06-21T08:57:52","modified_gmt":"2024-06-21T11:57:52","slug":"predios-instalacoes","status":"publish","type":"page","link":"https:\/\/www2.ifsc.usp.br\/portal-ifsc\/predios-instalacoes\/","title":{"rendered":"Pr\u00e9dios e Instala\u00e7\u00f5es"},"content":{"rendered":"<p>[vc_row rt_row_background_width=&#8221;default&#8221; rt_row_style=&#8221;default-style&#8221; rt_row_borders=&#8221;&#8221; rt_grid=&#8221;true&#8221; rt_row_paddings=&#8221;true&#8221; rt_bg_effect=&#8221;classic&#8221; rt_bg_image_repeat=&#8221;repeat&#8221; rt_bg_size=&#8221;cover&#8221; rt_bg_position=&#8221;right top&#8221; rt_bg_attachment=&#8221;scroll&#8221; rt_bg_video_format=&#8221;self-hosted&#8221;][vc_column width=&#8221;1\/2&#8243; rt_wrp_col_paddings=&#8221;false&#8221; rt_border_top=&#8221;&#8221; rt_border_bottom=&#8221;&#8221; rt_border_left=&#8221;&#8221; rt_border_right=&#8221;&#8221; rt_border_top_mobile=&#8221;&#8221; rt_border_bottom_mobile=&#8221;&#8221; rt_border_left_mobile=&#8221;&#8221; rt_border_right_mobile=&#8221;&#8221; rt_bg_image_repeat=&#8221;repeat&#8221; rt_bg_size=&#8221;auto auto&#8221; rt_bg_position=&#8221;right top&#8221; rt_bg_attachment=&#8221;scroll&#8221;]<div class=\"rt_heading_wrapper \">\n\t\t\t\t\t\t<h3 class=\"rt_heading  \" >IFSC\/USP &#8211; \u00e1rea 1 &#8211; campus S\u00e3o Carlos<\/h3>\n\t\t\t\t\t<\/div>[vc_column_text]Avenida Trabalhador S\u00e3o-carlense, n\u00ba 400<br \/>\nParque Arnold Schimidt &#8211; CEP 13566-590, S\u00e3o Carlos &#8211; S\u00e3o Paulo &#8211; Brasil[\/vc_column_text][\/vc_column][vc_column width=&#8221;1\/2&#8243; rt_wrp_col_paddings=&#8221;false&#8221; rt_border_top=&#8221;&#8221; rt_border_bottom=&#8221;&#8221; rt_border_left=&#8221;&#8221; rt_border_right=&#8221;&#8221; rt_border_top_mobile=&#8221;&#8221; rt_border_bottom_mobile=&#8221;&#8221; rt_border_left_mobile=&#8221;&#8221; rt_border_right_mobile=&#8221;&#8221; rt_bg_image_repeat=&#8221;repeat&#8221; rt_bg_size=&#8221;auto auto&#8221; rt_bg_position=&#8221;right top&#8221; rt_bg_attachment=&#8221;scroll&#8221;]<div class=\"rt_heading_wrapper \">\n\t\t\t\t\t\t<h3 class=\"rt_heading  \" >IFSC\/USP &#8211; \u00e1rea 2 &#8211; campus S\u00e3o Carlos<\/h3>\n\t\t\t\t\t<\/div>[vc_column_text]Avenida Jo\u00e3o Dagnone, n\u00ba 1100<br \/>\nJardim Santa Angelina &#8211; CEP 13563-120, S\u00e3o Carlos &#8211; S\u00e3o Paulo \u2013 Brasil[\/vc_column_text][\/vc_column][\/vc_row][vc_row rt_row_background_width=&#8221;default&#8221; rt_row_style=&#8221;default-style&#8221; rt_row_borders=&#8221;&#8221; rt_grid=&#8221;true&#8221; rt_row_paddings=&#8221;true&#8221; rt_bg_effect=&#8221;classic&#8221; rt_bg_image_repeat=&#8221;repeat&#8221; rt_bg_size=&#8221;cover&#8221; rt_bg_position=&#8221;right top&#8221; rt_bg_attachment=&#8221;scroll&#8221; rt_bg_video_format=&#8221;self-hosted&#8221;][vc_column width=&#8221;1\/4&#8243; rt_wrp_col_paddings=&#8221;false&#8221; rt_border_top=&#8221;&#8221; rt_border_bottom=&#8221;&#8221; rt_border_left=&#8221;&#8221; rt_border_right=&#8221;&#8221; rt_border_top_mobile=&#8221;&#8221; rt_border_bottom_mobile=&#8221;&#8221; rt_border_left_mobile=&#8221;&#8221; rt_border_right_mobile=&#8221;&#8221; rt_bg_image_repeat=&#8221;repeat&#8221; rt_bg_size=&#8221;auto auto&#8221; rt_bg_position=&#8221;right top&#8221; rt_bg_attachment=&#8221;scroll&#8221;]<div class=\"rt_heading_wrapper \">\n\t\t\t\t\t\t<a href=\"https:\/\/www2.ifsc.usp.br\/portal-ifsc\/predio-administracao\" target=\"_self\" title=\"\"><h5 class=\"rt_heading  \" >Pr\u00e9dio da Administra\u00e7\u00e3o<\/h5><\/a>\n\t\t\t\t\t<\/div><div class=\"rt_heading_wrapper \">\n\t\t\t\t\t\t<span class=\"rt_heading  \" >Blocos ABCD e G<\/span>\n\t\t\t\t\t<\/div>[vc_single_image image=&#8221;44792&#8243; img_size=&#8221;full&#8221; alignment=&#8221;center&#8221;][\/vc_column][vc_column width=&#8221;1\/4&#8243; rt_wrp_col_paddings=&#8221;false&#8221; rt_border_top=&#8221;&#8221; rt_border_bottom=&#8221;&#8221; rt_border_left=&#8221;&#8221; rt_border_right=&#8221;&#8221; rt_border_top_mobile=&#8221;&#8221; rt_border_bottom_mobile=&#8221;&#8221; rt_border_left_mobile=&#8221;&#8221; rt_border_right_mobile=&#8221;&#8221; rt_bg_image_repeat=&#8221;repeat&#8221; rt_bg_size=&#8221;auto auto&#8221; rt_bg_position=&#8221;right top&#8221; rt_bg_attachment=&#8221;scroll&#8221;]<div class=\"rt_heading_wrapper \">\n\t\t\t\t\t\t<a href=\"https:\/\/www2.ifsc.usp.br\/portal-ifsc\/predio-departamentos\/\" target=\"_self\" title=\"\"><h5 class=\"rt_heading  \" >Pr\u00e9dio dos Departamentos<\/h5><\/a>\n\t\t\t\t\t<\/div><div class=\"rt_heading_wrapper \">\n\t\t\t\t\t\t<span class=\"rt_heading  \" >Blocos F1, F2 e F3<\/span>\n\t\t\t\t\t<\/div>[vc_single_image image=&#8221;44809&#8243; img_size=&#8221;full&#8221; alignment=&#8221;center&#8221;][\/vc_column][vc_column width=&#8221;1\/4&#8243; rt_wrp_col_paddings=&#8221;false&#8221; rt_border_top=&#8221;&#8221; rt_border_bottom=&#8221;&#8221; rt_border_left=&#8221;&#8221; rt_border_right=&#8221;&#8221; rt_border_top_mobile=&#8221;&#8221; rt_border_bottom_mobile=&#8221;&#8221; rt_border_left_mobile=&#8221;&#8221; rt_border_right_mobile=&#8221;&#8221; rt_bg_image_repeat=&#8221;repeat&#8221; rt_bg_size=&#8221;auto auto&#8221; rt_bg_position=&#8221;right top&#8221; rt_bg_attachment=&#8221;scroll&#8221;]<div class=\"rt_heading_wrapper \">\n\t\t\t\t\t\t<a href=\"https:\/\/www2.ifsc.usp.br\/portal-ifsc\/predio-cfbio\/\" target=\"_self\" title=\"\"><h5 class=\"rt_heading  \" >Pr\u00e9dio CFBio &#8211; Ci\u00eancias F\u00edsicas e Biomoleculares<\/h5><\/a>\n\t\t\t\t\t<\/div><div class=\"rt_heading_wrapper \">\n\t\t\t\t\t\t<span class=\"rt_heading  \" >Blocos 1, 2 e 3<\/span>\n\t\t\t\t\t<\/div>[vc_single_image image=&#8221;44826&#8243; img_size=&#8221;full&#8221; alignment=&#8221;center&#8221;][\/vc_column][vc_column width=&#8221;1\/4&#8243; rt_wrp_col_paddings=&#8221;false&#8221; rt_border_top=&#8221;&#8221; rt_border_bottom=&#8221;&#8221; rt_border_left=&#8221;&#8221; rt_border_right=&#8221;&#8221; rt_border_top_mobile=&#8221;&#8221; rt_border_bottom_mobile=&#8221;&#8221; rt_border_left_mobile=&#8221;&#8221; rt_border_right_mobile=&#8221;&#8221; rt_bg_image_repeat=&#8221;repeat&#8221; rt_bg_size=&#8221;auto auto&#8221; rt_bg_position=&#8221;right top&#8221; rt_bg_attachment=&#8221;scroll&#8221;]<div class=\"rt_heading_wrapper \">\n\t\t\t\t\t\t<a href=\"https:\/\/www2.ifsc.usp.br\/portal-ifsc\/predio-ciermag\/\" target=\"_self\" title=\"\"><h5 class=\"rt_heading  \" >Pr\u00e9dio CIERMag &#8211; Centro de Imagens e Espectroscopia in vivo por Resson\u00e2ncia Magn\u00e9tica<\/h5><\/a>\n\t\t\t\t\t<\/div>[vc_single_image image=&#8221;44796&#8243; img_size=&#8221;full&#8221; alignment=&#8221;center&#8221;][\/vc_column][\/vc_row][vc_row rt_row_background_width=&#8221;default&#8221; rt_row_style=&#8221;default-style&#8221; rt_row_borders=&#8221;&#8221; rt_grid=&#8221;true&#8221; rt_row_paddings=&#8221;true&#8221; rt_bg_effect=&#8221;classic&#8221; rt_bg_image_repeat=&#8221;repeat&#8221; rt_bg_size=&#8221;cover&#8221; rt_bg_position=&#8221;right top&#8221; rt_bg_attachment=&#8221;scroll&#8221; rt_bg_video_format=&#8221;self-hosted&#8221;][vc_column width=&#8221;1\/4&#8243; rt_wrp_col_paddings=&#8221;false&#8221; rt_border_top=&#8221;&#8221; rt_border_bottom=&#8221;&#8221; rt_border_left=&#8221;&#8221; rt_border_right=&#8221;&#8221; rt_border_top_mobile=&#8221;&#8221; rt_border_bottom_mobile=&#8221;&#8221; rt_border_left_mobile=&#8221;&#8221; rt_border_right_mobile=&#8221;&#8221; rt_bg_image_repeat=&#8221;repeat&#8221; rt_bg_size=&#8221;auto auto&#8221; rt_bg_position=&#8221;right top&#8221; rt_bg_attachment=&#8221;scroll&#8221;]<div class=\"rt_heading_wrapper \">\n\t\t\t\t\t\t<a href=\"https:\/\/www2.ifsc.usp.br\/portal-ifsc\/predio-lef\/\" target=\"_self\" title=\"\"><h5 class=\"rt_heading  \" >Laborat\u00f3rios de Ensino<\/h5><\/a>\n\t\t\t\t\t<\/div><div class=\"rt_heading_wrapper \">\n\t\t\t\t\t\t<span class=\"rt_heading  \" >Bloco E<\/span>\n\t\t\t\t\t<\/div>[vc_single_image image=&#8221;44813&#8243; img_size=&#8221;full&#8221; alignment=&#8221;center&#8221;][\/vc_column][vc_column width=&#8221;1\/4&#8243; rt_wrp_col_paddings=&#8221;false&#8221; rt_border_top=&#8221;&#8221; rt_border_bottom=&#8221;&#8221; rt_border_left=&#8221;&#8221; rt_border_right=&#8221;&#8221; rt_border_top_mobile=&#8221;&#8221; rt_border_bottom_mobile=&#8221;&#8221; rt_border_left_mobile=&#8221;&#8221; rt_border_right_mobile=&#8221;&#8221; rt_bg_image_repeat=&#8221;repeat&#8221; rt_bg_size=&#8221;auto auto&#8221; rt_bg_position=&#8221;right top&#8221; rt_bg_attachment=&#8221;scroll&#8221;]<div class=\"rt_heading_wrapper \">\n\t\t\t\t\t\t<a href=\"https:\/\/www2.ifsc.usp.br\/portal-ifsc\/auditorio-mascarenhas\/\" target=\"_self\" title=\"\"><h5 class=\"rt_heading  \" >Audit\u00f3rio \u201cS\u00e9rgio Mascarenhas\u201d<\/h5><\/a>\n\t\t\t\t\t<\/div>[vc_empty_space height=&#8221;22px&#8221;][vc_single_image image=&#8221;44798&#8243; img_size=&#8221;full&#8221; alignment=&#8221;center&#8221;][\/vc_column][vc_column width=&#8221;1\/4&#8243; rt_wrp_col_paddings=&#8221;false&#8221; rt_border_top=&#8221;&#8221; rt_border_bottom=&#8221;&#8221; rt_border_left=&#8221;&#8221; rt_border_right=&#8221;&#8221; rt_border_top_mobile=&#8221;&#8221; rt_border_bottom_mobile=&#8221;&#8221; rt_border_left_mobile=&#8221;&#8221; rt_border_right_mobile=&#8221;&#8221; rt_bg_image_repeat=&#8221;repeat&#8221; rt_bg_size=&#8221;auto auto&#8221; rt_bg_position=&#8221;right top&#8221; rt_bg_attachment=&#8221;scroll&#8221;]<div class=\"rt_heading_wrapper \">\n\t\t\t\t\t\t<a href=\"https:\/\/www2.ifsc.usp.br\/portal-ifsc\/predio-polo-terra\/\" target=\"_self\" title=\"\"><h5 class=\"rt_heading  \" >Pr\u00e9dio P\u00f3lo TErRA &#8211; Polo Tem\u00e1tico em Energias Renov\u00e1veis e Meio Ambiente<\/h5><\/a>\n\t\t\t\t\t<\/div>[vc_single_image image=&#8221;44820&#8243; img_size=&#8221;full&#8221; alignment=&#8221;center&#8221;][\/vc_column][vc_column width=&#8221;1\/4&#8243; rt_wrp_col_paddings=&#8221;false&#8221; rt_border_top=&#8221;&#8221; rt_border_bottom=&#8221;&#8221; rt_border_left=&#8221;&#8221; rt_border_right=&#8221;&#8221; rt_border_top_mobile=&#8221;&#8221; rt_border_bottom_mobile=&#8221;&#8221; rt_border_left_mobile=&#8221;&#8221; rt_border_right_mobile=&#8221;&#8221; rt_bg_image_repeat=&#8221;repeat&#8221; rt_bg_size=&#8221;auto auto&#8221; rt_bg_position=&#8221;right top&#8221; rt_bg_attachment=&#8221;scroll&#8221;]<div class=\"rt_heading_wrapper \">\n\t\t\t\t\t\t<a href=\"https:\/\/www2.ifsc.usp.br\/portal-ifsc\/predio-cepof\/\" target=\"_self\" title=\"\"><h5 class=\"rt_heading  \" >Pr\u00e9dio CEPOF &#8211; Centro de Pesquisa em \u00d3ptica e Fot\u00f4nica<\/h5><\/a>\n\t\t\t\t\t<\/div>[vc_single_image image=&#8221;44844&#8243; img_size=&#8221;full&#8221; alignment=&#8221;center&#8221;][\/vc_column][\/vc_row][vc_row rt_row_background_width=&#8221;default&#8221; rt_row_style=&#8221;default-style&#8221; rt_row_borders=&#8221;&#8221; rt_row_paddings=&#8221;true&#8221; rt_bg_effect=&#8221;classic&#8221; rt_bg_image_repeat=&#8221;repeat&#8221; rt_bg_size=&#8221;cover&#8221; rt_bg_position=&#8221;right top&#8221; rt_bg_attachment=&#8221;scroll&#8221; rt_bg_video_format=&#8221;self-hosted&#8221;][vc_column rt_wrp_col_paddings=&#8221;false&#8221; rt_border_top=&#8221;&#8221; rt_border_bottom=&#8221;&#8221; rt_border_left=&#8221;&#8221; rt_border_right=&#8221;&#8221; rt_border_top_mobile=&#8221;&#8221; rt_border_bottom_mobile=&#8221;&#8221; rt_border_left_mobile=&#8221;&#8221; rt_border_right_mobile=&#8221;&#8221; rt_bg_image_repeat=&#8221;repeat&#8221; rt_bg_size=&#8221;auto auto&#8221; rt_bg_position=&#8221;right top&#8221; rt_bg_attachment=&#8221;scroll&#8221;][vc_column_text]Veja como chegar ao IFSC, <a href=\"https:\/\/www2.ifsc.usp.br\/portal-ifsc\/como-chegar\/\" target=\"_blank\" rel=\"noopener\">clicando aqui.<\/a><\/p>\n<p>[\/vc_column_text][\/vc_column][\/vc_row]<\/p>\n","protected":false},"excerpt":{"rendered":"<p>[vc_row rt_row_background_width=&#8221;default&#8221; rt_row_style=&#8221;default-style&#8221; rt_row_borders=&#8221;&#8221; rt_grid=&#8221;true&#8221; rt_row_paddings=&#8221;true&#8221; rt_bg_effect=&#8221;classic&#8221; rt_bg_image_repeat=&#8221;repeat&#8221; rt_bg_size=&#8221;cover&#8221; rt_bg_position=&#8221;right top&#8221; rt_bg_attachment=&#8221;scroll&#8221; rt_bg_video_format=&#8221;self-hosted&#8221;][vc_column width=&#8221;1\/2&#8243; rt_wrp_col_paddings=&#8221;false&#8221; rt_border_top=&#8221;&#8221; rt_border_bottom=&#8221;&#8221; rt_border_left=&#8221;&#8221; rt_border_right=&#8221;&#8221; rt_border_top_mobile=&#8221;&#8221; rt_border_bottom_mobile=&#8221;&#8221; rt_border_left_mobile=&#8221;&#8221; rt_border_right_mobile=&#8221;&#8221; rt_bg_image_repeat=&#8221;repeat&#8221; rt_bg_size=&#8221;auto auto&#8221; rt_bg_position=&#8221;right top&#8221; rt_bg_attachment=&#8221;scroll&#8221;][vc_column_text]Avenida Trabalhador S\u00e3o-carlense, n\u00ba 400 Parque Arnold Schimidt &#8211; CEP 13566-590, S\u00e3o Carlos &#8211; S\u00e3o Paulo &#8211; Brasil[\/vc_column_text][\/vc_column][vc_column width=&#8221;1\/2&#8243; rt_wrp_col_paddings=&#8221;false&#8221; rt_border_top=&#8221;&#8221; rt_border_bottom=&#8221;&#8221; rt_border_left=&#8221;&#8221; rt_border_right=&#8221;&#8221; rt_border_top_mobile=&#8221;&#8221; rt_border_bottom_mobile=&#8221;&#8221; rt_border_left_mobile=&#8221;&#8221; [&hellip;]<\/p>\n","protected":false},"author":2,"featured_media":0,"parent":0,"menu_order":0,"comment_status":"closed","ping_status":"closed","template":"","meta":{"_acf_changed":false,"footnotes":""},"class_list":["post-44769","page","type-page","status-publish","hentry"],"acf":[],"yoast_head":"<!-- This site is optimized with the Yoast SEO plugin v27.2 - https:\/\/yoast.com\/product\/yoast-seo-wordpress\/ -->\n<title>Pr\u00e9dios e Instala\u00e7\u00f5es - Portal IFSC<\/title>\n<meta name=\"robots\" content=\"index, follow, max-snippet:-1, max-image-preview:large, max-video-preview:-1\" \/>\n<link rel=\"canonical\" href=\"https:\/\/www2.ifsc.usp.br\/portal-ifsc\/predios-instalacoes\/\" \/>\n<meta property=\"og:locale\" content=\"pt_BR\" \/>\n<meta property=\"og:type\" content=\"article\" \/>\n<meta property=\"og:title\" content=\"Pr\u00e9dios e Instala\u00e7\u00f5es - Portal IFSC\" \/>\n<meta property=\"og:description\" content=\"[vc_row rt_row_background_width=&#8221;default&#8221; rt_row_style=&#8221;default-style&#8221; rt_row_borders=&#8221;&#8221; rt_grid=&#8221;true&#8221; rt_row_paddings=&#8221;true&#8221; rt_bg_effect=&#8221;classic&#8221; rt_bg_image_repeat=&#8221;repeat&#8221; rt_bg_size=&#8221;cover&#8221; rt_bg_position=&#8221;right top&#8221; rt_bg_attachment=&#8221;scroll&#8221; rt_bg_video_format=&#8221;self-hosted&#8221;][vc_column width=&#8221;1\/2&#8243; rt_wrp_col_paddings=&#8221;false&#8221; rt_border_top=&#8221;&#8221; rt_border_bottom=&#8221;&#8221; rt_border_left=&#8221;&#8221; rt_border_right=&#8221;&#8221; rt_border_top_mobile=&#8221;&#8221; rt_border_bottom_mobile=&#8221;&#8221; rt_border_left_mobile=&#8221;&#8221; rt_border_right_mobile=&#8221;&#8221; rt_bg_image_repeat=&#8221;repeat&#8221; rt_bg_size=&#8221;auto auto&#8221; rt_bg_position=&#8221;right top&#8221; rt_bg_attachment=&#8221;scroll&#8221;][vc_column_text]Avenida Trabalhador S\u00e3o-carlense, n\u00ba 400 Parque Arnold Schimidt &#8211; CEP 13566-590, S\u00e3o Carlos &#8211; S\u00e3o Paulo &#8211; Brasil[\/vc_column_text][\/vc_column][vc_column width=&#8221;1\/2&#8243; rt_wrp_col_paddings=&#8221;false&#8221; rt_border_top=&#8221;&#8221; rt_border_bottom=&#8221;&#8221; rt_border_left=&#8221;&#8221; rt_border_right=&#8221;&#8221; rt_border_top_mobile=&#8221;&#8221; rt_border_bottom_mobile=&#8221;&#8221; rt_border_left_mobile=&#8221;&#8221; [&hellip;]\" \/>\n<meta property=\"og:url\" content=\"https:\/\/www2.ifsc.usp.br\/portal-ifsc\/predios-instalacoes\/\" \/>\n<meta property=\"og:site_name\" content=\"Portal IFSC\" \/>\n<meta property=\"article:modified_time\" content=\"2024-06-21T11:57:52+00:00\" \/>\n<meta name=\"twitter:card\" content=\"summary_large_image\" \/>\n<meta name=\"twitter:label1\" content=\"Est. tempo de leitura\" \/>\n\t<meta name=\"twitter:data1\" content=\"3 minutos\" \/>\n<script type=\"application\/ld+json\" class=\"yoast-schema-graph\">{\"@context\":\"https:\/\/schema.org\",\"@graph\":[{\"@type\":\"WebPage\",\"@id\":\"https:\/\/www2.ifsc.usp.br\/portal-ifsc\/predios-instalacoes\/\",\"url\":\"https:\/\/www2.ifsc.usp.br\/portal-ifsc\/predios-instalacoes\/\",\"name\":\"Pr\u00e9dios e Instala\u00e7\u00f5es - Portal IFSC\",\"isPartOf\":{\"@id\":\"https:\/\/www2.ifsc.usp.br\/portal-ifsc\/#website\"},\"datePublished\":\"2021-08-10T17:42:44+00:00\",\"dateModified\":\"2024-06-21T11:57:52+00:00\",\"breadcrumb\":{\"@id\":\"https:\/\/www2.ifsc.usp.br\/portal-ifsc\/predios-instalacoes\/#breadcrumb\"},\"inLanguage\":\"pt-BR\",\"potentialAction\":[{\"@type\":\"ReadAction\",\"target\":[\"https:\/\/www2.ifsc.usp.br\/portal-ifsc\/predios-instalacoes\/\"]}]},{\"@type\":\"BreadcrumbList\",\"@id\":\"https:\/\/www2.ifsc.usp.br\/portal-ifsc\/predios-instalacoes\/#breadcrumb\",\"itemListElement\":[{\"@type\":\"ListItem\",\"position\":1,\"name\":\"In\u00edcio\",\"item\":\"https:\/\/www2.ifsc.usp.br\/portal-ifsc\/\"},{\"@type\":\"ListItem\",\"position\":2,\"name\":\"Pr\u00e9dios e Instala\u00e7\u00f5es\"}]},{\"@type\":\"WebSite\",\"@id\":\"https:\/\/www2.ifsc.usp.br\/portal-ifsc\/#website\",\"url\":\"https:\/\/www2.ifsc.usp.br\/portal-ifsc\/\",\"name\":\"Portal IFSC\",\"description\":\"Instituto de F\u00edsica de S\u00e3o Carlos\",\"publisher\":{\"@id\":\"https:\/\/www2.ifsc.usp.br\/portal-ifsc\/#organization\"},\"potentialAction\":[{\"@type\":\"SearchAction\",\"target\":{\"@type\":\"EntryPoint\",\"urlTemplate\":\"https:\/\/www2.ifsc.usp.br\/portal-ifsc\/?s={search_term_string}\"},\"query-input\":{\"@type\":\"PropertyValueSpecification\",\"valueRequired\":true,\"valueName\":\"search_term_string\"}}],\"inLanguage\":\"pt-BR\"},{\"@type\":\"Organization\",\"@id\":\"https:\/\/www2.ifsc.usp.br\/portal-ifsc\/#organization\",\"name\":\"Portal IFSC\",\"url\":\"https:\/\/www2.ifsc.usp.br\/portal-ifsc\/\",\"logo\":{\"@type\":\"ImageObject\",\"inLanguage\":\"pt-BR\",\"@id\":\"https:\/\/www2.ifsc.usp.br\/portal-ifsc\/#\/schema\/logo\/image\/\",\"url\":\"https:\/\/www2.ifsc.usp.br\/portal-ifsc\/wp-content\/uploads\/2017\/03\/logotipo_ifsc_usp_500x862.jpg\",\"contentUrl\":\"https:\/\/www2.ifsc.usp.br\/portal-ifsc\/wp-content\/uploads\/2017\/03\/logotipo_ifsc_usp_500x862.jpg\",\"width\":500,\"height\":862,\"caption\":\"Portal IFSC\"},\"image\":{\"@id\":\"https:\/\/www2.ifsc.usp.br\/portal-ifsc\/#\/schema\/logo\/image\/\"}}]}<\/script>\n<!-- \/ Yoast SEO plugin. -->","yoast_head_json":{"title":"Pr\u00e9dios e Instala\u00e7\u00f5es - Portal IFSC","robots":{"index":"index","follow":"follow","max-snippet":"max-snippet:-1","max-image-preview":"max-image-preview:large","max-video-preview":"max-video-preview:-1"},"canonical":"https:\/\/www2.ifsc.usp.br\/portal-ifsc\/predios-instalacoes\/","og_locale":"pt_BR","og_type":"article","og_title":"Pr\u00e9dios e Instala\u00e7\u00f5es - Portal IFSC","og_description":"[vc_row rt_row_background_width=&#8221;default&#8221; rt_row_style=&#8221;default-style&#8221; rt_row_borders=&#8221;&#8221; rt_grid=&#8221;true&#8221; rt_row_paddings=&#8221;true&#8221; rt_bg_effect=&#8221;classic&#8221; rt_bg_image_repeat=&#8221;repeat&#8221; rt_bg_size=&#8221;cover&#8221; rt_bg_position=&#8221;right top&#8221; rt_bg_attachment=&#8221;scroll&#8221; rt_bg_video_format=&#8221;self-hosted&#8221;][vc_column width=&#8221;1\/2&#8243; rt_wrp_col_paddings=&#8221;false&#8221; rt_border_top=&#8221;&#8221; rt_border_bottom=&#8221;&#8221; rt_border_left=&#8221;&#8221; rt_border_right=&#8221;&#8221; rt_border_top_mobile=&#8221;&#8221; rt_border_bottom_mobile=&#8221;&#8221; rt_border_left_mobile=&#8221;&#8221; rt_border_right_mobile=&#8221;&#8221; rt_bg_image_repeat=&#8221;repeat&#8221; rt_bg_size=&#8221;auto auto&#8221; rt_bg_position=&#8221;right top&#8221; rt_bg_attachment=&#8221;scroll&#8221;][vc_column_text]Avenida Trabalhador S\u00e3o-carlense, n\u00ba 400 Parque Arnold Schimidt &#8211; CEP 13566-590, S\u00e3o Carlos &#8211; S\u00e3o Paulo &#8211; Brasil[\/vc_column_text][\/vc_column][vc_column width=&#8221;1\/2&#8243; rt_wrp_col_paddings=&#8221;false&#8221; rt_border_top=&#8221;&#8221; rt_border_bottom=&#8221;&#8221; rt_border_left=&#8221;&#8221; rt_border_right=&#8221;&#8221; rt_border_top_mobile=&#8221;&#8221; rt_border_bottom_mobile=&#8221;&#8221; rt_border_left_mobile=&#8221;&#8221; [&hellip;]","og_url":"https:\/\/www2.ifsc.usp.br\/portal-ifsc\/predios-instalacoes\/","og_site_name":"Portal IFSC","article_modified_time":"2024-06-21T11:57:52+00:00","twitter_card":"summary_large_image","twitter_misc":{"Est. tempo de leitura":"3 minutos"},"schema":{"@context":"https:\/\/schema.org","@graph":[{"@type":"WebPage","@id":"https:\/\/www2.ifsc.usp.br\/portal-ifsc\/predios-instalacoes\/","url":"https:\/\/www2.ifsc.usp.br\/portal-ifsc\/predios-instalacoes\/","name":"Pr\u00e9dios e Instala\u00e7\u00f5es - Portal IFSC","isPartOf":{"@id":"https:\/\/www2.ifsc.usp.br\/portal-ifsc\/#website"},"datePublished":"2021-08-10T17:42:44+00:00","dateModified":"2024-06-21T11:57:52+00:00","breadcrumb":{"@id":"https:\/\/www2.ifsc.usp.br\/portal-ifsc\/predios-instalacoes\/#breadcrumb"},"inLanguage":"pt-BR","potentialAction":[{"@type":"ReadAction","target":["https:\/\/www2.ifsc.usp.br\/portal-ifsc\/predios-instalacoes\/"]}]},{"@type":"BreadcrumbList","@id":"https:\/\/www2.ifsc.usp.br\/portal-ifsc\/predios-instalacoes\/#breadcrumb","itemListElement":[{"@type":"ListItem","position":1,"name":"In\u00edcio","item":"https:\/\/www2.ifsc.usp.br\/portal-ifsc\/"},{"@type":"ListItem","position":2,"name":"Pr\u00e9dios e Instala\u00e7\u00f5es"}]},{"@type":"WebSite","@id":"https:\/\/www2.ifsc.usp.br\/portal-ifsc\/#website","url":"https:\/\/www2.ifsc.usp.br\/portal-ifsc\/","name":"Portal IFSC","description":"Instituto de F\u00edsica de S\u00e3o Carlos","publisher":{"@id":"https:\/\/www2.ifsc.usp.br\/portal-ifsc\/#organization"},"potentialAction":[{"@type":"SearchAction","target":{"@type":"EntryPoint","urlTemplate":"https:\/\/www2.ifsc.usp.br\/portal-ifsc\/?s={search_term_string}"},"query-input":{"@type":"PropertyValueSpecification","valueRequired":true,"valueName":"search_term_string"}}],"inLanguage":"pt-BR"},{"@type":"Organization","@id":"https:\/\/www2.ifsc.usp.br\/portal-ifsc\/#organization","name":"Portal IFSC","url":"https:\/\/www2.ifsc.usp.br\/portal-ifsc\/","logo":{"@type":"ImageObject","inLanguage":"pt-BR","@id":"https:\/\/www2.ifsc.usp.br\/portal-ifsc\/#\/schema\/logo\/image\/","url":"https:\/\/www2.ifsc.usp.br\/portal-ifsc\/wp-content\/uploads\/2017\/03\/logotipo_ifsc_usp_500x862.jpg","contentUrl":"https:\/\/www2.ifsc.usp.br\/portal-ifsc\/wp-content\/uploads\/2017\/03\/logotipo_ifsc_usp_500x862.jpg","width":500,"height":862,"caption":"Portal IFSC"},"image":{"@id":"https:\/\/www2.ifsc.usp.br\/portal-ifsc\/#\/schema\/logo\/image\/"}}]}},"_links":{"self":[{"href":"https:\/\/www2.ifsc.usp.br\/portal-ifsc\/wp-json\/wp\/v2\/pages\/44769","targetHints":{"allow":["GET"]}}],"collection":[{"href":"https:\/\/www2.ifsc.usp.br\/portal-ifsc\/wp-json\/wp\/v2\/pages"}],"about":[{"href":"https:\/\/www2.ifsc.usp.br\/portal-ifsc\/wp-json\/wp\/v2\/types\/page"}],"author":[{"embeddable":true,"href":"https:\/\/www2.ifsc.usp.br\/portal-ifsc\/wp-json\/wp\/v2\/users\/2"}],"replies":[{"embeddable":true,"href":"https:\/\/www2.ifsc.usp.br\/portal-ifsc\/wp-json\/wp\/v2\/comments?post=44769"}],"version-history":[{"count":50,"href":"https:\/\/www2.ifsc.usp.br\/portal-ifsc\/wp-json\/wp\/v2\/pages\/44769\/revisions"}],"predecessor-version":[{"id":54755,"href":"https:\/\/www2.ifsc.usp.br\/portal-ifsc\/wp-json\/wp\/v2\/pages\/44769\/revisions\/54755"}],"wp:attachment":[{"href":"https:\/\/www2.ifsc.usp.br\/portal-ifsc\/wp-json\/wp\/v2\/media?parent=44769"}],"curies":[{"name":"wp","href":"https:\/\/api.w.org\/{rel}","templated":true}]}}