{"id":9880,"date":"2019-01-23T17:07:46","date_gmt":"2019-01-23T19:07:46","guid":{"rendered":"http:\/\/www2.ifsc.usp.br\/graduacao\/?page_id=9880"},"modified":"2019-01-23T17:18:37","modified_gmt":"2019-01-23T19:18:37","slug":"graduacao-no-ifsc-usp-ciencias-fisicas-e-biomoleculares","status":"publish","type":"page","link":"https:\/\/www2.ifsc.usp.br\/graduacao\/graduacao-no-ifsc-usp-ciencias-fisicas-e-biomoleculares\/","title":{"rendered":"Gradua\u00e7\u00e3o no IFSC\/USP- Ci\u00eancias F\u00edsicas e Biomoleculares"},"content":{"rendered":"<div class=\"text entry-content\">\n<p>\u201cNovo curso da USP pretende formar \u2018supercientista\u2019\u201d, estampava a manchete de 30 de agosto de 2005 do jornal Folha de S\u00e3o Paulo. A mat\u00e9ria se referia ao rec\u00e9m-aprovado curso de Ci\u00eancias F\u00edsicas e Biomoleculares, que seria inaugurado no ano seguinte no Instituto de F\u00edsica de S\u00e3o Carlos (IFSC\/USP). \u201cA p\u00f3s-gradua\u00e7\u00e3o em F\u00edsica Biomolecular j\u00e1 existia no Instituto e, por essa raz\u00e3o, quando foi inaugurada a gradua\u00e7\u00e3o na mesma modalidade, j\u00e1 t\u00ednhamos um corpo docente bem preparado\u201d, relembra Ana Paula Ulian Ara\u00fajo, coordenadora do curso.<\/p>\n<p>Com uma \u201cpr\u00e9via\u201d do perfil de alunos de p\u00f3s-gradua\u00e7\u00e3o, notou-se que a forma\u00e7\u00e3o multidisciplinar dos p\u00f3s-graduandos apontava para um nicho at\u00e9 ent\u00e3o n\u00e3o contemplado nos cursos de gradua\u00e7\u00e3o: estudantes com interesses em diversas disciplinas cient\u00edficas.<\/p>\n<p>Atualmente, o curso est\u00e1 um pouco diferente daquele inaugurado em 2006, sendo que o primeiro ano, o chamado \u201cciclo b\u00e1sico\u201d, compartilha as mesmas disciplinas com os outros cursos de gradua\u00e7\u00e3o do Instituto, contemplando disciplinas b\u00e1sicas como f\u00edsica, c\u00e1lculo, qu\u00edmica, entre outros (veja no final da mat\u00e9ria a grade curricular). Outra diferen\u00e7a hoje \u00e9 que h\u00e1 muito mais liberdade na escolha das disciplinas optativas, permitindo um curso mais \u201csob medida\u201d para o aluno. Mas Ana Paula adverte: \u201cQuem quer prestar esse curso, <u>precisa gostar de exatas<\/u> e, claro, tamb\u00e9m de biologia\u201d, afirma.<\/p>\n<p>Mesmo que o nome do curso sugira similaridade com cursos de biologia\/biotecnologia, n\u00e3o se deixe enganar! De acordo com Ana Paula, o principal objetivo \u00e9 trazer uma forma\u00e7\u00e3o s\u00f3lida em <u>f\u00edsica<\/u>, embora, obviamente, a biologia tamb\u00e9m esteja presente na grade curricular. \u201cO aluno formado aqui ser\u00e1 um f\u00edsico diferente do tradicional, pois ele conversar\u00e1 muito bem com outras interfaces, principalmente com a biologia do n\u00edvel molecular\u201d, explica. \u201cUm exemplo que sempre dou aos meus alunos \u00e9 sobre o f\u00edsico que quer trabalhar com lasers. O f\u00edsico biomolecular entender\u00e1 muito sobre o laser, pot\u00eancia etc., mas se ele aplicar o laser em um modelo biol\u00f3gico, na hora de verificar o efeito no tecido ou na c\u00e9lula, ele n\u00e3o somente ser\u00e1 capaz de descrever melhor os resultados, mas refletir\u00e1 tamb\u00e9m sobre o efeito causado em termos celular e molecular \u201d.<\/p>\n<p><strong>Depois de me formar, o que poderei fazer?<\/strong><\/p>\n<p>O f\u00edsico biomolecular n\u00e3o precisar\u00e1 estar com o diploma na m\u00e3o para ter acesso a oportunidades diversas. E a prova disso \u00e9 Camila Bramorski, aluna do 4\u00ba ano do curso que, no momento, encontra-se em Paris para realiza\u00e7\u00e3o de um est\u00e1gio de seis meses na <em>start-up<\/em> \u201cEligo Bioscience\u201d.<\/p>\n<p><img loading=\"lazy\" decoding=\"async\" class=\"alignright size-full wp-image-16695\" src=\"https:\/\/www2.ifsc.usp.br\/portal-ifsc\/wp-content\/uploads\/2017\/09\/cursos-ifsc-bacharelado-em-ciencias-fisicas-e-biomoleculares-1.jpg\" sizes=\"auto, (max-width: 504px) 100vw, 504px\" srcset=\"https:\/\/www2.ifsc.usp.br\/portal-ifsc\/wp-content\/uploads\/2017\/09\/cursos-ifsc-bacharelado-em-ciencias-fisicas-e-biomoleculares-1.jpg 504w, https:\/\/www2.ifsc.usp.br\/portal-ifsc\/wp-content\/uploads\/2017\/09\/cursos-ifsc-bacharelado-em-ciencias-fisicas-e-biomoleculares-1-300x179.jpg 300w\" alt=\"\" width=\"504\" height=\"300\" \/>Natural de Joinville (SC), Camila sempre teve vontade de entender \u201ccomo as doen\u00e7as funcionam\u201d, e viu no curso diversas possibilidades para encontrar respostas. Ao colocar os p\u00e9s no interior paulista, ela se encantou com a infraestrutura do IFSC e considera o curso o melhor do Brasil. \u201cA estrutura \u00e9 muito boa, tem tudo! Al\u00e9m disso, o apoio \u00e0s nossas ideias e projetos \u00e9 incondicional. Consegui colocar em pr\u00e1tica tudo que eu gostaria\u201d, afirma Camila que, em 2015, esteve em Boston (EUA) para participar com outros colegas de curso da <a href=\"https:\/\/www2.ifsc.usp.br\/portal-ifsc\/ifscusp-recebe-medalha-de-ouro-em-competicao-internacional\/\">maior competi\u00e7\u00e3o de biologia sint\u00e9tica do mundo<\/a>\u2013 e que contou com o apoio do IFSC, inclusive para custear a viagem.<\/p>\n<p>Diante do caso de Camila, torna-se f\u00e1cil imaginar que, com o diploma em m\u00e3os, as possibilidades de atua\u00e7\u00e3o do f\u00edsico molecular s\u00e3o ainda maiores. De acordo com Ana Paula, tanto na academia como no mercado, elas s\u00e3o diversas. \u201cComo temos uma vertente voltada \u00e0 biologia estrutural, a ind\u00fastria farmac\u00eautica \u00e9 um dos locais de atua\u00e7\u00e3o para trabalhar com P&amp;D*, na descoberta de novos f\u00e1rmacos, instrumenta\u00e7\u00e3o voltada para aplica\u00e7\u00e3o biol\u00f3gica etc.\u201d, diz. \u201cEntretanto, a maioria de nossos alunos acaba optando pela pesquisa, pois temos diversas possibilidades de atua\u00e7\u00e3o nessa \u00e1rea, inclusive no IFSC, j\u00e1 que temos dois CEPIDs** sediados no Instituto\u201d.<\/p>\n<p>Ainda de acordo com a coordenadora, empresas de biotecnologia procuram pesquisadores com forma\u00e7\u00e3o em f\u00edsica biomolecular. E o interesse vai al\u00e9m: em \u00f3rg\u00e3os p\u00fablicos, h\u00e1 diversos f\u00edsicos biomoleculares atuando como peritos criminais. \u201cO desempenho de nossos alunos nos concursos \u00e9 muito bom. Lembro-me de pelo menos tr\u00eas ex-alunos nossos que s\u00e3o hoje peritos\u201d, conta Ana Paula.<\/p>\n<p><strong>O come\u00e7o e o final<\/strong><\/p>\n<p>Kau\u00ea Sena est\u00e1 no segundo ano do curso e, mesmo em pouco tempo, j\u00e1 consegue vislumbrar seu futuro como f\u00edsico molecular. Ainda no ciclo b\u00e1sico das disciplinas, j\u00e1 come\u00e7ou a olhar a grade curricular do curso para os pr\u00f3ximos tr\u00eas anos, que ele pr\u00f3prio poder\u00e1 montar, escolhendo as disciplinas espec\u00edficas que poder\u00e3o ser o primeiro passo em dire\u00e7\u00e3o ao seu futuro profissional e\/ou acad\u00eamico. \u201cNo curso, temos a impress\u00e3o de que podemos atuar em \u00e1reas que envolvam tudo que estamos estudando: f\u00edsica, matem\u00e1tica, computa\u00e7\u00e3o, qu\u00edmica e biologia. A gente pode levar para a an\u00e1lise de fen\u00f4menos biol\u00f3gicos toda a bagagem dos outros campos, por exemplo, modelando computacionalmente quest\u00f5es biol\u00f3gicas ou aplicando princ\u00edpios f\u00edsicos \u00e0 Biologia Celular e Molecular, bem como temos capacidade para atuar em \u00e1reas que sejam mais da f\u00edsica b\u00e1sica ou da computa\u00e7\u00e3o\u201d.<\/p>\n<p>E sobre isso, Vitor Hugo Balasco Serr\u00e3o, ex-aluno do curso, tem autoridade para falar. Contratado recentemente como pesquisador na <em>Harvard Medical School<\/em> (EUA), Vitor fez gradua\u00e7\u00e3o, mestrado e doutorado em Ci\u00eancias F\u00edsicas e Biomoleculares, e afirma que a forma\u00e7\u00e3o de um pensamento para a resolu\u00e7\u00e3o de problemas \u00e9 o maior \u201ctrunfo\u201d do curso. \u201cQuando voc\u00ea desenvolve esse pensamento na gradua\u00e7\u00e3o, isso ir\u00e1 influenciar em todo o futuro\u201d, diz. \u201cRecordo-me da disciplina de mec\u00e2nica cl\u00e1ssica, e no semestre todo que \u2018gastei\u2019 fazendo exerc\u00edcios da disciplina. Os c\u00e1lculos s\u00e3o demorados, mas entender o caminho para resolver o problema \u00e9 crucial, e o racioc\u00ednio do f\u00edsico permite isso\u201d.<\/p>\n<p>No laborat\u00f3rio onde trabalha em <em>Harvard<\/em>, Vitor coloca a prova o tempo todo seu \u201cracioc\u00ednio f\u00edsico\u201d e at\u00e9 o momento tem sido bem sucedido e elogiado por seus colegas. \u201cFa\u00e7o uma medida em um experimento biof\u00edsico, e muitas vezes me deparo com problemas que foram pouco relatados na literatura. No meio do processo, preciso decidir qual o pr\u00f3ximo experimento a fazer para comprovar a hip\u00f3tese que est\u00e1 em jogo. Em meu laborat\u00f3rio, sou o \u00fanico com forma\u00e7\u00e3o em f\u00edsica, e quando proponho algum experimento ou respondo a alguma quest\u00e3o sobre o que foi feito, todos me olham surpresos e dizem: \u2018Como \u00e9 que voc\u00ea conseguiu pensar nisso?\u201d.<\/p>\n<p>A forma\u00e7\u00e3o no curso \u00e9 muito ampla, e permite ao estudante \u201cpersonalizar\u201d a grade de disciplinas, direcionando-a para seus interesses de pesquisa e\/ou atua\u00e7\u00e3o no mercado. Por outro lado, a quantidade de disciplinas \u00e9 grande, e exige bastante do estudante. Mas aquele que se dedicar realmente ter\u00e1 diante de si diversas possibilidades de atua\u00e7\u00e3o, conforme j\u00e1 destacado, com uma forma\u00e7\u00e3o bastante completa. \u201cVemos no curso uma \u2018parcela\u2019 da f\u00edsica, uma \u2018parcela\u2019 da biologia, e h\u00e1 as intersec\u00e7\u00f5es, permitindo a forma\u00e7\u00e3o de uma base ampla de conhecimentos sobre ci\u00eancias em geral\u201d, diz Camila.<\/p>\n<p>Entretanto, tanto Camila, quanto Vitor e Kau\u00ea afirmam que o gosto pelas ci\u00eancias exatas e biol\u00f3gicas foram determinantes na hora de escolher o curso, que vislumbraram como ideal para se aprofundar em disciplinas pelas quais j\u00e1 tinham afinidade e gosto desde o ensino m\u00e9dio. \u201cO f\u00edsico biomolecular tem uma atua\u00e7\u00e3o distinta do bi\u00f3logo, do f\u00edsico, do f\u00edsico m\u00e9dico, do biof\u00edsico. \u00c9 importante que o estudante que prestar o curso tenha isso em mente, para n\u00e3o se decepcionar adiante\u201d, refor\u00e7a Ana Paula.<\/p>\n<p>Tendo isso bem resolvido, e a no\u00e7\u00e3o de que sair\u00e1 com um diploma de forma\u00e7\u00e3o de f\u00edsica em m\u00e3os, o estudante que prestar esse curso ter\u00e1 muitos desafios, mas tamb\u00e9m muitas oportunidades diante de si, para atua\u00e7\u00e3o em diversos campos nos quais tanto a ind\u00fastria quanto a academia t\u00eam cada dia mais necessidade.<\/p>\n<p><strong>Ci\u00eancias F\u00edsicas e Biomoleculares<\/strong><\/p>\n<p>Dura\u00e7\u00e3o: 4 anos<\/p>\n<p>Grade curricular: clique <a href=\"https:\/\/www2.ifsc.usp.br\/graduacao\/grade-curricular\/\">aqui<\/a> para acessar.<\/p>\n<p>Grade curricular sob a perspectiva do projeto pol\u00edtico pedag\u00f3gico: clique <a href=\"https:\/\/www2.ifsc.usp.br\/graduacao\/projeto-pedagogico\/\">aqui<\/a> para acessar<\/p>\n<p>*Pesquisa &amp; Desenvolvimento<\/p>\n<p>**Atualmente, o IFSC sedia dois CEPIDs: CIBFar e CEPOF<\/p>\n<p style=\"text-align: right;\">Assessoria de Comunica\u00e7\u00e3o- IFSC\/USP<\/p>\n<\/div>\n","protected":false},"excerpt":{"rendered":"<p>\u201cNovo curso da USP pretende formar \u2018supercientista\u2019\u201d, estampava a manchete de 30 de agosto de 2005 do jornal Folha de S\u00e3o Paulo. A mat\u00e9ria se referia ao rec\u00e9m-aprovado curso de Ci\u00eancias F\u00edsicas e Biomoleculares, que seria inaugurado no ano seguinte no Instituto de F\u00edsica de S\u00e3o Carlos (IFSC\/USP). \u201cA p\u00f3s-gradua\u00e7\u00e3o em F\u00edsica Biomolecular j\u00e1 existia [&hellip;]<\/p>\n","protected":false},"author":5,"featured_media":0,"parent":0,"menu_order":0,"comment_status":"closed","ping_status":"closed","template":"","meta":{"footnotes":""},"class_list":["post-9880","page","type-page","status-publish","hentry"],"yoast_head":"<!-- This site is optimized with the Yoast SEO plugin v27.1.1 - https:\/\/yoast.com\/product\/yoast-seo-wordpress\/ -->\n<title>Gradua\u00e7\u00e3o no IFSC\/USP- Ci\u00eancias F\u00edsicas e Biomoleculares - Gradua\u00e7\u00e3o IFSC USP<\/title>\n<meta name=\"robots\" content=\"index, follow, max-snippet:-1, max-image-preview:large, max-video-preview:-1\" \/>\n<link rel=\"canonical\" href=\"https:\/\/www2.ifsc.usp.br\/graduacao\/graduacao-no-ifsc-usp-ciencias-fisicas-e-biomoleculares\/\" \/>\n<meta property=\"og:locale\" content=\"pt_BR\" \/>\n<meta property=\"og:type\" content=\"article\" \/>\n<meta property=\"og:title\" content=\"Gradua\u00e7\u00e3o no IFSC\/USP- Ci\u00eancias F\u00edsicas e Biomoleculares - Gradua\u00e7\u00e3o IFSC USP\" \/>\n<meta property=\"og:description\" content=\"\u201cNovo curso da USP pretende formar \u2018supercientista\u2019\u201d, estampava a manchete de 30 de agosto de 2005 do jornal Folha de S\u00e3o Paulo. A mat\u00e9ria se referia ao rec\u00e9m-aprovado curso de Ci\u00eancias F\u00edsicas e Biomoleculares, que seria inaugurado no ano seguinte no Instituto de F\u00edsica de S\u00e3o Carlos (IFSC\/USP). \u201cA p\u00f3s-gradua\u00e7\u00e3o em F\u00edsica Biomolecular j\u00e1 existia [&hellip;]\" \/>\n<meta property=\"og:url\" content=\"https:\/\/www2.ifsc.usp.br\/graduacao\/graduacao-no-ifsc-usp-ciencias-fisicas-e-biomoleculares\/\" \/>\n<meta property=\"og:site_name\" content=\"Gradua\u00e7\u00e3o IFSC USP\" \/>\n<meta property=\"article:modified_time\" content=\"2019-01-23T19:18:37+00:00\" \/>\n<meta property=\"og:image\" content=\"https:\/\/www2.ifsc.usp.br\/portal-ifsc\/wp-content\/uploads\/2017\/09\/cursos-ifsc-bacharelado-em-ciencias-fisicas-e-biomoleculares-1.jpg\" \/>\n<meta name=\"twitter:card\" content=\"summary_large_image\" \/>\n<meta name=\"twitter:label1\" content=\"Est. tempo de leitura\" \/>\n\t<meta name=\"twitter:data1\" content=\"7 minutos\" \/>\n<script type=\"application\/ld+json\" class=\"yoast-schema-graph\">{\"@context\":\"https:\/\/schema.org\",\"@graph\":[{\"@type\":\"WebPage\",\"@id\":\"https:\/\/www2.ifsc.usp.br\/graduacao\/graduacao-no-ifsc-usp-ciencias-fisicas-e-biomoleculares\/\",\"url\":\"https:\/\/www2.ifsc.usp.br\/graduacao\/graduacao-no-ifsc-usp-ciencias-fisicas-e-biomoleculares\/\",\"name\":\"Gradua\u00e7\u00e3o no IFSC\/USP- Ci\u00eancias F\u00edsicas e Biomoleculares - Gradua\u00e7\u00e3o IFSC USP\",\"isPartOf\":{\"@id\":\"https:\/\/www2.ifsc.usp.br\/graduacao\/#website\"},\"primaryImageOfPage\":{\"@id\":\"https:\/\/www2.ifsc.usp.br\/graduacao\/graduacao-no-ifsc-usp-ciencias-fisicas-e-biomoleculares\/#primaryimage\"},\"image\":{\"@id\":\"https:\/\/www2.ifsc.usp.br\/graduacao\/graduacao-no-ifsc-usp-ciencias-fisicas-e-biomoleculares\/#primaryimage\"},\"thumbnailUrl\":\"https:\/\/www2.ifsc.usp.br\/portal-ifsc\/wp-content\/uploads\/2017\/09\/cursos-ifsc-bacharelado-em-ciencias-fisicas-e-biomoleculares-1.jpg\",\"datePublished\":\"2019-01-23T19:07:46+00:00\",\"dateModified\":\"2019-01-23T19:18:37+00:00\",\"breadcrumb\":{\"@id\":\"https:\/\/www2.ifsc.usp.br\/graduacao\/graduacao-no-ifsc-usp-ciencias-fisicas-e-biomoleculares\/#breadcrumb\"},\"inLanguage\":\"pt-BR\",\"potentialAction\":[{\"@type\":\"ReadAction\",\"target\":[\"https:\/\/www2.ifsc.usp.br\/graduacao\/graduacao-no-ifsc-usp-ciencias-fisicas-e-biomoleculares\/\"]}]},{\"@type\":\"ImageObject\",\"inLanguage\":\"pt-BR\",\"@id\":\"https:\/\/www2.ifsc.usp.br\/graduacao\/graduacao-no-ifsc-usp-ciencias-fisicas-e-biomoleculares\/#primaryimage\",\"url\":\"https:\/\/www2.ifsc.usp.br\/portal-ifsc\/wp-content\/uploads\/2017\/09\/cursos-ifsc-bacharelado-em-ciencias-fisicas-e-biomoleculares-1.jpg\",\"contentUrl\":\"https:\/\/www2.ifsc.usp.br\/portal-ifsc\/wp-content\/uploads\/2017\/09\/cursos-ifsc-bacharelado-em-ciencias-fisicas-e-biomoleculares-1.jpg\"},{\"@type\":\"BreadcrumbList\",\"@id\":\"https:\/\/www2.ifsc.usp.br\/graduacao\/graduacao-no-ifsc-usp-ciencias-fisicas-e-biomoleculares\/#breadcrumb\",\"itemListElement\":[{\"@type\":\"ListItem\",\"position\":1,\"name\":\"Home\",\"item\":\"https:\/\/www2.ifsc.usp.br\/graduacao\/\"},{\"@type\":\"ListItem\",\"position\":2,\"name\":\"Gradua\u00e7\u00e3o no IFSC\/USP- Ci\u00eancias F\u00edsicas e Biomoleculares\"}]},{\"@type\":\"WebSite\",\"@id\":\"https:\/\/www2.ifsc.usp.br\/graduacao\/#website\",\"url\":\"https:\/\/www2.ifsc.usp.br\/graduacao\/\",\"name\":\"Gradua\u00e7\u00e3o IFSC USP\",\"description\":\"Instituto de F\u00edsica de S\u00e3o Carlos\",\"potentialAction\":[{\"@type\":\"SearchAction\",\"target\":{\"@type\":\"EntryPoint\",\"urlTemplate\":\"https:\/\/www2.ifsc.usp.br\/graduacao\/?s={search_term_string}\"},\"query-input\":{\"@type\":\"PropertyValueSpecification\",\"valueRequired\":true,\"valueName\":\"search_term_string\"}}],\"inLanguage\":\"pt-BR\"}]}<\/script>\n<!-- \/ Yoast SEO plugin. -->","yoast_head_json":{"title":"Gradua\u00e7\u00e3o no IFSC\/USP- Ci\u00eancias F\u00edsicas e Biomoleculares - Gradua\u00e7\u00e3o IFSC USP","robots":{"index":"index","follow":"follow","max-snippet":"max-snippet:-1","max-image-preview":"max-image-preview:large","max-video-preview":"max-video-preview:-1"},"canonical":"https:\/\/www2.ifsc.usp.br\/graduacao\/graduacao-no-ifsc-usp-ciencias-fisicas-e-biomoleculares\/","og_locale":"pt_BR","og_type":"article","og_title":"Gradua\u00e7\u00e3o no IFSC\/USP- Ci\u00eancias F\u00edsicas e Biomoleculares - Gradua\u00e7\u00e3o IFSC USP","og_description":"\u201cNovo curso da USP pretende formar \u2018supercientista\u2019\u201d, estampava a manchete de 30 de agosto de 2005 do jornal Folha de S\u00e3o Paulo. A mat\u00e9ria se referia ao rec\u00e9m-aprovado curso de Ci\u00eancias F\u00edsicas e Biomoleculares, que seria inaugurado no ano seguinte no Instituto de F\u00edsica de S\u00e3o Carlos (IFSC\/USP). \u201cA p\u00f3s-gradua\u00e7\u00e3o em F\u00edsica Biomolecular j\u00e1 existia [&hellip;]","og_url":"https:\/\/www2.ifsc.usp.br\/graduacao\/graduacao-no-ifsc-usp-ciencias-fisicas-e-biomoleculares\/","og_site_name":"Gradua\u00e7\u00e3o IFSC USP","article_modified_time":"2019-01-23T19:18:37+00:00","og_image":[{"url":"https:\/\/www2.ifsc.usp.br\/portal-ifsc\/wp-content\/uploads\/2017\/09\/cursos-ifsc-bacharelado-em-ciencias-fisicas-e-biomoleculares-1.jpg","type":"","width":"","height":""}],"twitter_card":"summary_large_image","twitter_misc":{"Est. tempo de leitura":"7 minutos"},"schema":{"@context":"https:\/\/schema.org","@graph":[{"@type":"WebPage","@id":"https:\/\/www2.ifsc.usp.br\/graduacao\/graduacao-no-ifsc-usp-ciencias-fisicas-e-biomoleculares\/","url":"https:\/\/www2.ifsc.usp.br\/graduacao\/graduacao-no-ifsc-usp-ciencias-fisicas-e-biomoleculares\/","name":"Gradua\u00e7\u00e3o no IFSC\/USP- Ci\u00eancias F\u00edsicas e Biomoleculares - Gradua\u00e7\u00e3o IFSC USP","isPartOf":{"@id":"https:\/\/www2.ifsc.usp.br\/graduacao\/#website"},"primaryImageOfPage":{"@id":"https:\/\/www2.ifsc.usp.br\/graduacao\/graduacao-no-ifsc-usp-ciencias-fisicas-e-biomoleculares\/#primaryimage"},"image":{"@id":"https:\/\/www2.ifsc.usp.br\/graduacao\/graduacao-no-ifsc-usp-ciencias-fisicas-e-biomoleculares\/#primaryimage"},"thumbnailUrl":"https:\/\/www2.ifsc.usp.br\/portal-ifsc\/wp-content\/uploads\/2017\/09\/cursos-ifsc-bacharelado-em-ciencias-fisicas-e-biomoleculares-1.jpg","datePublished":"2019-01-23T19:07:46+00:00","dateModified":"2019-01-23T19:18:37+00:00","breadcrumb":{"@id":"https:\/\/www2.ifsc.usp.br\/graduacao\/graduacao-no-ifsc-usp-ciencias-fisicas-e-biomoleculares\/#breadcrumb"},"inLanguage":"pt-BR","potentialAction":[{"@type":"ReadAction","target":["https:\/\/www2.ifsc.usp.br\/graduacao\/graduacao-no-ifsc-usp-ciencias-fisicas-e-biomoleculares\/"]}]},{"@type":"ImageObject","inLanguage":"pt-BR","@id":"https:\/\/www2.ifsc.usp.br\/graduacao\/graduacao-no-ifsc-usp-ciencias-fisicas-e-biomoleculares\/#primaryimage","url":"https:\/\/www2.ifsc.usp.br\/portal-ifsc\/wp-content\/uploads\/2017\/09\/cursos-ifsc-bacharelado-em-ciencias-fisicas-e-biomoleculares-1.jpg","contentUrl":"https:\/\/www2.ifsc.usp.br\/portal-ifsc\/wp-content\/uploads\/2017\/09\/cursos-ifsc-bacharelado-em-ciencias-fisicas-e-biomoleculares-1.jpg"},{"@type":"BreadcrumbList","@id":"https:\/\/www2.ifsc.usp.br\/graduacao\/graduacao-no-ifsc-usp-ciencias-fisicas-e-biomoleculares\/#breadcrumb","itemListElement":[{"@type":"ListItem","position":1,"name":"Home","item":"https:\/\/www2.ifsc.usp.br\/graduacao\/"},{"@type":"ListItem","position":2,"name":"Gradua\u00e7\u00e3o no IFSC\/USP- Ci\u00eancias F\u00edsicas e Biomoleculares"}]},{"@type":"WebSite","@id":"https:\/\/www2.ifsc.usp.br\/graduacao\/#website","url":"https:\/\/www2.ifsc.usp.br\/graduacao\/","name":"Gradua\u00e7\u00e3o IFSC USP","description":"Instituto de F\u00edsica de S\u00e3o Carlos","potentialAction":[{"@type":"SearchAction","target":{"@type":"EntryPoint","urlTemplate":"https:\/\/www2.ifsc.usp.br\/graduacao\/?s={search_term_string}"},"query-input":{"@type":"PropertyValueSpecification","valueRequired":true,"valueName":"search_term_string"}}],"inLanguage":"pt-BR"}]}},"_links":{"self":[{"href":"https:\/\/www2.ifsc.usp.br\/graduacao\/wp-json\/wp\/v2\/pages\/9880","targetHints":{"allow":["GET"]}}],"collection":[{"href":"https:\/\/www2.ifsc.usp.br\/graduacao\/wp-json\/wp\/v2\/pages"}],"about":[{"href":"https:\/\/www2.ifsc.usp.br\/graduacao\/wp-json\/wp\/v2\/types\/page"}],"author":[{"embeddable":true,"href":"https:\/\/www2.ifsc.usp.br\/graduacao\/wp-json\/wp\/v2\/users\/5"}],"replies":[{"embeddable":true,"href":"https:\/\/www2.ifsc.usp.br\/graduacao\/wp-json\/wp\/v2\/comments?post=9880"}],"version-history":[{"count":3,"href":"https:\/\/www2.ifsc.usp.br\/graduacao\/wp-json\/wp\/v2\/pages\/9880\/revisions"}],"predecessor-version":[{"id":9888,"href":"https:\/\/www2.ifsc.usp.br\/graduacao\/wp-json\/wp\/v2\/pages\/9880\/revisions\/9888"}],"wp:attachment":[{"href":"https:\/\/www2.ifsc.usp.br\/graduacao\/wp-json\/wp\/v2\/media?parent=9880"}],"curies":[{"name":"wp","href":"https:\/\/api.w.org\/{rel}","templated":true}]}}