{"id":9815,"date":"2019-01-22T16:48:38","date_gmt":"2019-01-22T18:48:38","guid":{"rendered":"http:\/\/www2.ifsc.usp.br\/graduacao\/?page_id=9815"},"modified":"2019-01-23T18:04:02","modified_gmt":"2019-01-23T20:04:02","slug":"fisica-computacional","status":"publish","type":"page","link":"https:\/\/www2.ifsc.usp.br\/graduacao\/fisica-computacional\/","title":{"rendered":"Bacharelado em F\u00edsica Computacional"},"content":{"rendered":"<div class=\"content_row default-style no-composer fullwidth\">\n<div class=\"content_row_wrapper clearfix \">\n<div class=\"col col-sm-12 col-xs-12 \">\n<p>\u201cEm um bate-papo do qual participei em uma feira de profiss\u00f5es, um estudante do ensino m\u00e9dio me procurou perguntando sobre o curso. A primeira pergunta que fiz a ele foi: \u2018voc\u00ea gosta de f\u00edsica?\u2019, e ele me disse que n\u00e3o. Respondi, ent\u00e3o, que nosso curso n\u00e3o era para ele\u201d, conta Tereza Cristina da Rocha Mendes, coordenadora do curso de Bacharelado em F\u00edsica Computacional do Instituto de F\u00edsica de S\u00e3o Carlos (IFSC\/USP).<\/p>\n<p>Pode ser uma resposta desanimadora e decepcionante para muitos vestibulandos, mas essa consci\u00eancia \u00e9 essencial para evitar frustra\u00e7\u00f5es posteriores. Isso, porque a F\u00edsica Computacional do IFSC \u00e9 um curso de\u2026 f\u00edsica. \u201cAs mat\u00e9rias de computa\u00e7\u00e3o da grade do curso s\u00e3o aplicadas, contemplando matem\u00e1tica, redes complexas, entre outros, mas a forma\u00e7\u00e3o b\u00e1sica \u00e9 em f\u00edsica, n\u00e3o em computa\u00e7\u00e3o\u201d, esclarece Tereza.<\/p>\n<p>Assim como os outros cursos de gradua\u00e7\u00e3o do IFSC, nos dois primeiros anos, o aluno precisa cumprir o ciclo b\u00e1sico do curso, essencialmente com disciplinas de f\u00edsica, matem\u00e1tica e qu\u00edmica. Passado o ciclo b\u00e1sico, o estudante de f\u00edsica computacional do IFSC poder\u00e1 escolher disciplinas mais espec\u00edficas, entre elas aquelas relacionadas \u00e0 computa\u00e7\u00e3o. Esse ser\u00e1 o momento de escolher entre as tr\u00eas \u201ctrilhas\u201d do curso: m\u00e9todos computacionais, an\u00e1lise de imagens e instrumenta\u00e7\u00e3o eletr\u00f4nica.<\/p>\n<p><strong>Qual o diferencial da F\u00edsica Computacional no IFSC?<\/strong><\/p>\n<p>Al\u00e9m de ser pioneiro no Brasil, um dos principais diferenciais do curso \u00e9 que as disciplinas de f\u00edsica foram \u201cadaptadas\u201d \u00e0 realidade computacional. Com a reformula\u00e7\u00e3o do curso em 2017, diversas disciplinas novas foram criadas, ampliando ainda mais o leque de conhecimentos que o aluno pode adquirir durante o curso.<\/p>\n<p><img loading=\"lazy\" decoding=\"async\" class=\"alignright size-full wp-image-16701\" src=\"https:\/\/www2.ifsc.usp.br\/portal-ifsc\/wp-content\/uploads\/2017\/09\/cursos-ifsc-bacharelado-em-fisica-computacional-1.jpg\" sizes=\"auto, (max-width: 451px) 100vw, 451px\" srcset=\"https:\/\/www2.ifsc.usp.br\/portal-ifsc\/wp-content\/uploads\/2017\/09\/cursos-ifsc-bacharelado-em-fisica-computacional-1.jpg 451w, https:\/\/www2.ifsc.usp.br\/portal-ifsc\/wp-content\/uploads\/2017\/09\/cursos-ifsc-bacharelado-em-fisica-computacional-1-300x200.jpg 300w\" alt=\"\" width=\"451\" height=\"300\" \/>Ou seja, em vez de fazer somente a disciplina de eletromagnetismo, o aluno tamb\u00e9m poder\u00e1 cursar eletromagnetismo computacional, mec\u00e2nica cl\u00e1ssica computacional, f\u00edsica estat\u00edstica computacional etc. \u201cEsse \u00e9 um perfil mais de f\u00edsico. Mas o aluno que quiser, por exemplo, caminhar para matem\u00e1tica aplicada voltada a aplica\u00e7\u00f5es em biologia, poder\u00e1 escolher disciplinas que contemplem essa \u00e1rea, sem ter que assistir a outras que pouco tenham a ver com isso, como mec\u00e2nica qu\u00e2ntica avan\u00e7ada, por exemplo\u201d, elucida a coordenadora do curso.<\/p>\n<p>Depois de ter uma forma\u00e7\u00e3o s\u00f3lida em disciplinas de f\u00edsica, o aluno poder\u00e1 optar por uma das trilhas mencionadas acima. Ou seja, caso tenha interesse em fazer simula\u00e7\u00f5es sobre o espalhamento de epidemias antes mesmo de sua prolifera\u00e7\u00e3o, ou avaliar a situa\u00e7\u00e3o da bolsa de valores e decidir se vale a pena comprar a\u00e7\u00f5es de uma determinada empresa, o aluno pode optar pela trilha de m\u00e9todos computacionais. Se preferir criar um dispositivo que fa\u00e7a o diagn\u00f3stico preciso de uma doen\u00e7a ou entender como determinada personalidade influencia a opini\u00e3o p\u00fablica, o aluno poder\u00e1 utilizar an\u00e1lise de imagens e an\u00e1lise de redes, respectivamente. J\u00e1 aqueles dispostos a entender mais sobre <em>hardwares<\/em> inteligentes, a instrumenta\u00e7\u00e3o \u00e9 o caminho. \u201cAntes de chegar no 3\u00ba ano de curso, quando o aluno precisar\u00e1 definir qual trilha seguir\u00e1, ele ter\u00e1 tutoria dos docentes para ajud\u00e1-lo a escolher a mais adequada a seus interesses\u201d, diz Tereza.<\/p>\n<p>Ela ainda deixa claro que, mesmo optando por uma \u00fanica trilha, os alunos ter\u00e3o forte contato com as restantes, inclusive atrav\u00e9s de seus pr\u00f3prios colegas. \u201cN\u00e3o \u00e9 poss\u00edvel que o aluno assista a todas as disciplinas que envolvem as tr\u00eas trilhas, mas dentro das disciplinas h\u00e1 uma forte integra\u00e7\u00e3o entre elas. Al\u00e9m disso, o aluno tamb\u00e9m ter\u00e1 contato com as outras trilhas atrav\u00e9s de amigos ou colegas de classe que optem por uma trilha diferente da sua\u201d.<\/p>\n<p><strong>O que poderei fazer depois de me formar?<\/strong><\/p>\n<p>Carinhosamente abreviado pelos alunos como \u201cFisComp\u201d, o curso oferece uma vastid\u00e3o de aplica\u00e7\u00f5es e possibilidades de pesquisa e trabalho. E mesmo aqueles ainda n\u00e3o formados no curso conseguem ter essa vis\u00e3o, a exemplo dos estudantes Caio Dallaqua e Rafael Quaresma, do 3\u00ba e 2\u00ba ano do curso, respectivamente. \u00a0\u201cPara mim, a FisComp parecia a f\u00edsica do s\u00e9culo XXI e, pelo jeito, eu n\u00e3o estava enganado\u201d, diz Caio.<\/p>\n<p>Os dois alunos mostram grande entusiasmo ao falar do curso, j\u00e1 que ambos, desde o ensino m\u00e9dio, compartilham verdadeiro gosto por f\u00edsica e computa\u00e7\u00e3o. \u201cMesmo antes de ter aulas de f\u00edsica eu j\u00e1 gostava da mat\u00e9ria. Sempre gostei de programa\u00e7\u00e3o tamb\u00e9m, e at\u00e9 fiz um curso t\u00e9cnico durante o ensino m\u00e9dio. Ao olhar a grade curricular da FisComp, vi que havia disciplinas das duas \u00e1reas que eu mais gostava, e n\u00e3o tive mais d\u00favidas de que esse seria o curso para mim\u201d, lembra Rafael.<\/p>\n<p>A atua\u00e7\u00e3o do f\u00edsico computacional \u00e9 vasta. Do mundo micro ao macroc\u00f3smico, h\u00e1 um universo de possibilidades, como, por exemplo, fazer a simula\u00e7\u00e3o de voos, descobrir como se movimentam os planetas, prever a chance de vit\u00f3ria de um candidato pol\u00edtico, estudar as malhas de esta\u00e7\u00f5es de metr\u00f4, medir a temperatura da Terra daqui a dois s\u00e9culos, prever as profiss\u00f5es com maiores chances de empregabilidade na pr\u00f3xima d\u00e9cada, antecipar resultados da economia brasileira e mundial, saber qual a chance de seu time do cora\u00e7\u00e3o vencer a pr\u00f3xima rodada do campeonato brasileiro ou descobrir qual ser\u00e1 a pr\u00f3xima revela\u00e7\u00e3o do futebol, criar um novo <em>software<\/em> ou game. Com um computador em m\u00e3os e conhecimentos em f\u00edsica, o c\u00e9u n\u00e3o \u00e9 o limite para o f\u00edsico computacional. \u201cDizer o que o f\u00edsico computacional pode fazer \u00e9 f\u00e1cil; dif\u00edcil \u00e9 dizer o que ele n\u00e3o pode fazer\u201d, afirma Caio.<\/p>\n<p>Mas nem tudo s\u00e3o flores. Tanto Caio quanto Rafael afirmam que o estudante de FisComp precisa dispor de muito tempo e dedica\u00e7\u00e3o. S\u00e3o diversas disciplinas e muito trabalho a se fazer. \u201cN\u00e3o \u00e9 nem uma quest\u00e3o de ser legal ou chato, mas exige bastante. O maior desafio, portanto, \u00e9 absorver uma grande quantidade de informa\u00e7\u00f5es. Por outro lado, o maior incentivo \u00e9 poder encontrar respostas para as perguntas mais complexas que voc\u00ea tiver\u201d, conclui Rafael.<\/p>\n<p>Dura\u00e7\u00e3o: 4 anos<\/p>\n<p>Grade curricular: clique <a href=\"https:\/\/www2.ifsc.usp.br\/graduacao\/grade-curricular\/\">aqui<\/a> para acessar<\/p>\n<p>Grade curricular sob a perspectiva do projeto pol\u00edtico pedag\u00f3gico: clique <a href=\"https:\/\/www2.ifsc.usp.br\/graduacao\/projeto-pedagogico\/\">aqui<\/a>\u00a0para acessar<\/p>\n<p style=\"text-align: right;\">Assessoria de Comunica\u00e7\u00e3o- IFSC\/USP<\/p>\n<\/div>\n<\/div>\n<\/div>\n","protected":false},"excerpt":{"rendered":"<p>\u201cEm um bate-papo do qual participei em uma feira de profiss\u00f5es, um estudante do ensino m\u00e9dio me procurou perguntando sobre o curso. A primeira pergunta que fiz a ele foi: \u2018voc\u00ea gosta de f\u00edsica?\u2019, e ele me disse que n\u00e3o. Respondi, ent\u00e3o, que nosso curso n\u00e3o era para ele\u201d, conta Tereza Cristina da Rocha Mendes, [&hellip;]<\/p>\n","protected":false},"author":6,"featured_media":0,"parent":0,"menu_order":0,"comment_status":"closed","ping_status":"closed","template":"","meta":{"footnotes":""},"class_list":["post-9815","page","type-page","status-publish","hentry"],"yoast_head":"<!-- This site is optimized with the Yoast SEO plugin v27.1.1 - https:\/\/yoast.com\/product\/yoast-seo-wordpress\/ -->\n<title>Bacharelado em F\u00edsica Computacional - Gradua\u00e7\u00e3o IFSC USP<\/title>\n<meta name=\"robots\" content=\"index, follow, max-snippet:-1, max-image-preview:large, max-video-preview:-1\" \/>\n<link rel=\"canonical\" href=\"http:\/\/www2.ifsc.usp.br\/graduacao\/fisica-computacional\/\" \/>\n<meta property=\"og:locale\" content=\"pt_BR\" \/>\n<meta property=\"og:type\" content=\"article\" \/>\n<meta property=\"og:title\" content=\"Bacharelado em F\u00edsica Computacional - Gradua\u00e7\u00e3o IFSC USP\" \/>\n<meta property=\"og:description\" content=\"\u201cEm um bate-papo do qual participei em uma feira de profiss\u00f5es, um estudante do ensino m\u00e9dio me procurou perguntando sobre o curso. A primeira pergunta que fiz a ele foi: \u2018voc\u00ea gosta de f\u00edsica?\u2019, e ele me disse que n\u00e3o. Respondi, ent\u00e3o, que nosso curso n\u00e3o era para ele\u201d, conta Tereza Cristina da Rocha Mendes, [&hellip;]\" \/>\n<meta property=\"og:url\" content=\"http:\/\/www2.ifsc.usp.br\/graduacao\/fisica-computacional\/\" \/>\n<meta property=\"og:site_name\" content=\"Gradua\u00e7\u00e3o IFSC USP\" \/>\n<meta property=\"article:modified_time\" content=\"2019-01-23T20:04:02+00:00\" \/>\n<meta property=\"og:image\" content=\"https:\/\/www2.ifsc.usp.br\/portal-ifsc\/wp-content\/uploads\/2017\/09\/cursos-ifsc-bacharelado-em-fisica-computacional-1.jpg\" \/>\n<meta name=\"twitter:card\" content=\"summary_large_image\" \/>\n<meta name=\"twitter:label1\" content=\"Est. tempo de leitura\" \/>\n\t<meta name=\"twitter:data1\" content=\"5 minutos\" \/>\n<script type=\"application\/ld+json\" class=\"yoast-schema-graph\">{\"@context\":\"https:\/\/schema.org\",\"@graph\":[{\"@type\":\"WebPage\",\"@id\":\"http:\/\/www2.ifsc.usp.br\/graduacao\/fisica-computacional\/\",\"url\":\"http:\/\/www2.ifsc.usp.br\/graduacao\/fisica-computacional\/\",\"name\":\"Bacharelado em F\u00edsica Computacional - Gradua\u00e7\u00e3o IFSC USP\",\"isPartOf\":{\"@id\":\"https:\/\/www2.ifsc.usp.br\/graduacao\/#website\"},\"primaryImageOfPage\":{\"@id\":\"http:\/\/www2.ifsc.usp.br\/graduacao\/fisica-computacional\/#primaryimage\"},\"image\":{\"@id\":\"http:\/\/www2.ifsc.usp.br\/graduacao\/fisica-computacional\/#primaryimage\"},\"thumbnailUrl\":\"https:\/\/www2.ifsc.usp.br\/portal-ifsc\/wp-content\/uploads\/2017\/09\/cursos-ifsc-bacharelado-em-fisica-computacional-1.jpg\",\"datePublished\":\"2019-01-22T18:48:38+00:00\",\"dateModified\":\"2019-01-23T20:04:02+00:00\",\"breadcrumb\":{\"@id\":\"http:\/\/www2.ifsc.usp.br\/graduacao\/fisica-computacional\/#breadcrumb\"},\"inLanguage\":\"pt-BR\",\"potentialAction\":[{\"@type\":\"ReadAction\",\"target\":[\"http:\/\/www2.ifsc.usp.br\/graduacao\/fisica-computacional\/\"]}]},{\"@type\":\"ImageObject\",\"inLanguage\":\"pt-BR\",\"@id\":\"http:\/\/www2.ifsc.usp.br\/graduacao\/fisica-computacional\/#primaryimage\",\"url\":\"https:\/\/www2.ifsc.usp.br\/portal-ifsc\/wp-content\/uploads\/2017\/09\/cursos-ifsc-bacharelado-em-fisica-computacional-1.jpg\",\"contentUrl\":\"https:\/\/www2.ifsc.usp.br\/portal-ifsc\/wp-content\/uploads\/2017\/09\/cursos-ifsc-bacharelado-em-fisica-computacional-1.jpg\"},{\"@type\":\"BreadcrumbList\",\"@id\":\"http:\/\/www2.ifsc.usp.br\/graduacao\/fisica-computacional\/#breadcrumb\",\"itemListElement\":[{\"@type\":\"ListItem\",\"position\":1,\"name\":\"Home\",\"item\":\"https:\/\/www2.ifsc.usp.br\/graduacao\/\"},{\"@type\":\"ListItem\",\"position\":2,\"name\":\"Bacharelado em F\u00edsica Computacional\"}]},{\"@type\":\"WebSite\",\"@id\":\"https:\/\/www2.ifsc.usp.br\/graduacao\/#website\",\"url\":\"https:\/\/www2.ifsc.usp.br\/graduacao\/\",\"name\":\"Gradua\u00e7\u00e3o IFSC USP\",\"description\":\"Instituto de F\u00edsica de S\u00e3o Carlos\",\"potentialAction\":[{\"@type\":\"SearchAction\",\"target\":{\"@type\":\"EntryPoint\",\"urlTemplate\":\"https:\/\/www2.ifsc.usp.br\/graduacao\/?s={search_term_string}\"},\"query-input\":{\"@type\":\"PropertyValueSpecification\",\"valueRequired\":true,\"valueName\":\"search_term_string\"}}],\"inLanguage\":\"pt-BR\"}]}<\/script>\n<!-- \/ Yoast SEO plugin. -->","yoast_head_json":{"title":"Bacharelado em F\u00edsica Computacional - Gradua\u00e7\u00e3o IFSC USP","robots":{"index":"index","follow":"follow","max-snippet":"max-snippet:-1","max-image-preview":"max-image-preview:large","max-video-preview":"max-video-preview:-1"},"canonical":"http:\/\/www2.ifsc.usp.br\/graduacao\/fisica-computacional\/","og_locale":"pt_BR","og_type":"article","og_title":"Bacharelado em F\u00edsica Computacional - Gradua\u00e7\u00e3o IFSC USP","og_description":"\u201cEm um bate-papo do qual participei em uma feira de profiss\u00f5es, um estudante do ensino m\u00e9dio me procurou perguntando sobre o curso. A primeira pergunta que fiz a ele foi: \u2018voc\u00ea gosta de f\u00edsica?\u2019, e ele me disse que n\u00e3o. Respondi, ent\u00e3o, que nosso curso n\u00e3o era para ele\u201d, conta Tereza Cristina da Rocha Mendes, [&hellip;]","og_url":"http:\/\/www2.ifsc.usp.br\/graduacao\/fisica-computacional\/","og_site_name":"Gradua\u00e7\u00e3o IFSC USP","article_modified_time":"2019-01-23T20:04:02+00:00","og_image":[{"url":"https:\/\/www2.ifsc.usp.br\/portal-ifsc\/wp-content\/uploads\/2017\/09\/cursos-ifsc-bacharelado-em-fisica-computacional-1.jpg","type":"","width":"","height":""}],"twitter_card":"summary_large_image","twitter_misc":{"Est. tempo de leitura":"5 minutos"},"schema":{"@context":"https:\/\/schema.org","@graph":[{"@type":"WebPage","@id":"http:\/\/www2.ifsc.usp.br\/graduacao\/fisica-computacional\/","url":"http:\/\/www2.ifsc.usp.br\/graduacao\/fisica-computacional\/","name":"Bacharelado em F\u00edsica Computacional - Gradua\u00e7\u00e3o IFSC USP","isPartOf":{"@id":"https:\/\/www2.ifsc.usp.br\/graduacao\/#website"},"primaryImageOfPage":{"@id":"http:\/\/www2.ifsc.usp.br\/graduacao\/fisica-computacional\/#primaryimage"},"image":{"@id":"http:\/\/www2.ifsc.usp.br\/graduacao\/fisica-computacional\/#primaryimage"},"thumbnailUrl":"https:\/\/www2.ifsc.usp.br\/portal-ifsc\/wp-content\/uploads\/2017\/09\/cursos-ifsc-bacharelado-em-fisica-computacional-1.jpg","datePublished":"2019-01-22T18:48:38+00:00","dateModified":"2019-01-23T20:04:02+00:00","breadcrumb":{"@id":"http:\/\/www2.ifsc.usp.br\/graduacao\/fisica-computacional\/#breadcrumb"},"inLanguage":"pt-BR","potentialAction":[{"@type":"ReadAction","target":["http:\/\/www2.ifsc.usp.br\/graduacao\/fisica-computacional\/"]}]},{"@type":"ImageObject","inLanguage":"pt-BR","@id":"http:\/\/www2.ifsc.usp.br\/graduacao\/fisica-computacional\/#primaryimage","url":"https:\/\/www2.ifsc.usp.br\/portal-ifsc\/wp-content\/uploads\/2017\/09\/cursos-ifsc-bacharelado-em-fisica-computacional-1.jpg","contentUrl":"https:\/\/www2.ifsc.usp.br\/portal-ifsc\/wp-content\/uploads\/2017\/09\/cursos-ifsc-bacharelado-em-fisica-computacional-1.jpg"},{"@type":"BreadcrumbList","@id":"http:\/\/www2.ifsc.usp.br\/graduacao\/fisica-computacional\/#breadcrumb","itemListElement":[{"@type":"ListItem","position":1,"name":"Home","item":"https:\/\/www2.ifsc.usp.br\/graduacao\/"},{"@type":"ListItem","position":2,"name":"Bacharelado em F\u00edsica Computacional"}]},{"@type":"WebSite","@id":"https:\/\/www2.ifsc.usp.br\/graduacao\/#website","url":"https:\/\/www2.ifsc.usp.br\/graduacao\/","name":"Gradua\u00e7\u00e3o IFSC USP","description":"Instituto de F\u00edsica de S\u00e3o Carlos","potentialAction":[{"@type":"SearchAction","target":{"@type":"EntryPoint","urlTemplate":"https:\/\/www2.ifsc.usp.br\/graduacao\/?s={search_term_string}"},"query-input":{"@type":"PropertyValueSpecification","valueRequired":true,"valueName":"search_term_string"}}],"inLanguage":"pt-BR"}]}},"_links":{"self":[{"href":"https:\/\/www2.ifsc.usp.br\/graduacao\/wp-json\/wp\/v2\/pages\/9815","targetHints":{"allow":["GET"]}}],"collection":[{"href":"https:\/\/www2.ifsc.usp.br\/graduacao\/wp-json\/wp\/v2\/pages"}],"about":[{"href":"https:\/\/www2.ifsc.usp.br\/graduacao\/wp-json\/wp\/v2\/types\/page"}],"author":[{"embeddable":true,"href":"https:\/\/www2.ifsc.usp.br\/graduacao\/wp-json\/wp\/v2\/users\/6"}],"replies":[{"embeddable":true,"href":"https:\/\/www2.ifsc.usp.br\/graduacao\/wp-json\/wp\/v2\/comments?post=9815"}],"version-history":[{"count":3,"href":"https:\/\/www2.ifsc.usp.br\/graduacao\/wp-json\/wp\/v2\/pages\/9815\/revisions"}],"predecessor-version":[{"id":9898,"href":"https:\/\/www2.ifsc.usp.br\/graduacao\/wp-json\/wp\/v2\/pages\/9815\/revisions\/9898"}],"wp:attachment":[{"href":"https:\/\/www2.ifsc.usp.br\/graduacao\/wp-json\/wp\/v2\/media?parent=9815"}],"curies":[{"name":"wp","href":"https:\/\/api.w.org\/{rel}","templated":true}]}}