{"id":8416,"date":"2017-04-18T10:55:35","date_gmt":"2017-04-18T13:55:35","guid":{"rendered":"http:\/\/www2.ifsc.usp.br\/graduacao\/?page_id=8416"},"modified":"2022-01-05T10:11:15","modified_gmt":"2022-01-05T13:11:15","slug":"links-uteis","status":"publish","type":"page","link":"https:\/\/www2.ifsc.usp.br\/graduacao\/links-uteis\/","title":{"rendered":"Links \u00fateis"},"content":{"rendered":"<p>[vc_row rt_row_background_width=&#8221;default&#8221; rt_row_style=&#8221;default-style&#8221; rt_row_borders=&#8221;&#8221; rt_row_paddings=&#8221;true&#8221; rt_bg_effect=&#8221;classic&#8221; rt_bg_image_repeat=&#8221;repeat&#8221; rt_bg_size=&#8221;cover&#8221; rt_bg_position=&#8221;right top&#8221; rt_bg_attachment=&#8221;scroll&#8221; rt_bg_video_format=&#8221;self-hosted&#8221;][vc_column rt_wrp_col_paddings=&#8221;false&#8221; rt_border_top=&#8221;&#8221; rt_border_bottom=&#8221;&#8221; rt_border_left=&#8221;&#8221; rt_border_right=&#8221;&#8221; rt_border_top_mobile=&#8221;&#8221; rt_border_bottom_mobile=&#8221;&#8221; rt_border_left_mobile=&#8221;&#8221; rt_border_right_mobile=&#8221;&#8221; rt_bg_image_repeat=&#8221;repeat&#8221; rt_bg_size=&#8221;auto auto&#8221; rt_bg_position=&#8221;right top&#8221; rt_bg_attachment=&#8221;scroll&#8221;][vc_column_text]<\/p>\n<ul>\n<li>USP S\u00e3o Carlos &#8211; <a href=\"http:\/\/www.puspsc.usp.br\" target=\"_blank\" rel=\"noopener\">http:\/\/www.puspsc.usp.br<\/a><\/li>\n<li>#vocetambempode &#8211; <a href=\"http:\/\/www.prg.usp.br\/?page_id=15640\" target=\"_blank\" rel=\"noopener\">http:\/\/www.prg.usp.br\/?page_id=15640<\/a><\/li>\n<li>USP e as Profiss\u00f5es &#8211; <a href=\"https:\/\/prceu.usp.br\/programa\/usp-e-as-profissoes\/\" target=\"_blank\" rel=\"noopener\">https:\/\/prceu.usp.br\/programa\/usp-e-as-profissoes\/<\/a><\/li>\n<li>Pr\u00f3-Reitoria de Gradua\u00e7\u00e3o &#8211;<a href=\"http:\/\/www.prg.usp.br\/\" target=\"_blank\" rel=\"noopener\"> http:\/\/www.prg.usp.br\/<\/a><\/li>\n<li>Pr\u00f3-Reitoria de Pesquisa &#8211; <a href=\"http:\/\/www.prp.usp.br\/\" target=\"_blank\" rel=\"noopener\">http:\/\/www.prp.usp.br\/<\/a><\/li>\n<li>Pr\u00f3-Reitoria de Cultura e Extens\u00e3o Universit\u00e1ria &#8211; <a href=\"http:\/\/www.prceu.usp.br\/\" target=\"_blank\" rel=\"noopener\">http:\/\/www.prceu.usp.br\/<\/a><\/li>\n<li>Conselho Nacional de Desenvolvimento Cient\u00edfico e Tecnol\u00f3gico &#8211; <a href=\"http:\/\/www.cnpq.br\/\" target=\"_blank\" rel=\"noopener\">http:\/\/www.cnpq.br\/<\/a><\/li>\n<li>Funda\u00e7\u00e3o de Amparo \u00e0 Pesquisa do Estado de S\u00e3o Paulo &#8211; <a href=\"http:\/\/www.fapesp.br\/\" target=\"_blank\" rel=\"noopener\">http:\/\/www.fapesp.br\/<\/a><\/li>\n<li>Centro de Divulga\u00e7\u00e3o Cient\u00edfica e Cultural &#8211; <a href=\"http:\/\/www.cdcc.usp.br\/\" target=\"_blank\" rel=\"noopener\">http:\/\/www.cdcc.usp.br\/<\/a><\/li>\n<li>Rela\u00e7\u00f5es Internacionais da USP &#8211; <a href=\"http:\/\/www.usp.br\/internationaloffice\/\" target=\"_blank\" rel=\"noopener\">http:\/\/www.usp.br\/internationaloffice\/<\/a><\/li>\n<li>IFSC Jr &#8211; <a href=\"https:\/\/cursos.ifsc.usp.br\/index.php\/instalacoes\/ifsc-junior\" target=\"_blank\" rel=\"noopener\">https:\/\/cursos.ifsc.usp.br\/index.php\/instalacoes\/ifsc-junior<\/a><\/li>\n<li><span class=\"d2edcug0 hpfvmrgz qv66sw1b c1et5uql lr9zc1uh a8c37x1j fe6kdd0r mau55g9w c8b282yb keod5gw0 nxhoafnm aigsh9s9 d3f4x2em iv3no6db jq4qci2q a3bd9o3v b1v8xokw oo9gr5id hzawbc8m\" dir=\"auto\"><span class=\"d2edcug0 hpfvmrgz qv66sw1b c1et5uql lr9zc1uh jq4qci2q a3bd9o3v b1v8xokw oo9gr5id hzawbc8m\">Centro de Estudos da F\u00edsica de S\u00e3o Carlos- <\/span><\/span>CEFiSC &#8211; Facebook: <a href=\"https:\/\/www.facebook.com\/cefisc\/\" target=\"_blank\" rel=\"noopener\">https:\/\/www.facebook.com\/cefisc\/<\/a><\/li>\n<li>Secretaria Acad\u00eamica da Licenciatura em Ci\u00eancias Exatas- SACEx &#8211; Facebook: <a href=\"https:\/\/www.facebook.com\/sacex.usp\/\" target=\"_blank\" rel=\"noopener\">https:\/\/www.facebook.com\/sacex.usp\/<\/a><\/li>\n<\/ul>\n<p>[\/vc_column_text][\/vc_column][\/vc_row]<\/p>\n","protected":false},"excerpt":{"rendered":"<p>[vc_row rt_row_background_width=&#8221;default&#8221; rt_row_style=&#8221;default-style&#8221; rt_row_borders=&#8221;&#8221; rt_row_paddings=&#8221;true&#8221; rt_bg_effect=&#8221;classic&#8221; rt_bg_image_repeat=&#8221;repeat&#8221; rt_bg_size=&#8221;cover&#8221; rt_bg_position=&#8221;right top&#8221; rt_bg_attachment=&#8221;scroll&#8221; rt_bg_video_format=&#8221;self-hosted&#8221;][vc_column rt_wrp_col_paddings=&#8221;false&#8221; rt_border_top=&#8221;&#8221; rt_border_bottom=&#8221;&#8221; rt_border_left=&#8221;&#8221; rt_border_right=&#8221;&#8221; rt_border_top_mobile=&#8221;&#8221; rt_border_bottom_mobile=&#8221;&#8221; rt_border_left_mobile=&#8221;&#8221; rt_border_right_mobile=&#8221;&#8221; rt_bg_image_repeat=&#8221;repeat&#8221; rt_bg_size=&#8221;auto auto&#8221; rt_bg_position=&#8221;right top&#8221; rt_bg_attachment=&#8221;scroll&#8221;][vc_column_text] USP S\u00e3o Carlos &#8211; http:\/\/www.puspsc.usp.br #vocetambempode &#8211; http:\/\/www.prg.usp.br\/?page_id=15640 USP e as Profiss\u00f5es &#8211; https:\/\/prceu.usp.br\/programa\/usp-e-as-profissoes\/ Pr\u00f3-Reitoria de Gradua\u00e7\u00e3o &#8211; http:\/\/www.prg.usp.br\/ Pr\u00f3-Reitoria de Pesquisa &#8211; http:\/\/www.prp.usp.br\/ Pr\u00f3-Reitoria de Cultura e [&hellip;]<\/p>\n","protected":false},"author":2,"featured_media":0,"parent":0,"menu_order":0,"comment_status":"closed","ping_status":"closed","template":"","meta":{"footnotes":""},"class_list":["post-8416","page","type-page","status-publish","hentry"],"yoast_head":"<!-- This site is optimized with the Yoast SEO plugin v27.1.1 - https:\/\/yoast.com\/product\/yoast-seo-wordpress\/ -->\n<title>Links \u00fateis - Gradua\u00e7\u00e3o IFSC USP<\/title>\n<meta name=\"robots\" content=\"index, follow, max-snippet:-1, max-image-preview:large, max-video-preview:-1\" \/>\n<link rel=\"canonical\" href=\"https:\/\/www2.ifsc.usp.br\/graduacao\/links-uteis\/\" \/>\n<meta property=\"og:locale\" content=\"pt_BR\" \/>\n<meta property=\"og:type\" content=\"article\" \/>\n<meta property=\"og:title\" content=\"Links \u00fateis - Gradua\u00e7\u00e3o IFSC USP\" \/>\n<meta property=\"og:description\" content=\"[vc_row rt_row_background_width=&#8221;default&#8221; rt_row_style=&#8221;default-style&#8221; rt_row_borders=&#8221;&#8221; rt_row_paddings=&#8221;true&#8221; rt_bg_effect=&#8221;classic&#8221; rt_bg_image_repeat=&#8221;repeat&#8221; rt_bg_size=&#8221;cover&#8221; rt_bg_position=&#8221;right top&#8221; rt_bg_attachment=&#8221;scroll&#8221; rt_bg_video_format=&#8221;self-hosted&#8221;][vc_column rt_wrp_col_paddings=&#8221;false&#8221; rt_border_top=&#8221;&#8221; rt_border_bottom=&#8221;&#8221; rt_border_left=&#8221;&#8221; rt_border_right=&#8221;&#8221; rt_border_top_mobile=&#8221;&#8221; rt_border_bottom_mobile=&#8221;&#8221; rt_border_left_mobile=&#8221;&#8221; rt_border_right_mobile=&#8221;&#8221; rt_bg_image_repeat=&#8221;repeat&#8221; rt_bg_size=&#8221;auto auto&#8221; rt_bg_position=&#8221;right top&#8221; rt_bg_attachment=&#8221;scroll&#8221;][vc_column_text] USP S\u00e3o Carlos &#8211; http:\/\/www.puspsc.usp.br #vocetambempode &#8211; http:\/\/www.prg.usp.br\/?page_id=15640 USP e as Profiss\u00f5es &#8211; https:\/\/prceu.usp.br\/programa\/usp-e-as-profissoes\/ Pr\u00f3-Reitoria de Gradua\u00e7\u00e3o &#8211; http:\/\/www.prg.usp.br\/ Pr\u00f3-Reitoria de Pesquisa &#8211; http:\/\/www.prp.usp.br\/ Pr\u00f3-Reitoria de Cultura e [&hellip;]\" \/>\n<meta property=\"og:url\" content=\"https:\/\/www2.ifsc.usp.br\/graduacao\/links-uteis\/\" \/>\n<meta property=\"og:site_name\" content=\"Gradua\u00e7\u00e3o IFSC USP\" \/>\n<meta property=\"article:modified_time\" content=\"2022-01-05T13:11:15+00:00\" \/>\n<meta name=\"twitter:card\" content=\"summary_large_image\" \/>\n<meta name=\"twitter:label1\" content=\"Est. tempo de leitura\" \/>\n\t<meta name=\"twitter:data1\" content=\"1 minuto\" \/>\n<script type=\"application\/ld+json\" class=\"yoast-schema-graph\">{\"@context\":\"https:\/\/schema.org\",\"@graph\":[{\"@type\":\"WebPage\",\"@id\":\"https:\/\/www2.ifsc.usp.br\/graduacao\/links-uteis\/\",\"url\":\"https:\/\/www2.ifsc.usp.br\/graduacao\/links-uteis\/\",\"name\":\"Links \u00fateis - Gradua\u00e7\u00e3o IFSC USP\",\"isPartOf\":{\"@id\":\"https:\/\/www2.ifsc.usp.br\/graduacao\/#website\"},\"datePublished\":\"2017-04-18T13:55:35+00:00\",\"dateModified\":\"2022-01-05T13:11:15+00:00\",\"breadcrumb\":{\"@id\":\"https:\/\/www2.ifsc.usp.br\/graduacao\/links-uteis\/#breadcrumb\"},\"inLanguage\":\"pt-BR\",\"potentialAction\":[{\"@type\":\"ReadAction\",\"target\":[\"https:\/\/www2.ifsc.usp.br\/graduacao\/links-uteis\/\"]}]},{\"@type\":\"BreadcrumbList\",\"@id\":\"https:\/\/www2.ifsc.usp.br\/graduacao\/links-uteis\/#breadcrumb\",\"itemListElement\":[{\"@type\":\"ListItem\",\"position\":1,\"name\":\"Home\",\"item\":\"https:\/\/www2.ifsc.usp.br\/graduacao\/\"},{\"@type\":\"ListItem\",\"position\":2,\"name\":\"Links \u00fateis\"}]},{\"@type\":\"WebSite\",\"@id\":\"https:\/\/www2.ifsc.usp.br\/graduacao\/#website\",\"url\":\"https:\/\/www2.ifsc.usp.br\/graduacao\/\",\"name\":\"Gradua\u00e7\u00e3o IFSC USP\",\"description\":\"Instituto de F\u00edsica de S\u00e3o Carlos\",\"potentialAction\":[{\"@type\":\"SearchAction\",\"target\":{\"@type\":\"EntryPoint\",\"urlTemplate\":\"https:\/\/www2.ifsc.usp.br\/graduacao\/?s={search_term_string}\"},\"query-input\":{\"@type\":\"PropertyValueSpecification\",\"valueRequired\":true,\"valueName\":\"search_term_string\"}}],\"inLanguage\":\"pt-BR\"}]}<\/script>\n<!-- \/ Yoast SEO plugin. -->","yoast_head_json":{"title":"Links \u00fateis - Gradua\u00e7\u00e3o IFSC USP","robots":{"index":"index","follow":"follow","max-snippet":"max-snippet:-1","max-image-preview":"max-image-preview:large","max-video-preview":"max-video-preview:-1"},"canonical":"https:\/\/www2.ifsc.usp.br\/graduacao\/links-uteis\/","og_locale":"pt_BR","og_type":"article","og_title":"Links \u00fateis - Gradua\u00e7\u00e3o IFSC USP","og_description":"[vc_row rt_row_background_width=&#8221;default&#8221; rt_row_style=&#8221;default-style&#8221; rt_row_borders=&#8221;&#8221; rt_row_paddings=&#8221;true&#8221; rt_bg_effect=&#8221;classic&#8221; rt_bg_image_repeat=&#8221;repeat&#8221; rt_bg_size=&#8221;cover&#8221; rt_bg_position=&#8221;right top&#8221; rt_bg_attachment=&#8221;scroll&#8221; rt_bg_video_format=&#8221;self-hosted&#8221;][vc_column rt_wrp_col_paddings=&#8221;false&#8221; rt_border_top=&#8221;&#8221; rt_border_bottom=&#8221;&#8221; rt_border_left=&#8221;&#8221; rt_border_right=&#8221;&#8221; rt_border_top_mobile=&#8221;&#8221; rt_border_bottom_mobile=&#8221;&#8221; rt_border_left_mobile=&#8221;&#8221; rt_border_right_mobile=&#8221;&#8221; rt_bg_image_repeat=&#8221;repeat&#8221; rt_bg_size=&#8221;auto auto&#8221; rt_bg_position=&#8221;right top&#8221; rt_bg_attachment=&#8221;scroll&#8221;][vc_column_text] USP S\u00e3o Carlos &#8211; http:\/\/www.puspsc.usp.br #vocetambempode &#8211; http:\/\/www.prg.usp.br\/?page_id=15640 USP e as Profiss\u00f5es &#8211; https:\/\/prceu.usp.br\/programa\/usp-e-as-profissoes\/ Pr\u00f3-Reitoria de Gradua\u00e7\u00e3o &#8211; http:\/\/www.prg.usp.br\/ Pr\u00f3-Reitoria de Pesquisa &#8211; http:\/\/www.prp.usp.br\/ Pr\u00f3-Reitoria de Cultura e [&hellip;]","og_url":"https:\/\/www2.ifsc.usp.br\/graduacao\/links-uteis\/","og_site_name":"Gradua\u00e7\u00e3o IFSC USP","article_modified_time":"2022-01-05T13:11:15+00:00","twitter_card":"summary_large_image","twitter_misc":{"Est. tempo de leitura":"1 minuto"},"schema":{"@context":"https:\/\/schema.org","@graph":[{"@type":"WebPage","@id":"https:\/\/www2.ifsc.usp.br\/graduacao\/links-uteis\/","url":"https:\/\/www2.ifsc.usp.br\/graduacao\/links-uteis\/","name":"Links \u00fateis - Gradua\u00e7\u00e3o IFSC USP","isPartOf":{"@id":"https:\/\/www2.ifsc.usp.br\/graduacao\/#website"},"datePublished":"2017-04-18T13:55:35+00:00","dateModified":"2022-01-05T13:11:15+00:00","breadcrumb":{"@id":"https:\/\/www2.ifsc.usp.br\/graduacao\/links-uteis\/#breadcrumb"},"inLanguage":"pt-BR","potentialAction":[{"@type":"ReadAction","target":["https:\/\/www2.ifsc.usp.br\/graduacao\/links-uteis\/"]}]},{"@type":"BreadcrumbList","@id":"https:\/\/www2.ifsc.usp.br\/graduacao\/links-uteis\/#breadcrumb","itemListElement":[{"@type":"ListItem","position":1,"name":"Home","item":"https:\/\/www2.ifsc.usp.br\/graduacao\/"},{"@type":"ListItem","position":2,"name":"Links \u00fateis"}]},{"@type":"WebSite","@id":"https:\/\/www2.ifsc.usp.br\/graduacao\/#website","url":"https:\/\/www2.ifsc.usp.br\/graduacao\/","name":"Gradua\u00e7\u00e3o IFSC USP","description":"Instituto de F\u00edsica de S\u00e3o Carlos","potentialAction":[{"@type":"SearchAction","target":{"@type":"EntryPoint","urlTemplate":"https:\/\/www2.ifsc.usp.br\/graduacao\/?s={search_term_string}"},"query-input":{"@type":"PropertyValueSpecification","valueRequired":true,"valueName":"search_term_string"}}],"inLanguage":"pt-BR"}]}},"_links":{"self":[{"href":"https:\/\/www2.ifsc.usp.br\/graduacao\/wp-json\/wp\/v2\/pages\/8416","targetHints":{"allow":["GET"]}}],"collection":[{"href":"https:\/\/www2.ifsc.usp.br\/graduacao\/wp-json\/wp\/v2\/pages"}],"about":[{"href":"https:\/\/www2.ifsc.usp.br\/graduacao\/wp-json\/wp\/v2\/types\/page"}],"author":[{"embeddable":true,"href":"https:\/\/www2.ifsc.usp.br\/graduacao\/wp-json\/wp\/v2\/users\/2"}],"replies":[{"embeddable":true,"href":"https:\/\/www2.ifsc.usp.br\/graduacao\/wp-json\/wp\/v2\/comments?post=8416"}],"version-history":[{"count":6,"href":"https:\/\/www2.ifsc.usp.br\/graduacao\/wp-json\/wp\/v2\/pages\/8416\/revisions"}],"predecessor-version":[{"id":11283,"href":"https:\/\/www2.ifsc.usp.br\/graduacao\/wp-json\/wp\/v2\/pages\/8416\/revisions\/11283"}],"wp:attachment":[{"href":"https:\/\/www2.ifsc.usp.br\/graduacao\/wp-json\/wp\/v2\/media?parent=8416"}],"curies":[{"name":"wp","href":"https:\/\/api.w.org\/{rel}","templated":true}]}}