{"id":8390,"date":"2017-04-13T14:47:42","date_gmt":"2017-04-13T17:47:42","guid":{"rendered":"http:\/\/www2.ifsc.usp.br\/graduacao\/?page_id=8390"},"modified":"2025-09-30T19:49:25","modified_gmt":"2025-09-30T22:49:25","slug":"atendimento","status":"publish","type":"page","link":"https:\/\/www2.ifsc.usp.br\/graduacao\/atendimento\/","title":{"rendered":"Atendimento"},"content":{"rendered":"<p><strong>Servi\u00e7o de Gradua\u00e7\u00e3o<\/strong><\/p>\n<p>O Servi\u00e7o de Gradua\u00e7\u00e3o \u00e9 o setor respons\u00e1vel pela aplica\u00e7\u00e3o das regras estatut\u00e1rias e regimentais emanadas dos \u00d3rg\u00e3os superiores, referentes ao ensino de gradua\u00e7\u00e3o no IFSC, bem como pelos procedimentos administrativos que norteiam a vida acad\u00eamica dos seus alunos.<\/p>\n<p><strong>Atendimento:<\/strong><\/p>\n<ul>\n<li>Fl\u00e1via Gomes<\/li>\n<li>Isabel Possatto de Oliveira<\/li>\n<li>Sabrina Di Salvo Mastrantonio<\/li>\n<\/ul>\n<p><strong>Contato:<\/strong><\/p>\n<span class=\"icon-phone\"><\/span> Telefones: (16) 3373-9775 \/ 3373-8099<br \/>\n<img loading=\"lazy\" decoding=\"async\" class=\"alignnone wp-image-10519\" src=\"http:\/\/www2.ifsc.usp.br\/graduacao\/wp-content\/uploads\/2020\/02\/email.png\" alt=\"\" width=\"197\" height=\"24\" \/><\/p>\n<p><strong>Estamos \u00e0 disposi\u00e7\u00e3o para atendimento via e-mail e telefone.<\/strong><\/p>\n<p><strong>Hor\u00e1rio de Atendimento:<\/strong><\/p>\n<p>Diurno: segunda \u00e0 sexta-feira, das 09h30 \u00e0s 11h30 e das 14h \u00e0s 16h.<br \/>\nNoturno: ter\u00e7as-feiras, das 18h \u00e0s 19h, apenas em dias letivos.<\/p>\n<p>Correspond\u00eancias:<br \/>\nInstituto de F\u00edsica de S\u00e3o Carlos &#8211; IFSC\/USP<br \/>\nAv. Trabalhador S\u00e3o-carlense, 400 &#8211; Parque Arnold Schimidt<br \/>\n13566-590 &#8211; S\u00e3o Carlos\/SP<\/p>\n","protected":false},"excerpt":{"rendered":"<p>Servi\u00e7o de Gradua\u00e7\u00e3o O Servi\u00e7o de Gradua\u00e7\u00e3o \u00e9 o setor respons\u00e1vel pela aplica\u00e7\u00e3o das regras estatut\u00e1rias e regimentais emanadas dos \u00d3rg\u00e3os superiores, referentes ao ensino de gradua\u00e7\u00e3o no IFSC, bem como pelos procedimentos administrativos que norteiam a vida acad\u00eamica dos seus alunos. Atendimento: Fl\u00e1via Gomes Isabel Possatto de Oliveira Sabrina Di Salvo Mastrantonio Contato: Telefones: [&hellip;]<\/p>\n","protected":false},"author":2,"featured_media":0,"parent":0,"menu_order":0,"comment_status":"closed","ping_status":"closed","template":"","meta":{"footnotes":""},"class_list":["post-8390","page","type-page","status-publish","hentry"],"yoast_head":"<!-- This site is optimized with the Yoast SEO plugin v27.1.1 - https:\/\/yoast.com\/product\/yoast-seo-wordpress\/ -->\n<title>Atendimento - Gradua\u00e7\u00e3o IFSC USP<\/title>\n<meta name=\"robots\" content=\"index, follow, max-snippet:-1, max-image-preview:large, max-video-preview:-1\" \/>\n<link rel=\"canonical\" href=\"https:\/\/www2.ifsc.usp.br\/graduacao\/atendimento\/\" \/>\n<meta property=\"og:locale\" content=\"pt_BR\" \/>\n<meta property=\"og:type\" content=\"article\" \/>\n<meta property=\"og:title\" content=\"Atendimento - Gradua\u00e7\u00e3o IFSC USP\" \/>\n<meta property=\"og:description\" content=\"Servi\u00e7o de Gradua\u00e7\u00e3o O Servi\u00e7o de Gradua\u00e7\u00e3o \u00e9 o setor respons\u00e1vel pela aplica\u00e7\u00e3o das regras estatut\u00e1rias e regimentais emanadas dos \u00d3rg\u00e3os superiores, referentes ao ensino de gradua\u00e7\u00e3o no IFSC, bem como pelos procedimentos administrativos que norteiam a vida acad\u00eamica dos seus alunos. Atendimento: Fl\u00e1via Gomes Isabel Possatto de Oliveira Sabrina Di Salvo Mastrantonio Contato: Telefones: [&hellip;]\" \/>\n<meta property=\"og:url\" content=\"https:\/\/www2.ifsc.usp.br\/graduacao\/atendimento\/\" \/>\n<meta property=\"og:site_name\" content=\"Gradua\u00e7\u00e3o IFSC USP\" \/>\n<meta property=\"article:modified_time\" content=\"2025-09-30T22:49:25+00:00\" \/>\n<meta property=\"og:image\" content=\"https:\/\/www2.ifsc.usp.br\/graduacao\/wp-content\/uploads\/2020\/02\/email.png\" \/>\n\t<meta property=\"og:image:width\" content=\"262\" \/>\n\t<meta property=\"og:image:height\" content=\"32\" \/>\n\t<meta property=\"og:image:type\" content=\"image\/png\" \/>\n<meta name=\"twitter:card\" content=\"summary_large_image\" \/>\n<meta name=\"twitter:label1\" content=\"Est. tempo de leitura\" \/>\n\t<meta name=\"twitter:data1\" content=\"1 minuto\" \/>\n<script type=\"application\/ld+json\" class=\"yoast-schema-graph\">{\"@context\":\"https:\/\/schema.org\",\"@graph\":[{\"@type\":\"WebPage\",\"@id\":\"https:\/\/www2.ifsc.usp.br\/graduacao\/atendimento\/\",\"url\":\"https:\/\/www2.ifsc.usp.br\/graduacao\/atendimento\/\",\"name\":\"Atendimento - Gradua\u00e7\u00e3o IFSC USP\",\"isPartOf\":{\"@id\":\"https:\/\/www2.ifsc.usp.br\/graduacao\/#website\"},\"primaryImageOfPage\":{\"@id\":\"https:\/\/www2.ifsc.usp.br\/graduacao\/atendimento\/#primaryimage\"},\"image\":{\"@id\":\"https:\/\/www2.ifsc.usp.br\/graduacao\/atendimento\/#primaryimage\"},\"thumbnailUrl\":\"http:\/\/www2.ifsc.usp.br\/graduacao\/wp-content\/uploads\/2020\/02\/email.png\",\"datePublished\":\"2017-04-13T17:47:42+00:00\",\"dateModified\":\"2025-09-30T22:49:25+00:00\",\"breadcrumb\":{\"@id\":\"https:\/\/www2.ifsc.usp.br\/graduacao\/atendimento\/#breadcrumb\"},\"inLanguage\":\"pt-BR\",\"potentialAction\":[{\"@type\":\"ReadAction\",\"target\":[\"https:\/\/www2.ifsc.usp.br\/graduacao\/atendimento\/\"]}]},{\"@type\":\"ImageObject\",\"inLanguage\":\"pt-BR\",\"@id\":\"https:\/\/www2.ifsc.usp.br\/graduacao\/atendimento\/#primaryimage\",\"url\":\"https:\/\/www2.ifsc.usp.br\/graduacao\/wp-content\/uploads\/2020\/02\/email.png\",\"contentUrl\":\"https:\/\/www2.ifsc.usp.br\/graduacao\/wp-content\/uploads\/2020\/02\/email.png\",\"width\":262,\"height\":32},{\"@type\":\"BreadcrumbList\",\"@id\":\"https:\/\/www2.ifsc.usp.br\/graduacao\/atendimento\/#breadcrumb\",\"itemListElement\":[{\"@type\":\"ListItem\",\"position\":1,\"name\":\"Home\",\"item\":\"https:\/\/www2.ifsc.usp.br\/graduacao\/\"},{\"@type\":\"ListItem\",\"position\":2,\"name\":\"Atendimento\"}]},{\"@type\":\"WebSite\",\"@id\":\"https:\/\/www2.ifsc.usp.br\/graduacao\/#website\",\"url\":\"https:\/\/www2.ifsc.usp.br\/graduacao\/\",\"name\":\"Gradua\u00e7\u00e3o IFSC USP\",\"description\":\"Instituto de F\u00edsica de S\u00e3o Carlos\",\"potentialAction\":[{\"@type\":\"SearchAction\",\"target\":{\"@type\":\"EntryPoint\",\"urlTemplate\":\"https:\/\/www2.ifsc.usp.br\/graduacao\/?s={search_term_string}\"},\"query-input\":{\"@type\":\"PropertyValueSpecification\",\"valueRequired\":true,\"valueName\":\"search_term_string\"}}],\"inLanguage\":\"pt-BR\"}]}<\/script>\n<!-- \/ Yoast SEO plugin. -->","yoast_head_json":{"title":"Atendimento - Gradua\u00e7\u00e3o IFSC USP","robots":{"index":"index","follow":"follow","max-snippet":"max-snippet:-1","max-image-preview":"max-image-preview:large","max-video-preview":"max-video-preview:-1"},"canonical":"https:\/\/www2.ifsc.usp.br\/graduacao\/atendimento\/","og_locale":"pt_BR","og_type":"article","og_title":"Atendimento - Gradua\u00e7\u00e3o IFSC USP","og_description":"Servi\u00e7o de Gradua\u00e7\u00e3o O Servi\u00e7o de Gradua\u00e7\u00e3o \u00e9 o setor respons\u00e1vel pela aplica\u00e7\u00e3o das regras estatut\u00e1rias e regimentais emanadas dos \u00d3rg\u00e3os superiores, referentes ao ensino de gradua\u00e7\u00e3o no IFSC, bem como pelos procedimentos administrativos que norteiam a vida acad\u00eamica dos seus alunos. Atendimento: Fl\u00e1via Gomes Isabel Possatto de Oliveira Sabrina Di Salvo Mastrantonio Contato: Telefones: [&hellip;]","og_url":"https:\/\/www2.ifsc.usp.br\/graduacao\/atendimento\/","og_site_name":"Gradua\u00e7\u00e3o IFSC USP","article_modified_time":"2025-09-30T22:49:25+00:00","og_image":[{"width":262,"height":32,"url":"https:\/\/www2.ifsc.usp.br\/graduacao\/wp-content\/uploads\/2020\/02\/email.png","type":"image\/png"}],"twitter_card":"summary_large_image","twitter_misc":{"Est. tempo de leitura":"1 minuto"},"schema":{"@context":"https:\/\/schema.org","@graph":[{"@type":"WebPage","@id":"https:\/\/www2.ifsc.usp.br\/graduacao\/atendimento\/","url":"https:\/\/www2.ifsc.usp.br\/graduacao\/atendimento\/","name":"Atendimento - Gradua\u00e7\u00e3o IFSC USP","isPartOf":{"@id":"https:\/\/www2.ifsc.usp.br\/graduacao\/#website"},"primaryImageOfPage":{"@id":"https:\/\/www2.ifsc.usp.br\/graduacao\/atendimento\/#primaryimage"},"image":{"@id":"https:\/\/www2.ifsc.usp.br\/graduacao\/atendimento\/#primaryimage"},"thumbnailUrl":"http:\/\/www2.ifsc.usp.br\/graduacao\/wp-content\/uploads\/2020\/02\/email.png","datePublished":"2017-04-13T17:47:42+00:00","dateModified":"2025-09-30T22:49:25+00:00","breadcrumb":{"@id":"https:\/\/www2.ifsc.usp.br\/graduacao\/atendimento\/#breadcrumb"},"inLanguage":"pt-BR","potentialAction":[{"@type":"ReadAction","target":["https:\/\/www2.ifsc.usp.br\/graduacao\/atendimento\/"]}]},{"@type":"ImageObject","inLanguage":"pt-BR","@id":"https:\/\/www2.ifsc.usp.br\/graduacao\/atendimento\/#primaryimage","url":"https:\/\/www2.ifsc.usp.br\/graduacao\/wp-content\/uploads\/2020\/02\/email.png","contentUrl":"https:\/\/www2.ifsc.usp.br\/graduacao\/wp-content\/uploads\/2020\/02\/email.png","width":262,"height":32},{"@type":"BreadcrumbList","@id":"https:\/\/www2.ifsc.usp.br\/graduacao\/atendimento\/#breadcrumb","itemListElement":[{"@type":"ListItem","position":1,"name":"Home","item":"https:\/\/www2.ifsc.usp.br\/graduacao\/"},{"@type":"ListItem","position":2,"name":"Atendimento"}]},{"@type":"WebSite","@id":"https:\/\/www2.ifsc.usp.br\/graduacao\/#website","url":"https:\/\/www2.ifsc.usp.br\/graduacao\/","name":"Gradua\u00e7\u00e3o IFSC USP","description":"Instituto de F\u00edsica de S\u00e3o Carlos","potentialAction":[{"@type":"SearchAction","target":{"@type":"EntryPoint","urlTemplate":"https:\/\/www2.ifsc.usp.br\/graduacao\/?s={search_term_string}"},"query-input":{"@type":"PropertyValueSpecification","valueRequired":true,"valueName":"search_term_string"}}],"inLanguage":"pt-BR"}]}},"_links":{"self":[{"href":"https:\/\/www2.ifsc.usp.br\/graduacao\/wp-json\/wp\/v2\/pages\/8390","targetHints":{"allow":["GET"]}}],"collection":[{"href":"https:\/\/www2.ifsc.usp.br\/graduacao\/wp-json\/wp\/v2\/pages"}],"about":[{"href":"https:\/\/www2.ifsc.usp.br\/graduacao\/wp-json\/wp\/v2\/types\/page"}],"author":[{"embeddable":true,"href":"https:\/\/www2.ifsc.usp.br\/graduacao\/wp-json\/wp\/v2\/users\/2"}],"replies":[{"embeddable":true,"href":"https:\/\/www2.ifsc.usp.br\/graduacao\/wp-json\/wp\/v2\/comments?post=8390"}],"version-history":[{"count":29,"href":"https:\/\/www2.ifsc.usp.br\/graduacao\/wp-json\/wp\/v2\/pages\/8390\/revisions"}],"predecessor-version":[{"id":12444,"href":"https:\/\/www2.ifsc.usp.br\/graduacao\/wp-json\/wp\/v2\/pages\/8390\/revisions\/12444"}],"wp:attachment":[{"href":"https:\/\/www2.ifsc.usp.br\/graduacao\/wp-json\/wp\/v2\/media?parent=8390"}],"curies":[{"name":"wp","href":"https:\/\/api.w.org\/{rel}","templated":true}]}}