{"id":8359,"date":"2017-04-13T11:42:43","date_gmt":"2017-04-13T14:42:43","guid":{"rendered":"http:\/\/www2.ifsc.usp.br\/graduacao\/?page_id=8359"},"modified":"2022-01-05T10:28:17","modified_gmt":"2022-01-05T13:28:17","slug":"material-didatico","status":"publish","type":"page","link":"https:\/\/www2.ifsc.usp.br\/graduacao\/material-didatico\/","title":{"rendered":"E-Disciplinas"},"content":{"rendered":"<p>[vc_row rt_row_background_width=&#8221;default&#8221; rt_row_style=&#8221;default-style&#8221; rt_row_borders=&#8221;&#8221; rt_row_paddings=&#8221;true&#8221; rt_bg_effect=&#8221;classic&#8221; rt_bg_image_repeat=&#8221;repeat&#8221; rt_bg_size=&#8221;cover&#8221; rt_bg_position=&#8221;right top&#8221; rt_bg_attachment=&#8221;scroll&#8221; rt_bg_video_format=&#8221;self-hosted&#8221;][vc_column rt_wrp_col_paddings=&#8221;false&#8221; rt_border_top=&#8221;&#8221; rt_border_bottom=&#8221;&#8221; rt_border_left=&#8221;&#8221; rt_border_right=&#8221;&#8221; rt_border_top_mobile=&#8221;&#8221; rt_border_bottom_mobile=&#8221;&#8221; rt_border_left_mobile=&#8221;&#8221; rt_border_right_mobile=&#8221;&#8221; rt_bg_image_repeat=&#8221;repeat&#8221; rt_bg_size=&#8221;auto auto&#8221; rt_bg_position=&#8221;right top&#8221; rt_bg_attachment=&#8221;scroll&#8221;][vc_column_text]O sistema e-Disciplinas, ou Moodle da USP, \u00e9 um ambiente virtual de aprendizagem de apoio \u00e0s disciplinas da USP.<br \/>\nO Moodle da USP \u00e9 uma iniciativa da Superintend\u00eancia de Tecnologia da Informa\u00e7\u00e3o (STI) e da Pr\u00f3-Reitoria de Gradua\u00e7\u00e3o (PRG).<\/p>\n<ul>\n<li><a href=\"https:\/\/edisciplinas.usp.br\/acessar\/\" target=\"_blank\" rel=\"noopener\">https:\/\/edisciplinas.usp.br\/acessar\/<\/a><\/li>\n<\/ul>\n<p>[\/vc_column_text][\/vc_column][\/vc_row]<\/p>\n","protected":false},"excerpt":{"rendered":"<p>[vc_row rt_row_background_width=&#8221;default&#8221; rt_row_style=&#8221;default-style&#8221; rt_row_borders=&#8221;&#8221; rt_row_paddings=&#8221;true&#8221; rt_bg_effect=&#8221;classic&#8221; rt_bg_image_repeat=&#8221;repeat&#8221; rt_bg_size=&#8221;cover&#8221; rt_bg_position=&#8221;right top&#8221; rt_bg_attachment=&#8221;scroll&#8221; rt_bg_video_format=&#8221;self-hosted&#8221;][vc_column rt_wrp_col_paddings=&#8221;false&#8221; rt_border_top=&#8221;&#8221; rt_border_bottom=&#8221;&#8221; rt_border_left=&#8221;&#8221; rt_border_right=&#8221;&#8221; rt_border_top_mobile=&#8221;&#8221; rt_border_bottom_mobile=&#8221;&#8221; rt_border_left_mobile=&#8221;&#8221; rt_border_right_mobile=&#8221;&#8221; rt_bg_image_repeat=&#8221;repeat&#8221; rt_bg_size=&#8221;auto auto&#8221; rt_bg_position=&#8221;right top&#8221; rt_bg_attachment=&#8221;scroll&#8221;][vc_column_text]O sistema e-Disciplinas, ou Moodle da USP, \u00e9 um ambiente virtual de aprendizagem de apoio \u00e0s disciplinas da USP. O Moodle da USP \u00e9 uma iniciativa da Superintend\u00eancia de [&hellip;]<\/p>\n","protected":false},"author":2,"featured_media":0,"parent":0,"menu_order":0,"comment_status":"closed","ping_status":"closed","template":"","meta":{"footnotes":""},"class_list":["post-8359","page","type-page","status-publish","hentry"],"yoast_head":"<!-- This site is optimized with the Yoast SEO plugin v27.1.1 - https:\/\/yoast.com\/product\/yoast-seo-wordpress\/ -->\n<title>E-Disciplinas - Gradua\u00e7\u00e3o IFSC USP<\/title>\n<meta name=\"robots\" content=\"index, follow, max-snippet:-1, max-image-preview:large, max-video-preview:-1\" \/>\n<link rel=\"canonical\" href=\"https:\/\/www2.ifsc.usp.br\/graduacao\/material-didatico\/\" \/>\n<meta property=\"og:locale\" content=\"pt_BR\" \/>\n<meta property=\"og:type\" content=\"article\" \/>\n<meta property=\"og:title\" content=\"E-Disciplinas - Gradua\u00e7\u00e3o IFSC USP\" \/>\n<meta property=\"og:description\" content=\"[vc_row rt_row_background_width=&#8221;default&#8221; rt_row_style=&#8221;default-style&#8221; rt_row_borders=&#8221;&#8221; rt_row_paddings=&#8221;true&#8221; rt_bg_effect=&#8221;classic&#8221; rt_bg_image_repeat=&#8221;repeat&#8221; rt_bg_size=&#8221;cover&#8221; rt_bg_position=&#8221;right top&#8221; rt_bg_attachment=&#8221;scroll&#8221; rt_bg_video_format=&#8221;self-hosted&#8221;][vc_column rt_wrp_col_paddings=&#8221;false&#8221; rt_border_top=&#8221;&#8221; rt_border_bottom=&#8221;&#8221; rt_border_left=&#8221;&#8221; rt_border_right=&#8221;&#8221; rt_border_top_mobile=&#8221;&#8221; rt_border_bottom_mobile=&#8221;&#8221; rt_border_left_mobile=&#8221;&#8221; rt_border_right_mobile=&#8221;&#8221; rt_bg_image_repeat=&#8221;repeat&#8221; rt_bg_size=&#8221;auto auto&#8221; rt_bg_position=&#8221;right top&#8221; rt_bg_attachment=&#8221;scroll&#8221;][vc_column_text]O sistema e-Disciplinas, ou Moodle da USP, \u00e9 um ambiente virtual de aprendizagem de apoio \u00e0s disciplinas da USP. O Moodle da USP \u00e9 uma iniciativa da Superintend\u00eancia de [&hellip;]\" \/>\n<meta property=\"og:url\" content=\"https:\/\/www2.ifsc.usp.br\/graduacao\/material-didatico\/\" \/>\n<meta property=\"og:site_name\" content=\"Gradua\u00e7\u00e3o IFSC USP\" \/>\n<meta property=\"article:modified_time\" content=\"2022-01-05T13:28:17+00:00\" \/>\n<meta name=\"twitter:card\" content=\"summary_large_image\" \/>\n<meta name=\"twitter:label1\" content=\"Est. tempo de leitura\" \/>\n\t<meta name=\"twitter:data1\" content=\"1 minuto\" \/>\n<script type=\"application\/ld+json\" class=\"yoast-schema-graph\">{\"@context\":\"https:\/\/schema.org\",\"@graph\":[{\"@type\":\"WebPage\",\"@id\":\"https:\/\/www2.ifsc.usp.br\/graduacao\/material-didatico\/\",\"url\":\"https:\/\/www2.ifsc.usp.br\/graduacao\/material-didatico\/\",\"name\":\"E-Disciplinas - Gradua\u00e7\u00e3o IFSC USP\",\"isPartOf\":{\"@id\":\"https:\/\/www2.ifsc.usp.br\/graduacao\/#website\"},\"datePublished\":\"2017-04-13T14:42:43+00:00\",\"dateModified\":\"2022-01-05T13:28:17+00:00\",\"breadcrumb\":{\"@id\":\"https:\/\/www2.ifsc.usp.br\/graduacao\/material-didatico\/#breadcrumb\"},\"inLanguage\":\"pt-BR\",\"potentialAction\":[{\"@type\":\"ReadAction\",\"target\":[\"https:\/\/www2.ifsc.usp.br\/graduacao\/material-didatico\/\"]}]},{\"@type\":\"BreadcrumbList\",\"@id\":\"https:\/\/www2.ifsc.usp.br\/graduacao\/material-didatico\/#breadcrumb\",\"itemListElement\":[{\"@type\":\"ListItem\",\"position\":1,\"name\":\"Home\",\"item\":\"https:\/\/www2.ifsc.usp.br\/graduacao\/\"},{\"@type\":\"ListItem\",\"position\":2,\"name\":\"E-Disciplinas\"}]},{\"@type\":\"WebSite\",\"@id\":\"https:\/\/www2.ifsc.usp.br\/graduacao\/#website\",\"url\":\"https:\/\/www2.ifsc.usp.br\/graduacao\/\",\"name\":\"Gradua\u00e7\u00e3o IFSC USP\",\"description\":\"Instituto de F\u00edsica de S\u00e3o Carlos\",\"potentialAction\":[{\"@type\":\"SearchAction\",\"target\":{\"@type\":\"EntryPoint\",\"urlTemplate\":\"https:\/\/www2.ifsc.usp.br\/graduacao\/?s={search_term_string}\"},\"query-input\":{\"@type\":\"PropertyValueSpecification\",\"valueRequired\":true,\"valueName\":\"search_term_string\"}}],\"inLanguage\":\"pt-BR\"}]}<\/script>\n<!-- \/ Yoast SEO plugin. -->","yoast_head_json":{"title":"E-Disciplinas - Gradua\u00e7\u00e3o IFSC USP","robots":{"index":"index","follow":"follow","max-snippet":"max-snippet:-1","max-image-preview":"max-image-preview:large","max-video-preview":"max-video-preview:-1"},"canonical":"https:\/\/www2.ifsc.usp.br\/graduacao\/material-didatico\/","og_locale":"pt_BR","og_type":"article","og_title":"E-Disciplinas - Gradua\u00e7\u00e3o IFSC USP","og_description":"[vc_row rt_row_background_width=&#8221;default&#8221; rt_row_style=&#8221;default-style&#8221; rt_row_borders=&#8221;&#8221; rt_row_paddings=&#8221;true&#8221; rt_bg_effect=&#8221;classic&#8221; rt_bg_image_repeat=&#8221;repeat&#8221; rt_bg_size=&#8221;cover&#8221; rt_bg_position=&#8221;right top&#8221; rt_bg_attachment=&#8221;scroll&#8221; rt_bg_video_format=&#8221;self-hosted&#8221;][vc_column rt_wrp_col_paddings=&#8221;false&#8221; rt_border_top=&#8221;&#8221; rt_border_bottom=&#8221;&#8221; rt_border_left=&#8221;&#8221; rt_border_right=&#8221;&#8221; rt_border_top_mobile=&#8221;&#8221; rt_border_bottom_mobile=&#8221;&#8221; rt_border_left_mobile=&#8221;&#8221; rt_border_right_mobile=&#8221;&#8221; rt_bg_image_repeat=&#8221;repeat&#8221; rt_bg_size=&#8221;auto auto&#8221; rt_bg_position=&#8221;right top&#8221; rt_bg_attachment=&#8221;scroll&#8221;][vc_column_text]O sistema e-Disciplinas, ou Moodle da USP, \u00e9 um ambiente virtual de aprendizagem de apoio \u00e0s disciplinas da USP. O Moodle da USP \u00e9 uma iniciativa da Superintend\u00eancia de [&hellip;]","og_url":"https:\/\/www2.ifsc.usp.br\/graduacao\/material-didatico\/","og_site_name":"Gradua\u00e7\u00e3o IFSC USP","article_modified_time":"2022-01-05T13:28:17+00:00","twitter_card":"summary_large_image","twitter_misc":{"Est. tempo de leitura":"1 minuto"},"schema":{"@context":"https:\/\/schema.org","@graph":[{"@type":"WebPage","@id":"https:\/\/www2.ifsc.usp.br\/graduacao\/material-didatico\/","url":"https:\/\/www2.ifsc.usp.br\/graduacao\/material-didatico\/","name":"E-Disciplinas - Gradua\u00e7\u00e3o IFSC USP","isPartOf":{"@id":"https:\/\/www2.ifsc.usp.br\/graduacao\/#website"},"datePublished":"2017-04-13T14:42:43+00:00","dateModified":"2022-01-05T13:28:17+00:00","breadcrumb":{"@id":"https:\/\/www2.ifsc.usp.br\/graduacao\/material-didatico\/#breadcrumb"},"inLanguage":"pt-BR","potentialAction":[{"@type":"ReadAction","target":["https:\/\/www2.ifsc.usp.br\/graduacao\/material-didatico\/"]}]},{"@type":"BreadcrumbList","@id":"https:\/\/www2.ifsc.usp.br\/graduacao\/material-didatico\/#breadcrumb","itemListElement":[{"@type":"ListItem","position":1,"name":"Home","item":"https:\/\/www2.ifsc.usp.br\/graduacao\/"},{"@type":"ListItem","position":2,"name":"E-Disciplinas"}]},{"@type":"WebSite","@id":"https:\/\/www2.ifsc.usp.br\/graduacao\/#website","url":"https:\/\/www2.ifsc.usp.br\/graduacao\/","name":"Gradua\u00e7\u00e3o IFSC USP","description":"Instituto de F\u00edsica de S\u00e3o Carlos","potentialAction":[{"@type":"SearchAction","target":{"@type":"EntryPoint","urlTemplate":"https:\/\/www2.ifsc.usp.br\/graduacao\/?s={search_term_string}"},"query-input":{"@type":"PropertyValueSpecification","valueRequired":true,"valueName":"search_term_string"}}],"inLanguage":"pt-BR"}]}},"_links":{"self":[{"href":"https:\/\/www2.ifsc.usp.br\/graduacao\/wp-json\/wp\/v2\/pages\/8359","targetHints":{"allow":["GET"]}}],"collection":[{"href":"https:\/\/www2.ifsc.usp.br\/graduacao\/wp-json\/wp\/v2\/pages"}],"about":[{"href":"https:\/\/www2.ifsc.usp.br\/graduacao\/wp-json\/wp\/v2\/types\/page"}],"author":[{"embeddable":true,"href":"https:\/\/www2.ifsc.usp.br\/graduacao\/wp-json\/wp\/v2\/users\/2"}],"replies":[{"embeddable":true,"href":"https:\/\/www2.ifsc.usp.br\/graduacao\/wp-json\/wp\/v2\/comments?post=8359"}],"version-history":[{"count":7,"href":"https:\/\/www2.ifsc.usp.br\/graduacao\/wp-json\/wp\/v2\/pages\/8359\/revisions"}],"predecessor-version":[{"id":11290,"href":"https:\/\/www2.ifsc.usp.br\/graduacao\/wp-json\/wp\/v2\/pages\/8359\/revisions\/11290"}],"wp:attachment":[{"href":"https:\/\/www2.ifsc.usp.br\/graduacao\/wp-json\/wp\/v2\/media?parent=8359"}],"curies":[{"name":"wp","href":"https:\/\/api.w.org\/{rel}","templated":true}]}}