{"id":8291,"date":"2017-04-11T17:26:21","date_gmt":"2017-04-11T20:26:21","guid":{"rendered":"http:\/\/www2.ifsc.usp.br\/graduacao\/?page_id=8291"},"modified":"2025-03-19T08:45:35","modified_gmt":"2025-03-19T11:45:35","slug":"estagio","status":"publish","type":"page","link":"https:\/\/www2.ifsc.usp.br\/graduacao\/estagio\/","title":{"rendered":"Est\u00e1gio"},"content":{"rendered":"<p>[vc_row rt_row_background_width=&#8221;default&#8221; rt_row_style=&#8221;default-style&#8221; rt_row_borders=&#8221;&#8221; rt_row_paddings=&#8221;true&#8221; rt_bg_effect=&#8221;classic&#8221; rt_bg_image_repeat=&#8221;repeat&#8221; rt_bg_size=&#8221;cover&#8221; rt_bg_position=&#8221;right top&#8221; rt_bg_attachment=&#8221;scroll&#8221; rt_bg_video_format=&#8221;self-hosted&#8221;][vc_column rt_wrp_col_paddings=&#8221;false&#8221; rt_border_top=&#8221;&#8221; rt_border_bottom=&#8221;&#8221; rt_border_left=&#8221;&#8221; rt_border_right=&#8221;&#8221; rt_border_top_mobile=&#8221;&#8221; rt_border_bottom_mobile=&#8221;&#8221; rt_border_left_mobile=&#8221;&#8221; rt_border_right_mobile=&#8221;&#8221; rt_bg_image_repeat=&#8221;repeat&#8221; rt_bg_size=&#8221;auto auto&#8221; rt_bg_position=&#8221;right top&#8221; rt_bg_attachment=&#8221;scroll&#8221;][vc_column_text]<b>PROCEDIMENTO PARA CONCESS\u00c3O DE EST\u00c1GIOS\u00a0<\/b><\/p>\n<p>O(A) estudante interessado(a) em <b>REALIZAR EST\u00c1GIO<\/b> dever\u00e1 apresentar no Servi\u00e7o de Gradua\u00e7\u00e3o com <b><u>15 dias de anteced\u00eancia<\/u><\/b>:<\/p>\n<ul>\n<li><mark><b>Carta de Interesse da Empresa<\/b> manifestando o interesse na contrata\u00e7\u00e3o do(a) estudante como estagi\u00e1rio(a), em papel timbrado assinada por representante legal, devidamente identificado.<\/mark><\/li>\n<li><u>Declara\u00e7\u00e3o da empresa informando se atividades ser\u00e3o presenciais ou remotas<\/u>.<\/li>\n<li><b>Plano de Atividades de Est\u00e1gio<\/b>, o qual que dever\u00e1 detalhar as atividades que ser\u00e3o desenvolvidas pelo(a) estudante, per\u00edodo, carga hor\u00e1ria, devidamente assinado pelo aluno e pelo supervisor do est\u00e1gio, este \u00faltimo <u>dever\u00e1 estar devidamente identificado e com carimbo da empresa.<\/u><\/li>\n<li><span style=\"text-decoration: underline;\">Plano de estudos<\/span>, indicando as disciplinas que ir\u00e1 cursar no per\u00edodo do est\u00e1gio.<\/li>\n<\/ul>\n<p><i>N\u00e3o h\u00e1 mais a exig\u00eancia de formaliza\u00e7\u00e3o de conv\u00eanio para a realiza\u00e7\u00e3o do est\u00e1gio.\u00a0<\/i><\/p>\n<p><span style=\"color: #3366ff;\"><b>N\u00e3o ser\u00e3o aceitos documentos manuscritos e em desconformidade ao disposto acima.<\/b><\/span><\/p>\n<p>O PLANO DE ATIVIDADES DE EST\u00c1GIO dever\u00e1 ser detalhado e aderente do Projeto Pedag\u00f3gico, condi\u00e7\u00e3o imprescind\u00edvel para avalia\u00e7\u00e3o.<\/p>\n<p><span style=\"color: #800000;\"><b><u>N\u00e3o ser\u00e1 autorizada a realiza\u00e7\u00e3o de est\u00e1gio em que as atividades n\u00e3o sejam condizentes com o projeto pedag\u00f3gico do curso e\/ou que o hor\u00e1rio de realiza\u00e7\u00e3o do est\u00e1gio seja incompat\u00edvel com as disciplinas em que o aluno estiver cursando ou dever\u00e1 cursar<\/u>.<\/b><\/span><\/p>\n<table width=\"100%\">\n<tbody>\n<tr>\n<td style=\"border: 1px solid black;\" colspan=\"2\" width=\"109\"><strong> Para est\u00e1gio N\u00c3O OBRIGAT\u00d3RIO, deve-se ainda atender ao seguinte crit\u00e9rio <b>estabelecido pela CG:<\/b><\/strong><\/p>\n<p><b>Bacharelados:<\/b> o(a) estudante dever\u00e1 ter cumprido <b>50% das disciplinas obrigat\u00f3rias<\/b>.<\/p>\n<p>Ser\u00e1 considerada na an\u00e1lise da solicita\u00e7\u00e3o a rela\u00e7\u00e3o de cr\u00e9ditos matriculados e cr\u00e9ditos aprovados. Bem como, a quantidade de disciplinas para cumprir, no caso de potencial formando.<\/p>\n<p><b>Licenciatura em Ci\u00eancias Exatas:<\/b> o(a) estudante dever\u00e1 ter cumprido <b>40% das disciplinas obrigat\u00f3rias<\/b> (entre n\u00facleo geral e habilita\u00e7\u00e3o), exceto quando se tratar de est\u00e1gio para realiza\u00e7\u00e3o de atividades did\u00e1tico-pedag\u00f3gicas (em escolas e col\u00e9gios).<\/td>\n<\/tr>\n<\/tbody>\n<\/table>\n<p>Somente <u>ap\u00f3s<\/u> aprova\u00e7\u00e3o do plano de atividades de est\u00e1gio o Termo de Compromisso dever\u00e1 ser providenciado.<\/p>\n<p>O termo de compromisso dever\u00e1 ser assinado pelo Presidente da CG e pelo representante legal da Empresa.<\/p>\n<p><span style=\"color: #3366ff;\"><u>N\u00e3o ser\u00e1 autorizado IN\u00cdCIO do est\u00e1gio antes do plano de atividades ter sido analisado e termo de compromisso providenciado.<\/u><\/span><\/p>\n<p>No caso de <b>RENOVA\u00c7\u00c3O<\/b> do est\u00e1gio, o mesmo de aplica com rela\u00e7\u00e3o ao prazo: <b>15 dias antes do vencimento<\/b>, o(a) estudante dever\u00e1 entregar no Servi\u00e7o de Gradua\u00e7\u00e3o <b>plano de atividades atualizado e relat\u00f3rio das atividades realizadas<\/b>.<\/p>\n<p>ATEN\u00c7\u00c3O: O limite para a realiza\u00e7\u00e3o de est\u00e1gio \u00e9 de <span style=\"color: #800000;\"><b><u>6 horas di\u00e1rias e 30 semanais, com dura\u00e7\u00e3o m\u00e1xima de 01 (um) ano<\/u><\/b><\/span>, com possibilidade de prorroga\u00e7\u00e3o, limitada a dura\u00e7\u00e3o total do est\u00e1gio a 2 anos.<\/p>\n<p><strong><mark>Obrigat\u00f3ria a apresenta\u00e7\u00e3o de relat\u00f3rio de atividades ao final de cada semestre.<\/mark><\/strong><\/p>\n<p><i>Formul\u00e1rios dever\u00e3o ser solicitados ao Servi\u00e7o de Gradua\u00e7\u00e3o.<\/i><\/p>\n<p><b>LEGISLA\u00c7\u00c3O APLIC\u00c1VEL<\/b><\/p>\n<p><span style=\"color: #ff0000;\"><b>LEI N\u00ba 11.788, DE 25 DE SETEMBRO DE 2008<\/b><\/span><\/p>\n<p><span style=\"color: #ff0000;\"><b>RESOLU\u00c7\u00c3O USP N\u00ba 5528, DE 18 DE MAR\u00c7O DE 2009.<\/b><\/span>[\/vc_column_text][\/vc_column][\/vc_row]<\/p>\n","protected":false},"excerpt":{"rendered":"<p>[vc_row rt_row_background_width=&#8221;default&#8221; rt_row_style=&#8221;default-style&#8221; rt_row_borders=&#8221;&#8221; rt_row_paddings=&#8221;true&#8221; rt_bg_effect=&#8221;classic&#8221; rt_bg_image_repeat=&#8221;repeat&#8221; rt_bg_size=&#8221;cover&#8221; rt_bg_position=&#8221;right top&#8221; rt_bg_attachment=&#8221;scroll&#8221; rt_bg_video_format=&#8221;self-hosted&#8221;][vc_column rt_wrp_col_paddings=&#8221;false&#8221; rt_border_top=&#8221;&#8221; rt_border_bottom=&#8221;&#8221; rt_border_left=&#8221;&#8221; rt_border_right=&#8221;&#8221; rt_border_top_mobile=&#8221;&#8221; rt_border_bottom_mobile=&#8221;&#8221; rt_border_left_mobile=&#8221;&#8221; rt_border_right_mobile=&#8221;&#8221; rt_bg_image_repeat=&#8221;repeat&#8221; rt_bg_size=&#8221;auto auto&#8221; rt_bg_position=&#8221;right top&#8221; rt_bg_attachment=&#8221;scroll&#8221;][vc_column_text]PROCEDIMENTO PARA CONCESS\u00c3O DE EST\u00c1GIOS\u00a0 O(A) estudante interessado(a) em REALIZAR EST\u00c1GIO dever\u00e1 apresentar no Servi\u00e7o de Gradua\u00e7\u00e3o com 15 dias de anteced\u00eancia: Carta de Interesse da Empresa manifestando o [&hellip;]<\/p>\n","protected":false},"author":1,"featured_media":0,"parent":0,"menu_order":0,"comment_status":"closed","ping_status":"closed","template":"","meta":{"footnotes":""},"class_list":["post-8291","page","type-page","status-publish","hentry"],"yoast_head":"<!-- This site is optimized with the Yoast SEO plugin v27.1.1 - https:\/\/yoast.com\/product\/yoast-seo-wordpress\/ -->\n<title>Est\u00e1gio - Gradua\u00e7\u00e3o IFSC USP<\/title>\n<meta name=\"robots\" content=\"index, follow, max-snippet:-1, max-image-preview:large, max-video-preview:-1\" \/>\n<link rel=\"canonical\" href=\"https:\/\/www2.ifsc.usp.br\/graduacao\/estagio\/\" \/>\n<meta property=\"og:locale\" content=\"pt_BR\" \/>\n<meta property=\"og:type\" content=\"article\" \/>\n<meta property=\"og:title\" content=\"Est\u00e1gio - Gradua\u00e7\u00e3o IFSC USP\" \/>\n<meta property=\"og:description\" content=\"[vc_row rt_row_background_width=&#8221;default&#8221; rt_row_style=&#8221;default-style&#8221; rt_row_borders=&#8221;&#8221; rt_row_paddings=&#8221;true&#8221; rt_bg_effect=&#8221;classic&#8221; rt_bg_image_repeat=&#8221;repeat&#8221; rt_bg_size=&#8221;cover&#8221; rt_bg_position=&#8221;right top&#8221; rt_bg_attachment=&#8221;scroll&#8221; rt_bg_video_format=&#8221;self-hosted&#8221;][vc_column rt_wrp_col_paddings=&#8221;false&#8221; rt_border_top=&#8221;&#8221; rt_border_bottom=&#8221;&#8221; rt_border_left=&#8221;&#8221; rt_border_right=&#8221;&#8221; rt_border_top_mobile=&#8221;&#8221; rt_border_bottom_mobile=&#8221;&#8221; rt_border_left_mobile=&#8221;&#8221; rt_border_right_mobile=&#8221;&#8221; rt_bg_image_repeat=&#8221;repeat&#8221; rt_bg_size=&#8221;auto auto&#8221; rt_bg_position=&#8221;right top&#8221; rt_bg_attachment=&#8221;scroll&#8221;][vc_column_text]PROCEDIMENTO PARA CONCESS\u00c3O DE EST\u00c1GIOS\u00a0 O(A) estudante interessado(a) em REALIZAR EST\u00c1GIO dever\u00e1 apresentar no Servi\u00e7o de Gradua\u00e7\u00e3o com 15 dias de anteced\u00eancia: Carta de Interesse da Empresa manifestando o [&hellip;]\" \/>\n<meta property=\"og:url\" content=\"https:\/\/www2.ifsc.usp.br\/graduacao\/estagio\/\" \/>\n<meta property=\"og:site_name\" content=\"Gradua\u00e7\u00e3o IFSC USP\" \/>\n<meta property=\"article:modified_time\" content=\"2025-03-19T11:45:35+00:00\" \/>\n<meta name=\"twitter:card\" content=\"summary_large_image\" \/>\n<meta name=\"twitter:label1\" content=\"Est. tempo de leitura\" \/>\n\t<meta name=\"twitter:data1\" content=\"3 minutos\" \/>\n<script type=\"application\/ld+json\" class=\"yoast-schema-graph\">{\"@context\":\"https:\/\/schema.org\",\"@graph\":[{\"@type\":\"WebPage\",\"@id\":\"https:\/\/www2.ifsc.usp.br\/graduacao\/estagio\/\",\"url\":\"https:\/\/www2.ifsc.usp.br\/graduacao\/estagio\/\",\"name\":\"Est\u00e1gio - Gradua\u00e7\u00e3o IFSC USP\",\"isPartOf\":{\"@id\":\"https:\/\/www2.ifsc.usp.br\/graduacao\/#website\"},\"datePublished\":\"2017-04-11T20:26:21+00:00\",\"dateModified\":\"2025-03-19T11:45:35+00:00\",\"breadcrumb\":{\"@id\":\"https:\/\/www2.ifsc.usp.br\/graduacao\/estagio\/#breadcrumb\"},\"inLanguage\":\"pt-BR\",\"potentialAction\":[{\"@type\":\"ReadAction\",\"target\":[\"https:\/\/www2.ifsc.usp.br\/graduacao\/estagio\/\"]}]},{\"@type\":\"BreadcrumbList\",\"@id\":\"https:\/\/www2.ifsc.usp.br\/graduacao\/estagio\/#breadcrumb\",\"itemListElement\":[{\"@type\":\"ListItem\",\"position\":1,\"name\":\"Home\",\"item\":\"https:\/\/www2.ifsc.usp.br\/graduacao\/\"},{\"@type\":\"ListItem\",\"position\":2,\"name\":\"Est\u00e1gio\"}]},{\"@type\":\"WebSite\",\"@id\":\"https:\/\/www2.ifsc.usp.br\/graduacao\/#website\",\"url\":\"https:\/\/www2.ifsc.usp.br\/graduacao\/\",\"name\":\"Gradua\u00e7\u00e3o IFSC USP\",\"description\":\"Instituto de F\u00edsica de S\u00e3o Carlos\",\"potentialAction\":[{\"@type\":\"SearchAction\",\"target\":{\"@type\":\"EntryPoint\",\"urlTemplate\":\"https:\/\/www2.ifsc.usp.br\/graduacao\/?s={search_term_string}\"},\"query-input\":{\"@type\":\"PropertyValueSpecification\",\"valueRequired\":true,\"valueName\":\"search_term_string\"}}],\"inLanguage\":\"pt-BR\"}]}<\/script>\n<!-- \/ Yoast SEO plugin. -->","yoast_head_json":{"title":"Est\u00e1gio - Gradua\u00e7\u00e3o IFSC USP","robots":{"index":"index","follow":"follow","max-snippet":"max-snippet:-1","max-image-preview":"max-image-preview:large","max-video-preview":"max-video-preview:-1"},"canonical":"https:\/\/www2.ifsc.usp.br\/graduacao\/estagio\/","og_locale":"pt_BR","og_type":"article","og_title":"Est\u00e1gio - Gradua\u00e7\u00e3o IFSC USP","og_description":"[vc_row rt_row_background_width=&#8221;default&#8221; rt_row_style=&#8221;default-style&#8221; rt_row_borders=&#8221;&#8221; rt_row_paddings=&#8221;true&#8221; rt_bg_effect=&#8221;classic&#8221; rt_bg_image_repeat=&#8221;repeat&#8221; rt_bg_size=&#8221;cover&#8221; rt_bg_position=&#8221;right top&#8221; rt_bg_attachment=&#8221;scroll&#8221; rt_bg_video_format=&#8221;self-hosted&#8221;][vc_column rt_wrp_col_paddings=&#8221;false&#8221; rt_border_top=&#8221;&#8221; rt_border_bottom=&#8221;&#8221; rt_border_left=&#8221;&#8221; rt_border_right=&#8221;&#8221; rt_border_top_mobile=&#8221;&#8221; rt_border_bottom_mobile=&#8221;&#8221; rt_border_left_mobile=&#8221;&#8221; rt_border_right_mobile=&#8221;&#8221; rt_bg_image_repeat=&#8221;repeat&#8221; rt_bg_size=&#8221;auto auto&#8221; rt_bg_position=&#8221;right top&#8221; rt_bg_attachment=&#8221;scroll&#8221;][vc_column_text]PROCEDIMENTO PARA CONCESS\u00c3O DE EST\u00c1GIOS\u00a0 O(A) estudante interessado(a) em REALIZAR EST\u00c1GIO dever\u00e1 apresentar no Servi\u00e7o de Gradua\u00e7\u00e3o com 15 dias de anteced\u00eancia: Carta de Interesse da Empresa manifestando o [&hellip;]","og_url":"https:\/\/www2.ifsc.usp.br\/graduacao\/estagio\/","og_site_name":"Gradua\u00e7\u00e3o IFSC USP","article_modified_time":"2025-03-19T11:45:35+00:00","twitter_card":"summary_large_image","twitter_misc":{"Est. tempo de leitura":"3 minutos"},"schema":{"@context":"https:\/\/schema.org","@graph":[{"@type":"WebPage","@id":"https:\/\/www2.ifsc.usp.br\/graduacao\/estagio\/","url":"https:\/\/www2.ifsc.usp.br\/graduacao\/estagio\/","name":"Est\u00e1gio - Gradua\u00e7\u00e3o IFSC USP","isPartOf":{"@id":"https:\/\/www2.ifsc.usp.br\/graduacao\/#website"},"datePublished":"2017-04-11T20:26:21+00:00","dateModified":"2025-03-19T11:45:35+00:00","breadcrumb":{"@id":"https:\/\/www2.ifsc.usp.br\/graduacao\/estagio\/#breadcrumb"},"inLanguage":"pt-BR","potentialAction":[{"@type":"ReadAction","target":["https:\/\/www2.ifsc.usp.br\/graduacao\/estagio\/"]}]},{"@type":"BreadcrumbList","@id":"https:\/\/www2.ifsc.usp.br\/graduacao\/estagio\/#breadcrumb","itemListElement":[{"@type":"ListItem","position":1,"name":"Home","item":"https:\/\/www2.ifsc.usp.br\/graduacao\/"},{"@type":"ListItem","position":2,"name":"Est\u00e1gio"}]},{"@type":"WebSite","@id":"https:\/\/www2.ifsc.usp.br\/graduacao\/#website","url":"https:\/\/www2.ifsc.usp.br\/graduacao\/","name":"Gradua\u00e7\u00e3o IFSC USP","description":"Instituto de F\u00edsica de S\u00e3o Carlos","potentialAction":[{"@type":"SearchAction","target":{"@type":"EntryPoint","urlTemplate":"https:\/\/www2.ifsc.usp.br\/graduacao\/?s={search_term_string}"},"query-input":{"@type":"PropertyValueSpecification","valueRequired":true,"valueName":"search_term_string"}}],"inLanguage":"pt-BR"}]}},"_links":{"self":[{"href":"https:\/\/www2.ifsc.usp.br\/graduacao\/wp-json\/wp\/v2\/pages\/8291","targetHints":{"allow":["GET"]}}],"collection":[{"href":"https:\/\/www2.ifsc.usp.br\/graduacao\/wp-json\/wp\/v2\/pages"}],"about":[{"href":"https:\/\/www2.ifsc.usp.br\/graduacao\/wp-json\/wp\/v2\/types\/page"}],"author":[{"embeddable":true,"href":"https:\/\/www2.ifsc.usp.br\/graduacao\/wp-json\/wp\/v2\/users\/1"}],"replies":[{"embeddable":true,"href":"https:\/\/www2.ifsc.usp.br\/graduacao\/wp-json\/wp\/v2\/comments?post=8291"}],"version-history":[{"count":49,"href":"https:\/\/www2.ifsc.usp.br\/graduacao\/wp-json\/wp\/v2\/pages\/8291\/revisions"}],"predecessor-version":[{"id":12330,"href":"https:\/\/www2.ifsc.usp.br\/graduacao\/wp-json\/wp\/v2\/pages\/8291\/revisions\/12330"}],"wp:attachment":[{"href":"https:\/\/www2.ifsc.usp.br\/graduacao\/wp-json\/wp\/v2\/media?parent=8291"}],"curies":[{"name":"wp","href":"https:\/\/api.w.org\/{rel}","templated":true}]}}