{"id":8280,"date":"2017-04-11T17:09:07","date_gmt":"2017-04-11T20:09:07","guid":{"rendered":"http:\/\/www2.ifsc.usp.br\/graduacao\/?page_id=8280"},"modified":"2022-01-05T10:20:17","modified_gmt":"2022-01-05T13:20:17","slug":"intercambio-internacional","status":"publish","type":"page","link":"https:\/\/www2.ifsc.usp.br\/graduacao\/intercambio-internacional\/","title":{"rendered":"Interc\u00e2mbio Internacional"},"content":{"rendered":"<p>[vc_row rt_row_background_width=&#8221;default&#8221; rt_row_style=&#8221;default-style&#8221; rt_row_borders=&#8221;&#8221; rt_row_paddings=&#8221;true&#8221; rt_bg_effect=&#8221;classic&#8221; rt_bg_image_repeat=&#8221;repeat&#8221; rt_bg_size=&#8221;cover&#8221; rt_bg_position=&#8221;right top&#8221; rt_bg_attachment=&#8221;scroll&#8221; rt_bg_video_format=&#8221;self-hosted&#8221;][vc_column rt_wrp_col_paddings=&#8221;false&#8221; rt_border_top=&#8221;&#8221; rt_border_bottom=&#8221;&#8221; rt_border_left=&#8221;&#8221; rt_border_right=&#8221;&#8221; rt_border_top_mobile=&#8221;&#8221; rt_border_bottom_mobile=&#8221;&#8221; rt_border_left_mobile=&#8221;&#8221; rt_border_right_mobile=&#8221;&#8221; rt_bg_image_repeat=&#8221;repeat&#8221; rt_bg_size=&#8221;auto auto&#8221; rt_bg_position=&#8221;right top&#8221; rt_bg_attachment=&#8221;scroll&#8221;][vc_column_text]<strong>PROGRAMA DE BOLSAS DE INTERC\u00c2MBIO INTERNACIONAL<\/strong><\/p>\n<p>Procurando melhorar cada vez mais a forma\u00e7\u00e3o de nossos alunos, a USP tem firmado conv\u00eanios internacionais que possibilitam a concretiza\u00e7\u00e3o do interc\u00e2mbio do corpo discente. Estas experi\u00eancias internacionais podem gerar cr\u00e9ditos aproveit\u00e1veis.<\/p>\n<p>CATEGORIA EMPREENDEDORISMO e M\u00c9RITO ACAD\u00caMICO<\/p>\n<p>Consulte:<strong> <a href=\"http:\/\/inovacao.usp.br\/\" target=\"_blank\" rel=\"noopener\">http:\/\/inovacao.usp.br\/<\/a><\/strong><\/p>\n<p>MOBILIDADE USP<\/p>\n<p>O Programa de Mobilidade Acad\u00eamica na Gradua\u00e7\u00e3o permite ao aluno regularmente matriculado na Universidade de S\u00e3o Paulo cursar disciplinas em uma Institui\u00e7\u00e3o Estrangeira de Ensino Superior. Para este fim, a Ag\u00eancia de Coopera\u00e7\u00e3o Nacional e Internacional (AUCANI) determina as condi\u00e7\u00f5es em que se efetivar\u00e3o os interc\u00e2mbios atrav\u00e9s de editais.<\/p>\n<p>Para maiores informa\u00e7\u00f5es consulte as p\u00e1ginas:<\/p>\n<p><strong><a href=\"https:\/\/uspdigital.usp.br\/mundus\/editalintercambiopublicoListar?nivpbcavo=G&amp;codmnu=2070\">https:\/\/uspdigital.usp.br\/mundus\/editalintercambiopublicoListar?nivpbcavo=G&amp;codmnu=2070<\/a><\/strong><\/p>\n<p><strong><a href=\"http:\/\/www.usp.br\/internationaloffice\/\">http:\/\/www.usp.br\/internationaloffice\/<\/a><\/strong>[\/vc_column_text][\/vc_column][\/vc_row]<\/p>\n","protected":false},"excerpt":{"rendered":"<p>[vc_row rt_row_background_width=&#8221;default&#8221; rt_row_style=&#8221;default-style&#8221; rt_row_borders=&#8221;&#8221; rt_row_paddings=&#8221;true&#8221; rt_bg_effect=&#8221;classic&#8221; rt_bg_image_repeat=&#8221;repeat&#8221; rt_bg_size=&#8221;cover&#8221; rt_bg_position=&#8221;right top&#8221; rt_bg_attachment=&#8221;scroll&#8221; rt_bg_video_format=&#8221;self-hosted&#8221;][vc_column rt_wrp_col_paddings=&#8221;false&#8221; rt_border_top=&#8221;&#8221; rt_border_bottom=&#8221;&#8221; rt_border_left=&#8221;&#8221; rt_border_right=&#8221;&#8221; rt_border_top_mobile=&#8221;&#8221; rt_border_bottom_mobile=&#8221;&#8221; rt_border_left_mobile=&#8221;&#8221; rt_border_right_mobile=&#8221;&#8221; rt_bg_image_repeat=&#8221;repeat&#8221; rt_bg_size=&#8221;auto auto&#8221; rt_bg_position=&#8221;right top&#8221; rt_bg_attachment=&#8221;scroll&#8221;][vc_column_text]PROGRAMA DE BOLSAS DE INTERC\u00c2MBIO INTERNACIONAL Procurando melhorar cada vez mais a forma\u00e7\u00e3o de nossos alunos, a USP tem firmado conv\u00eanios internacionais que possibilitam a concretiza\u00e7\u00e3o do interc\u00e2mbio do [&hellip;]<\/p>\n","protected":false},"author":1,"featured_media":0,"parent":0,"menu_order":0,"comment_status":"closed","ping_status":"closed","template":"","meta":{"footnotes":""},"class_list":["post-8280","page","type-page","status-publish","hentry"],"yoast_head":"<!-- This site is optimized with the Yoast SEO plugin v27.1.1 - https:\/\/yoast.com\/product\/yoast-seo-wordpress\/ -->\n<title>Interc\u00e2mbio Internacional - Gradua\u00e7\u00e3o IFSC USP<\/title>\n<meta name=\"robots\" content=\"index, follow, max-snippet:-1, max-image-preview:large, max-video-preview:-1\" \/>\n<link rel=\"canonical\" href=\"http:\/\/www2.ifsc.usp.br\/graduacao\/intercambio-internacional\/\" \/>\n<meta property=\"og:locale\" content=\"pt_BR\" \/>\n<meta property=\"og:type\" content=\"article\" \/>\n<meta property=\"og:title\" content=\"Interc\u00e2mbio Internacional - Gradua\u00e7\u00e3o IFSC USP\" \/>\n<meta property=\"og:description\" content=\"[vc_row rt_row_background_width=&#8221;default&#8221; rt_row_style=&#8221;default-style&#8221; rt_row_borders=&#8221;&#8221; rt_row_paddings=&#8221;true&#8221; rt_bg_effect=&#8221;classic&#8221; rt_bg_image_repeat=&#8221;repeat&#8221; rt_bg_size=&#8221;cover&#8221; rt_bg_position=&#8221;right top&#8221; rt_bg_attachment=&#8221;scroll&#8221; rt_bg_video_format=&#8221;self-hosted&#8221;][vc_column rt_wrp_col_paddings=&#8221;false&#8221; rt_border_top=&#8221;&#8221; rt_border_bottom=&#8221;&#8221; rt_border_left=&#8221;&#8221; rt_border_right=&#8221;&#8221; rt_border_top_mobile=&#8221;&#8221; rt_border_bottom_mobile=&#8221;&#8221; rt_border_left_mobile=&#8221;&#8221; rt_border_right_mobile=&#8221;&#8221; rt_bg_image_repeat=&#8221;repeat&#8221; rt_bg_size=&#8221;auto auto&#8221; rt_bg_position=&#8221;right top&#8221; rt_bg_attachment=&#8221;scroll&#8221;][vc_column_text]PROGRAMA DE BOLSAS DE INTERC\u00c2MBIO INTERNACIONAL Procurando melhorar cada vez mais a forma\u00e7\u00e3o de nossos alunos, a USP tem firmado conv\u00eanios internacionais que possibilitam a concretiza\u00e7\u00e3o do interc\u00e2mbio do [&hellip;]\" \/>\n<meta property=\"og:url\" content=\"http:\/\/www2.ifsc.usp.br\/graduacao\/intercambio-internacional\/\" \/>\n<meta property=\"og:site_name\" content=\"Gradua\u00e7\u00e3o IFSC USP\" \/>\n<meta property=\"article:modified_time\" content=\"2022-01-05T13:20:17+00:00\" \/>\n<meta name=\"twitter:card\" content=\"summary_large_image\" \/>\n<meta name=\"twitter:label1\" content=\"Est. tempo de leitura\" \/>\n\t<meta name=\"twitter:data1\" content=\"1 minuto\" \/>\n<script type=\"application\/ld+json\" class=\"yoast-schema-graph\">{\"@context\":\"https:\/\/schema.org\",\"@graph\":[{\"@type\":\"WebPage\",\"@id\":\"http:\/\/www2.ifsc.usp.br\/graduacao\/intercambio-internacional\/\",\"url\":\"http:\/\/www2.ifsc.usp.br\/graduacao\/intercambio-internacional\/\",\"name\":\"Interc\u00e2mbio Internacional - Gradua\u00e7\u00e3o IFSC USP\",\"isPartOf\":{\"@id\":\"https:\/\/www2.ifsc.usp.br\/graduacao\/#website\"},\"datePublished\":\"2017-04-11T20:09:07+00:00\",\"dateModified\":\"2022-01-05T13:20:17+00:00\",\"breadcrumb\":{\"@id\":\"http:\/\/www2.ifsc.usp.br\/graduacao\/intercambio-internacional\/#breadcrumb\"},\"inLanguage\":\"pt-BR\",\"potentialAction\":[{\"@type\":\"ReadAction\",\"target\":[\"http:\/\/www2.ifsc.usp.br\/graduacao\/intercambio-internacional\/\"]}]},{\"@type\":\"BreadcrumbList\",\"@id\":\"http:\/\/www2.ifsc.usp.br\/graduacao\/intercambio-internacional\/#breadcrumb\",\"itemListElement\":[{\"@type\":\"ListItem\",\"position\":1,\"name\":\"Home\",\"item\":\"https:\/\/www2.ifsc.usp.br\/graduacao\/\"},{\"@type\":\"ListItem\",\"position\":2,\"name\":\"Interc\u00e2mbio Internacional\"}]},{\"@type\":\"WebSite\",\"@id\":\"https:\/\/www2.ifsc.usp.br\/graduacao\/#website\",\"url\":\"https:\/\/www2.ifsc.usp.br\/graduacao\/\",\"name\":\"Gradua\u00e7\u00e3o IFSC USP\",\"description\":\"Instituto de F\u00edsica de S\u00e3o Carlos\",\"potentialAction\":[{\"@type\":\"SearchAction\",\"target\":{\"@type\":\"EntryPoint\",\"urlTemplate\":\"https:\/\/www2.ifsc.usp.br\/graduacao\/?s={search_term_string}\"},\"query-input\":{\"@type\":\"PropertyValueSpecification\",\"valueRequired\":true,\"valueName\":\"search_term_string\"}}],\"inLanguage\":\"pt-BR\"}]}<\/script>\n<!-- \/ Yoast SEO plugin. -->","yoast_head_json":{"title":"Interc\u00e2mbio Internacional - Gradua\u00e7\u00e3o IFSC USP","robots":{"index":"index","follow":"follow","max-snippet":"max-snippet:-1","max-image-preview":"max-image-preview:large","max-video-preview":"max-video-preview:-1"},"canonical":"http:\/\/www2.ifsc.usp.br\/graduacao\/intercambio-internacional\/","og_locale":"pt_BR","og_type":"article","og_title":"Interc\u00e2mbio Internacional - Gradua\u00e7\u00e3o IFSC USP","og_description":"[vc_row rt_row_background_width=&#8221;default&#8221; rt_row_style=&#8221;default-style&#8221; rt_row_borders=&#8221;&#8221; rt_row_paddings=&#8221;true&#8221; rt_bg_effect=&#8221;classic&#8221; rt_bg_image_repeat=&#8221;repeat&#8221; rt_bg_size=&#8221;cover&#8221; rt_bg_position=&#8221;right top&#8221; rt_bg_attachment=&#8221;scroll&#8221; rt_bg_video_format=&#8221;self-hosted&#8221;][vc_column rt_wrp_col_paddings=&#8221;false&#8221; rt_border_top=&#8221;&#8221; rt_border_bottom=&#8221;&#8221; rt_border_left=&#8221;&#8221; rt_border_right=&#8221;&#8221; rt_border_top_mobile=&#8221;&#8221; rt_border_bottom_mobile=&#8221;&#8221; rt_border_left_mobile=&#8221;&#8221; rt_border_right_mobile=&#8221;&#8221; rt_bg_image_repeat=&#8221;repeat&#8221; rt_bg_size=&#8221;auto auto&#8221; rt_bg_position=&#8221;right top&#8221; rt_bg_attachment=&#8221;scroll&#8221;][vc_column_text]PROGRAMA DE BOLSAS DE INTERC\u00c2MBIO INTERNACIONAL Procurando melhorar cada vez mais a forma\u00e7\u00e3o de nossos alunos, a USP tem firmado conv\u00eanios internacionais que possibilitam a concretiza\u00e7\u00e3o do interc\u00e2mbio do [&hellip;]","og_url":"http:\/\/www2.ifsc.usp.br\/graduacao\/intercambio-internacional\/","og_site_name":"Gradua\u00e7\u00e3o IFSC USP","article_modified_time":"2022-01-05T13:20:17+00:00","twitter_card":"summary_large_image","twitter_misc":{"Est. tempo de leitura":"1 minuto"},"schema":{"@context":"https:\/\/schema.org","@graph":[{"@type":"WebPage","@id":"http:\/\/www2.ifsc.usp.br\/graduacao\/intercambio-internacional\/","url":"http:\/\/www2.ifsc.usp.br\/graduacao\/intercambio-internacional\/","name":"Interc\u00e2mbio Internacional - Gradua\u00e7\u00e3o IFSC USP","isPartOf":{"@id":"https:\/\/www2.ifsc.usp.br\/graduacao\/#website"},"datePublished":"2017-04-11T20:09:07+00:00","dateModified":"2022-01-05T13:20:17+00:00","breadcrumb":{"@id":"http:\/\/www2.ifsc.usp.br\/graduacao\/intercambio-internacional\/#breadcrumb"},"inLanguage":"pt-BR","potentialAction":[{"@type":"ReadAction","target":["http:\/\/www2.ifsc.usp.br\/graduacao\/intercambio-internacional\/"]}]},{"@type":"BreadcrumbList","@id":"http:\/\/www2.ifsc.usp.br\/graduacao\/intercambio-internacional\/#breadcrumb","itemListElement":[{"@type":"ListItem","position":1,"name":"Home","item":"https:\/\/www2.ifsc.usp.br\/graduacao\/"},{"@type":"ListItem","position":2,"name":"Interc\u00e2mbio Internacional"}]},{"@type":"WebSite","@id":"https:\/\/www2.ifsc.usp.br\/graduacao\/#website","url":"https:\/\/www2.ifsc.usp.br\/graduacao\/","name":"Gradua\u00e7\u00e3o IFSC USP","description":"Instituto de F\u00edsica de S\u00e3o Carlos","potentialAction":[{"@type":"SearchAction","target":{"@type":"EntryPoint","urlTemplate":"https:\/\/www2.ifsc.usp.br\/graduacao\/?s={search_term_string}"},"query-input":{"@type":"PropertyValueSpecification","valueRequired":true,"valueName":"search_term_string"}}],"inLanguage":"pt-BR"}]}},"_links":{"self":[{"href":"https:\/\/www2.ifsc.usp.br\/graduacao\/wp-json\/wp\/v2\/pages\/8280","targetHints":{"allow":["GET"]}}],"collection":[{"href":"https:\/\/www2.ifsc.usp.br\/graduacao\/wp-json\/wp\/v2\/pages"}],"about":[{"href":"https:\/\/www2.ifsc.usp.br\/graduacao\/wp-json\/wp\/v2\/types\/page"}],"author":[{"embeddable":true,"href":"https:\/\/www2.ifsc.usp.br\/graduacao\/wp-json\/wp\/v2\/users\/1"}],"replies":[{"embeddable":true,"href":"https:\/\/www2.ifsc.usp.br\/graduacao\/wp-json\/wp\/v2\/comments?post=8280"}],"version-history":[{"count":4,"href":"https:\/\/www2.ifsc.usp.br\/graduacao\/wp-json\/wp\/v2\/pages\/8280\/revisions"}],"predecessor-version":[{"id":11284,"href":"https:\/\/www2.ifsc.usp.br\/graduacao\/wp-json\/wp\/v2\/pages\/8280\/revisions\/11284"}],"wp:attachment":[{"href":"https:\/\/www2.ifsc.usp.br\/graduacao\/wp-json\/wp\/v2\/media?parent=8280"}],"curies":[{"name":"wp","href":"https:\/\/api.w.org\/{rel}","templated":true}]}}