{"id":13005,"date":"2017-04-05T15:44:37","date_gmt":"2017-04-05T18:44:37","guid":{"rendered":"https:\/\/www2.ifsc.usp.br\/english\/?page_id=13005"},"modified":"2022-02-21T16:49:14","modified_gmt":"2022-02-21T19:49:14","slug":"presentation","status":"publish","type":"page","link":"https:\/\/www2.ifsc.usp.br\/english\/presentation\/","title":{"rendered":"Presentation"},"content":{"rendered":"<p>[vc_row rt_row_background_width=&#8221;default&#8221; rt_row_style=&#8221;default-style&#8221; rt_row_borders=&#8221;&#8221; rt_row_paddings=&#8221;true&#8221; rt_bg_effect=&#8221;classic&#8221; rt_bg_image_repeat=&#8221;repeat&#8221; rt_bg_size=&#8221;cover&#8221; rt_bg_position=&#8221;right top&#8221; rt_bg_attachment=&#8221;scroll&#8221; rt_bg_video_format=&#8221;self-hosted&#8221;][vc_column rt_wrp_col_paddings=&#8221;false&#8221; rt_border_top=&#8221;&#8221; rt_border_bottom=&#8221;&#8221; rt_border_left=&#8221;&#8221; rt_border_right=&#8221;&#8221; rt_border_top_mobile=&#8221;&#8221; rt_border_bottom_mobile=&#8221;&#8221; rt_border_left_mobile=&#8221;&#8221; rt_border_right_mobile=&#8221;&#8221; rt_bg_image_repeat=&#8221;repeat&#8221; rt_bg_size=&#8221;auto auto&#8221; rt_bg_position=&#8221;right top&#8221; rt_bg_attachment=&#8221;scroll&#8221;][vc_column_text]<img loading=\"lazy\" decoding=\"async\" class=\"size-full wp-image-13006 alignright\" src=\"https:\/\/www2.ifsc.usp.br\/english\/wp-content\/uploads\/2017\/04\/predio2.jpg\" alt=\"\" width=\"199\" height=\"263\" \/>In 1953 the Engineering School of S\u00e3o Carlos was founded, originating a new Campus of the University of S\u00e3o Paulo. The Physics Department of the Engineering School was the linchpin of the upcoming Physics Institute of S\u00e3o Carlos (IFSC). In 1971, the Physics Department become part of the Physics and Chemistry Institute of S\u00e3o Carlos (IQSC), which was split into the S\u00e3o Carlos\u00a0Institute of\u00a0Physics\u00a0(IFSC) and Chemistry Institute of S\u00e3o Carlos (IQSC) in 1994. Since then, IFSC has become one of the main Institute of the University of S\u00e3o Paulo and currently has a staff of approximately 70 researchers, and is divided in two departments: Department of Physics and Material Science and Department of Physics and Informatics. These departments are composed of different research groups researching in different areas of Physics and Interdisciplinary branches: Optics, Photonics, Atomic Physics, Semiconductors, Organic Materials, Ceramics, Biophysics and Biomolecular Physics, Optical and Magnetic Spectroscopies, Statistical Mechanics, Solid State Theory, Astrophysics, Computational Physics, etc. This inter disciplinary characteristic of the research developed at the IFSC promotes an integrated atmosphere for the development of new ideas and research paradigms. All the research areas of the IFSC are successfully integrated in the international scientific community, with several international collaborations and a productivity that can be measured by the numbers of papers published in ISI indexed journals: about 5 publications per researcher per year.The IFSC offers four undergraduate courses: in Physics, in Computational Physics, in Biomolecular Physics, and in Higher Education in Sciences (in collaboration with the Chemistry Institute of S\u00e3o Carlos and the Mathematics and Computer Sciences Institute).The IFSC also offers two Graduate programs: one in Physics and one in Science and Materials Engineering. The latter program is in collaboration with the Engineering School of S\u00e3o Carlos and the Chemistry Institute of S\u00e3o Carlos. The educational graduate program in Physics is considered one of the best in Brazil, receiving since the very beginning the maximum evaluation mark by CAPES, a national Council for Graduate courses that regularly evaluates all graduate programs in Brazil.It is not uncommon that research results obtained in the laboratories of IFSC are reverted to society at large, mainly as applications in medicine and in agriculture. Several examples can be given: (i) The great support provided by CDCC, the Center of Diffusion of Science and Culture mainly for High School students, (ii) Several projects related to the teaching of physics at High School level, (iii) Several technological projects applied to medicine (dynamic phototherapy, infrared thermographic images, nuclear resonance magnetic images, Laser technology applied to ophthalmology and odontology, etc.), (iv) Development of devices and technological processes applied to agriculture in collaboration with Research Centers of EMBRAPA (Brazilian Agricultural Research Corporation), to name a few examples.<\/p>\n<p>Additional information and contact:\u00a0S\u00e3o Carlos\u00a0Institute of\u00a0Physics<\/p>\n<p>Institute Director Head: Prof. Dr. Osvaldo Novais de Oliveira Junior<br \/>\nE-mail Contact:\u00a0<a>dirifsc@ifsc.usp.br<\/a><br \/>\nIFSC main administration office\/ Claudia Tofaneli:<br \/>\nPhone: +55 (16) 3373-9758 \/ 3373-8810[\/vc_column_text][\/vc_column][\/vc_row]<\/p>\n","protected":false},"excerpt":{"rendered":"<p>[vc_row rt_row_background_width=&#8221;default&#8221; rt_row_style=&#8221;default-style&#8221; rt_row_borders=&#8221;&#8221; rt_row_paddings=&#8221;true&#8221; rt_bg_effect=&#8221;classic&#8221; rt_bg_image_repeat=&#8221;repeat&#8221; rt_bg_size=&#8221;cover&#8221; rt_bg_position=&#8221;right top&#8221; rt_bg_attachment=&#8221;scroll&#8221; rt_bg_video_format=&#8221;self-hosted&#8221;][vc_column rt_wrp_col_paddings=&#8221;false&#8221; rt_border_top=&#8221;&#8221; rt_border_bottom=&#8221;&#8221; rt_border_left=&#8221;&#8221; rt_border_right=&#8221;&#8221; rt_border_top_mobile=&#8221;&#8221; rt_border_bottom_mobile=&#8221;&#8221; rt_border_left_mobile=&#8221;&#8221; rt_border_right_mobile=&#8221;&#8221; rt_bg_image_repeat=&#8221;repeat&#8221; rt_bg_size=&#8221;auto auto&#8221; rt_bg_position=&#8221;right top&#8221; rt_bg_attachment=&#8221;scroll&#8221;][vc_column_text]In 1953 the Engineering School of S\u00e3o Carlos was founded, originating a new Campus of the University of S\u00e3o Paulo. The Physics Department of the Engineering School was the [&hellip;]<\/p>\n","protected":false},"author":1,"featured_media":0,"parent":0,"menu_order":0,"comment_status":"closed","ping_status":"closed","template":"","meta":{"_acf_changed":false,"footnotes":""},"class_list":["post-13005","page","type-page","status-publish","hentry"],"acf":[],"yoast_head":"<!-- This site is optimized with the Yoast SEO plugin v26.4 - https:\/\/yoast.com\/wordpress\/plugins\/seo\/ -->\n<title>Presentation - S\u00e3o Carlos Institute of Physics<\/title>\n<meta name=\"robots\" content=\"index, follow, max-snippet:-1, max-image-preview:large, max-video-preview:-1\" \/>\n<link rel=\"canonical\" href=\"https:\/\/www2.ifsc.usp.br\/english\/presentation\/\" \/>\n<meta property=\"og:locale\" content=\"en_GB\" \/>\n<meta property=\"og:type\" content=\"article\" \/>\n<meta property=\"og:title\" content=\"Presentation - S\u00e3o Carlos Institute of Physics\" \/>\n<meta property=\"og:description\" content=\"[vc_row rt_row_background_width=&#8221;default&#8221; rt_row_style=&#8221;default-style&#8221; rt_row_borders=&#8221;&#8221; rt_row_paddings=&#8221;true&#8221; rt_bg_effect=&#8221;classic&#8221; rt_bg_image_repeat=&#8221;repeat&#8221; rt_bg_size=&#8221;cover&#8221; rt_bg_position=&#8221;right top&#8221; rt_bg_attachment=&#8221;scroll&#8221; rt_bg_video_format=&#8221;self-hosted&#8221;][vc_column rt_wrp_col_paddings=&#8221;false&#8221; rt_border_top=&#8221;&#8221; rt_border_bottom=&#8221;&#8221; rt_border_left=&#8221;&#8221; rt_border_right=&#8221;&#8221; rt_border_top_mobile=&#8221;&#8221; rt_border_bottom_mobile=&#8221;&#8221; rt_border_left_mobile=&#8221;&#8221; rt_border_right_mobile=&#8221;&#8221; rt_bg_image_repeat=&#8221;repeat&#8221; rt_bg_size=&#8221;auto auto&#8221; rt_bg_position=&#8221;right top&#8221; rt_bg_attachment=&#8221;scroll&#8221;][vc_column_text]In 1953 the Engineering School of S\u00e3o Carlos was founded, originating a new Campus of the University of S\u00e3o Paulo. The Physics Department of the Engineering School was the [&hellip;]\" \/>\n<meta property=\"og:url\" content=\"https:\/\/www2.ifsc.usp.br\/english\/presentation\/\" \/>\n<meta property=\"og:site_name\" content=\"S\u00e3o Carlos Institute of Physics\" \/>\n<meta property=\"article:modified_time\" content=\"2022-02-21T19:49:14+00:00\" \/>\n<meta property=\"og:image\" content=\"https:\/\/www2.ifsc.usp.br\/english\/wp-content\/uploads\/2017\/04\/predio2.jpg\" \/>\n<meta name=\"twitter:card\" content=\"summary_large_image\" \/>\n<meta name=\"twitter:label1\" content=\"Estimated reading time\" \/>\n\t<meta name=\"twitter:data1\" content=\"3 minutes\" \/>\n<script type=\"application\/ld+json\" class=\"yoast-schema-graph\">{\"@context\":\"https:\/\/schema.org\",\"@graph\":[{\"@type\":\"WebPage\",\"@id\":\"https:\/\/www2.ifsc.usp.br\/english\/presentation\/\",\"url\":\"https:\/\/www2.ifsc.usp.br\/english\/presentation\/\",\"name\":\"Presentation - S\u00e3o Carlos Institute of Physics\",\"isPartOf\":{\"@id\":\"https:\/\/www2.ifsc.usp.br\/english\/#website\"},\"primaryImageOfPage\":{\"@id\":\"https:\/\/www2.ifsc.usp.br\/english\/presentation\/#primaryimage\"},\"image\":{\"@id\":\"https:\/\/www2.ifsc.usp.br\/english\/presentation\/#primaryimage\"},\"thumbnailUrl\":\"https:\/\/www2.ifsc.usp.br\/english\/wp-content\/uploads\/2017\/04\/predio2.jpg\",\"datePublished\":\"2017-04-05T18:44:37+00:00\",\"dateModified\":\"2022-02-21T19:49:14+00:00\",\"breadcrumb\":{\"@id\":\"https:\/\/www2.ifsc.usp.br\/english\/presentation\/#breadcrumb\"},\"inLanguage\":\"en-GB\",\"potentialAction\":[{\"@type\":\"ReadAction\",\"target\":[\"https:\/\/www2.ifsc.usp.br\/english\/presentation\/\"]}]},{\"@type\":\"ImageObject\",\"inLanguage\":\"en-GB\",\"@id\":\"https:\/\/www2.ifsc.usp.br\/english\/presentation\/#primaryimage\",\"url\":\"https:\/\/www2.ifsc.usp.br\/english\/wp-content\/uploads\/2017\/04\/predio2.jpg\",\"contentUrl\":\"https:\/\/www2.ifsc.usp.br\/english\/wp-content\/uploads\/2017\/04\/predio2.jpg\",\"width\":199,\"height\":263},{\"@type\":\"BreadcrumbList\",\"@id\":\"https:\/\/www2.ifsc.usp.br\/english\/presentation\/#breadcrumb\",\"itemListElement\":[{\"@type\":\"ListItem\",\"position\":1,\"name\":\"Home\",\"item\":\"https:\/\/www2.ifsc.usp.br\/english\/\"},{\"@type\":\"ListItem\",\"position\":2,\"name\":\"Presentation\"}]},{\"@type\":\"WebSite\",\"@id\":\"https:\/\/www2.ifsc.usp.br\/english\/#website\",\"url\":\"https:\/\/www2.ifsc.usp.br\/english\/\",\"name\":\"S\u00e3o Carlos Institute of Physics\",\"description\":\"S\u00e3o Carlos Institute of Physics\",\"potentialAction\":[{\"@type\":\"SearchAction\",\"target\":{\"@type\":\"EntryPoint\",\"urlTemplate\":\"https:\/\/www2.ifsc.usp.br\/english\/?s={search_term_string}\"},\"query-input\":{\"@type\":\"PropertyValueSpecification\",\"valueRequired\":true,\"valueName\":\"search_term_string\"}}],\"inLanguage\":\"en-GB\"}]}<\/script>\n<!-- \/ Yoast SEO plugin. -->","yoast_head_json":{"title":"Presentation - S\u00e3o Carlos Institute of Physics","robots":{"index":"index","follow":"follow","max-snippet":"max-snippet:-1","max-image-preview":"max-image-preview:large","max-video-preview":"max-video-preview:-1"},"canonical":"https:\/\/www2.ifsc.usp.br\/english\/presentation\/","og_locale":"en_GB","og_type":"article","og_title":"Presentation - S\u00e3o Carlos Institute of Physics","og_description":"[vc_row rt_row_background_width=&#8221;default&#8221; rt_row_style=&#8221;default-style&#8221; rt_row_borders=&#8221;&#8221; rt_row_paddings=&#8221;true&#8221; rt_bg_effect=&#8221;classic&#8221; rt_bg_image_repeat=&#8221;repeat&#8221; rt_bg_size=&#8221;cover&#8221; rt_bg_position=&#8221;right top&#8221; rt_bg_attachment=&#8221;scroll&#8221; rt_bg_video_format=&#8221;self-hosted&#8221;][vc_column rt_wrp_col_paddings=&#8221;false&#8221; rt_border_top=&#8221;&#8221; rt_border_bottom=&#8221;&#8221; rt_border_left=&#8221;&#8221; rt_border_right=&#8221;&#8221; rt_border_top_mobile=&#8221;&#8221; rt_border_bottom_mobile=&#8221;&#8221; rt_border_left_mobile=&#8221;&#8221; rt_border_right_mobile=&#8221;&#8221; rt_bg_image_repeat=&#8221;repeat&#8221; rt_bg_size=&#8221;auto auto&#8221; rt_bg_position=&#8221;right top&#8221; rt_bg_attachment=&#8221;scroll&#8221;][vc_column_text]In 1953 the Engineering School of S\u00e3o Carlos was founded, originating a new Campus of the University of S\u00e3o Paulo. The Physics Department of the Engineering School was the [&hellip;]","og_url":"https:\/\/www2.ifsc.usp.br\/english\/presentation\/","og_site_name":"S\u00e3o Carlos Institute of Physics","article_modified_time":"2022-02-21T19:49:14+00:00","og_image":[{"url":"https:\/\/www2.ifsc.usp.br\/english\/wp-content\/uploads\/2017\/04\/predio2.jpg","type":"","width":"","height":""}],"twitter_card":"summary_large_image","twitter_misc":{"Estimated reading time":"3 minutes"},"schema":{"@context":"https:\/\/schema.org","@graph":[{"@type":"WebPage","@id":"https:\/\/www2.ifsc.usp.br\/english\/presentation\/","url":"https:\/\/www2.ifsc.usp.br\/english\/presentation\/","name":"Presentation - S\u00e3o Carlos Institute of Physics","isPartOf":{"@id":"https:\/\/www2.ifsc.usp.br\/english\/#website"},"primaryImageOfPage":{"@id":"https:\/\/www2.ifsc.usp.br\/english\/presentation\/#primaryimage"},"image":{"@id":"https:\/\/www2.ifsc.usp.br\/english\/presentation\/#primaryimage"},"thumbnailUrl":"https:\/\/www2.ifsc.usp.br\/english\/wp-content\/uploads\/2017\/04\/predio2.jpg","datePublished":"2017-04-05T18:44:37+00:00","dateModified":"2022-02-21T19:49:14+00:00","breadcrumb":{"@id":"https:\/\/www2.ifsc.usp.br\/english\/presentation\/#breadcrumb"},"inLanguage":"en-GB","potentialAction":[{"@type":"ReadAction","target":["https:\/\/www2.ifsc.usp.br\/english\/presentation\/"]}]},{"@type":"ImageObject","inLanguage":"en-GB","@id":"https:\/\/www2.ifsc.usp.br\/english\/presentation\/#primaryimage","url":"https:\/\/www2.ifsc.usp.br\/english\/wp-content\/uploads\/2017\/04\/predio2.jpg","contentUrl":"https:\/\/www2.ifsc.usp.br\/english\/wp-content\/uploads\/2017\/04\/predio2.jpg","width":199,"height":263},{"@type":"BreadcrumbList","@id":"https:\/\/www2.ifsc.usp.br\/english\/presentation\/#breadcrumb","itemListElement":[{"@type":"ListItem","position":1,"name":"Home","item":"https:\/\/www2.ifsc.usp.br\/english\/"},{"@type":"ListItem","position":2,"name":"Presentation"}]},{"@type":"WebSite","@id":"https:\/\/www2.ifsc.usp.br\/english\/#website","url":"https:\/\/www2.ifsc.usp.br\/english\/","name":"S\u00e3o Carlos Institute of Physics","description":"S\u00e3o Carlos Institute of Physics","potentialAction":[{"@type":"SearchAction","target":{"@type":"EntryPoint","urlTemplate":"https:\/\/www2.ifsc.usp.br\/english\/?s={search_term_string}"},"query-input":{"@type":"PropertyValueSpecification","valueRequired":true,"valueName":"search_term_string"}}],"inLanguage":"en-GB"}]}},"_links":{"self":[{"href":"https:\/\/www2.ifsc.usp.br\/english\/wp-json\/wp\/v2\/pages\/13005","targetHints":{"allow":["GET"]}}],"collection":[{"href":"https:\/\/www2.ifsc.usp.br\/english\/wp-json\/wp\/v2\/pages"}],"about":[{"href":"https:\/\/www2.ifsc.usp.br\/english\/wp-json\/wp\/v2\/types\/page"}],"author":[{"embeddable":true,"href":"https:\/\/www2.ifsc.usp.br\/english\/wp-json\/wp\/v2\/users\/1"}],"replies":[{"embeddable":true,"href":"https:\/\/www2.ifsc.usp.br\/english\/wp-json\/wp\/v2\/comments?post=13005"}],"version-history":[{"count":4,"href":"https:\/\/www2.ifsc.usp.br\/english\/wp-json\/wp\/v2\/pages\/13005\/revisions"}],"predecessor-version":[{"id":13459,"href":"https:\/\/www2.ifsc.usp.br\/english\/wp-json\/wp\/v2\/pages\/13005\/revisions\/13459"}],"wp:attachment":[{"href":"https:\/\/www2.ifsc.usp.br\/english\/wp-json\/wp\/v2\/media?parent=13005"}],"curies":[{"name":"wp","href":"https:\/\/api.w.org\/{rel}","templated":true}]}}