{"id":8995,"date":"2019-10-08T11:59:23","date_gmt":"2019-10-08T14:59:23","guid":{"rendered":"https:\/\/www2.ifsc.usp.br\/biblioteca\/?page_id=8995"},"modified":"2025-05-23T12:50:33","modified_gmt":"2025-05-23T15:50:33","slug":"espaco-24h","status":"publish","type":"page","link":"https:\/\/www2.ifsc.usp.br\/biblioteca\/espaco-24h\/","title":{"rendered":"Espa\u00e7o 24h"},"content":{"rendered":"<p>[vc_row rt_row_background_width=&#8221;default&#8221; rt_row_style=&#8221;default-style&#8221; rt_row_borders=&#8221;&#8221; rt_row_paddings=&#8221;true&#8221; rt_bg_effect=&#8221;classic&#8221; rt_bg_image_repeat=&#8221;repeat&#8221; rt_bg_size=&#8221;cover&#8221; rt_bg_position=&#8221;right top&#8221; rt_bg_attachment=&#8221;scroll&#8221; rt_bg_video_format=&#8221;self-hosted&#8221;][vc_column rt_wrp_col_paddings=&#8221;false&#8221; rt_border_top=&#8221;&#8221; rt_border_bottom=&#8221;&#8221; rt_border_left=&#8221;&#8221; rt_border_right=&#8221;&#8221; rt_border_top_mobile=&#8221;&#8221; rt_border_bottom_mobile=&#8221;&#8221; rt_border_left_mobile=&#8221;&#8221; rt_border_right_mobile=&#8221;&#8221; rt_bg_image_repeat=&#8221;repeat&#8221; rt_bg_size=&#8221;auto auto&#8221; rt_bg_position=&#8221;right top&#8221; rt_bg_attachment=&#8221;scroll&#8221;][vc_column_text]<\/p>\n<ul>\n<li>O Espa\u00e7o de estudo 24hs est\u00e1 liberado a todos os usu\u00e1rios durante o funcionamento da Biblioteca de 2\u00aa a 6\u00aa das 8h \u00e0s 18h. Ap\u00f3s este hor\u00e1rio, nos finais de semanas, feriados e pontes\/recesso, o espa\u00e7o fica liberado para uso mediante a leitura do cart\u00e3o USP e\/ou e-Card nos leitores que ficam localizados pr\u00f3ximo as portas de entrada e sa\u00edda da biblioteca.<\/li>\n<li>As salas de estudo em grupo existentes no Espa\u00e7o 24h, s\u00e3o reservadas para os alunos do Campus USP S\u00e3o Carlos e as chaves devem ser retiradas no balc\u00e3o de empr\u00e9stimo mediante a entrega do cart\u00e3o USP, que ficar\u00e1 retido durante o uso e dentro do hor\u00e1rio de funcionamento da biblioteca. Ap\u00f3s hor\u00e1rio de funcionamento da Biblioteca as salas ser\u00e3o mantidas destrancadas e livres uso.<\/li>\n<li>Para que esse espa\u00e7o seja mantido, contamos com a colabora\u00e7\u00e3o dos usu\u00e1rios para:<\/li>\n<li>Manter as <strong>mesas limpas<\/strong> ap\u00f3s o seu uso, sendo que o lixo dever\u00e1 ser descartado nos recipientes adequados (lixo comum ou recicl\u00e1vel).<\/li>\n<li>Cuidar do mobili\u00e1rio, <strong>n\u00e3o colocando os p\u00e9s nas cadeiras com sapatos e n\u00e3o usar as mesas como assento<\/strong>.<\/li>\n<li><strong>Materiais bibliogr\u00e1ficos danificados pelos usu\u00e1rios<\/strong> (rasgados, sujos com alimentos ou bebidas), dever\u00e3o ser repostos de acordo com a Portaria GR\/USP 4.830 de 23.12.2010.<\/li>\n<li><strong>Alimentos e bebidas<\/strong> dever\u00e3o ser preferencialmente consumidos fora do Espa\u00e7o 24hs, mas caso sejam consumidos no local, n\u00e3o deixar os res\u00edduos sobre a mesa e nem nas lixeiras, pois a limpeza e a coleta do lixo s\u00e3o realizadas apenas 2x por semana.<\/li>\n<li><strong>Jogos<\/strong>: permitidos jogos como por exemplo: baralho, xadrez, dama, etc&#8230;, desde que n\u00e3o produza barulho para os demais usu\u00e1rios da biblioteca que estiverem estudando.<\/li>\n<li><strong>M\u00fasica<\/strong>: Utilize seu fone de ouvido para que o som n\u00e3o atrapalhe quem estiver estudando pr\u00f3ximo a voc\u00ea.<\/li>\n<li><strong>Objetos pessoais deixados nas mesas e guarda volume:<\/strong> A Biblioteca n\u00e3o se responsabiliza por nenhum material deixado na biblioteca\/espa\u00e7o 24hs.<\/li>\n<li>Utilizar <strong>papel rascunho ou lousa para anota\u00e7\u00f5es<\/strong>, n\u00e3o rabiscando as mesas, paredes e divis\u00f3rias de vidro.<\/li>\n<li><strong>Banheiros e bebedouro<\/strong> ap\u00f3s \u00e0s 18h dispon\u00edveis somente pr\u00f3ximos a portaria do hall de entrada do pr\u00e9dio.<\/li>\n<li>Manter as <strong>janelas fechadas<\/strong> (ar condicionado).<\/li>\n<\/ul>\n<p><strong>\u00a0<\/strong><\/p>\n<p><strong>Observa\u00e7\u00e3o:<\/strong><\/p>\n<p>Voc\u00ea tamb\u00e9m \u00e9 respons\u00e1vel pela manuten\u00e7\u00e3o do Espa\u00e7o 24hs. Caso presencie alguma ocorr\u00eancia que descumpra estas normas, por favor, comunique a equipe da Biblioteca e\/ou o Vigilante da Portaria.<\/p>\n<p>&nbsp;<\/p>\n<p>Fa\u00e7a a sua parte![\/vc_column_text][\/vc_column][\/vc_row]<\/p>\n","protected":false},"excerpt":{"rendered":"<p>[vc_row rt_row_background_width=&#8221;default&#8221; rt_row_style=&#8221;default-style&#8221; rt_row_borders=&#8221;&#8221; rt_row_paddings=&#8221;true&#8221; rt_bg_effect=&#8221;classic&#8221; rt_bg_image_repeat=&#8221;repeat&#8221; rt_bg_size=&#8221;cover&#8221; rt_bg_position=&#8221;right top&#8221; rt_bg_attachment=&#8221;scroll&#8221; rt_bg_video_format=&#8221;self-hosted&#8221;][vc_column rt_wrp_col_paddings=&#8221;false&#8221; rt_border_top=&#8221;&#8221; rt_border_bottom=&#8221;&#8221; rt_border_left=&#8221;&#8221; rt_border_right=&#8221;&#8221; rt_border_top_mobile=&#8221;&#8221; rt_border_bottom_mobile=&#8221;&#8221; rt_border_left_mobile=&#8221;&#8221; rt_border_right_mobile=&#8221;&#8221; rt_bg_image_repeat=&#8221;repeat&#8221; rt_bg_size=&#8221;auto auto&#8221; rt_bg_position=&#8221;right top&#8221; rt_bg_attachment=&#8221;scroll&#8221;][vc_column_text] O Espa\u00e7o de estudo 24hs est\u00e1 liberado a todos os usu\u00e1rios durante o funcionamento da Biblioteca de 2\u00aa a 6\u00aa das 8h \u00e0s 18h. Ap\u00f3s este hor\u00e1rio, nos [&hellip;]<\/p>\n","protected":false},"author":1,"featured_media":0,"parent":0,"menu_order":0,"comment_status":"closed","ping_status":"closed","template":"","meta":{"footnotes":""},"class_list":["post-8995","page","type-page","status-publish","hentry"],"yoast_head":"<!-- This site is optimized with the Yoast SEO plugin v27.5 - https:\/\/yoast.com\/product\/yoast-seo-wordpress\/ -->\n<title>Espa\u00e7o 24h - Servi\u00e7o de Biblioteca e Informa\u00e7\u00e3o<\/title>\n<meta name=\"robots\" content=\"index, follow, max-snippet:-1, max-image-preview:large, max-video-preview:-1\" \/>\n<link rel=\"canonical\" href=\"https:\/\/www2.ifsc.usp.br\/biblioteca\/espaco-24h\/\" \/>\n<meta property=\"og:locale\" content=\"pt_BR\" \/>\n<meta property=\"og:type\" content=\"article\" \/>\n<meta property=\"og:title\" content=\"Espa\u00e7o 24h - Servi\u00e7o de Biblioteca e Informa\u00e7\u00e3o\" \/>\n<meta property=\"og:description\" content=\"[vc_row rt_row_background_width=&#8221;default&#8221; rt_row_style=&#8221;default-style&#8221; rt_row_borders=&#8221;&#8221; rt_row_paddings=&#8221;true&#8221; rt_bg_effect=&#8221;classic&#8221; rt_bg_image_repeat=&#8221;repeat&#8221; rt_bg_size=&#8221;cover&#8221; rt_bg_position=&#8221;right top&#8221; rt_bg_attachment=&#8221;scroll&#8221; rt_bg_video_format=&#8221;self-hosted&#8221;][vc_column rt_wrp_col_paddings=&#8221;false&#8221; rt_border_top=&#8221;&#8221; rt_border_bottom=&#8221;&#8221; rt_border_left=&#8221;&#8221; rt_border_right=&#8221;&#8221; rt_border_top_mobile=&#8221;&#8221; rt_border_bottom_mobile=&#8221;&#8221; rt_border_left_mobile=&#8221;&#8221; rt_border_right_mobile=&#8221;&#8221; rt_bg_image_repeat=&#8221;repeat&#8221; rt_bg_size=&#8221;auto auto&#8221; rt_bg_position=&#8221;right top&#8221; rt_bg_attachment=&#8221;scroll&#8221;][vc_column_text] O Espa\u00e7o de estudo 24hs est\u00e1 liberado a todos os usu\u00e1rios durante o funcionamento da Biblioteca de 2\u00aa a 6\u00aa das 8h \u00e0s 18h. Ap\u00f3s este hor\u00e1rio, nos [&hellip;]\" \/>\n<meta property=\"og:url\" content=\"https:\/\/www2.ifsc.usp.br\/biblioteca\/espaco-24h\/\" \/>\n<meta property=\"og:site_name\" content=\"Servi\u00e7o de Biblioteca e Informa\u00e7\u00e3o\" \/>\n<meta property=\"article:modified_time\" content=\"2025-05-23T15:50:33+00:00\" \/>\n<meta name=\"twitter:card\" content=\"summary_large_image\" \/>\n<meta name=\"twitter:label1\" content=\"Est. tempo de leitura\" \/>\n\t<meta name=\"twitter:data1\" content=\"3 minutos\" \/>\n<script type=\"application\/ld+json\" class=\"yoast-schema-graph\">{\"@context\":\"https:\\\/\\\/schema.org\",\"@graph\":[{\"@type\":\"WebPage\",\"@id\":\"https:\\\/\\\/www2.ifsc.usp.br\\\/biblioteca\\\/espaco-24h\\\/\",\"url\":\"https:\\\/\\\/www2.ifsc.usp.br\\\/biblioteca\\\/espaco-24h\\\/\",\"name\":\"Espa\u00e7o 24h - Servi\u00e7o de Biblioteca e Informa\u00e7\u00e3o\",\"isPartOf\":{\"@id\":\"https:\\\/\\\/www2.ifsc.usp.br\\\/biblioteca\\\/#website\"},\"datePublished\":\"2019-10-08T14:59:23+00:00\",\"dateModified\":\"2025-05-23T15:50:33+00:00\",\"breadcrumb\":{\"@id\":\"https:\\\/\\\/www2.ifsc.usp.br\\\/biblioteca\\\/espaco-24h\\\/#breadcrumb\"},\"inLanguage\":\"pt-BR\",\"potentialAction\":[{\"@type\":\"ReadAction\",\"target\":[\"https:\\\/\\\/www2.ifsc.usp.br\\\/biblioteca\\\/espaco-24h\\\/\"]}]},{\"@type\":\"BreadcrumbList\",\"@id\":\"https:\\\/\\\/www2.ifsc.usp.br\\\/biblioteca\\\/espaco-24h\\\/#breadcrumb\",\"itemListElement\":[{\"@type\":\"ListItem\",\"position\":1,\"name\":\"In\u00edcio\",\"item\":\"https:\\\/\\\/www2.ifsc.usp.br\\\/biblioteca\\\/\"},{\"@type\":\"ListItem\",\"position\":2,\"name\":\"Espa\u00e7o 24h\"}]},{\"@type\":\"WebSite\",\"@id\":\"https:\\\/\\\/www2.ifsc.usp.br\\\/biblioteca\\\/#website\",\"url\":\"https:\\\/\\\/www2.ifsc.usp.br\\\/biblioteca\\\/\",\"name\":\"Servi\u00e7o de Biblioteca e Informa\u00e7\u00e3o\",\"description\":\"Instituto de F\u00edsica de S\u00e3o Carlos\",\"potentialAction\":[{\"@type\":\"SearchAction\",\"target\":{\"@type\":\"EntryPoint\",\"urlTemplate\":\"https:\\\/\\\/www2.ifsc.usp.br\\\/biblioteca\\\/?s={search_term_string}\"},\"query-input\":{\"@type\":\"PropertyValueSpecification\",\"valueRequired\":true,\"valueName\":\"search_term_string\"}}],\"inLanguage\":\"pt-BR\"}]}<\/script>\n<!-- \/ Yoast SEO plugin. -->","yoast_head_json":{"title":"Espa\u00e7o 24h - Servi\u00e7o de Biblioteca e Informa\u00e7\u00e3o","robots":{"index":"index","follow":"follow","max-snippet":"max-snippet:-1","max-image-preview":"max-image-preview:large","max-video-preview":"max-video-preview:-1"},"canonical":"https:\/\/www2.ifsc.usp.br\/biblioteca\/espaco-24h\/","og_locale":"pt_BR","og_type":"article","og_title":"Espa\u00e7o 24h - Servi\u00e7o de Biblioteca e Informa\u00e7\u00e3o","og_description":"[vc_row rt_row_background_width=&#8221;default&#8221; rt_row_style=&#8221;default-style&#8221; rt_row_borders=&#8221;&#8221; rt_row_paddings=&#8221;true&#8221; rt_bg_effect=&#8221;classic&#8221; rt_bg_image_repeat=&#8221;repeat&#8221; rt_bg_size=&#8221;cover&#8221; rt_bg_position=&#8221;right top&#8221; rt_bg_attachment=&#8221;scroll&#8221; rt_bg_video_format=&#8221;self-hosted&#8221;][vc_column rt_wrp_col_paddings=&#8221;false&#8221; rt_border_top=&#8221;&#8221; rt_border_bottom=&#8221;&#8221; rt_border_left=&#8221;&#8221; rt_border_right=&#8221;&#8221; rt_border_top_mobile=&#8221;&#8221; rt_border_bottom_mobile=&#8221;&#8221; rt_border_left_mobile=&#8221;&#8221; rt_border_right_mobile=&#8221;&#8221; rt_bg_image_repeat=&#8221;repeat&#8221; rt_bg_size=&#8221;auto auto&#8221; rt_bg_position=&#8221;right top&#8221; rt_bg_attachment=&#8221;scroll&#8221;][vc_column_text] O Espa\u00e7o de estudo 24hs est\u00e1 liberado a todos os usu\u00e1rios durante o funcionamento da Biblioteca de 2\u00aa a 6\u00aa das 8h \u00e0s 18h. Ap\u00f3s este hor\u00e1rio, nos [&hellip;]","og_url":"https:\/\/www2.ifsc.usp.br\/biblioteca\/espaco-24h\/","og_site_name":"Servi\u00e7o de Biblioteca e Informa\u00e7\u00e3o","article_modified_time":"2025-05-23T15:50:33+00:00","twitter_card":"summary_large_image","twitter_misc":{"Est. tempo de leitura":"3 minutos"},"schema":{"@context":"https:\/\/schema.org","@graph":[{"@type":"WebPage","@id":"https:\/\/www2.ifsc.usp.br\/biblioteca\/espaco-24h\/","url":"https:\/\/www2.ifsc.usp.br\/biblioteca\/espaco-24h\/","name":"Espa\u00e7o 24h - Servi\u00e7o de Biblioteca e Informa\u00e7\u00e3o","isPartOf":{"@id":"https:\/\/www2.ifsc.usp.br\/biblioteca\/#website"},"datePublished":"2019-10-08T14:59:23+00:00","dateModified":"2025-05-23T15:50:33+00:00","breadcrumb":{"@id":"https:\/\/www2.ifsc.usp.br\/biblioteca\/espaco-24h\/#breadcrumb"},"inLanguage":"pt-BR","potentialAction":[{"@type":"ReadAction","target":["https:\/\/www2.ifsc.usp.br\/biblioteca\/espaco-24h\/"]}]},{"@type":"BreadcrumbList","@id":"https:\/\/www2.ifsc.usp.br\/biblioteca\/espaco-24h\/#breadcrumb","itemListElement":[{"@type":"ListItem","position":1,"name":"In\u00edcio","item":"https:\/\/www2.ifsc.usp.br\/biblioteca\/"},{"@type":"ListItem","position":2,"name":"Espa\u00e7o 24h"}]},{"@type":"WebSite","@id":"https:\/\/www2.ifsc.usp.br\/biblioteca\/#website","url":"https:\/\/www2.ifsc.usp.br\/biblioteca\/","name":"Servi\u00e7o de Biblioteca e Informa\u00e7\u00e3o","description":"Instituto de F\u00edsica de S\u00e3o Carlos","potentialAction":[{"@type":"SearchAction","target":{"@type":"EntryPoint","urlTemplate":"https:\/\/www2.ifsc.usp.br\/biblioteca\/?s={search_term_string}"},"query-input":{"@type":"PropertyValueSpecification","valueRequired":true,"valueName":"search_term_string"}}],"inLanguage":"pt-BR"}]}},"_links":{"self":[{"href":"https:\/\/www2.ifsc.usp.br\/biblioteca\/wp-json\/wp\/v2\/pages\/8995","targetHints":{"allow":["GET"]}}],"collection":[{"href":"https:\/\/www2.ifsc.usp.br\/biblioteca\/wp-json\/wp\/v2\/pages"}],"about":[{"href":"https:\/\/www2.ifsc.usp.br\/biblioteca\/wp-json\/wp\/v2\/types\/page"}],"author":[{"embeddable":true,"href":"https:\/\/www2.ifsc.usp.br\/biblioteca\/wp-json\/wp\/v2\/users\/1"}],"replies":[{"embeddable":true,"href":"https:\/\/www2.ifsc.usp.br\/biblioteca\/wp-json\/wp\/v2\/comments?post=8995"}],"version-history":[{"count":12,"href":"https:\/\/www2.ifsc.usp.br\/biblioteca\/wp-json\/wp\/v2\/pages\/8995\/revisions"}],"predecessor-version":[{"id":13012,"href":"https:\/\/www2.ifsc.usp.br\/biblioteca\/wp-json\/wp\/v2\/pages\/8995\/revisions\/13012"}],"wp:attachment":[{"href":"https:\/\/www2.ifsc.usp.br\/biblioteca\/wp-json\/wp\/v2\/media?parent=8995"}],"curies":[{"name":"wp","href":"https:\/\/api.w.org\/{rel}","templated":true}]}}