{"id":8715,"date":"2019-07-18T10:00:57","date_gmt":"2019-07-18T13:00:57","guid":{"rendered":"https:\/\/www2.ifsc.usp.br\/biblioteca\/?page_id=8715"},"modified":"2022-10-20T14:21:26","modified_gmt":"2022-10-20T17:21:26","slug":"softwares-cientificos","status":"publish","type":"page","link":"https:\/\/www2.ifsc.usp.br\/biblioteca\/softwares-cientificos\/","title":{"rendered":"Softwares Cient\u00edficos"},"content":{"rendered":"<p>[vc_row rt_row_background_width=&#8221;default&#8221; rt_row_style=&#8221;default-style&#8221; rt_row_borders=&#8221;&#8221; rt_row_paddings=&#8221;true&#8221; rt_bg_effect=&#8221;classic&#8221; rt_bg_image_repeat=&#8221;repeat&#8221; rt_bg_size=&#8221;cover&#8221; rt_bg_position=&#8221;right top&#8221; rt_bg_attachment=&#8221;scroll&#8221; rt_bg_video_format=&#8221;self-hosted&#8221;][vc_column rt_wrp_col_paddings=&#8221;false&#8221; rt_border_top=&#8221;&#8221; rt_border_bottom=&#8221;&#8221; rt_border_left=&#8221;&#8221; rt_border_right=&#8221;&#8221; rt_border_top_mobile=&#8221;&#8221; rt_border_bottom_mobile=&#8221;&#8221; rt_border_left_mobile=&#8221;&#8221; rt_border_right_mobile=&#8221;&#8221; rt_bg_image_repeat=&#8221;repeat&#8221; rt_bg_size=&#8221;auto auto&#8221; rt_bg_position=&#8221;right top&#8221; rt_bg_attachment=&#8221;scroll&#8221; rt_padding_top=&#8221;30&#8243; rt_padding_bottom=&#8221;30&#8243; rt_padding_left=&#8221;100&#8243; rt_padding_right=&#8221;100&#8243;][vc_column_text]A Biblioteca disponibiliza 03 equipamentos na bancada do hall Espa\u00e7o 24h, onde est\u00e3o instalados softwares cient\u00edficos para uso dos alunos. S\u00e3o eles:<\/p>\n<p style=\"padding-left: 40px;\"><strong>MATHEMATICA <\/strong><\/p>\n<p style=\"padding-left: 40px;\"><strong>MAPLE<\/strong><\/p>\n<p style=\"padding-left: 40px;\"><strong>MatLab<\/strong><\/p>\n<p style=\"padding-left: 40px;\"><strong>ORIGIN<\/strong><\/p>\n<p>[\/vc_column_text][vc_column_text]<b><div class=\"sfsi_widget sfsi_shortcode_container\"><div class=\"norm_row sfsi_wDiv \"  style=\"width:175px;text-align:left;\"><div style='width:30px; height:30px;margin-left:5px;margin-bottom:5px; ' class='sfsi_wicons shuffeldiv ' ><div class='inerCnt'><a class=' sficn' data-effect='' target='_blank'  href='' id='sfsiid_facebook_icon' style='width:30px;height:30px;opacity:1;'  ><img data-pin-nopin='true' alt='Facebook' title='Facebook' src='https:\/\/www2.ifsc.usp.br\/biblioteca\/wp-content\/plugins\/ultimate-social-media-icons\/images\/icons_theme\/default\/default_facebook.png' width='30' height='30' style='' class='sfcm sfsi_wicon ' data-effect=''   \/><\/a><div class=\"sfsi_tool_tip_2 fb_tool_bdr sfsiTlleft\" style=\"opacity:0;z-index:-1;\" id=\"sfsiid_facebook\"><span class=\"bot_arow bot_fb_arow\"><\/span><div class=\"sfsi_inside\"><div  class='icon3'><a target='_blank' href='https:\/\/www.facebook.com\/sharer\/sharer.php?u=https%3A%2F%2Fwww2.ifsc.usp.br%2Fbiblioteca%2Fwp-json%2Fwp%2Fv2%2Fpages%2F8715' style='display:inline-block;'  > <img class='sfsi_wicon'  data-pin-nopin='true' alt='fb-share-icon' title='Facebook Share' src='https:\/\/www2.ifsc.usp.br\/biblioteca\/wp-content\/plugins\/ultimate-social-media-icons\/images\/share_icons\/fb_icons\/en_US.svg' \/><\/a><\/div><\/div><\/div><\/div><\/div><div style='width:30px; height:30px;margin-left:5px;margin-bottom:5px; ' class='sfsi_wicons shuffeldiv ' ><div class='inerCnt'><a class=' sficn' data-effect='' target='_blank'  href='' id='sfsiid_twitter_icon' style='width:30px;height:30px;opacity:1;'  ><img data-pin-nopin='true' alt='Twitter' title='Twitter' src='https:\/\/www2.ifsc.usp.br\/biblioteca\/wp-content\/plugins\/ultimate-social-media-icons\/images\/icons_theme\/default\/default_twitter.png' width='30' height='30' style='' class='sfcm sfsi_wicon ' data-effect=''   \/><\/a><div class=\"sfsi_tool_tip_2 twt_tool_bdr sfsiTlleft\" style=\"opacity:0;z-index:-1;\" id=\"sfsiid_twitter\"><span class=\"bot_arow bot_twt_arow\"><\/span><div class=\"sfsi_inside\"><div  class='icon2'><div class='sf_twiter' style='display: inline-block;vertical-align: middle;width: auto;'>\r\n\t\t\t\t\t\t<a target='_blank' href='https:\/\/x.com\/intent\/post?text=Hey%2C+check+out+this+cool+site+I+found%3A+www.yourname.com+%23Topic+via%40my_twitter_name+https%3A%2F%2Fwww2.ifsc.usp.br%2Fbiblioteca%2Fwp-json%2Fwp%2Fv2%2Fpages%2F8715' style='display:inline-block' >\r\n\t\t\t\t\t\t\t<img data-pin-nopin= true class='sfsi_wicon' src='https:\/\/www2.ifsc.usp.br\/biblioteca\/wp-content\/plugins\/ultimate-social-media-icons\/images\/share_icons\/Twitter_Tweet\/en_US_Tweet.svg' alt='Post on X' title='Post on X' >\r\n\t\t\t\t\t\t<\/a>\r\n\t\t\t\t\t<\/div><\/div><\/div><\/div><\/div><\/div><\/div ><div id=\"sfsi_holder\" class=\"sfsi_holders\" style=\"position: relative; float: left;width:100%;z-index:-1;\"><\/div ><script>window.addEventListener(\"sfsi_functions_loaded\", function()\n\t\t\t{\n\t\t\t\tif (typeof sfsi_widget_set == \"function\") {\n\t\t\t\t\tsfsi_widget_set();\n\t\t\t\t}\n\t\t\t}); <\/script><div style=\"clear: both;\"><\/div><\/div><\/b>[\/vc_column_text][\/vc_column][\/vc_row]<\/p>\n","protected":false},"excerpt":{"rendered":"<p>[vc_row rt_row_background_width=&#8221;default&#8221; rt_row_style=&#8221;default-style&#8221; rt_row_borders=&#8221;&#8221; rt_row_paddings=&#8221;true&#8221; rt_bg_effect=&#8221;classic&#8221; rt_bg_image_repeat=&#8221;repeat&#8221; rt_bg_size=&#8221;cover&#8221; rt_bg_position=&#8221;right top&#8221; rt_bg_attachment=&#8221;scroll&#8221; rt_bg_video_format=&#8221;self-hosted&#8221;][vc_column rt_wrp_col_paddings=&#8221;false&#8221; rt_border_top=&#8221;&#8221; rt_border_bottom=&#8221;&#8221; rt_border_left=&#8221;&#8221; rt_border_right=&#8221;&#8221; rt_border_top_mobile=&#8221;&#8221; rt_border_bottom_mobile=&#8221;&#8221; rt_border_left_mobile=&#8221;&#8221; rt_border_right_mobile=&#8221;&#8221; rt_bg_image_repeat=&#8221;repeat&#8221; rt_bg_size=&#8221;auto auto&#8221; rt_bg_position=&#8221;right top&#8221; rt_bg_attachment=&#8221;scroll&#8221; rt_padding_top=&#8221;30&#8243; rt_padding_bottom=&#8221;30&#8243; rt_padding_left=&#8221;100&#8243; rt_padding_right=&#8221;100&#8243;][vc_column_text]A Biblioteca disponibiliza 03 equipamentos na bancada do hall Espa\u00e7o 24h, onde est\u00e3o instalados softwares cient\u00edficos para uso dos alunos. S\u00e3o eles: MATHEMATICA MAPLE MatLab [&hellip;]<\/p>\n","protected":false},"author":1,"featured_media":0,"parent":0,"menu_order":0,"comment_status":"closed","ping_status":"closed","template":"","meta":{"footnotes":""},"class_list":["post-8715","page","type-page","status-publish","hentry"],"yoast_head":"<!-- This site is optimized with the Yoast SEO plugin v27.5 - https:\/\/yoast.com\/product\/yoast-seo-wordpress\/ -->\n<title>Softwares Cient\u00edficos - Servi\u00e7o de Biblioteca e Informa\u00e7\u00e3o<\/title>\n<meta name=\"robots\" content=\"index, follow, max-snippet:-1, max-image-preview:large, max-video-preview:-1\" \/>\n<link rel=\"canonical\" href=\"https:\/\/www2.ifsc.usp.br\/biblioteca\/softwares-cientificos\/\" \/>\n<meta property=\"og:locale\" content=\"pt_BR\" \/>\n<meta property=\"og:type\" content=\"article\" \/>\n<meta property=\"og:title\" content=\"Softwares Cient\u00edficos - Servi\u00e7o de Biblioteca e Informa\u00e7\u00e3o\" \/>\n<meta property=\"og:description\" content=\"[vc_row rt_row_background_width=&#8221;default&#8221; rt_row_style=&#8221;default-style&#8221; rt_row_borders=&#8221;&#8221; rt_row_paddings=&#8221;true&#8221; rt_bg_effect=&#8221;classic&#8221; rt_bg_image_repeat=&#8221;repeat&#8221; rt_bg_size=&#8221;cover&#8221; rt_bg_position=&#8221;right top&#8221; rt_bg_attachment=&#8221;scroll&#8221; rt_bg_video_format=&#8221;self-hosted&#8221;][vc_column rt_wrp_col_paddings=&#8221;false&#8221; rt_border_top=&#8221;&#8221; rt_border_bottom=&#8221;&#8221; rt_border_left=&#8221;&#8221; rt_border_right=&#8221;&#8221; rt_border_top_mobile=&#8221;&#8221; rt_border_bottom_mobile=&#8221;&#8221; rt_border_left_mobile=&#8221;&#8221; rt_border_right_mobile=&#8221;&#8221; rt_bg_image_repeat=&#8221;repeat&#8221; rt_bg_size=&#8221;auto auto&#8221; rt_bg_position=&#8221;right top&#8221; rt_bg_attachment=&#8221;scroll&#8221; rt_padding_top=&#8221;30&#8243; rt_padding_bottom=&#8221;30&#8243; rt_padding_left=&#8221;100&#8243; rt_padding_right=&#8221;100&#8243;][vc_column_text]A Biblioteca disponibiliza 03 equipamentos na bancada do hall Espa\u00e7o 24h, onde est\u00e3o instalados softwares cient\u00edficos para uso dos alunos. S\u00e3o eles: MATHEMATICA MAPLE MatLab [&hellip;]\" \/>\n<meta property=\"og:url\" content=\"https:\/\/www2.ifsc.usp.br\/biblioteca\/softwares-cientificos\/\" \/>\n<meta property=\"og:site_name\" content=\"Servi\u00e7o de Biblioteca e Informa\u00e7\u00e3o\" \/>\n<meta property=\"article:modified_time\" content=\"2022-10-20T17:21:26+00:00\" \/>\n<meta name=\"twitter:card\" content=\"summary_large_image\" \/>\n<meta name=\"twitter:label1\" content=\"Est. tempo de leitura\" \/>\n\t<meta name=\"twitter:data1\" content=\"1 minuto\" \/>\n<script type=\"application\/ld+json\" class=\"yoast-schema-graph\">{\"@context\":\"https:\\\/\\\/schema.org\",\"@graph\":[{\"@type\":\"WebPage\",\"@id\":\"https:\\\/\\\/www2.ifsc.usp.br\\\/biblioteca\\\/softwares-cientificos\\\/\",\"url\":\"https:\\\/\\\/www2.ifsc.usp.br\\\/biblioteca\\\/softwares-cientificos\\\/\",\"name\":\"Softwares Cient\u00edficos - Servi\u00e7o de Biblioteca e Informa\u00e7\u00e3o\",\"isPartOf\":{\"@id\":\"https:\\\/\\\/www2.ifsc.usp.br\\\/biblioteca\\\/#website\"},\"datePublished\":\"2019-07-18T13:00:57+00:00\",\"dateModified\":\"2022-10-20T17:21:26+00:00\",\"breadcrumb\":{\"@id\":\"https:\\\/\\\/www2.ifsc.usp.br\\\/biblioteca\\\/softwares-cientificos\\\/#breadcrumb\"},\"inLanguage\":\"pt-BR\",\"potentialAction\":[{\"@type\":\"ReadAction\",\"target\":[\"https:\\\/\\\/www2.ifsc.usp.br\\\/biblioteca\\\/softwares-cientificos\\\/\"]}]},{\"@type\":\"BreadcrumbList\",\"@id\":\"https:\\\/\\\/www2.ifsc.usp.br\\\/biblioteca\\\/softwares-cientificos\\\/#breadcrumb\",\"itemListElement\":[{\"@type\":\"ListItem\",\"position\":1,\"name\":\"In\u00edcio\",\"item\":\"https:\\\/\\\/www2.ifsc.usp.br\\\/biblioteca\\\/\"},{\"@type\":\"ListItem\",\"position\":2,\"name\":\"Softwares Cient\u00edficos\"}]},{\"@type\":\"WebSite\",\"@id\":\"https:\\\/\\\/www2.ifsc.usp.br\\\/biblioteca\\\/#website\",\"url\":\"https:\\\/\\\/www2.ifsc.usp.br\\\/biblioteca\\\/\",\"name\":\"Servi\u00e7o de Biblioteca e Informa\u00e7\u00e3o\",\"description\":\"Instituto de F\u00edsica de S\u00e3o Carlos\",\"potentialAction\":[{\"@type\":\"SearchAction\",\"target\":{\"@type\":\"EntryPoint\",\"urlTemplate\":\"https:\\\/\\\/www2.ifsc.usp.br\\\/biblioteca\\\/?s={search_term_string}\"},\"query-input\":{\"@type\":\"PropertyValueSpecification\",\"valueRequired\":true,\"valueName\":\"search_term_string\"}}],\"inLanguage\":\"pt-BR\"}]}<\/script>\n<!-- \/ Yoast SEO plugin. -->","yoast_head_json":{"title":"Softwares Cient\u00edficos - Servi\u00e7o de Biblioteca e Informa\u00e7\u00e3o","robots":{"index":"index","follow":"follow","max-snippet":"max-snippet:-1","max-image-preview":"max-image-preview:large","max-video-preview":"max-video-preview:-1"},"canonical":"https:\/\/www2.ifsc.usp.br\/biblioteca\/softwares-cientificos\/","og_locale":"pt_BR","og_type":"article","og_title":"Softwares Cient\u00edficos - Servi\u00e7o de Biblioteca e Informa\u00e7\u00e3o","og_description":"[vc_row rt_row_background_width=&#8221;default&#8221; rt_row_style=&#8221;default-style&#8221; rt_row_borders=&#8221;&#8221; rt_row_paddings=&#8221;true&#8221; rt_bg_effect=&#8221;classic&#8221; rt_bg_image_repeat=&#8221;repeat&#8221; rt_bg_size=&#8221;cover&#8221; rt_bg_position=&#8221;right top&#8221; rt_bg_attachment=&#8221;scroll&#8221; rt_bg_video_format=&#8221;self-hosted&#8221;][vc_column rt_wrp_col_paddings=&#8221;false&#8221; rt_border_top=&#8221;&#8221; rt_border_bottom=&#8221;&#8221; rt_border_left=&#8221;&#8221; rt_border_right=&#8221;&#8221; rt_border_top_mobile=&#8221;&#8221; rt_border_bottom_mobile=&#8221;&#8221; rt_border_left_mobile=&#8221;&#8221; rt_border_right_mobile=&#8221;&#8221; rt_bg_image_repeat=&#8221;repeat&#8221; rt_bg_size=&#8221;auto auto&#8221; rt_bg_position=&#8221;right top&#8221; rt_bg_attachment=&#8221;scroll&#8221; rt_padding_top=&#8221;30&#8243; rt_padding_bottom=&#8221;30&#8243; rt_padding_left=&#8221;100&#8243; rt_padding_right=&#8221;100&#8243;][vc_column_text]A Biblioteca disponibiliza 03 equipamentos na bancada do hall Espa\u00e7o 24h, onde est\u00e3o instalados softwares cient\u00edficos para uso dos alunos. S\u00e3o eles: MATHEMATICA MAPLE MatLab [&hellip;]","og_url":"https:\/\/www2.ifsc.usp.br\/biblioteca\/softwares-cientificos\/","og_site_name":"Servi\u00e7o de Biblioteca e Informa\u00e7\u00e3o","article_modified_time":"2022-10-20T17:21:26+00:00","twitter_card":"summary_large_image","twitter_misc":{"Est. tempo de leitura":"1 minuto"},"schema":{"@context":"https:\/\/schema.org","@graph":[{"@type":"WebPage","@id":"https:\/\/www2.ifsc.usp.br\/biblioteca\/softwares-cientificos\/","url":"https:\/\/www2.ifsc.usp.br\/biblioteca\/softwares-cientificos\/","name":"Softwares Cient\u00edficos - Servi\u00e7o de Biblioteca e Informa\u00e7\u00e3o","isPartOf":{"@id":"https:\/\/www2.ifsc.usp.br\/biblioteca\/#website"},"datePublished":"2019-07-18T13:00:57+00:00","dateModified":"2022-10-20T17:21:26+00:00","breadcrumb":{"@id":"https:\/\/www2.ifsc.usp.br\/biblioteca\/softwares-cientificos\/#breadcrumb"},"inLanguage":"pt-BR","potentialAction":[{"@type":"ReadAction","target":["https:\/\/www2.ifsc.usp.br\/biblioteca\/softwares-cientificos\/"]}]},{"@type":"BreadcrumbList","@id":"https:\/\/www2.ifsc.usp.br\/biblioteca\/softwares-cientificos\/#breadcrumb","itemListElement":[{"@type":"ListItem","position":1,"name":"In\u00edcio","item":"https:\/\/www2.ifsc.usp.br\/biblioteca\/"},{"@type":"ListItem","position":2,"name":"Softwares Cient\u00edficos"}]},{"@type":"WebSite","@id":"https:\/\/www2.ifsc.usp.br\/biblioteca\/#website","url":"https:\/\/www2.ifsc.usp.br\/biblioteca\/","name":"Servi\u00e7o de Biblioteca e Informa\u00e7\u00e3o","description":"Instituto de F\u00edsica de S\u00e3o Carlos","potentialAction":[{"@type":"SearchAction","target":{"@type":"EntryPoint","urlTemplate":"https:\/\/www2.ifsc.usp.br\/biblioteca\/?s={search_term_string}"},"query-input":{"@type":"PropertyValueSpecification","valueRequired":true,"valueName":"search_term_string"}}],"inLanguage":"pt-BR"}]}},"_links":{"self":[{"href":"https:\/\/www2.ifsc.usp.br\/biblioteca\/wp-json\/wp\/v2\/pages\/8715","targetHints":{"allow":["GET"]}}],"collection":[{"href":"https:\/\/www2.ifsc.usp.br\/biblioteca\/wp-json\/wp\/v2\/pages"}],"about":[{"href":"https:\/\/www2.ifsc.usp.br\/biblioteca\/wp-json\/wp\/v2\/types\/page"}],"author":[{"embeddable":true,"href":"https:\/\/www2.ifsc.usp.br\/biblioteca\/wp-json\/wp\/v2\/users\/1"}],"replies":[{"embeddable":true,"href":"https:\/\/www2.ifsc.usp.br\/biblioteca\/wp-json\/wp\/v2\/comments?post=8715"}],"version-history":[{"count":5,"href":"https:\/\/www2.ifsc.usp.br\/biblioteca\/wp-json\/wp\/v2\/pages\/8715\/revisions"}],"predecessor-version":[{"id":10686,"href":"https:\/\/www2.ifsc.usp.br\/biblioteca\/wp-json\/wp\/v2\/pages\/8715\/revisions\/10686"}],"wp:attachment":[{"href":"https:\/\/www2.ifsc.usp.br\/biblioteca\/wp-json\/wp\/v2\/media?parent=8715"}],"curies":[{"name":"wp","href":"https:\/\/api.w.org\/{rel}","templated":true}]}}