{"id":8713,"date":"2019-07-18T10:00:00","date_gmt":"2019-07-18T13:00:00","guid":{"rendered":"https:\/\/www2.ifsc.usp.br\/biblioteca\/?page_id=8713"},"modified":"2025-08-21T12:18:47","modified_gmt":"2025-08-21T15:18:47","slug":"producao-cientifica-do-ifsc","status":"publish","type":"page","link":"https:\/\/www2.ifsc.usp.br\/biblioteca\/producao-cientifica-do-ifsc\/","title":{"rendered":"Produ\u00e7\u00e3o Cient\u00edfica do IFSC"},"content":{"rendered":"<p>[vc_row rt_row_background_width=&#8221;default&#8221; rt_row_style=&#8221;default-style&#8221; rt_row_borders=&#8221;&#8221; rt_row_paddings=&#8221;true&#8221; rt_bg_effect=&#8221;classic&#8221; rt_bg_image_repeat=&#8221;repeat&#8221; rt_bg_size=&#8221;cover&#8221; rt_bg_position=&#8221;right top&#8221; rt_bg_attachment=&#8221;scroll&#8221; rt_bg_video_format=&#8221;self-hosted&#8221;][vc_column rt_wrp_col_paddings=&#8221;false&#8221; rt_border_top=&#8221;&#8221; rt_border_bottom=&#8221;&#8221; rt_border_left=&#8221;&#8221; rt_border_right=&#8221;&#8221; rt_border_top_mobile=&#8221;&#8221; rt_border_bottom_mobile=&#8221;&#8221; rt_border_left_mobile=&#8221;&#8221; rt_border_right_mobile=&#8221;&#8221; rt_bg_image_repeat=&#8221;repeat&#8221; rt_bg_size=&#8221;auto auto&#8221; rt_bg_position=&#8221;right top&#8221; rt_bg_attachment=&#8221;scroll&#8221; rt_padding_top=&#8221;30&#8243; rt_padding_bottom=&#8221;30&#8243; rt_padding_left=&#8221;100&#8243; rt_padding_right=&#8221;100&#8243;][vc_column_text]<\/p>\n<h2 style=\"text-align: center;\" data-start=\"116\" data-end=\"146\"><strong>Produ\u00e7\u00e3o Cient\u00edfica do IFSC<\/strong><\/h2>\n<p data-start=\"148\" data-end=\"327\">Para garantir que todas as publica\u00e7\u00f5es sejam corretamente atribu\u00eddas ao IFSC e apare\u00e7am nos indicadores institucionais, utilize sempre a <strong data-start=\"285\" data-end=\"324\">Afilia\u00e7\u00e3o institucional padronizada<\/strong>:<\/p>\n<p data-start=\"329\" data-end=\"461\"><strong data-start=\"329\" data-end=\"346\">Em portugu\u00eas:<\/strong><br data-start=\"346\" data-end=\"349\" \/><em data-start=\"349\" data-end=\"459\">Instituto de F\u00edsica de S\u00e3o Carlos, Universidade de S\u00e3o Paulo, IFSC \u2013 USP, 13566-590, S\u00e3o Carlos, SP, Brasil.<\/em><\/p>\n<p data-start=\"463\" data-end=\"588\"><strong data-start=\"463\" data-end=\"477\">Em ingl\u00eas:<\/strong><br data-start=\"477\" data-end=\"480\" \/><em data-start=\"480\" data-end=\"586\">Sao Carlos Institute of Physics, University of Sao Paulo, IFSC \u2013 USP, 13566-590, Sao Carlos, SP, Brazil.<\/em><\/p>\n<p data-start=\"590\" data-end=\"627\"><strong data-start=\"590\" data-end=\"625\">Identificadores institucionais:<\/strong><\/p>\n<ul data-start=\"628\" data-end=\"678\">\n<li data-start=\"628\" data-end=\"651\">\n<p data-start=\"630\" data-end=\"651\">Ringgold Id: 117186<\/p>\n<\/li>\n<li data-start=\"652\" data-end=\"678\">\n<p data-start=\"654\" data-end=\"678\">ISNI: 0000000404436848<\/p>\n<\/li>\n<\/ul>\n<p data-start=\"680\" data-end=\"749\">&#x26a0;&#xfe0f; Evite incluir departamentos, laborat\u00f3rios ou grupos de pesquisa.<\/p>\n<p data-start=\"751\" data-end=\"933\"><strong>Consulte a Produ\u00e7\u00e3o cient\u00edfica do IFSC no <a class=\"decorated-link cursor-pointer\" href=\"https:\/\/repositorio.usp.br\/result.php?filter[]=unidadeUSP:%22IFSC%22\" target=\"_new\" rel=\"noopener\" data-start=\"793\" data-end=\"851\">Reposit\u00f3rio da Produ\u00e7\u00e3o USP<\/a>.<\/strong><\/p>\n<p><strong>N\u00e3o encontrou o texto completo na internet?<\/strong> Solicite pelo e-mail sbiprod<img loading=\"lazy\" decoding=\"async\" class=\"alignnone wp-image-8624\" src=\"https:\/\/www2.ifsc.usp.br\/biblioteca\/wp-content\/uploads\/2019\/07\/ar-300x300.png\" alt=\"\" width=\"15\" height=\"15\" srcset=\"https:\/\/www2.ifsc.usp.br\/biblioteca\/wp-content\/uploads\/2019\/07\/ar-300x300.png 300w, https:\/\/www2.ifsc.usp.br\/biblioteca\/wp-content\/uploads\/2019\/07\/ar-150x150.png 150w, https:\/\/www2.ifsc.usp.br\/biblioteca\/wp-content\/uploads\/2019\/07\/ar.png 313w\" sizes=\"auto, (max-width: 15px) 100vw, 15px\" \/>ifsc.usp.br<\/p>\n<p>&nbsp;<\/p>\n<h2 style=\"text-align: center;\"><strong>Alguns indicadores da Produ\u00e7\u00e3o Cient\u00edfica do IFSC<\/strong><\/h2>\n<p>&nbsp;<\/p>\n<p>&nbsp;<\/p>\n<p><img loading=\"lazy\" decoding=\"async\" class=\" wp-image-13149 aligncenter\" src=\"https:\/\/www2.ifsc.usp.br\/biblioteca\/wp-content\/uploads\/2025\/07\/prod-2020-2024.jpg\" alt=\"\" width=\"679\" height=\"480\" srcset=\"https:\/\/www2.ifsc.usp.br\/biblioteca\/wp-content\/uploads\/2025\/07\/prod-2020-2024.jpg 631w, https:\/\/www2.ifsc.usp.br\/biblioteca\/wp-content\/uploads\/2025\/07\/prod-2020-2024-300x212.jpg 300w\" sizes=\"auto, (max-width: 679px) 100vw, 679px\" \/><\/p>\n<p><img loading=\"lazy\" decoding=\"async\" class=\"size-full wp-image-13150 aligncenter\" src=\"https:\/\/www2.ifsc.usp.br\/biblioteca\/wp-content\/uploads\/2025\/07\/prod-2020-2024-2.jpg\" alt=\"\" width=\"679\" height=\"400\" srcset=\"https:\/\/www2.ifsc.usp.br\/biblioteca\/wp-content\/uploads\/2025\/07\/prod-2020-2024-2.jpg 679w, https:\/\/www2.ifsc.usp.br\/biblioteca\/wp-content\/uploads\/2025\/07\/prod-2020-2024-2-300x177.jpg 300w\" sizes=\"auto, (max-width: 679px) 100vw, 679px\" \/><\/p>\n<p><img loading=\"lazy\" decoding=\"async\" class=\" wp-image-13151 aligncenter\" src=\"https:\/\/www2.ifsc.usp.br\/biblioteca\/wp-content\/uploads\/2025\/07\/prod-2020-2024-3.jpg\" alt=\"\" width=\"677\" height=\"393\" srcset=\"https:\/\/www2.ifsc.usp.br\/biblioteca\/wp-content\/uploads\/2025\/07\/prod-2020-2024-3.jpg 994w, https:\/\/www2.ifsc.usp.br\/biblioteca\/wp-content\/uploads\/2025\/07\/prod-2020-2024-3-300x174.jpg 300w, https:\/\/www2.ifsc.usp.br\/biblioteca\/wp-content\/uploads\/2025\/07\/prod-2020-2024-3-768x445.jpg 768w\" sizes=\"auto, (max-width: 677px) 100vw, 677px\" \/>[\/vc_column_text][vc_column_text]<b><div class=\"sfsi_widget sfsi_shortcode_container\"><div class=\"norm_row sfsi_wDiv \"  style=\"width:175px;text-align:left;\"><div style='width:30px; height:30px;margin-left:5px;margin-bottom:5px; ' class='sfsi_wicons shuffeldiv ' ><div class='inerCnt'><a class=' sficn' data-effect='' target='_blank'  href='' id='sfsiid_facebook_icon' style='width:30px;height:30px;opacity:1;'  ><img data-pin-nopin='true' alt='Facebook' title='Facebook' src='https:\/\/www2.ifsc.usp.br\/biblioteca\/wp-content\/plugins\/ultimate-social-media-icons\/images\/icons_theme\/default\/default_facebook.png' width='30' height='30' style='' class='sfcm sfsi_wicon ' data-effect=''   \/><\/a><div class=\"sfsi_tool_tip_2 fb_tool_bdr sfsiTlleft\" style=\"opacity:0;z-index:-1;\" id=\"sfsiid_facebook\"><span class=\"bot_arow bot_fb_arow\"><\/span><div class=\"sfsi_inside\"><div  class='icon3'><a target='_blank' href='https:\/\/www.facebook.com\/sharer\/sharer.php?u=https%3A%2F%2Fwww2.ifsc.usp.br%2Fbiblioteca%2Fwp-json%2Fwp%2Fv2%2Fpages%2F8713' style='display:inline-block;'  > <img class='sfsi_wicon'  data-pin-nopin='true' alt='fb-share-icon' title='Facebook Share' src='https:\/\/www2.ifsc.usp.br\/biblioteca\/wp-content\/plugins\/ultimate-social-media-icons\/images\/share_icons\/fb_icons\/en_US.svg' \/><\/a><\/div><\/div><\/div><\/div><\/div><div style='width:30px; height:30px;margin-left:5px;margin-bottom:5px; ' class='sfsi_wicons shuffeldiv ' ><div class='inerCnt'><a class=' sficn' data-effect='' target='_blank'  href='' id='sfsiid_twitter_icon' style='width:30px;height:30px;opacity:1;'  ><img data-pin-nopin='true' alt='Twitter' title='Twitter' src='https:\/\/www2.ifsc.usp.br\/biblioteca\/wp-content\/plugins\/ultimate-social-media-icons\/images\/icons_theme\/default\/default_twitter.png' width='30' height='30' style='' class='sfcm sfsi_wicon ' data-effect=''   \/><\/a><div class=\"sfsi_tool_tip_2 twt_tool_bdr sfsiTlleft\" style=\"opacity:0;z-index:-1;\" id=\"sfsiid_twitter\"><span class=\"bot_arow bot_twt_arow\"><\/span><div class=\"sfsi_inside\"><div  class='icon2'><div class='sf_twiter' style='display: inline-block;vertical-align: middle;width: auto;'>\r\n\t\t\t\t\t\t<a target='_blank' href='https:\/\/x.com\/intent\/post?text=Hey%2C+check+out+this+cool+site+I+found%3A+www.yourname.com+%23Topic+via%40my_twitter_name+https%3A%2F%2Fwww2.ifsc.usp.br%2Fbiblioteca%2Fwp-json%2Fwp%2Fv2%2Fpages%2F8713' style='display:inline-block' >\r\n\t\t\t\t\t\t\t<img data-pin-nopin= true class='sfsi_wicon' src='https:\/\/www2.ifsc.usp.br\/biblioteca\/wp-content\/plugins\/ultimate-social-media-icons\/images\/share_icons\/Twitter_Tweet\/en_US_Tweet.svg' alt='Post on X' title='Post on X' >\r\n\t\t\t\t\t\t<\/a>\r\n\t\t\t\t\t<\/div><\/div><\/div><\/div><\/div><\/div><\/div ><div id=\"sfsi_holder\" class=\"sfsi_holders\" style=\"position: relative; float: left;width:100%;z-index:-1;\"><\/div ><script>window.addEventListener(\"sfsi_functions_loaded\", function()\n\t\t\t{\n\t\t\t\tif (typeof sfsi_widget_set == \"function\") {\n\t\t\t\t\tsfsi_widget_set();\n\t\t\t\t}\n\t\t\t}); <\/script><div style=\"clear: both;\"><\/div><\/div><\/b>[\/vc_column_text][\/vc_column][\/vc_row]<\/p>\n","protected":false},"excerpt":{"rendered":"<p>[vc_row rt_row_background_width=&#8221;default&#8221; rt_row_style=&#8221;default-style&#8221; rt_row_borders=&#8221;&#8221; rt_row_paddings=&#8221;true&#8221; rt_bg_effect=&#8221;classic&#8221; rt_bg_image_repeat=&#8221;repeat&#8221; rt_bg_size=&#8221;cover&#8221; rt_bg_position=&#8221;right top&#8221; rt_bg_attachment=&#8221;scroll&#8221; rt_bg_video_format=&#8221;self-hosted&#8221;][vc_column rt_wrp_col_paddings=&#8221;false&#8221; rt_border_top=&#8221;&#8221; rt_border_bottom=&#8221;&#8221; rt_border_left=&#8221;&#8221; rt_border_right=&#8221;&#8221; rt_border_top_mobile=&#8221;&#8221; rt_border_bottom_mobile=&#8221;&#8221; rt_border_left_mobile=&#8221;&#8221; rt_border_right_mobile=&#8221;&#8221; rt_bg_image_repeat=&#8221;repeat&#8221; rt_bg_size=&#8221;auto auto&#8221; rt_bg_position=&#8221;right top&#8221; rt_bg_attachment=&#8221;scroll&#8221; rt_padding_top=&#8221;30&#8243; rt_padding_bottom=&#8221;30&#8243; rt_padding_left=&#8221;100&#8243; rt_padding_right=&#8221;100&#8243;][vc_column_text] Produ\u00e7\u00e3o Cient\u00edfica do IFSC Para garantir que todas as publica\u00e7\u00f5es sejam corretamente atribu\u00eddas ao IFSC e apare\u00e7am nos indicadores institucionais, utilize sempre a Afilia\u00e7\u00e3o [&hellip;]<\/p>\n","protected":false},"author":1,"featured_media":0,"parent":0,"menu_order":0,"comment_status":"closed","ping_status":"closed","template":"","meta":{"footnotes":""},"class_list":["post-8713","page","type-page","status-publish","hentry"],"yoast_head":"<!-- This site is optimized with the Yoast SEO plugin v27.1.1 - https:\/\/yoast.com\/product\/yoast-seo-wordpress\/ -->\n<title>Produ\u00e7\u00e3o Cient\u00edfica do IFSC - Servi\u00e7o de Biblioteca e Informa\u00e7\u00e3o<\/title>\n<meta name=\"robots\" content=\"index, follow, max-snippet:-1, max-image-preview:large, max-video-preview:-1\" \/>\n<link rel=\"canonical\" href=\"https:\/\/www2.ifsc.usp.br\/biblioteca\/producao-cientifica-do-ifsc\/\" \/>\n<meta property=\"og:locale\" content=\"pt_BR\" \/>\n<meta property=\"og:type\" content=\"article\" \/>\n<meta property=\"og:title\" content=\"Produ\u00e7\u00e3o Cient\u00edfica do IFSC - Servi\u00e7o de Biblioteca e Informa\u00e7\u00e3o\" \/>\n<meta property=\"og:description\" content=\"[vc_row rt_row_background_width=&#8221;default&#8221; rt_row_style=&#8221;default-style&#8221; rt_row_borders=&#8221;&#8221; rt_row_paddings=&#8221;true&#8221; rt_bg_effect=&#8221;classic&#8221; rt_bg_image_repeat=&#8221;repeat&#8221; rt_bg_size=&#8221;cover&#8221; rt_bg_position=&#8221;right top&#8221; rt_bg_attachment=&#8221;scroll&#8221; rt_bg_video_format=&#8221;self-hosted&#8221;][vc_column rt_wrp_col_paddings=&#8221;false&#8221; rt_border_top=&#8221;&#8221; rt_border_bottom=&#8221;&#8221; rt_border_left=&#8221;&#8221; rt_border_right=&#8221;&#8221; rt_border_top_mobile=&#8221;&#8221; rt_border_bottom_mobile=&#8221;&#8221; rt_border_left_mobile=&#8221;&#8221; rt_border_right_mobile=&#8221;&#8221; rt_bg_image_repeat=&#8221;repeat&#8221; rt_bg_size=&#8221;auto auto&#8221; rt_bg_position=&#8221;right top&#8221; rt_bg_attachment=&#8221;scroll&#8221; rt_padding_top=&#8221;30&#8243; rt_padding_bottom=&#8221;30&#8243; rt_padding_left=&#8221;100&#8243; rt_padding_right=&#8221;100&#8243;][vc_column_text] Produ\u00e7\u00e3o Cient\u00edfica do IFSC Para garantir que todas as publica\u00e7\u00f5es sejam corretamente atribu\u00eddas ao IFSC e apare\u00e7am nos indicadores institucionais, utilize sempre a Afilia\u00e7\u00e3o [&hellip;]\" \/>\n<meta property=\"og:url\" content=\"https:\/\/www2.ifsc.usp.br\/biblioteca\/producao-cientifica-do-ifsc\/\" \/>\n<meta property=\"og:site_name\" content=\"Servi\u00e7o de Biblioteca e Informa\u00e7\u00e3o\" \/>\n<meta property=\"article:modified_time\" content=\"2025-08-21T15:18:47+00:00\" \/>\n<meta property=\"og:image\" content=\"https:\/\/www2.ifsc.usp.br\/biblioteca\/wp-content\/uploads\/2019\/07\/ar.png\" \/>\n\t<meta property=\"og:image:width\" content=\"313\" \/>\n\t<meta property=\"og:image:height\" content=\"313\" \/>\n\t<meta property=\"og:image:type\" content=\"image\/png\" \/>\n<meta name=\"twitter:card\" content=\"summary_large_image\" \/>\n<meta name=\"twitter:label1\" content=\"Est. tempo de leitura\" \/>\n\t<meta name=\"twitter:data1\" content=\"2 minutos\" \/>\n<script type=\"application\/ld+json\" class=\"yoast-schema-graph\">{\"@context\":\"https:\/\/schema.org\",\"@graph\":[{\"@type\":\"WebPage\",\"@id\":\"https:\/\/www2.ifsc.usp.br\/biblioteca\/producao-cientifica-do-ifsc\/\",\"url\":\"https:\/\/www2.ifsc.usp.br\/biblioteca\/producao-cientifica-do-ifsc\/\",\"name\":\"Produ\u00e7\u00e3o Cient\u00edfica do IFSC - Servi\u00e7o de Biblioteca e Informa\u00e7\u00e3o\",\"isPartOf\":{\"@id\":\"https:\/\/www2.ifsc.usp.br\/biblioteca\/#website\"},\"primaryImageOfPage\":{\"@id\":\"https:\/\/www2.ifsc.usp.br\/biblioteca\/producao-cientifica-do-ifsc\/#primaryimage\"},\"image\":{\"@id\":\"https:\/\/www2.ifsc.usp.br\/biblioteca\/producao-cientifica-do-ifsc\/#primaryimage\"},\"thumbnailUrl\":\"https:\/\/www2.ifsc.usp.br\/biblioteca\/wp-content\/uploads\/2019\/07\/ar-300x300.png\",\"datePublished\":\"2019-07-18T13:00:00+00:00\",\"dateModified\":\"2025-08-21T15:18:47+00:00\",\"breadcrumb\":{\"@id\":\"https:\/\/www2.ifsc.usp.br\/biblioteca\/producao-cientifica-do-ifsc\/#breadcrumb\"},\"inLanguage\":\"pt-BR\",\"potentialAction\":[{\"@type\":\"ReadAction\",\"target\":[\"https:\/\/www2.ifsc.usp.br\/biblioteca\/producao-cientifica-do-ifsc\/\"]}]},{\"@type\":\"ImageObject\",\"inLanguage\":\"pt-BR\",\"@id\":\"https:\/\/www2.ifsc.usp.br\/biblioteca\/producao-cientifica-do-ifsc\/#primaryimage\",\"url\":\"https:\/\/www2.ifsc.usp.br\/biblioteca\/wp-content\/uploads\/2019\/07\/ar.png\",\"contentUrl\":\"https:\/\/www2.ifsc.usp.br\/biblioteca\/wp-content\/uploads\/2019\/07\/ar.png\",\"width\":313,\"height\":313},{\"@type\":\"BreadcrumbList\",\"@id\":\"https:\/\/www2.ifsc.usp.br\/biblioteca\/producao-cientifica-do-ifsc\/#breadcrumb\",\"itemListElement\":[{\"@type\":\"ListItem\",\"position\":1,\"name\":\"In\u00edcio\",\"item\":\"https:\/\/www2.ifsc.usp.br\/biblioteca\/\"},{\"@type\":\"ListItem\",\"position\":2,\"name\":\"Produ\u00e7\u00e3o Cient\u00edfica do IFSC\"}]},{\"@type\":\"WebSite\",\"@id\":\"https:\/\/www2.ifsc.usp.br\/biblioteca\/#website\",\"url\":\"https:\/\/www2.ifsc.usp.br\/biblioteca\/\",\"name\":\"Servi\u00e7o de Biblioteca e Informa\u00e7\u00e3o\",\"description\":\"Instituto de F\u00edsica de S\u00e3o Carlos\",\"potentialAction\":[{\"@type\":\"SearchAction\",\"target\":{\"@type\":\"EntryPoint\",\"urlTemplate\":\"https:\/\/www2.ifsc.usp.br\/biblioteca\/?s={search_term_string}\"},\"query-input\":{\"@type\":\"PropertyValueSpecification\",\"valueRequired\":true,\"valueName\":\"search_term_string\"}}],\"inLanguage\":\"pt-BR\"}]}<\/script>\n<!-- \/ Yoast SEO plugin. -->","yoast_head_json":{"title":"Produ\u00e7\u00e3o Cient\u00edfica do IFSC - Servi\u00e7o de Biblioteca e Informa\u00e7\u00e3o","robots":{"index":"index","follow":"follow","max-snippet":"max-snippet:-1","max-image-preview":"max-image-preview:large","max-video-preview":"max-video-preview:-1"},"canonical":"https:\/\/www2.ifsc.usp.br\/biblioteca\/producao-cientifica-do-ifsc\/","og_locale":"pt_BR","og_type":"article","og_title":"Produ\u00e7\u00e3o Cient\u00edfica do IFSC - Servi\u00e7o de Biblioteca e Informa\u00e7\u00e3o","og_description":"[vc_row rt_row_background_width=&#8221;default&#8221; rt_row_style=&#8221;default-style&#8221; rt_row_borders=&#8221;&#8221; rt_row_paddings=&#8221;true&#8221; rt_bg_effect=&#8221;classic&#8221; rt_bg_image_repeat=&#8221;repeat&#8221; rt_bg_size=&#8221;cover&#8221; rt_bg_position=&#8221;right top&#8221; rt_bg_attachment=&#8221;scroll&#8221; rt_bg_video_format=&#8221;self-hosted&#8221;][vc_column rt_wrp_col_paddings=&#8221;false&#8221; rt_border_top=&#8221;&#8221; rt_border_bottom=&#8221;&#8221; rt_border_left=&#8221;&#8221; rt_border_right=&#8221;&#8221; rt_border_top_mobile=&#8221;&#8221; rt_border_bottom_mobile=&#8221;&#8221; rt_border_left_mobile=&#8221;&#8221; rt_border_right_mobile=&#8221;&#8221; rt_bg_image_repeat=&#8221;repeat&#8221; rt_bg_size=&#8221;auto auto&#8221; rt_bg_position=&#8221;right top&#8221; rt_bg_attachment=&#8221;scroll&#8221; rt_padding_top=&#8221;30&#8243; rt_padding_bottom=&#8221;30&#8243; rt_padding_left=&#8221;100&#8243; rt_padding_right=&#8221;100&#8243;][vc_column_text] Produ\u00e7\u00e3o Cient\u00edfica do IFSC Para garantir que todas as publica\u00e7\u00f5es sejam corretamente atribu\u00eddas ao IFSC e apare\u00e7am nos indicadores institucionais, utilize sempre a Afilia\u00e7\u00e3o [&hellip;]","og_url":"https:\/\/www2.ifsc.usp.br\/biblioteca\/producao-cientifica-do-ifsc\/","og_site_name":"Servi\u00e7o de Biblioteca e Informa\u00e7\u00e3o","article_modified_time":"2025-08-21T15:18:47+00:00","og_image":[{"width":313,"height":313,"url":"https:\/\/www2.ifsc.usp.br\/biblioteca\/wp-content\/uploads\/2019\/07\/ar.png","type":"image\/png"}],"twitter_card":"summary_large_image","twitter_misc":{"Est. tempo de leitura":"2 minutos"},"schema":{"@context":"https:\/\/schema.org","@graph":[{"@type":"WebPage","@id":"https:\/\/www2.ifsc.usp.br\/biblioteca\/producao-cientifica-do-ifsc\/","url":"https:\/\/www2.ifsc.usp.br\/biblioteca\/producao-cientifica-do-ifsc\/","name":"Produ\u00e7\u00e3o Cient\u00edfica do IFSC - Servi\u00e7o de Biblioteca e Informa\u00e7\u00e3o","isPartOf":{"@id":"https:\/\/www2.ifsc.usp.br\/biblioteca\/#website"},"primaryImageOfPage":{"@id":"https:\/\/www2.ifsc.usp.br\/biblioteca\/producao-cientifica-do-ifsc\/#primaryimage"},"image":{"@id":"https:\/\/www2.ifsc.usp.br\/biblioteca\/producao-cientifica-do-ifsc\/#primaryimage"},"thumbnailUrl":"https:\/\/www2.ifsc.usp.br\/biblioteca\/wp-content\/uploads\/2019\/07\/ar-300x300.png","datePublished":"2019-07-18T13:00:00+00:00","dateModified":"2025-08-21T15:18:47+00:00","breadcrumb":{"@id":"https:\/\/www2.ifsc.usp.br\/biblioteca\/producao-cientifica-do-ifsc\/#breadcrumb"},"inLanguage":"pt-BR","potentialAction":[{"@type":"ReadAction","target":["https:\/\/www2.ifsc.usp.br\/biblioteca\/producao-cientifica-do-ifsc\/"]}]},{"@type":"ImageObject","inLanguage":"pt-BR","@id":"https:\/\/www2.ifsc.usp.br\/biblioteca\/producao-cientifica-do-ifsc\/#primaryimage","url":"https:\/\/www2.ifsc.usp.br\/biblioteca\/wp-content\/uploads\/2019\/07\/ar.png","contentUrl":"https:\/\/www2.ifsc.usp.br\/biblioteca\/wp-content\/uploads\/2019\/07\/ar.png","width":313,"height":313},{"@type":"BreadcrumbList","@id":"https:\/\/www2.ifsc.usp.br\/biblioteca\/producao-cientifica-do-ifsc\/#breadcrumb","itemListElement":[{"@type":"ListItem","position":1,"name":"In\u00edcio","item":"https:\/\/www2.ifsc.usp.br\/biblioteca\/"},{"@type":"ListItem","position":2,"name":"Produ\u00e7\u00e3o Cient\u00edfica do IFSC"}]},{"@type":"WebSite","@id":"https:\/\/www2.ifsc.usp.br\/biblioteca\/#website","url":"https:\/\/www2.ifsc.usp.br\/biblioteca\/","name":"Servi\u00e7o de Biblioteca e Informa\u00e7\u00e3o","description":"Instituto de F\u00edsica de S\u00e3o Carlos","potentialAction":[{"@type":"SearchAction","target":{"@type":"EntryPoint","urlTemplate":"https:\/\/www2.ifsc.usp.br\/biblioteca\/?s={search_term_string}"},"query-input":{"@type":"PropertyValueSpecification","valueRequired":true,"valueName":"search_term_string"}}],"inLanguage":"pt-BR"}]}},"_links":{"self":[{"href":"https:\/\/www2.ifsc.usp.br\/biblioteca\/wp-json\/wp\/v2\/pages\/8713","targetHints":{"allow":["GET"]}}],"collection":[{"href":"https:\/\/www2.ifsc.usp.br\/biblioteca\/wp-json\/wp\/v2\/pages"}],"about":[{"href":"https:\/\/www2.ifsc.usp.br\/biblioteca\/wp-json\/wp\/v2\/types\/page"}],"author":[{"embeddable":true,"href":"https:\/\/www2.ifsc.usp.br\/biblioteca\/wp-json\/wp\/v2\/users\/1"}],"replies":[{"embeddable":true,"href":"https:\/\/www2.ifsc.usp.br\/biblioteca\/wp-json\/wp\/v2\/comments?post=8713"}],"version-history":[{"count":17,"href":"https:\/\/www2.ifsc.usp.br\/biblioteca\/wp-json\/wp\/v2\/pages\/8713\/revisions"}],"predecessor-version":[{"id":13210,"href":"https:\/\/www2.ifsc.usp.br\/biblioteca\/wp-json\/wp\/v2\/pages\/8713\/revisions\/13210"}],"wp:attachment":[{"href":"https:\/\/www2.ifsc.usp.br\/biblioteca\/wp-json\/wp\/v2\/media?parent=8713"}],"curies":[{"name":"wp","href":"https:\/\/api.w.org\/{rel}","templated":true}]}}