{"id":8706,"date":"2019-07-18T09:18:13","date_gmt":"2019-07-18T12:18:13","guid":{"rendered":"https:\/\/www2.ifsc.usp.br\/biblioteca\/?page_id=8706"},"modified":"2024-05-24T10:29:53","modified_gmt":"2024-05-24T13:29:53","slug":"pacote-uspsc","status":"publish","type":"page","link":"https:\/\/www2.ifsc.usp.br\/biblioteca\/pacote-uspsc\/","title":{"rendered":"Modelos de Trabalhos Acad\u00eamicos em LaTeX &#8211; Pacote USPSC"},"content":{"rendered":"<p>[vc_row rt_row_background_width=&#8221;default&#8221; rt_row_style=&#8221;default-style&#8221; rt_row_borders=&#8221;&#8221; rt_row_paddings=&#8221;true&#8221; rt_bg_effect=&#8221;classic&#8221; rt_bg_image_repeat=&#8221;repeat&#8221; rt_bg_size=&#8221;cover&#8221; rt_bg_position=&#8221;right top&#8221; rt_bg_attachment=&#8221;scroll&#8221; rt_bg_video_format=&#8221;self-hosted&#8221;][vc_column rt_wrp_col_paddings=&#8221;false&#8221; rt_border_top=&#8221;&#8221; rt_border_bottom=&#8221;&#8221; rt_border_left=&#8221;&#8221; rt_border_right=&#8221;&#8221; rt_border_top_mobile=&#8221;&#8221; rt_border_bottom_mobile=&#8221;&#8221; rt_border_left_mobile=&#8221;&#8221; rt_border_right_mobile=&#8221;&#8221; rt_bg_image_repeat=&#8221;repeat&#8221; rt_bg_size=&#8221;auto auto&#8221; rt_bg_position=&#8221;right top&#8221; rt_bg_attachment=&#8221;scroll&#8221; rt_padding_top=&#8221;30&#8243; rt_padding_bottom=&#8221;30&#8243; rt_padding_left=&#8221;100&#8243; rt_padding_right=&#8221;100&#8243;][vc_column_text]<\/p>\n<header class=\"entry-header\">\n<p class=\"entry-title\">O <strong>Pacote USPSC 3.2<\/strong>\u00a0inclui a\u00a0<strong>Classe USPSC<\/strong>, o\u00a0<strong>Modelo para TCC em LaTeX utilizando o Pacote USPSC<\/strong>, o\u00a0<strong>Modelo para teses e disserta\u00e7\u00f5es em LaTeX utilizando o Pacote USPSC e o Modelo de relat\u00f3rio em LaTeX utilizando o Pacote USPSC<\/strong>.<\/p>\n<p>&nbsp;<\/p>\n<\/header>\n<div class=\"entry-content\">\n<p align=\"justify\">Est\u00e3o dispon\u00edveis modelos de trabalhos acad\u00eamicos (teses, disserta\u00e7\u00f5es, monografias de MBAs e TCCs) para as Unidades do Campus USP de S\u00e3o Carlos: Escola de Engenharia de S\u00e3o Carlos (EESC), Instituto de Arquitetura e Urbanismo (IAU), Instituto de Ci\u00eancias Matem\u00e1ticas e de Computa\u00e7\u00e3o (ICMC), Instituto de F\u00edsica de S\u00e3o Carlos (IFSC) e Instituto de Qu\u00edmica de S\u00e3o Carlos (IQSC). Nesta vers\u00e3o foi inclu\u00eddo o modelo de relat\u00f3rio para a EESC, em conformidade com ABNT NBR 10719.<\/p>\n<p align=\"justify\">Para o desenvolvimento os referidos modelos em LaTeX para as Unidades do Campus USP de S\u00e3o Carlos, optou-se pela cria\u00e7\u00e3o da Classe USPSC, que \u00e9 uma derivada da abntex2.cls vers\u00e3o 1.9.5. Utilizou-se o MiKTeX 2.9, que prov\u00ea as ferramentas necess\u00e1rias para gerar documentos utilizando a linguagem TeX\/LaTeX, a Classe abnTEX2 e o Modelo can\u00f4nico de trabalho acad\u00eamico com abnTEX2.<\/p>\n<p align=\"justify\">Os modelos desenvolvidos atendem \u00e0s especificidades da ABNT NBR 14724 (ASSOCIA\u00c7AO BRASILEIRA DE NORMAS TECNICAS, 2005), ABNT NBR 10719 (ASSOCIA\u00c7AO BRASILEIRA DE NORMAS TECNICAS, 2015), das Diretrizes para apresenta\u00e7\u00e3o de disserta\u00e7\u00f5es e teses da USP (UNIVERSIDADE DE S\u00c3O PAULO, 2020) e das normas e padr\u00f5es estabelecidos pelas Unidades. Nesta vers\u00e3o foram implementadas as devidas altera\u00e7\u00f5es necess\u00e1rias para as compatibiliza\u00e7\u00f5es referentes \u00e0s normas ABNT NBR 6023:2018 e ABNT NBR 10520:2023. Empregou-se a plataforma Overleaf, o editor TeXstudio e o gerenciador de refer\u00eancias JabRef como facilitadores.<\/p>\n<\/div>\n<p>&nbsp;<\/p>\n<p><strong>Downloads<\/strong><strong><br \/>\n<\/strong><\/p>\n<p><a href=\"http:\/\/biblioteca.puspsc.usp.br\/wp-content\/uploads\/2024\/02\/USPSC-3.2.zip\">Pacote USPSC 3.2 (.zip)<\/a><\/p>\n<p><a href=\"http:\/\/biblioteca.puspsc.usp.br\/wp-content\/uploads\/2023\/12\/USPSC-Tutorial-num.pdf\">Tutorial do Pacote USPSC para modelos de trabalhos acad\u00eamicos em LaTeX \u2013 vers\u00e3o 3.2 (.zip)<\/a><\/p>\n<p><a href=\"http:\/\/biblioteca.puspsc.usp.br\/wp-content\/uploads\/2023\/12\/USPSC-3.2-PDFsModelos-Exemplos-TesesDissertacoesIFSC.zip\">Pacote USPSC 3.2\u2013 Exemplos de modelos em .pdf (.zip)<\/a><\/p>\n<p>&nbsp;<\/p>\n<p><strong>Dispon\u00edvel na Plataforma Overleaf:<\/strong><br \/>\nUniversidade de S\u00e3o Paulo (USP) on Overleaf \u2013 Overleaf Gallery:\u00a0<a href=\"https:\/\/www.overleaf.com\/latex\/templates\/pacote-uspsc-modelos-de-trabalhos-de-academicos-em-latex-versao-3-dot-2-campus-usp-de-sao-carlos\/ydqymxwkgcnn\">Pacote USPSC \u2013 Modelos de trabalhos de acad\u00eamicos em LaTeX- vers\u00e3o 3.2 (Campus USP de S\u00e3o Carlos)<\/a><\/p>\n<p>&nbsp;<\/p>\n<p align=\"justify\">Conhe\u00e7a o\u00a0<a href=\"http:\/\/biblioteca.puspsc.usp.br\/index.php\/pacote-uspsc-modelo-para-teses-e-dissertacoes-em-latex\/?page_id=2388\">Grupo Desenvolvedor<\/a>\u00a0do Pacote USPSC!<\/p>\n<p align=\"justify\"><strong>Sites importantes sobre Latex:<\/strong><\/p>\n<p align=\"justify\">\u25cf\u00a0<a href=\"https:\/\/www.ctan.org\/\" target=\"_blank\" rel=\"noopener noreferrer\">https:\/\/www.ctan.org\/<\/a>\u00a0\u2013 Site com diversos pacotes para download<\/p>\n<p align=\"justify\">\u25cf<a href=\"https:\/\/www.cursou.com.br\/informatica\/latex-overleaf\/\">https:\/\/www.cursou.com.br\/informatica\/latex-overleaf\/<\/a> \u2013 Curso de LaTeX e Overleaf<\/p>\n<p align=\"justify\">\u25cf\u00a0<a href=\"https:\/\/tex.stackexchange.com\/questions\" target=\"_blank\" rel=\"noopener noreferrer\">https:\/\/tex.stackexchange.com\/questions<\/a> \u2013 F\u00f3rum com perguntas e respostas<\/p>\n<p align=\"justify\"><strong>Livro:<\/strong><\/p>\n<p align=\"justify\">\u25cf HOPKA, H.; DALY, P. W.\u00a0<b>A Guide to LaTeX<\/b>. 4. ed. New York: Addison-Wesley, 2003. 624 p.<\/p>\n<p>[\/vc_column_text][\/vc_column][\/vc_row]<\/p>\n","protected":false},"excerpt":{"rendered":"<p>[vc_row rt_row_background_width=&#8221;default&#8221; rt_row_style=&#8221;default-style&#8221; rt_row_borders=&#8221;&#8221; rt_row_paddings=&#8221;true&#8221; rt_bg_effect=&#8221;classic&#8221; rt_bg_image_repeat=&#8221;repeat&#8221; rt_bg_size=&#8221;cover&#8221; rt_bg_position=&#8221;right top&#8221; rt_bg_attachment=&#8221;scroll&#8221; rt_bg_video_format=&#8221;self-hosted&#8221;][vc_column rt_wrp_col_paddings=&#8221;false&#8221; rt_border_top=&#8221;&#8221; rt_border_bottom=&#8221;&#8221; rt_border_left=&#8221;&#8221; rt_border_right=&#8221;&#8221; rt_border_top_mobile=&#8221;&#8221; rt_border_bottom_mobile=&#8221;&#8221; rt_border_left_mobile=&#8221;&#8221; rt_border_right_mobile=&#8221;&#8221; rt_bg_image_repeat=&#8221;repeat&#8221; rt_bg_size=&#8221;auto auto&#8221; rt_bg_position=&#8221;right top&#8221; rt_bg_attachment=&#8221;scroll&#8221; rt_padding_top=&#8221;30&#8243; rt_padding_bottom=&#8221;30&#8243; rt_padding_left=&#8221;100&#8243; rt_padding_right=&#8221;100&#8243;][vc_column_text] O Pacote USPSC 3.2\u00a0inclui a\u00a0Classe USPSC, o\u00a0Modelo para TCC em LaTeX utilizando o Pacote USPSC, o\u00a0Modelo para teses e disserta\u00e7\u00f5es em LaTeX utilizando o [&hellip;]<\/p>\n","protected":false},"author":1,"featured_media":0,"parent":0,"menu_order":0,"comment_status":"closed","ping_status":"closed","template":"","meta":{"footnotes":""},"class_list":["post-8706","page","type-page","status-publish","hentry"],"yoast_head":"<!-- This site is optimized with the Yoast SEO plugin v27.1.1 - https:\/\/yoast.com\/product\/yoast-seo-wordpress\/ -->\n<title>Modelos de Trabalhos Acad\u00eamicos em LaTeX - Pacote USPSC - Servi\u00e7o de Biblioteca e Informa\u00e7\u00e3o<\/title>\n<meta name=\"robots\" content=\"index, follow, max-snippet:-1, max-image-preview:large, max-video-preview:-1\" \/>\n<link rel=\"canonical\" href=\"https:\/\/www2.ifsc.usp.br\/biblioteca\/pacote-uspsc\/\" \/>\n<meta property=\"og:locale\" content=\"pt_BR\" \/>\n<meta property=\"og:type\" content=\"article\" \/>\n<meta property=\"og:title\" content=\"Modelos de Trabalhos Acad\u00eamicos em LaTeX - Pacote USPSC - Servi\u00e7o de Biblioteca e Informa\u00e7\u00e3o\" \/>\n<meta property=\"og:description\" content=\"[vc_row rt_row_background_width=&#8221;default&#8221; rt_row_style=&#8221;default-style&#8221; rt_row_borders=&#8221;&#8221; rt_row_paddings=&#8221;true&#8221; rt_bg_effect=&#8221;classic&#8221; rt_bg_image_repeat=&#8221;repeat&#8221; rt_bg_size=&#8221;cover&#8221; rt_bg_position=&#8221;right top&#8221; rt_bg_attachment=&#8221;scroll&#8221; rt_bg_video_format=&#8221;self-hosted&#8221;][vc_column rt_wrp_col_paddings=&#8221;false&#8221; rt_border_top=&#8221;&#8221; rt_border_bottom=&#8221;&#8221; rt_border_left=&#8221;&#8221; rt_border_right=&#8221;&#8221; rt_border_top_mobile=&#8221;&#8221; rt_border_bottom_mobile=&#8221;&#8221; rt_border_left_mobile=&#8221;&#8221; rt_border_right_mobile=&#8221;&#8221; rt_bg_image_repeat=&#8221;repeat&#8221; rt_bg_size=&#8221;auto auto&#8221; rt_bg_position=&#8221;right top&#8221; rt_bg_attachment=&#8221;scroll&#8221; rt_padding_top=&#8221;30&#8243; rt_padding_bottom=&#8221;30&#8243; rt_padding_left=&#8221;100&#8243; rt_padding_right=&#8221;100&#8243;][vc_column_text] O Pacote USPSC 3.2\u00a0inclui a\u00a0Classe USPSC, o\u00a0Modelo para TCC em LaTeX utilizando o Pacote USPSC, o\u00a0Modelo para teses e disserta\u00e7\u00f5es em LaTeX utilizando o [&hellip;]\" \/>\n<meta property=\"og:url\" content=\"https:\/\/www2.ifsc.usp.br\/biblioteca\/pacote-uspsc\/\" \/>\n<meta property=\"og:site_name\" content=\"Servi\u00e7o de Biblioteca e Informa\u00e7\u00e3o\" \/>\n<meta property=\"article:modified_time\" content=\"2024-05-24T13:29:53+00:00\" \/>\n<meta name=\"twitter:card\" content=\"summary_large_image\" \/>\n<meta name=\"twitter:label1\" content=\"Est. tempo de leitura\" \/>\n\t<meta name=\"twitter:data1\" content=\"3 minutos\" \/>\n<script type=\"application\/ld+json\" class=\"yoast-schema-graph\">{\"@context\":\"https:\/\/schema.org\",\"@graph\":[{\"@type\":\"WebPage\",\"@id\":\"https:\/\/www2.ifsc.usp.br\/biblioteca\/pacote-uspsc\/\",\"url\":\"https:\/\/www2.ifsc.usp.br\/biblioteca\/pacote-uspsc\/\",\"name\":\"Modelos de Trabalhos Acad\u00eamicos em LaTeX - Pacote USPSC - Servi\u00e7o de Biblioteca e Informa\u00e7\u00e3o\",\"isPartOf\":{\"@id\":\"https:\/\/www2.ifsc.usp.br\/biblioteca\/#website\"},\"datePublished\":\"2019-07-18T12:18:13+00:00\",\"dateModified\":\"2024-05-24T13:29:53+00:00\",\"breadcrumb\":{\"@id\":\"https:\/\/www2.ifsc.usp.br\/biblioteca\/pacote-uspsc\/#breadcrumb\"},\"inLanguage\":\"pt-BR\",\"potentialAction\":[{\"@type\":\"ReadAction\",\"target\":[\"https:\/\/www2.ifsc.usp.br\/biblioteca\/pacote-uspsc\/\"]}]},{\"@type\":\"BreadcrumbList\",\"@id\":\"https:\/\/www2.ifsc.usp.br\/biblioteca\/pacote-uspsc\/#breadcrumb\",\"itemListElement\":[{\"@type\":\"ListItem\",\"position\":1,\"name\":\"In\u00edcio\",\"item\":\"https:\/\/www2.ifsc.usp.br\/biblioteca\/\"},{\"@type\":\"ListItem\",\"position\":2,\"name\":\"Modelos de Trabalhos Acad\u00eamicos em LaTeX &#8211; Pacote USPSC\"}]},{\"@type\":\"WebSite\",\"@id\":\"https:\/\/www2.ifsc.usp.br\/biblioteca\/#website\",\"url\":\"https:\/\/www2.ifsc.usp.br\/biblioteca\/\",\"name\":\"Servi\u00e7o de Biblioteca e Informa\u00e7\u00e3o\",\"description\":\"Instituto de F\u00edsica de S\u00e3o Carlos\",\"potentialAction\":[{\"@type\":\"SearchAction\",\"target\":{\"@type\":\"EntryPoint\",\"urlTemplate\":\"https:\/\/www2.ifsc.usp.br\/biblioteca\/?s={search_term_string}\"},\"query-input\":{\"@type\":\"PropertyValueSpecification\",\"valueRequired\":true,\"valueName\":\"search_term_string\"}}],\"inLanguage\":\"pt-BR\"}]}<\/script>\n<!-- \/ Yoast SEO plugin. -->","yoast_head_json":{"title":"Modelos de Trabalhos Acad\u00eamicos em LaTeX - Pacote USPSC - Servi\u00e7o de Biblioteca e Informa\u00e7\u00e3o","robots":{"index":"index","follow":"follow","max-snippet":"max-snippet:-1","max-image-preview":"max-image-preview:large","max-video-preview":"max-video-preview:-1"},"canonical":"https:\/\/www2.ifsc.usp.br\/biblioteca\/pacote-uspsc\/","og_locale":"pt_BR","og_type":"article","og_title":"Modelos de Trabalhos Acad\u00eamicos em LaTeX - Pacote USPSC - Servi\u00e7o de Biblioteca e Informa\u00e7\u00e3o","og_description":"[vc_row rt_row_background_width=&#8221;default&#8221; rt_row_style=&#8221;default-style&#8221; rt_row_borders=&#8221;&#8221; rt_row_paddings=&#8221;true&#8221; rt_bg_effect=&#8221;classic&#8221; rt_bg_image_repeat=&#8221;repeat&#8221; rt_bg_size=&#8221;cover&#8221; rt_bg_position=&#8221;right top&#8221; rt_bg_attachment=&#8221;scroll&#8221; rt_bg_video_format=&#8221;self-hosted&#8221;][vc_column rt_wrp_col_paddings=&#8221;false&#8221; rt_border_top=&#8221;&#8221; rt_border_bottom=&#8221;&#8221; rt_border_left=&#8221;&#8221; rt_border_right=&#8221;&#8221; rt_border_top_mobile=&#8221;&#8221; rt_border_bottom_mobile=&#8221;&#8221; rt_border_left_mobile=&#8221;&#8221; rt_border_right_mobile=&#8221;&#8221; rt_bg_image_repeat=&#8221;repeat&#8221; rt_bg_size=&#8221;auto auto&#8221; rt_bg_position=&#8221;right top&#8221; rt_bg_attachment=&#8221;scroll&#8221; rt_padding_top=&#8221;30&#8243; rt_padding_bottom=&#8221;30&#8243; rt_padding_left=&#8221;100&#8243; rt_padding_right=&#8221;100&#8243;][vc_column_text] O Pacote USPSC 3.2\u00a0inclui a\u00a0Classe USPSC, o\u00a0Modelo para TCC em LaTeX utilizando o Pacote USPSC, o\u00a0Modelo para teses e disserta\u00e7\u00f5es em LaTeX utilizando o [&hellip;]","og_url":"https:\/\/www2.ifsc.usp.br\/biblioteca\/pacote-uspsc\/","og_site_name":"Servi\u00e7o de Biblioteca e Informa\u00e7\u00e3o","article_modified_time":"2024-05-24T13:29:53+00:00","twitter_card":"summary_large_image","twitter_misc":{"Est. tempo de leitura":"3 minutos"},"schema":{"@context":"https:\/\/schema.org","@graph":[{"@type":"WebPage","@id":"https:\/\/www2.ifsc.usp.br\/biblioteca\/pacote-uspsc\/","url":"https:\/\/www2.ifsc.usp.br\/biblioteca\/pacote-uspsc\/","name":"Modelos de Trabalhos Acad\u00eamicos em LaTeX - Pacote USPSC - Servi\u00e7o de Biblioteca e Informa\u00e7\u00e3o","isPartOf":{"@id":"https:\/\/www2.ifsc.usp.br\/biblioteca\/#website"},"datePublished":"2019-07-18T12:18:13+00:00","dateModified":"2024-05-24T13:29:53+00:00","breadcrumb":{"@id":"https:\/\/www2.ifsc.usp.br\/biblioteca\/pacote-uspsc\/#breadcrumb"},"inLanguage":"pt-BR","potentialAction":[{"@type":"ReadAction","target":["https:\/\/www2.ifsc.usp.br\/biblioteca\/pacote-uspsc\/"]}]},{"@type":"BreadcrumbList","@id":"https:\/\/www2.ifsc.usp.br\/biblioteca\/pacote-uspsc\/#breadcrumb","itemListElement":[{"@type":"ListItem","position":1,"name":"In\u00edcio","item":"https:\/\/www2.ifsc.usp.br\/biblioteca\/"},{"@type":"ListItem","position":2,"name":"Modelos de Trabalhos Acad\u00eamicos em LaTeX &#8211; Pacote USPSC"}]},{"@type":"WebSite","@id":"https:\/\/www2.ifsc.usp.br\/biblioteca\/#website","url":"https:\/\/www2.ifsc.usp.br\/biblioteca\/","name":"Servi\u00e7o de Biblioteca e Informa\u00e7\u00e3o","description":"Instituto de F\u00edsica de S\u00e3o Carlos","potentialAction":[{"@type":"SearchAction","target":{"@type":"EntryPoint","urlTemplate":"https:\/\/www2.ifsc.usp.br\/biblioteca\/?s={search_term_string}"},"query-input":{"@type":"PropertyValueSpecification","valueRequired":true,"valueName":"search_term_string"}}],"inLanguage":"pt-BR"}]}},"_links":{"self":[{"href":"https:\/\/www2.ifsc.usp.br\/biblioteca\/wp-json\/wp\/v2\/pages\/8706","targetHints":{"allow":["GET"]}}],"collection":[{"href":"https:\/\/www2.ifsc.usp.br\/biblioteca\/wp-json\/wp\/v2\/pages"}],"about":[{"href":"https:\/\/www2.ifsc.usp.br\/biblioteca\/wp-json\/wp\/v2\/types\/page"}],"author":[{"embeddable":true,"href":"https:\/\/www2.ifsc.usp.br\/biblioteca\/wp-json\/wp\/v2\/users\/1"}],"replies":[{"embeddable":true,"href":"https:\/\/www2.ifsc.usp.br\/biblioteca\/wp-json\/wp\/v2\/comments?post=8706"}],"version-history":[{"count":20,"href":"https:\/\/www2.ifsc.usp.br\/biblioteca\/wp-json\/wp\/v2\/pages\/8706\/revisions"}],"predecessor-version":[{"id":12406,"href":"https:\/\/www2.ifsc.usp.br\/biblioteca\/wp-json\/wp\/v2\/pages\/8706\/revisions\/12406"}],"wp:attachment":[{"href":"https:\/\/www2.ifsc.usp.br\/biblioteca\/wp-json\/wp\/v2\/media?parent=8706"}],"curies":[{"name":"wp","href":"https:\/\/api.w.org\/{rel}","templated":true}]}}