{"id":8700,"date":"2019-07-18T09:09:25","date_gmt":"2019-07-18T12:09:25","guid":{"rendered":"https:\/\/www2.ifsc.usp.br\/biblioteca\/?page_id=8700"},"modified":"2026-05-06T13:52:11","modified_gmt":"2026-05-06T16:52:11","slug":"normalizacao","status":"publish","type":"page","link":"https:\/\/www2.ifsc.usp.br\/biblioteca\/normalizacao\/","title":{"rendered":"Normaliza\u00e7\u00e3o de Teses, Disserta\u00e7\u00f5es, TCCs e Outros Documentos"},"content":{"rendered":"<p>[vc_row rt_row_background_width=&#8221;default&#8221; rt_row_style=&#8221;default-style&#8221; rt_row_borders=&#8221;&#8221; rt_row_paddings=&#8221;true&#8221; rt_bg_effect=&#8221;classic&#8221; rt_bg_image_repeat=&#8221;repeat&#8221; rt_bg_size=&#8221;cover&#8221; rt_bg_position=&#8221;right top&#8221; rt_bg_attachment=&#8221;scroll&#8221; rt_bg_video_format=&#8221;self-hosted&#8221;][vc_column rt_wrp_col_paddings=&#8221;false&#8221; rt_border_top=&#8221;&#8221; rt_border_bottom=&#8221;&#8221; rt_border_left=&#8221;&#8221; rt_border_right=&#8221;&#8221; rt_border_top_mobile=&#8221;&#8221; rt_border_bottom_mobile=&#8221;&#8221; rt_border_left_mobile=&#8221;&#8221; rt_border_right_mobile=&#8221;&#8221; rt_bg_image_repeat=&#8221;repeat&#8221; rt_bg_size=&#8221;auto auto&#8221; rt_bg_position=&#8221;right top&#8221; rt_bg_attachment=&#8221;scroll&#8221; rt_padding_top=&#8221;30&#8243; rt_padding_bottom=&#8221;30&#8243; rt_padding_left=&#8221;100&#8243; rt_padding_right=&#8221;100&#8243;][vc_column_text]Servi\u00e7o de orienta\u00e7\u00e3o oferecido aos alunos de Gradua\u00e7\u00e3o, P\u00f3s-Gradua\u00e7\u00e3o, Docentes e funcion\u00e1rios do IFSC para elabora\u00e7\u00e3o de teses, disserta\u00e7\u00f5es, tccs, eventos e outros documentos, de acordo com as Normas ABNT, APA, ISO ou VANCOUVER referenciadas abaixo:<\/p>\n<p style=\"padding-left: 40px;\"><a style=\"text-decoration: none;\" href=\"https:\/\/doi.org\/10.11606\/9786598386221\" target=\"_blank\" rel=\"noopener noreferrer\">Parte I ABNT<\/a><\/p>\n<p style=\"padding-left: 40px;\"><a style=\"text-decoration: none;\" href=\"http:\/\/www.livrosabertos.sibi.usp.br\/portaldelivrosUSP\/catalog\/book\/112\" target=\"_blank\" rel=\"noopener noreferrer\">Parte II APA<\/a><\/p>\n<p style=\"padding-left: 40px;\"><a style=\"text-decoration: none;\" href=\"http:\/\/www.livrosabertos.sibi.usp.br\/portaldelivrosUSP\/catalog\/book\/113\" target=\"_blank\" rel=\"noopener noreferrer\">Parte III ISO<\/a><\/p>\n<p style=\"padding-left: 40px;\"><a style=\"text-decoration: none;\" href=\"http:\/\/www.livrosabertos.sibi.usp.br\/portaldelivrosUSP\/catalog\/book\/115\" target=\"_blank\" rel=\"noopener noreferrer\">Parte IV Vancouver<\/a><\/p>\n<p>[\/vc_column_text][vc_column_text]<strong>Com o objetivo de padroniza\u00e7\u00e3o, a Biblioteca elaborou os modelos abaixo:<\/strong><\/p>\n<p style=\"padding-left: 40px;\"><a style=\"text-decoration: none;\" href=\"https:\/\/www2.ifsc.usp.br\/biblioteca\/wp-content\/uploads\/2026\/05\/1.-Modelo-de-Dissertacao-e-Teses-em-portugues-versao-original.docx\">Disserta\u00e7\u00e3o e tese em portugu\u00eas vers\u00e3o original<\/a><\/p>\n<p style=\"padding-left: 40px;\"><a style=\"text-decoration: none;\" href=\"https:\/\/www2.ifsc.usp.br\/biblioteca\/wp-content\/uploads\/2026\/05\/2.-Modelo-de-Dissertacao-e-Tese-em-portugues-versao-corrigida.docx\">Disserta\u00e7\u00e3o e tese em portugu\u00eas vers\u00e3o corrigida<\/a><\/p>\n<p style=\"padding-left: 40px;\"><a style=\"text-decoration: none;\" href=\"https:\/\/www2.ifsc.usp.br\/biblioteca\/wp-content\/uploads\/2026\/05\/3.-Modelo-de-Dissertacao-e-Tese-em-ingles-versao-original.docx\">Disserta\u00e7\u00e3o e tese em ingl\u00eas vers\u00e3o original<\/a><\/p>\n<p style=\"padding-left: 40px;\"><a style=\"text-decoration: none;\" href=\"https:\/\/www2.ifsc.usp.br\/biblioteca\/wp-content\/uploads\/2026\/05\/4.-Modelo-de-Dissertacao-e-Tese-em-ingles-versao-corrigida.docx\">Disserta\u00e7\u00e3o e tese em ingl\u00eas vers\u00e3o corrigida<\/a><\/p>\n<p style=\"padding-left: 40px;\"><a style=\"text-decoration: none;\" href=\"https:\/\/www2.ifsc.usp.br\/biblioteca\/wp-content\/uploads\/2019\/12\/Dupla_titulacao.docx\">Dupla titula\u00e7\u00e3o vers\u00e3o original e corrigida<\/a><\/p>\n<p style=\"padding-left: 40px;\"><a style=\"text-decoration: none;\" href=\"https:\/\/www2.ifsc.usp.br\/biblioteca\/wp-content\/uploads\/2026\/05\/7.-Modelo-de-Monografia-para-exame-de-Qualificacao.docx\">Monografia para exame de qualifica\u00e7\u00e3o<\/a><\/p>\n<p style=\"padding-left: 40px;\"><a style=\"text-decoration: none;\" href=\"https:\/\/www2.ifsc.usp.br\/biblioteca\/wp-content\/uploads\/2026\/05\/5.-Modelo-de-Tese-com-artigos-em-ingles-versao-original.docx\">Tese com artigos em ingl\u00eas vers\u00e3o original<\/a><\/p>\n<p style=\"padding-left: 40px;\"><a style=\"text-decoration: none;\" href=\"https:\/\/www2.ifsc.usp.br\/biblioteca\/wp-content\/uploads\/2026\/05\/6.-Modelo-de-Tese-com-artigos-em-ingles-versao-corrigida.docx\">Tese com artigos em ingl\u00eas vers\u00e3o corrigida<\/a><\/p>\n<p style=\"padding-left: 40px;\"><a style=\"text-decoration: none;\" href=\"https:\/\/www2.ifsc.usp.br\/biblioteca\/wp-content\/uploads\/2026\/05\/8.-Modelo-de-Trabalho-de-Conclusao-de-Curso-TCC.docx\">Trabalho de Conclus\u00e3o de Curso &#8211; TCC<\/a><\/p>\n<p style=\"padding-left: 40px;\"><a style=\"text-decoration: none;\" href=\"https:\/\/www2.ifsc.usp.br\/biblioteca\/pacote-uspsc\/\" rel=\"noopener noreferrer\">Modelo de Disserta\u00e7\u00f5es e Teses em LaTex \u2013 Pacote USPSC<\/a><\/p>\n<p>[\/vc_column_text][vc_column_text]<strong>Ficha Catalogr\u00e1fica <\/strong><\/p>\n<p style=\"padding-left: 40px;\">Preencha os dados de sua disserta\u00e7\u00e3o\/tese no formul\u00e1rio disponibilizado em: <a style=\"text-decoration: none;\" href=\"https:\/\/www2.ifsc.usp.br\/biblioteca\/ficha2\/\" target=\"_blank\" rel=\"noopener noreferrer\">https:\/\/www2.ifsc.usp.br\/biblioteca\/ficha2\/<\/a><\/p>\n<p style=\"padding-left: 40px;\"><strong>Obs: Utilizar somente os navegadores Chrome e Internet Explorer. Confira os dados, antes da inser\u00e7\u00e3o no verso da folha de rosto.<\/strong><\/p>\n<p>[\/vc_column_text][vc_column_text]<b><div class=\"sfsi_widget sfsi_shortcode_container\"><div class=\"norm_row sfsi_wDiv \"  style=\"width:175px;text-align:left;\"><div style='width:30px; height:30px;margin-left:5px;margin-bottom:5px; ' class='sfsi_wicons shuffeldiv ' ><div class='inerCnt'><a class=' sficn' data-effect='' target='_blank'  href='' id='sfsiid_facebook_icon' style='width:30px;height:30px;opacity:1;'  ><img data-pin-nopin='true' alt='Facebook' title='Facebook' src='https:\/\/www2.ifsc.usp.br\/biblioteca\/wp-content\/plugins\/ultimate-social-media-icons\/images\/icons_theme\/default\/default_facebook.png' width='30' height='30' style='' class='sfcm sfsi_wicon ' data-effect=''   \/><\/a><div class=\"sfsi_tool_tip_2 fb_tool_bdr sfsiTlleft\" style=\"opacity:0;z-index:-1;\" id=\"sfsiid_facebook\"><span class=\"bot_arow bot_fb_arow\"><\/span><div class=\"sfsi_inside\"><div  class='icon3'><a target='_blank' href='https:\/\/www.facebook.com\/sharer\/sharer.php?u=https%3A%2F%2Fwww2.ifsc.usp.br%2Fbiblioteca%2Fwp-json%2Fwp%2Fv2%2Fpages%2F8700' style='display:inline-block;'  > <img class='sfsi_wicon'  data-pin-nopin='true' alt='fb-share-icon' title='Facebook Share' src='https:\/\/www2.ifsc.usp.br\/biblioteca\/wp-content\/plugins\/ultimate-social-media-icons\/images\/share_icons\/fb_icons\/en_US.svg' \/><\/a><\/div><\/div><\/div><\/div><\/div><div style='width:30px; height:30px;margin-left:5px;margin-bottom:5px; ' class='sfsi_wicons shuffeldiv ' ><div class='inerCnt'><a class=' sficn' data-effect='' target='_blank'  href='' id='sfsiid_twitter_icon' style='width:30px;height:30px;opacity:1;'  ><img data-pin-nopin='true' alt='Twitter' title='Twitter' src='https:\/\/www2.ifsc.usp.br\/biblioteca\/wp-content\/plugins\/ultimate-social-media-icons\/images\/icons_theme\/default\/default_twitter.png' width='30' height='30' style='' class='sfcm sfsi_wicon ' data-effect=''   \/><\/a><div class=\"sfsi_tool_tip_2 twt_tool_bdr sfsiTlleft\" style=\"opacity:0;z-index:-1;\" id=\"sfsiid_twitter\"><span class=\"bot_arow bot_twt_arow\"><\/span><div class=\"sfsi_inside\"><div  class='icon2'><div class='sf_twiter' style='display: inline-block;vertical-align: middle;width: auto;'>\r\n\t\t\t\t\t\t<a target='_blank' href='https:\/\/x.com\/intent\/post?text=Hey%2C+check+out+this+cool+site+I+found%3A+www.yourname.com+%23Topic+via%40my_twitter_name+https%3A%2F%2Fwww2.ifsc.usp.br%2Fbiblioteca%2Fwp-json%2Fwp%2Fv2%2Fpages%2F8700' style='display:inline-block' >\r\n\t\t\t\t\t\t\t<img data-pin-nopin= true class='sfsi_wicon' src='https:\/\/www2.ifsc.usp.br\/biblioteca\/wp-content\/plugins\/ultimate-social-media-icons\/images\/share_icons\/Twitter_Tweet\/en_US_Tweet.svg' alt='Post on X' title='Post on X' >\r\n\t\t\t\t\t\t<\/a>\r\n\t\t\t\t\t<\/div><\/div><\/div><\/div><\/div><\/div><\/div ><div id=\"sfsi_holder\" class=\"sfsi_holders\" style=\"position: relative; float: left;width:100%;z-index:-1;\"><\/div ><script>window.addEventListener(\"sfsi_functions_loaded\", function()\n\t\t\t{\n\t\t\t\tif (typeof sfsi_widget_set == \"function\") {\n\t\t\t\t\tsfsi_widget_set();\n\t\t\t\t}\n\t\t\t}); <\/script><div style=\"clear: both;\"><\/div><\/div><\/b>[\/vc_column_text][\/vc_column][\/vc_row]<\/p>\n","protected":false},"excerpt":{"rendered":"<p>[vc_row rt_row_background_width=&#8221;default&#8221; rt_row_style=&#8221;default-style&#8221; rt_row_borders=&#8221;&#8221; rt_row_paddings=&#8221;true&#8221; rt_bg_effect=&#8221;classic&#8221; rt_bg_image_repeat=&#8221;repeat&#8221; rt_bg_size=&#8221;cover&#8221; rt_bg_position=&#8221;right top&#8221; rt_bg_attachment=&#8221;scroll&#8221; rt_bg_video_format=&#8221;self-hosted&#8221;][vc_column rt_wrp_col_paddings=&#8221;false&#8221; rt_border_top=&#8221;&#8221; rt_border_bottom=&#8221;&#8221; rt_border_left=&#8221;&#8221; rt_border_right=&#8221;&#8221; rt_border_top_mobile=&#8221;&#8221; rt_border_bottom_mobile=&#8221;&#8221; rt_border_left_mobile=&#8221;&#8221; rt_border_right_mobile=&#8221;&#8221; rt_bg_image_repeat=&#8221;repeat&#8221; rt_bg_size=&#8221;auto auto&#8221; rt_bg_position=&#8221;right top&#8221; rt_bg_attachment=&#8221;scroll&#8221; rt_padding_top=&#8221;30&#8243; rt_padding_bottom=&#8221;30&#8243; rt_padding_left=&#8221;100&#8243; rt_padding_right=&#8221;100&#8243;][vc_column_text]Servi\u00e7o de orienta\u00e7\u00e3o oferecido aos alunos de Gradua\u00e7\u00e3o, P\u00f3s-Gradua\u00e7\u00e3o, Docentes e funcion\u00e1rios do IFSC para elabora\u00e7\u00e3o de teses, disserta\u00e7\u00f5es, tccs, eventos e outros documentos, de [&hellip;]<\/p>\n","protected":false},"author":1,"featured_media":0,"parent":0,"menu_order":0,"comment_status":"closed","ping_status":"closed","template":"","meta":{"footnotes":""},"class_list":["post-8700","page","type-page","status-publish","hentry"],"yoast_head":"<!-- This site is optimized with the Yoast SEO plugin v27.5 - https:\/\/yoast.com\/product\/yoast-seo-wordpress\/ -->\n<title>Normaliza\u00e7\u00e3o de Teses, Disserta\u00e7\u00f5es, TCCs e Outros Documentos - Servi\u00e7o de Biblioteca e Informa\u00e7\u00e3o<\/title>\n<meta name=\"robots\" content=\"index, follow, max-snippet:-1, max-image-preview:large, max-video-preview:-1\" \/>\n<link rel=\"canonical\" href=\"https:\/\/www2.ifsc.usp.br\/biblioteca\/normalizacao\/\" \/>\n<meta property=\"og:locale\" content=\"pt_BR\" \/>\n<meta property=\"og:type\" content=\"article\" \/>\n<meta property=\"og:title\" content=\"Normaliza\u00e7\u00e3o de Teses, Disserta\u00e7\u00f5es, TCCs e Outros Documentos - Servi\u00e7o de Biblioteca e Informa\u00e7\u00e3o\" \/>\n<meta property=\"og:description\" content=\"[vc_row rt_row_background_width=&#8221;default&#8221; rt_row_style=&#8221;default-style&#8221; rt_row_borders=&#8221;&#8221; rt_row_paddings=&#8221;true&#8221; rt_bg_effect=&#8221;classic&#8221; rt_bg_image_repeat=&#8221;repeat&#8221; rt_bg_size=&#8221;cover&#8221; rt_bg_position=&#8221;right top&#8221; rt_bg_attachment=&#8221;scroll&#8221; rt_bg_video_format=&#8221;self-hosted&#8221;][vc_column rt_wrp_col_paddings=&#8221;false&#8221; rt_border_top=&#8221;&#8221; rt_border_bottom=&#8221;&#8221; rt_border_left=&#8221;&#8221; rt_border_right=&#8221;&#8221; rt_border_top_mobile=&#8221;&#8221; rt_border_bottom_mobile=&#8221;&#8221; rt_border_left_mobile=&#8221;&#8221; rt_border_right_mobile=&#8221;&#8221; rt_bg_image_repeat=&#8221;repeat&#8221; rt_bg_size=&#8221;auto auto&#8221; rt_bg_position=&#8221;right top&#8221; rt_bg_attachment=&#8221;scroll&#8221; rt_padding_top=&#8221;30&#8243; rt_padding_bottom=&#8221;30&#8243; rt_padding_left=&#8221;100&#8243; rt_padding_right=&#8221;100&#8243;][vc_column_text]Servi\u00e7o de orienta\u00e7\u00e3o oferecido aos alunos de Gradua\u00e7\u00e3o, P\u00f3s-Gradua\u00e7\u00e3o, Docentes e funcion\u00e1rios do IFSC para elabora\u00e7\u00e3o de teses, disserta\u00e7\u00f5es, tccs, eventos e outros documentos, de [&hellip;]\" \/>\n<meta property=\"og:url\" content=\"https:\/\/www2.ifsc.usp.br\/biblioteca\/normalizacao\/\" \/>\n<meta property=\"og:site_name\" content=\"Servi\u00e7o de Biblioteca e Informa\u00e7\u00e3o\" \/>\n<meta property=\"article:modified_time\" content=\"2026-05-06T16:52:11+00:00\" \/>\n<meta name=\"twitter:card\" content=\"summary_large_image\" \/>\n<meta name=\"twitter:label1\" content=\"Est. tempo de leitura\" \/>\n\t<meta name=\"twitter:data1\" content=\"2 minutos\" \/>\n<script type=\"application\/ld+json\" class=\"yoast-schema-graph\">{\"@context\":\"https:\\\/\\\/schema.org\",\"@graph\":[{\"@type\":\"WebPage\",\"@id\":\"https:\\\/\\\/www2.ifsc.usp.br\\\/biblioteca\\\/normalizacao\\\/\",\"url\":\"https:\\\/\\\/www2.ifsc.usp.br\\\/biblioteca\\\/normalizacao\\\/\",\"name\":\"Normaliza\u00e7\u00e3o de Teses, Disserta\u00e7\u00f5es, TCCs e Outros Documentos - Servi\u00e7o de Biblioteca e Informa\u00e7\u00e3o\",\"isPartOf\":{\"@id\":\"https:\\\/\\\/www2.ifsc.usp.br\\\/biblioteca\\\/#website\"},\"datePublished\":\"2019-07-18T12:09:25+00:00\",\"dateModified\":\"2026-05-06T16:52:11+00:00\",\"breadcrumb\":{\"@id\":\"https:\\\/\\\/www2.ifsc.usp.br\\\/biblioteca\\\/normalizacao\\\/#breadcrumb\"},\"inLanguage\":\"pt-BR\",\"potentialAction\":[{\"@type\":\"ReadAction\",\"target\":[\"https:\\\/\\\/www2.ifsc.usp.br\\\/biblioteca\\\/normalizacao\\\/\"]}]},{\"@type\":\"BreadcrumbList\",\"@id\":\"https:\\\/\\\/www2.ifsc.usp.br\\\/biblioteca\\\/normalizacao\\\/#breadcrumb\",\"itemListElement\":[{\"@type\":\"ListItem\",\"position\":1,\"name\":\"In\u00edcio\",\"item\":\"https:\\\/\\\/www2.ifsc.usp.br\\\/biblioteca\\\/\"},{\"@type\":\"ListItem\",\"position\":2,\"name\":\"Normaliza\u00e7\u00e3o de Teses, Disserta\u00e7\u00f5es, TCCs e Outros Documentos\"}]},{\"@type\":\"WebSite\",\"@id\":\"https:\\\/\\\/www2.ifsc.usp.br\\\/biblioteca\\\/#website\",\"url\":\"https:\\\/\\\/www2.ifsc.usp.br\\\/biblioteca\\\/\",\"name\":\"Servi\u00e7o de Biblioteca e Informa\u00e7\u00e3o\",\"description\":\"Instituto de F\u00edsica de S\u00e3o Carlos\",\"potentialAction\":[{\"@type\":\"SearchAction\",\"target\":{\"@type\":\"EntryPoint\",\"urlTemplate\":\"https:\\\/\\\/www2.ifsc.usp.br\\\/biblioteca\\\/?s={search_term_string}\"},\"query-input\":{\"@type\":\"PropertyValueSpecification\",\"valueRequired\":true,\"valueName\":\"search_term_string\"}}],\"inLanguage\":\"pt-BR\"}]}<\/script>\n<!-- \/ Yoast SEO plugin. -->","yoast_head_json":{"title":"Normaliza\u00e7\u00e3o de Teses, Disserta\u00e7\u00f5es, TCCs e Outros Documentos - Servi\u00e7o de Biblioteca e Informa\u00e7\u00e3o","robots":{"index":"index","follow":"follow","max-snippet":"max-snippet:-1","max-image-preview":"max-image-preview:large","max-video-preview":"max-video-preview:-1"},"canonical":"https:\/\/www2.ifsc.usp.br\/biblioteca\/normalizacao\/","og_locale":"pt_BR","og_type":"article","og_title":"Normaliza\u00e7\u00e3o de Teses, Disserta\u00e7\u00f5es, TCCs e Outros Documentos - Servi\u00e7o de Biblioteca e Informa\u00e7\u00e3o","og_description":"[vc_row rt_row_background_width=&#8221;default&#8221; rt_row_style=&#8221;default-style&#8221; rt_row_borders=&#8221;&#8221; rt_row_paddings=&#8221;true&#8221; rt_bg_effect=&#8221;classic&#8221; rt_bg_image_repeat=&#8221;repeat&#8221; rt_bg_size=&#8221;cover&#8221; rt_bg_position=&#8221;right top&#8221; rt_bg_attachment=&#8221;scroll&#8221; rt_bg_video_format=&#8221;self-hosted&#8221;][vc_column rt_wrp_col_paddings=&#8221;false&#8221; rt_border_top=&#8221;&#8221; rt_border_bottom=&#8221;&#8221; rt_border_left=&#8221;&#8221; rt_border_right=&#8221;&#8221; rt_border_top_mobile=&#8221;&#8221; rt_border_bottom_mobile=&#8221;&#8221; rt_border_left_mobile=&#8221;&#8221; rt_border_right_mobile=&#8221;&#8221; rt_bg_image_repeat=&#8221;repeat&#8221; rt_bg_size=&#8221;auto auto&#8221; rt_bg_position=&#8221;right top&#8221; rt_bg_attachment=&#8221;scroll&#8221; rt_padding_top=&#8221;30&#8243; rt_padding_bottom=&#8221;30&#8243; rt_padding_left=&#8221;100&#8243; rt_padding_right=&#8221;100&#8243;][vc_column_text]Servi\u00e7o de orienta\u00e7\u00e3o oferecido aos alunos de Gradua\u00e7\u00e3o, P\u00f3s-Gradua\u00e7\u00e3o, Docentes e funcion\u00e1rios do IFSC para elabora\u00e7\u00e3o de teses, disserta\u00e7\u00f5es, tccs, eventos e outros documentos, de [&hellip;]","og_url":"https:\/\/www2.ifsc.usp.br\/biblioteca\/normalizacao\/","og_site_name":"Servi\u00e7o de Biblioteca e Informa\u00e7\u00e3o","article_modified_time":"2026-05-06T16:52:11+00:00","twitter_card":"summary_large_image","twitter_misc":{"Est. tempo de leitura":"2 minutos"},"schema":{"@context":"https:\/\/schema.org","@graph":[{"@type":"WebPage","@id":"https:\/\/www2.ifsc.usp.br\/biblioteca\/normalizacao\/","url":"https:\/\/www2.ifsc.usp.br\/biblioteca\/normalizacao\/","name":"Normaliza\u00e7\u00e3o de Teses, Disserta\u00e7\u00f5es, TCCs e Outros Documentos - Servi\u00e7o de Biblioteca e Informa\u00e7\u00e3o","isPartOf":{"@id":"https:\/\/www2.ifsc.usp.br\/biblioteca\/#website"},"datePublished":"2019-07-18T12:09:25+00:00","dateModified":"2026-05-06T16:52:11+00:00","breadcrumb":{"@id":"https:\/\/www2.ifsc.usp.br\/biblioteca\/normalizacao\/#breadcrumb"},"inLanguage":"pt-BR","potentialAction":[{"@type":"ReadAction","target":["https:\/\/www2.ifsc.usp.br\/biblioteca\/normalizacao\/"]}]},{"@type":"BreadcrumbList","@id":"https:\/\/www2.ifsc.usp.br\/biblioteca\/normalizacao\/#breadcrumb","itemListElement":[{"@type":"ListItem","position":1,"name":"In\u00edcio","item":"https:\/\/www2.ifsc.usp.br\/biblioteca\/"},{"@type":"ListItem","position":2,"name":"Normaliza\u00e7\u00e3o de Teses, Disserta\u00e7\u00f5es, TCCs e Outros Documentos"}]},{"@type":"WebSite","@id":"https:\/\/www2.ifsc.usp.br\/biblioteca\/#website","url":"https:\/\/www2.ifsc.usp.br\/biblioteca\/","name":"Servi\u00e7o de Biblioteca e Informa\u00e7\u00e3o","description":"Instituto de F\u00edsica de S\u00e3o Carlos","potentialAction":[{"@type":"SearchAction","target":{"@type":"EntryPoint","urlTemplate":"https:\/\/www2.ifsc.usp.br\/biblioteca\/?s={search_term_string}"},"query-input":{"@type":"PropertyValueSpecification","valueRequired":true,"valueName":"search_term_string"}}],"inLanguage":"pt-BR"}]}},"_links":{"self":[{"href":"https:\/\/www2.ifsc.usp.br\/biblioteca\/wp-json\/wp\/v2\/pages\/8700","targetHints":{"allow":["GET"]}}],"collection":[{"href":"https:\/\/www2.ifsc.usp.br\/biblioteca\/wp-json\/wp\/v2\/pages"}],"about":[{"href":"https:\/\/www2.ifsc.usp.br\/biblioteca\/wp-json\/wp\/v2\/types\/page"}],"author":[{"embeddable":true,"href":"https:\/\/www2.ifsc.usp.br\/biblioteca\/wp-json\/wp\/v2\/users\/1"}],"replies":[{"embeddable":true,"href":"https:\/\/www2.ifsc.usp.br\/biblioteca\/wp-json\/wp\/v2\/comments?post=8700"}],"version-history":[{"count":61,"href":"https:\/\/www2.ifsc.usp.br\/biblioteca\/wp-json\/wp\/v2\/pages\/8700\/revisions"}],"predecessor-version":[{"id":13815,"href":"https:\/\/www2.ifsc.usp.br\/biblioteca\/wp-json\/wp\/v2\/pages\/8700\/revisions\/13815"}],"wp:attachment":[{"href":"https:\/\/www2.ifsc.usp.br\/biblioteca\/wp-json\/wp\/v2\/media?parent=8700"}],"curies":[{"name":"wp","href":"https:\/\/api.w.org\/{rel}","templated":true}]}}