{"id":8649,"date":"2019-07-17T16:41:18","date_gmt":"2019-07-17T19:41:18","guid":{"rendered":"https:\/\/www2.ifsc.usp.br\/biblioteca\/?page_id=8649"},"modified":"2026-01-30T13:40:27","modified_gmt":"2026-01-30T16:40:27","slug":"biblioteca-em-numeros","status":"publish","type":"page","link":"https:\/\/www2.ifsc.usp.br\/biblioteca\/biblioteca-em-numeros\/","title":{"rendered":"Biblioteca em N\u00fameros"},"content":{"rendered":"<p>[vc_row rt_row_background_width=&#8221;default&#8221; rt_row_style=&#8221;default-style&#8221; rt_row_borders=&#8221;&#8221; rt_row_paddings=&#8221;true&#8221; rt_bg_effect=&#8221;classic&#8221; rt_bg_image_repeat=&#8221;repeat&#8221; rt_bg_size=&#8221;cover&#8221; rt_bg_position=&#8221;right top&#8221; rt_bg_attachment=&#8221;scroll&#8221; rt_bg_video_format=&#8221;self-hosted&#8221;][vc_column rt_wrp_col_paddings=&#8221;false&#8221; rt_border_top=&#8221;&#8221; rt_border_bottom=&#8221;&#8221; rt_border_left=&#8221;&#8221; rt_border_right=&#8221;&#8221; rt_border_top_mobile=&#8221;&#8221; rt_border_bottom_mobile=&#8221;&#8221; rt_border_left_mobile=&#8221;&#8221; rt_border_right_mobile=&#8221;&#8221; rt_bg_image_repeat=&#8221;repeat&#8221; rt_bg_size=&#8221;auto auto&#8221; rt_bg_position=&#8221;right top&#8221; rt_bg_attachment=&#8221;scroll&#8221; rt_padding_left=&#8221;100&#8243; rt_padding_right=&#8221;100&#8243; rt_padding_top=&#8221;30&#8243;][vc_column_text]<span style=\"color: #333399;\"><strong>INFRAESTRUTURA<\/strong><\/span><\/p>\n<p><strong>\u00c1rea:<\/strong> 1.560 m<sup>2<\/sup><\/p>\n<p><strong>Lugares para estudo:<\/strong> 179 lugares distribu\u00eddos em:<\/p>\n<p style=\"padding-left: 40px;\">-Sala de Estudo 24 horas (acesso livre)<\/p>\n<p style=\"padding-left: 40px;\">-Espa\u00e7o 24h (acesso ap\u00f3s hor\u00e1rio de expediente da Biblioteca, apenas para Comunidade USP com cart\u00e3o USP ou e-Card)<\/p>\n<p style=\"padding-left: 40px;\">-13 Salas de Estudo em Grupo<\/p>\n<p style=\"padding-left: 40px;\">-\u00c1reas apropriadas para o acervo e servi\u00e7os espec\u00edficos, al\u00e9m da \u00e1rea para leitura de novos peri\u00f3dicos e jornais<\/p>\n<p>&nbsp;<\/p>\n<p><span style=\"color: #333399;\"><strong>ACERVO LOCAL\u00a0<\/strong><\/span><\/p>\n<p><strong>Livros impressos: <\/strong>32.531 volumes<\/p>\n<p><strong>Teses: <\/strong>2.834<\/p>\n<p><strong>TCCs: <\/strong>153 (homologados e depositados na BTDA)<\/p>\n<p><strong>Materiais Especiais: <\/strong>4.110<\/p>\n<p><strong>Produ\u00e7\u00e3o Cient\u00edfica: <\/strong>37.292<\/p>\n<p>&nbsp;<\/p>\n<p><span style=\"color: #333399;\"><strong>ACERVO ONLINE\u00a0<\/strong><\/span><\/p>\n<p><strong>Livros eletr\u00f4nicos (e-Books) :<\/strong> cole\u00e7\u00e3o com cerca de 489 mil livros eletr\u00f4nicos. (cont\u00e9m: e-books assinados pela USP, e-books de acesso gratuito e e-books do Portal da CAPES)<\/p>\n<p><strong>Bases de dados:<\/strong> cole\u00e7\u00e3o com 257 bases de dados. (cont\u00e9m todas as bases de dados acess\u00edveis pela USP. Cole\u00e7\u00e3o de bases de dados, atualizada constantemente)<\/p>\n<p><strong>Peri\u00f3dicos:<\/strong> cole\u00e7\u00e3o com 152 mil peri\u00f3dicos em texto completo. (cont\u00e9m: peri\u00f3dicos assinados pela USP, peri\u00f3dicos de acesso gratuito e peri\u00f3dicos do Portal da CAPES)<\/p>\n<p><strong>BDTD \u2013 Biblioteca Digital de Teses e Disserta\u00e7\u00f5es da USP<\/strong>\u00a0\u2013\u00a0<strong>139.826<\/strong><\/p>\n<p><strong>BDTA &#8211; Biblioteca Digital de Trabalhos Acad\u00eamicos da USP \u2013\u00a0<\/strong><strong>19.936 <\/strong>A BDTA atende \u00e0\u00a0Resolu\u00e7\u00e3o CoCEx-CoG N\u00ba 7497, de 09 de abril de 2018\u00a0&#8211; Artigo 1\u00ba: a banca examinadora ou inst\u00e2ncia avaliadora equivalente dever\u00e1 informar se recomenda ou n\u00e3o a inclus\u00e3o dos referidos documentos na Biblioteca Digital de Trabalhos Acad\u00eamicos (BDTA) da USP.<\/p>\n<p><strong>ReP &#8211; Reposit\u00f3rio da Produ\u00e7\u00e3o Intelectual da USP<\/strong>\u00a0\u2013\u00a0<strong>1.161.105 <\/strong>\u00c9 o Reposit\u00f3rio institucional e oficial da Universidade de S\u00e3o Paulo que concentra o registro e armazena as publica\u00e7\u00f5es oriundas de pesquisa e a produ\u00e7\u00e3o cient\u00edfica, art\u00edstica, acad\u00eamica e t\u00e9cnica em formato digital de seus autores, departamentos, unidades, institutos, centros, museus e \u00f3rg\u00e3os centrais.<\/p>\n<p>&nbsp;<\/p>\n<p><span style=\"color: #333399;\"><strong>FREQU\u00caNCIA DE USU\u00c1RIOS EM 2025<\/strong><\/span><\/p>\n<p><strong>Frequ\u00eancia Anual:<\/strong> 126.297<\/p>\n<p><strong>M\u00e9dia Mensal:<\/strong> 10.525<\/p>\n<p><strong>M\u00e9dia Di\u00e1ria:<\/strong> 346<\/p>\n<p>&nbsp;<\/p>\n<p><span style=\"color: #333399;\"><strong>ATENDIMENTO AO USU\u00c1RIO E OUTROS SERVI\u00c7OS EM 2025<\/strong><\/span><\/p>\n<p><strong>Empr\u00e9stimos:<\/strong> 5.570<\/p>\n<p><strong>Consulta:<\/strong> 6.491<\/p>\n<p><strong>N\u00ba de participantes nas aulas e visitas: <\/strong>181<\/p>\n<p><strong>Empr\u00e9stimo entre Biblioteca como Fornecedora:<\/strong> 31 volumes<\/p>\n<p><strong>Empr\u00e9stimo entre Biblioteca como Solicitante:<\/strong> 46 volumes<\/p>\n<p><strong>Comuta\u00e7\u00e3o Bibliogr\u00e1fica como Fornecedora:<\/strong> 61 pedidos<\/p>\n<p><strong>Comuta\u00e7\u00e3o Bibliogr\u00e1fica como Solicitante:<\/strong> 46 pedido<\/p>\n<p><strong>Assist\u00eancia ao usu\u00e1rio:<\/strong> 13.633<\/p>\n<p><strong>Normaliza\u00e7\u00e3o de documentos (como todo):<\/strong> 116<\/p>\n<p><strong>Normaliza\u00e7\u00e3o e padroniza\u00e7\u00e3o de Refer\u00eancias Bibliogr\u00e1ficas:<\/strong> 1.821<\/p>\n<p><strong>N\u00ba de obras recebidas como doa\u00e7\u00e3o e disponibilizadas no Bookcrossing:<\/strong> 85<\/p>\n<p>&nbsp;<\/p>\n<p><strong>Fontes:<\/strong><\/p>\n<p>RIBI \u2013 Relat\u00f3rio Interno das Bibliotecas da USP, 2025.<\/p>\n<p>Sistema de Informa\u00e7\u00e3o do SBI\/IFSC. Dados extra\u00eddos em\u00a0 14 jan. 2026.<\/p>\n<p>DEDALUS \u2013 Banco Bibliogr\u00e1fico da USP. Dispon\u00edvel em:\u00a0 http:\/\/dedalus.usp.br\/. Acesso em: 14 jan. 2026.<\/p>\n<p>Portal de Busca Integrada. Dispon\u00edvel em: http:\/\/www.buscaintegrada.usp.br. Acesso em: 14 jan. 2026.<\/p>\n<p>BDTD \u2013 Biblioteca Digital de Teses e Disserta\u00e7\u00f5es da USP. Dispon\u00edvel em: https:\/\/www.teses.usp.br\/ Acesso em: 14 jan. 2026.<\/p>\n<p>BDTA \u2013 Biblioteca Digital de Trabalhos Acad\u00eamicos da USP. Dispon\u00edvel em: https:\/\/bdta.abcd.usp.br\/. Acesso em: 14 jan. 2026.<\/p>\n<p>ReP-USP \u2013 Reposit\u00f3rio da Produ\u00e7\u00e3o Intelectual da USP. Dispon\u00edvel em: https:\/\/repositorio.usp.br\/index.php. Acesso em: 14 jan. 2026.[\/vc_column_text][vc_column_text]<b><div class=\"sfsi_widget sfsi_shortcode_container\"><div class=\"norm_row sfsi_wDiv \"  style=\"width:175px;text-align:left;\"><div style='width:30px; height:30px;margin-left:5px;margin-bottom:5px; ' class='sfsi_wicons shuffeldiv ' ><div class='inerCnt'><a class=' sficn' data-effect='' target='_blank'  href='' id='sfsiid_facebook_icon' style='width:30px;height:30px;opacity:1;'  ><img data-pin-nopin='true' alt='Facebook' title='Facebook' src='https:\/\/www2.ifsc.usp.br\/biblioteca\/wp-content\/plugins\/ultimate-social-media-icons\/images\/icons_theme\/default\/default_facebook.png' width='30' height='30' style='' class='sfcm sfsi_wicon ' data-effect=''   \/><\/a><div class=\"sfsi_tool_tip_2 fb_tool_bdr sfsiTlleft\" style=\"opacity:0;z-index:-1;\" id=\"sfsiid_facebook\"><span class=\"bot_arow bot_fb_arow\"><\/span><div class=\"sfsi_inside\"><div  class='icon3'><a target='_blank' href='https:\/\/www.facebook.com\/sharer\/sharer.php?u=https%3A%2F%2Fwww2.ifsc.usp.br%2Fbiblioteca%2Fwp-json%2Fwp%2Fv2%2Fpages%2F8649' style='display:inline-block;'  > <img class='sfsi_wicon'  data-pin-nopin='true' alt='fb-share-icon' title='Facebook Share' src='https:\/\/www2.ifsc.usp.br\/biblioteca\/wp-content\/plugins\/ultimate-social-media-icons\/images\/share_icons\/fb_icons\/en_US.svg' \/><\/a><\/div><\/div><\/div><\/div><\/div><div style='width:30px; height:30px;margin-left:5px;margin-bottom:5px; ' class='sfsi_wicons shuffeldiv ' ><div class='inerCnt'><a class=' sficn' data-effect='' target='_blank'  href='' id='sfsiid_twitter_icon' style='width:30px;height:30px;opacity:1;'  ><img data-pin-nopin='true' alt='Twitter' title='Twitter' src='https:\/\/www2.ifsc.usp.br\/biblioteca\/wp-content\/plugins\/ultimate-social-media-icons\/images\/icons_theme\/default\/default_twitter.png' width='30' height='30' style='' class='sfcm sfsi_wicon ' data-effect=''   \/><\/a><div class=\"sfsi_tool_tip_2 twt_tool_bdr sfsiTlleft\" style=\"opacity:0;z-index:-1;\" id=\"sfsiid_twitter\"><span class=\"bot_arow bot_twt_arow\"><\/span><div class=\"sfsi_inside\"><div  class='icon2'><div class='sf_twiter' style='display: inline-block;vertical-align: middle;width: auto;'>\r\n\t\t\t\t\t\t<a target='_blank' href='https:\/\/x.com\/intent\/post?text=Hey%2C+check+out+this+cool+site+I+found%3A+www.yourname.com+%23Topic+via%40my_twitter_name+https%3A%2F%2Fwww2.ifsc.usp.br%2Fbiblioteca%2Fwp-json%2Fwp%2Fv2%2Fpages%2F8649' style='display:inline-block' >\r\n\t\t\t\t\t\t\t<img data-pin-nopin= true class='sfsi_wicon' src='https:\/\/www2.ifsc.usp.br\/biblioteca\/wp-content\/plugins\/ultimate-social-media-icons\/images\/share_icons\/Twitter_Tweet\/en_US_Tweet.svg' alt='Post on X' title='Post on X' >\r\n\t\t\t\t\t\t<\/a>\r\n\t\t\t\t\t<\/div><\/div><\/div><\/div><\/div><\/div><\/div ><div id=\"sfsi_holder\" class=\"sfsi_holders\" style=\"position: relative; float: left;width:100%;z-index:-1;\"><\/div ><script>window.addEventListener(\"sfsi_functions_loaded\", function()\n\t\t\t{\n\t\t\t\tif (typeof sfsi_widget_set == \"function\") {\n\t\t\t\t\tsfsi_widget_set();\n\t\t\t\t}\n\t\t\t}); <\/script><div style=\"clear: both;\"><\/div><\/div><\/b>[\/vc_column_text][\/vc_column][\/vc_row]<\/p>\n","protected":false},"excerpt":{"rendered":"<p>[vc_row rt_row_background_width=&#8221;default&#8221; rt_row_style=&#8221;default-style&#8221; rt_row_borders=&#8221;&#8221; rt_row_paddings=&#8221;true&#8221; rt_bg_effect=&#8221;classic&#8221; rt_bg_image_repeat=&#8221;repeat&#8221; rt_bg_size=&#8221;cover&#8221; rt_bg_position=&#8221;right top&#8221; rt_bg_attachment=&#8221;scroll&#8221; rt_bg_video_format=&#8221;self-hosted&#8221;][vc_column rt_wrp_col_paddings=&#8221;false&#8221; rt_border_top=&#8221;&#8221; rt_border_bottom=&#8221;&#8221; rt_border_left=&#8221;&#8221; rt_border_right=&#8221;&#8221; rt_border_top_mobile=&#8221;&#8221; rt_border_bottom_mobile=&#8221;&#8221; rt_border_left_mobile=&#8221;&#8221; rt_border_right_mobile=&#8221;&#8221; rt_bg_image_repeat=&#8221;repeat&#8221; rt_bg_size=&#8221;auto auto&#8221; rt_bg_position=&#8221;right top&#8221; rt_bg_attachment=&#8221;scroll&#8221; rt_padding_left=&#8221;100&#8243; rt_padding_right=&#8221;100&#8243; rt_padding_top=&#8221;30&#8243;][vc_column_text]INFRAESTRUTURA \u00c1rea: 1.560 m2 Lugares para estudo: 179 lugares distribu\u00eddos em: -Sala de Estudo 24 horas (acesso livre) -Espa\u00e7o 24h (acesso ap\u00f3s hor\u00e1rio de expediente da [&hellip;]<\/p>\n","protected":false},"author":1,"featured_media":0,"parent":0,"menu_order":0,"comment_status":"closed","ping_status":"closed","template":"","meta":{"footnotes":""},"class_list":["post-8649","page","type-page","status-publish","hentry"],"yoast_head":"<!-- This site is optimized with the Yoast SEO plugin v27.5 - https:\/\/yoast.com\/product\/yoast-seo-wordpress\/ -->\n<title>Biblioteca em N\u00fameros - Servi\u00e7o de Biblioteca e Informa\u00e7\u00e3o<\/title>\n<meta name=\"robots\" content=\"index, follow, max-snippet:-1, max-image-preview:large, max-video-preview:-1\" \/>\n<link rel=\"canonical\" href=\"https:\/\/www2.ifsc.usp.br\/biblioteca\/biblioteca-em-numeros\/\" \/>\n<meta property=\"og:locale\" content=\"pt_BR\" \/>\n<meta property=\"og:type\" content=\"article\" \/>\n<meta property=\"og:title\" content=\"Biblioteca em N\u00fameros - Servi\u00e7o de Biblioteca e Informa\u00e7\u00e3o\" \/>\n<meta property=\"og:description\" content=\"[vc_row rt_row_background_width=&#8221;default&#8221; rt_row_style=&#8221;default-style&#8221; rt_row_borders=&#8221;&#8221; rt_row_paddings=&#8221;true&#8221; rt_bg_effect=&#8221;classic&#8221; rt_bg_image_repeat=&#8221;repeat&#8221; rt_bg_size=&#8221;cover&#8221; rt_bg_position=&#8221;right top&#8221; rt_bg_attachment=&#8221;scroll&#8221; rt_bg_video_format=&#8221;self-hosted&#8221;][vc_column rt_wrp_col_paddings=&#8221;false&#8221; rt_border_top=&#8221;&#8221; rt_border_bottom=&#8221;&#8221; rt_border_left=&#8221;&#8221; rt_border_right=&#8221;&#8221; rt_border_top_mobile=&#8221;&#8221; rt_border_bottom_mobile=&#8221;&#8221; rt_border_left_mobile=&#8221;&#8221; rt_border_right_mobile=&#8221;&#8221; rt_bg_image_repeat=&#8221;repeat&#8221; rt_bg_size=&#8221;auto auto&#8221; rt_bg_position=&#8221;right top&#8221; rt_bg_attachment=&#8221;scroll&#8221; rt_padding_left=&#8221;100&#8243; rt_padding_right=&#8221;100&#8243; rt_padding_top=&#8221;30&#8243;][vc_column_text]INFRAESTRUTURA \u00c1rea: 1.560 m2 Lugares para estudo: 179 lugares distribu\u00eddos em: -Sala de Estudo 24 horas (acesso livre) -Espa\u00e7o 24h (acesso ap\u00f3s hor\u00e1rio de expediente da [&hellip;]\" \/>\n<meta property=\"og:url\" content=\"https:\/\/www2.ifsc.usp.br\/biblioteca\/biblioteca-em-numeros\/\" \/>\n<meta property=\"og:site_name\" content=\"Servi\u00e7o de Biblioteca e Informa\u00e7\u00e3o\" \/>\n<meta property=\"article:modified_time\" content=\"2026-01-30T16:40:27+00:00\" \/>\n<meta name=\"twitter:card\" content=\"summary_large_image\" \/>\n<meta name=\"twitter:label1\" content=\"Est. tempo de leitura\" \/>\n\t<meta name=\"twitter:data1\" content=\"3 minutos\" \/>\n<script type=\"application\/ld+json\" class=\"yoast-schema-graph\">{\"@context\":\"https:\\\/\\\/schema.org\",\"@graph\":[{\"@type\":\"WebPage\",\"@id\":\"https:\\\/\\\/www2.ifsc.usp.br\\\/biblioteca\\\/biblioteca-em-numeros\\\/\",\"url\":\"https:\\\/\\\/www2.ifsc.usp.br\\\/biblioteca\\\/biblioteca-em-numeros\\\/\",\"name\":\"Biblioteca em N\u00fameros - Servi\u00e7o de Biblioteca e Informa\u00e7\u00e3o\",\"isPartOf\":{\"@id\":\"https:\\\/\\\/www2.ifsc.usp.br\\\/biblioteca\\\/#website\"},\"datePublished\":\"2019-07-17T19:41:18+00:00\",\"dateModified\":\"2026-01-30T16:40:27+00:00\",\"breadcrumb\":{\"@id\":\"https:\\\/\\\/www2.ifsc.usp.br\\\/biblioteca\\\/biblioteca-em-numeros\\\/#breadcrumb\"},\"inLanguage\":\"pt-BR\",\"potentialAction\":[{\"@type\":\"ReadAction\",\"target\":[\"https:\\\/\\\/www2.ifsc.usp.br\\\/biblioteca\\\/biblioteca-em-numeros\\\/\"]}]},{\"@type\":\"BreadcrumbList\",\"@id\":\"https:\\\/\\\/www2.ifsc.usp.br\\\/biblioteca\\\/biblioteca-em-numeros\\\/#breadcrumb\",\"itemListElement\":[{\"@type\":\"ListItem\",\"position\":1,\"name\":\"In\u00edcio\",\"item\":\"https:\\\/\\\/www2.ifsc.usp.br\\\/biblioteca\\\/\"},{\"@type\":\"ListItem\",\"position\":2,\"name\":\"Biblioteca em N\u00fameros\"}]},{\"@type\":\"WebSite\",\"@id\":\"https:\\\/\\\/www2.ifsc.usp.br\\\/biblioteca\\\/#website\",\"url\":\"https:\\\/\\\/www2.ifsc.usp.br\\\/biblioteca\\\/\",\"name\":\"Servi\u00e7o de Biblioteca e Informa\u00e7\u00e3o\",\"description\":\"Instituto de F\u00edsica de S\u00e3o Carlos\",\"potentialAction\":[{\"@type\":\"SearchAction\",\"target\":{\"@type\":\"EntryPoint\",\"urlTemplate\":\"https:\\\/\\\/www2.ifsc.usp.br\\\/biblioteca\\\/?s={search_term_string}\"},\"query-input\":{\"@type\":\"PropertyValueSpecification\",\"valueRequired\":true,\"valueName\":\"search_term_string\"}}],\"inLanguage\":\"pt-BR\"}]}<\/script>\n<!-- \/ Yoast SEO plugin. -->","yoast_head_json":{"title":"Biblioteca em N\u00fameros - Servi\u00e7o de Biblioteca e Informa\u00e7\u00e3o","robots":{"index":"index","follow":"follow","max-snippet":"max-snippet:-1","max-image-preview":"max-image-preview:large","max-video-preview":"max-video-preview:-1"},"canonical":"https:\/\/www2.ifsc.usp.br\/biblioteca\/biblioteca-em-numeros\/","og_locale":"pt_BR","og_type":"article","og_title":"Biblioteca em N\u00fameros - Servi\u00e7o de Biblioteca e Informa\u00e7\u00e3o","og_description":"[vc_row rt_row_background_width=&#8221;default&#8221; rt_row_style=&#8221;default-style&#8221; rt_row_borders=&#8221;&#8221; rt_row_paddings=&#8221;true&#8221; rt_bg_effect=&#8221;classic&#8221; rt_bg_image_repeat=&#8221;repeat&#8221; rt_bg_size=&#8221;cover&#8221; rt_bg_position=&#8221;right top&#8221; rt_bg_attachment=&#8221;scroll&#8221; rt_bg_video_format=&#8221;self-hosted&#8221;][vc_column rt_wrp_col_paddings=&#8221;false&#8221; rt_border_top=&#8221;&#8221; rt_border_bottom=&#8221;&#8221; rt_border_left=&#8221;&#8221; rt_border_right=&#8221;&#8221; rt_border_top_mobile=&#8221;&#8221; rt_border_bottom_mobile=&#8221;&#8221; rt_border_left_mobile=&#8221;&#8221; rt_border_right_mobile=&#8221;&#8221; rt_bg_image_repeat=&#8221;repeat&#8221; rt_bg_size=&#8221;auto auto&#8221; rt_bg_position=&#8221;right top&#8221; rt_bg_attachment=&#8221;scroll&#8221; rt_padding_left=&#8221;100&#8243; rt_padding_right=&#8221;100&#8243; rt_padding_top=&#8221;30&#8243;][vc_column_text]INFRAESTRUTURA \u00c1rea: 1.560 m2 Lugares para estudo: 179 lugares distribu\u00eddos em: -Sala de Estudo 24 horas (acesso livre) -Espa\u00e7o 24h (acesso ap\u00f3s hor\u00e1rio de expediente da [&hellip;]","og_url":"https:\/\/www2.ifsc.usp.br\/biblioteca\/biblioteca-em-numeros\/","og_site_name":"Servi\u00e7o de Biblioteca e Informa\u00e7\u00e3o","article_modified_time":"2026-01-30T16:40:27+00:00","twitter_card":"summary_large_image","twitter_misc":{"Est. tempo de leitura":"3 minutos"},"schema":{"@context":"https:\/\/schema.org","@graph":[{"@type":"WebPage","@id":"https:\/\/www2.ifsc.usp.br\/biblioteca\/biblioteca-em-numeros\/","url":"https:\/\/www2.ifsc.usp.br\/biblioteca\/biblioteca-em-numeros\/","name":"Biblioteca em N\u00fameros - Servi\u00e7o de Biblioteca e Informa\u00e7\u00e3o","isPartOf":{"@id":"https:\/\/www2.ifsc.usp.br\/biblioteca\/#website"},"datePublished":"2019-07-17T19:41:18+00:00","dateModified":"2026-01-30T16:40:27+00:00","breadcrumb":{"@id":"https:\/\/www2.ifsc.usp.br\/biblioteca\/biblioteca-em-numeros\/#breadcrumb"},"inLanguage":"pt-BR","potentialAction":[{"@type":"ReadAction","target":["https:\/\/www2.ifsc.usp.br\/biblioteca\/biblioteca-em-numeros\/"]}]},{"@type":"BreadcrumbList","@id":"https:\/\/www2.ifsc.usp.br\/biblioteca\/biblioteca-em-numeros\/#breadcrumb","itemListElement":[{"@type":"ListItem","position":1,"name":"In\u00edcio","item":"https:\/\/www2.ifsc.usp.br\/biblioteca\/"},{"@type":"ListItem","position":2,"name":"Biblioteca em N\u00fameros"}]},{"@type":"WebSite","@id":"https:\/\/www2.ifsc.usp.br\/biblioteca\/#website","url":"https:\/\/www2.ifsc.usp.br\/biblioteca\/","name":"Servi\u00e7o de Biblioteca e Informa\u00e7\u00e3o","description":"Instituto de F\u00edsica de S\u00e3o Carlos","potentialAction":[{"@type":"SearchAction","target":{"@type":"EntryPoint","urlTemplate":"https:\/\/www2.ifsc.usp.br\/biblioteca\/?s={search_term_string}"},"query-input":{"@type":"PropertyValueSpecification","valueRequired":true,"valueName":"search_term_string"}}],"inLanguage":"pt-BR"}]}},"_links":{"self":[{"href":"https:\/\/www2.ifsc.usp.br\/biblioteca\/wp-json\/wp\/v2\/pages\/8649","targetHints":{"allow":["GET"]}}],"collection":[{"href":"https:\/\/www2.ifsc.usp.br\/biblioteca\/wp-json\/wp\/v2\/pages"}],"about":[{"href":"https:\/\/www2.ifsc.usp.br\/biblioteca\/wp-json\/wp\/v2\/types\/page"}],"author":[{"embeddable":true,"href":"https:\/\/www2.ifsc.usp.br\/biblioteca\/wp-json\/wp\/v2\/users\/1"}],"replies":[{"embeddable":true,"href":"https:\/\/www2.ifsc.usp.br\/biblioteca\/wp-json\/wp\/v2\/comments?post=8649"}],"version-history":[{"count":36,"href":"https:\/\/www2.ifsc.usp.br\/biblioteca\/wp-json\/wp\/v2\/pages\/8649\/revisions"}],"predecessor-version":[{"id":13548,"href":"https:\/\/www2.ifsc.usp.br\/biblioteca\/wp-json\/wp\/v2\/pages\/8649\/revisions\/13548"}],"wp:attachment":[{"href":"https:\/\/www2.ifsc.usp.br\/biblioteca\/wp-json\/wp\/v2\/media?parent=8649"}],"curies":[{"name":"wp","href":"https:\/\/api.w.org\/{rel}","templated":true}]}}