{"id":13298,"date":"2025-09-25T13:22:22","date_gmt":"2025-09-25T16:22:22","guid":{"rendered":"https:\/\/www2.ifsc.usp.br\/biblioteca\/?page_id=13298"},"modified":"2025-09-29T10:45:26","modified_gmt":"2025-09-29T13:45:26","slug":"15-repositorios-de-preprints","status":"publish","type":"page","link":"https:\/\/www2.ifsc.usp.br\/biblioteca\/15-repositorios-de-preprints\/","title":{"rendered":"REPOSIT\u00d3RIOS DE PREPRINTS"},"content":{"rendered":"<p><a href=\"https:\/\/arxiv.org\/\">arXiv<\/a> (Physics, Mathematics, Computer Science, Quantitative Biology, Statistics, Engineering and Economics)<\/p>\n<p><a href=\"http:\/\/biorxiv.org\/\">bioRXiv<\/a> (Biology)<\/p>\n<p><a href=\"https:\/\/eartharxiv.org\/\">earthArXiv<\/a> (Earth Sciences)<\/p>\n<p><a href=\"https:\/\/osf.io\/preprints\/metaarxiv\">MetaArXiv<\/a> (Interdisciplinar)<\/p>\n<p><a href=\"https:\/\/osf.io\/preprints\/\">OSF Preprints<\/a> (General)<\/p>\n","protected":false},"excerpt":{"rendered":"<p>arXiv (Physics, Mathematics, Computer Science, Quantitative Biology, Statistics, Engineering and Economics) bioRXiv (Biology) earthArXiv (Earth Sciences) MetaArXiv (Interdisciplinar) OSF Preprints (General)<\/p>\n","protected":false},"author":4,"featured_media":0,"parent":0,"menu_order":0,"comment_status":"closed","ping_status":"closed","template":"","meta":{"footnotes":""},"class_list":["post-13298","page","type-page","status-publish","hentry"],"yoast_head":"<!-- This site is optimized with the Yoast SEO plugin v27.1.1 - https:\/\/yoast.com\/product\/yoast-seo-wordpress\/ -->\n<title>REPOSIT\u00d3RIOS DE PREPRINTS - Servi\u00e7o de Biblioteca e Informa\u00e7\u00e3o<\/title>\n<meta name=\"robots\" content=\"index, follow, max-snippet:-1, max-image-preview:large, max-video-preview:-1\" \/>\n<link rel=\"canonical\" href=\"https:\/\/www2.ifsc.usp.br\/biblioteca\/15-repositorios-de-preprints\/\" \/>\n<meta property=\"og:locale\" content=\"pt_BR\" \/>\n<meta property=\"og:type\" content=\"article\" \/>\n<meta property=\"og:title\" content=\"REPOSIT\u00d3RIOS DE PREPRINTS - Servi\u00e7o de Biblioteca e Informa\u00e7\u00e3o\" \/>\n<meta property=\"og:description\" content=\"arXiv (Physics, Mathematics, Computer Science, Quantitative Biology, Statistics, Engineering and Economics) bioRXiv (Biology) earthArXiv (Earth Sciences) MetaArXiv (Interdisciplinar) OSF Preprints (General)\" \/>\n<meta property=\"og:url\" content=\"https:\/\/www2.ifsc.usp.br\/biblioteca\/15-repositorios-de-preprints\/\" \/>\n<meta property=\"og:site_name\" content=\"Servi\u00e7o de Biblioteca e Informa\u00e7\u00e3o\" \/>\n<meta property=\"article:modified_time\" content=\"2025-09-29T13:45:26+00:00\" \/>\n<meta name=\"twitter:card\" content=\"summary_large_image\" \/>\n<meta name=\"twitter:label1\" content=\"Est. tempo de leitura\" \/>\n\t<meta name=\"twitter:data1\" content=\"1 minuto\" \/>\n<script type=\"application\/ld+json\" class=\"yoast-schema-graph\">{\"@context\":\"https:\/\/schema.org\",\"@graph\":[{\"@type\":\"WebPage\",\"@id\":\"https:\/\/www2.ifsc.usp.br\/biblioteca\/15-repositorios-de-preprints\/\",\"url\":\"https:\/\/www2.ifsc.usp.br\/biblioteca\/15-repositorios-de-preprints\/\",\"name\":\"REPOSIT\u00d3RIOS DE PREPRINTS - Servi\u00e7o de Biblioteca e Informa\u00e7\u00e3o\",\"isPartOf\":{\"@id\":\"https:\/\/www2.ifsc.usp.br\/biblioteca\/#website\"},\"datePublished\":\"2025-09-25T16:22:22+00:00\",\"dateModified\":\"2025-09-29T13:45:26+00:00\",\"breadcrumb\":{\"@id\":\"https:\/\/www2.ifsc.usp.br\/biblioteca\/15-repositorios-de-preprints\/#breadcrumb\"},\"inLanguage\":\"pt-BR\",\"potentialAction\":[{\"@type\":\"ReadAction\",\"target\":[\"https:\/\/www2.ifsc.usp.br\/biblioteca\/15-repositorios-de-preprints\/\"]}]},{\"@type\":\"BreadcrumbList\",\"@id\":\"https:\/\/www2.ifsc.usp.br\/biblioteca\/15-repositorios-de-preprints\/#breadcrumb\",\"itemListElement\":[{\"@type\":\"ListItem\",\"position\":1,\"name\":\"In\u00edcio\",\"item\":\"https:\/\/www2.ifsc.usp.br\/biblioteca\/\"},{\"@type\":\"ListItem\",\"position\":2,\"name\":\"REPOSIT\u00d3RIOS DE PREPRINTS\"}]},{\"@type\":\"WebSite\",\"@id\":\"https:\/\/www2.ifsc.usp.br\/biblioteca\/#website\",\"url\":\"https:\/\/www2.ifsc.usp.br\/biblioteca\/\",\"name\":\"Servi\u00e7o de Biblioteca e Informa\u00e7\u00e3o\",\"description\":\"Instituto de F\u00edsica de S\u00e3o Carlos\",\"potentialAction\":[{\"@type\":\"SearchAction\",\"target\":{\"@type\":\"EntryPoint\",\"urlTemplate\":\"https:\/\/www2.ifsc.usp.br\/biblioteca\/?s={search_term_string}\"},\"query-input\":{\"@type\":\"PropertyValueSpecification\",\"valueRequired\":true,\"valueName\":\"search_term_string\"}}],\"inLanguage\":\"pt-BR\"}]}<\/script>\n<!-- \/ Yoast SEO plugin. -->","yoast_head_json":{"title":"REPOSIT\u00d3RIOS DE PREPRINTS - Servi\u00e7o de Biblioteca e Informa\u00e7\u00e3o","robots":{"index":"index","follow":"follow","max-snippet":"max-snippet:-1","max-image-preview":"max-image-preview:large","max-video-preview":"max-video-preview:-1"},"canonical":"https:\/\/www2.ifsc.usp.br\/biblioteca\/15-repositorios-de-preprints\/","og_locale":"pt_BR","og_type":"article","og_title":"REPOSIT\u00d3RIOS DE PREPRINTS - Servi\u00e7o de Biblioteca e Informa\u00e7\u00e3o","og_description":"arXiv (Physics, Mathematics, Computer Science, Quantitative Biology, Statistics, Engineering and Economics) bioRXiv (Biology) earthArXiv (Earth Sciences) MetaArXiv (Interdisciplinar) OSF Preprints (General)","og_url":"https:\/\/www2.ifsc.usp.br\/biblioteca\/15-repositorios-de-preprints\/","og_site_name":"Servi\u00e7o de Biblioteca e Informa\u00e7\u00e3o","article_modified_time":"2025-09-29T13:45:26+00:00","twitter_card":"summary_large_image","twitter_misc":{"Est. tempo de leitura":"1 minuto"},"schema":{"@context":"https:\/\/schema.org","@graph":[{"@type":"WebPage","@id":"https:\/\/www2.ifsc.usp.br\/biblioteca\/15-repositorios-de-preprints\/","url":"https:\/\/www2.ifsc.usp.br\/biblioteca\/15-repositorios-de-preprints\/","name":"REPOSIT\u00d3RIOS DE PREPRINTS - Servi\u00e7o de Biblioteca e Informa\u00e7\u00e3o","isPartOf":{"@id":"https:\/\/www2.ifsc.usp.br\/biblioteca\/#website"},"datePublished":"2025-09-25T16:22:22+00:00","dateModified":"2025-09-29T13:45:26+00:00","breadcrumb":{"@id":"https:\/\/www2.ifsc.usp.br\/biblioteca\/15-repositorios-de-preprints\/#breadcrumb"},"inLanguage":"pt-BR","potentialAction":[{"@type":"ReadAction","target":["https:\/\/www2.ifsc.usp.br\/biblioteca\/15-repositorios-de-preprints\/"]}]},{"@type":"BreadcrumbList","@id":"https:\/\/www2.ifsc.usp.br\/biblioteca\/15-repositorios-de-preprints\/#breadcrumb","itemListElement":[{"@type":"ListItem","position":1,"name":"In\u00edcio","item":"https:\/\/www2.ifsc.usp.br\/biblioteca\/"},{"@type":"ListItem","position":2,"name":"REPOSIT\u00d3RIOS DE PREPRINTS"}]},{"@type":"WebSite","@id":"https:\/\/www2.ifsc.usp.br\/biblioteca\/#website","url":"https:\/\/www2.ifsc.usp.br\/biblioteca\/","name":"Servi\u00e7o de Biblioteca e Informa\u00e7\u00e3o","description":"Instituto de F\u00edsica de S\u00e3o Carlos","potentialAction":[{"@type":"SearchAction","target":{"@type":"EntryPoint","urlTemplate":"https:\/\/www2.ifsc.usp.br\/biblioteca\/?s={search_term_string}"},"query-input":{"@type":"PropertyValueSpecification","valueRequired":true,"valueName":"search_term_string"}}],"inLanguage":"pt-BR"}]}},"_links":{"self":[{"href":"https:\/\/www2.ifsc.usp.br\/biblioteca\/wp-json\/wp\/v2\/pages\/13298","targetHints":{"allow":["GET"]}}],"collection":[{"href":"https:\/\/www2.ifsc.usp.br\/biblioteca\/wp-json\/wp\/v2\/pages"}],"about":[{"href":"https:\/\/www2.ifsc.usp.br\/biblioteca\/wp-json\/wp\/v2\/types\/page"}],"author":[{"embeddable":true,"href":"https:\/\/www2.ifsc.usp.br\/biblioteca\/wp-json\/wp\/v2\/users\/4"}],"replies":[{"embeddable":true,"href":"https:\/\/www2.ifsc.usp.br\/biblioteca\/wp-json\/wp\/v2\/comments?post=13298"}],"version-history":[{"count":2,"href":"https:\/\/www2.ifsc.usp.br\/biblioteca\/wp-json\/wp\/v2\/pages\/13298\/revisions"}],"predecessor-version":[{"id":13412,"href":"https:\/\/www2.ifsc.usp.br\/biblioteca\/wp-json\/wp\/v2\/pages\/13298\/revisions\/13412"}],"wp:attachment":[{"href":"https:\/\/www2.ifsc.usp.br\/biblioteca\/wp-json\/wp\/v2\/media?parent=13298"}],"curies":[{"name":"wp","href":"https:\/\/api.w.org\/{rel}","templated":true}]}}