{"id":13292,"date":"2025-09-25T13:17:19","date_gmt":"2025-09-25T16:17:19","guid":{"rendered":"https:\/\/www2.ifsc.usp.br\/biblioteca\/?page_id=13292"},"modified":"2025-09-29T10:08:58","modified_gmt":"2025-09-29T13:08:58","slug":"12-ferramentas-para-a-geracao-de-fluxogramas-mapas-mentais-etc","status":"publish","type":"page","link":"https:\/\/www2.ifsc.usp.br\/biblioteca\/12-ferramentas-para-a-geracao-de-fluxogramas-mapas-mentais-etc\/","title":{"rendered":"FERRAMENTAS PARA A GERA\u00c7\u00c3O DE FLUXOGRAMAS, MAPAS MENTAIS, ETC."},"content":{"rendered":"<p><span style=\"color: blue;\"><a href=\"https:\/\/obsidian.md\/\">Obsidian<\/a><\/span><\/p>\n<p>Aplicativo da Obsidian.md para organizar notas e conhecimento em rede de ideias.<\/p>\n<p>&nbsp;<\/p>\n<p><span style=\"color: blue;\"><a href=\"https:\/\/miro.com\/pt\/\">Miro<\/a><\/span><\/p>\n<p>Plataforma de colabora\u00e7\u00e3o visual da Miro Inc. para mapas mentais e fluxogramas.<\/p>\n<p>&nbsp;<\/p>\n<p><span style=\"color: blue;\"><a href=\"https:\/\/kumu.io\/\">Kumu<\/a><\/span><\/p>\n<p>Ferramenta da Kumu Labs para criar mapas de sistemas e redes complexas.<\/p>\n","protected":false},"excerpt":{"rendered":"<p>Obsidian Aplicativo da Obsidian.md para organizar notas e conhecimento em rede de ideias. &nbsp; Miro Plataforma de colabora\u00e7\u00e3o visual da Miro Inc. para mapas mentais e fluxogramas. &nbsp; Kumu Ferramenta da Kumu Labs para criar mapas de sistemas e redes complexas.<\/p>\n","protected":false},"author":4,"featured_media":0,"parent":0,"menu_order":0,"comment_status":"closed","ping_status":"closed","template":"","meta":{"footnotes":""},"class_list":["post-13292","page","type-page","status-publish","hentry"],"yoast_head":"<!-- This site is optimized with the Yoast SEO plugin v27.1.1 - https:\/\/yoast.com\/product\/yoast-seo-wordpress\/ -->\n<title>FERRAMENTAS PARA A GERA\u00c7\u00c3O DE FLUXOGRAMAS, MAPAS MENTAIS, ETC. - Servi\u00e7o de Biblioteca e Informa\u00e7\u00e3o<\/title>\n<meta name=\"robots\" content=\"index, follow, max-snippet:-1, max-image-preview:large, max-video-preview:-1\" \/>\n<link rel=\"canonical\" href=\"https:\/\/www2.ifsc.usp.br\/biblioteca\/12-ferramentas-para-a-geracao-de-fluxogramas-mapas-mentais-etc\/\" \/>\n<meta property=\"og:locale\" content=\"pt_BR\" \/>\n<meta property=\"og:type\" content=\"article\" \/>\n<meta property=\"og:title\" content=\"FERRAMENTAS PARA A GERA\u00c7\u00c3O DE FLUXOGRAMAS, MAPAS MENTAIS, ETC. - Servi\u00e7o de Biblioteca e Informa\u00e7\u00e3o\" \/>\n<meta property=\"og:description\" content=\"Obsidian Aplicativo da Obsidian.md para organizar notas e conhecimento em rede de ideias. &nbsp; Miro Plataforma de colabora\u00e7\u00e3o visual da Miro Inc. para mapas mentais e fluxogramas. &nbsp; Kumu Ferramenta da Kumu Labs para criar mapas de sistemas e redes complexas.\" \/>\n<meta property=\"og:url\" content=\"https:\/\/www2.ifsc.usp.br\/biblioteca\/12-ferramentas-para-a-geracao-de-fluxogramas-mapas-mentais-etc\/\" \/>\n<meta property=\"og:site_name\" content=\"Servi\u00e7o de Biblioteca e Informa\u00e7\u00e3o\" \/>\n<meta property=\"article:modified_time\" content=\"2025-09-29T13:08:58+00:00\" \/>\n<meta name=\"twitter:card\" content=\"summary_large_image\" \/>\n<meta name=\"twitter:label1\" content=\"Est. tempo de leitura\" \/>\n\t<meta name=\"twitter:data1\" content=\"1 minuto\" \/>\n<script type=\"application\/ld+json\" class=\"yoast-schema-graph\">{\"@context\":\"https:\/\/schema.org\",\"@graph\":[{\"@type\":\"WebPage\",\"@id\":\"https:\/\/www2.ifsc.usp.br\/biblioteca\/12-ferramentas-para-a-geracao-de-fluxogramas-mapas-mentais-etc\/\",\"url\":\"https:\/\/www2.ifsc.usp.br\/biblioteca\/12-ferramentas-para-a-geracao-de-fluxogramas-mapas-mentais-etc\/\",\"name\":\"FERRAMENTAS PARA A GERA\u00c7\u00c3O DE FLUXOGRAMAS, MAPAS MENTAIS, ETC. - Servi\u00e7o de Biblioteca e Informa\u00e7\u00e3o\",\"isPartOf\":{\"@id\":\"https:\/\/www2.ifsc.usp.br\/biblioteca\/#website\"},\"datePublished\":\"2025-09-25T16:17:19+00:00\",\"dateModified\":\"2025-09-29T13:08:58+00:00\",\"breadcrumb\":{\"@id\":\"https:\/\/www2.ifsc.usp.br\/biblioteca\/12-ferramentas-para-a-geracao-de-fluxogramas-mapas-mentais-etc\/#breadcrumb\"},\"inLanguage\":\"pt-BR\",\"potentialAction\":[{\"@type\":\"ReadAction\",\"target\":[\"https:\/\/www2.ifsc.usp.br\/biblioteca\/12-ferramentas-para-a-geracao-de-fluxogramas-mapas-mentais-etc\/\"]}]},{\"@type\":\"BreadcrumbList\",\"@id\":\"https:\/\/www2.ifsc.usp.br\/biblioteca\/12-ferramentas-para-a-geracao-de-fluxogramas-mapas-mentais-etc\/#breadcrumb\",\"itemListElement\":[{\"@type\":\"ListItem\",\"position\":1,\"name\":\"In\u00edcio\",\"item\":\"https:\/\/www2.ifsc.usp.br\/biblioteca\/\"},{\"@type\":\"ListItem\",\"position\":2,\"name\":\"FERRAMENTAS PARA A GERA\u00c7\u00c3O DE FLUXOGRAMAS, MAPAS MENTAIS, ETC.\"}]},{\"@type\":\"WebSite\",\"@id\":\"https:\/\/www2.ifsc.usp.br\/biblioteca\/#website\",\"url\":\"https:\/\/www2.ifsc.usp.br\/biblioteca\/\",\"name\":\"Servi\u00e7o de Biblioteca e Informa\u00e7\u00e3o\",\"description\":\"Instituto de F\u00edsica de S\u00e3o Carlos\",\"potentialAction\":[{\"@type\":\"SearchAction\",\"target\":{\"@type\":\"EntryPoint\",\"urlTemplate\":\"https:\/\/www2.ifsc.usp.br\/biblioteca\/?s={search_term_string}\"},\"query-input\":{\"@type\":\"PropertyValueSpecification\",\"valueRequired\":true,\"valueName\":\"search_term_string\"}}],\"inLanguage\":\"pt-BR\"}]}<\/script>\n<!-- \/ Yoast SEO plugin. -->","yoast_head_json":{"title":"FERRAMENTAS PARA A GERA\u00c7\u00c3O DE FLUXOGRAMAS, MAPAS MENTAIS, ETC. - Servi\u00e7o de Biblioteca e Informa\u00e7\u00e3o","robots":{"index":"index","follow":"follow","max-snippet":"max-snippet:-1","max-image-preview":"max-image-preview:large","max-video-preview":"max-video-preview:-1"},"canonical":"https:\/\/www2.ifsc.usp.br\/biblioteca\/12-ferramentas-para-a-geracao-de-fluxogramas-mapas-mentais-etc\/","og_locale":"pt_BR","og_type":"article","og_title":"FERRAMENTAS PARA A GERA\u00c7\u00c3O DE FLUXOGRAMAS, MAPAS MENTAIS, ETC. - Servi\u00e7o de Biblioteca e Informa\u00e7\u00e3o","og_description":"Obsidian Aplicativo da Obsidian.md para organizar notas e conhecimento em rede de ideias. &nbsp; Miro Plataforma de colabora\u00e7\u00e3o visual da Miro Inc. para mapas mentais e fluxogramas. &nbsp; Kumu Ferramenta da Kumu Labs para criar mapas de sistemas e redes complexas.","og_url":"https:\/\/www2.ifsc.usp.br\/biblioteca\/12-ferramentas-para-a-geracao-de-fluxogramas-mapas-mentais-etc\/","og_site_name":"Servi\u00e7o de Biblioteca e Informa\u00e7\u00e3o","article_modified_time":"2025-09-29T13:08:58+00:00","twitter_card":"summary_large_image","twitter_misc":{"Est. tempo de leitura":"1 minuto"},"schema":{"@context":"https:\/\/schema.org","@graph":[{"@type":"WebPage","@id":"https:\/\/www2.ifsc.usp.br\/biblioteca\/12-ferramentas-para-a-geracao-de-fluxogramas-mapas-mentais-etc\/","url":"https:\/\/www2.ifsc.usp.br\/biblioteca\/12-ferramentas-para-a-geracao-de-fluxogramas-mapas-mentais-etc\/","name":"FERRAMENTAS PARA A GERA\u00c7\u00c3O DE FLUXOGRAMAS, MAPAS MENTAIS, ETC. - Servi\u00e7o de Biblioteca e Informa\u00e7\u00e3o","isPartOf":{"@id":"https:\/\/www2.ifsc.usp.br\/biblioteca\/#website"},"datePublished":"2025-09-25T16:17:19+00:00","dateModified":"2025-09-29T13:08:58+00:00","breadcrumb":{"@id":"https:\/\/www2.ifsc.usp.br\/biblioteca\/12-ferramentas-para-a-geracao-de-fluxogramas-mapas-mentais-etc\/#breadcrumb"},"inLanguage":"pt-BR","potentialAction":[{"@type":"ReadAction","target":["https:\/\/www2.ifsc.usp.br\/biblioteca\/12-ferramentas-para-a-geracao-de-fluxogramas-mapas-mentais-etc\/"]}]},{"@type":"BreadcrumbList","@id":"https:\/\/www2.ifsc.usp.br\/biblioteca\/12-ferramentas-para-a-geracao-de-fluxogramas-mapas-mentais-etc\/#breadcrumb","itemListElement":[{"@type":"ListItem","position":1,"name":"In\u00edcio","item":"https:\/\/www2.ifsc.usp.br\/biblioteca\/"},{"@type":"ListItem","position":2,"name":"FERRAMENTAS PARA A GERA\u00c7\u00c3O DE FLUXOGRAMAS, MAPAS MENTAIS, ETC."}]},{"@type":"WebSite","@id":"https:\/\/www2.ifsc.usp.br\/biblioteca\/#website","url":"https:\/\/www2.ifsc.usp.br\/biblioteca\/","name":"Servi\u00e7o de Biblioteca e Informa\u00e7\u00e3o","description":"Instituto de F\u00edsica de S\u00e3o Carlos","potentialAction":[{"@type":"SearchAction","target":{"@type":"EntryPoint","urlTemplate":"https:\/\/www2.ifsc.usp.br\/biblioteca\/?s={search_term_string}"},"query-input":{"@type":"PropertyValueSpecification","valueRequired":true,"valueName":"search_term_string"}}],"inLanguage":"pt-BR"}]}},"_links":{"self":[{"href":"https:\/\/www2.ifsc.usp.br\/biblioteca\/wp-json\/wp\/v2\/pages\/13292","targetHints":{"allow":["GET"]}}],"collection":[{"href":"https:\/\/www2.ifsc.usp.br\/biblioteca\/wp-json\/wp\/v2\/pages"}],"about":[{"href":"https:\/\/www2.ifsc.usp.br\/biblioteca\/wp-json\/wp\/v2\/types\/page"}],"author":[{"embeddable":true,"href":"https:\/\/www2.ifsc.usp.br\/biblioteca\/wp-json\/wp\/v2\/users\/4"}],"replies":[{"embeddable":true,"href":"https:\/\/www2.ifsc.usp.br\/biblioteca\/wp-json\/wp\/v2\/comments?post=13292"}],"version-history":[{"count":2,"href":"https:\/\/www2.ifsc.usp.br\/biblioteca\/wp-json\/wp\/v2\/pages\/13292\/revisions"}],"predecessor-version":[{"id":13408,"href":"https:\/\/www2.ifsc.usp.br\/biblioteca\/wp-json\/wp\/v2\/pages\/13292\/revisions\/13408"}],"wp:attachment":[{"href":"https:\/\/www2.ifsc.usp.br\/biblioteca\/wp-json\/wp\/v2\/media?parent=13292"}],"curies":[{"name":"wp","href":"https:\/\/api.w.org\/{rel}","templated":true}]}}