{"id":13278,"date":"2025-09-25T10:57:08","date_gmt":"2025-09-25T13:57:08","guid":{"rendered":"https:\/\/www2.ifsc.usp.br\/biblioteca\/?page_id=13278"},"modified":"2026-02-06T16:19:40","modified_gmt":"2026-02-06T19:19:40","slug":"10-ferramentas-para-analises-bibliometricas","status":"publish","type":"page","link":"https:\/\/www2.ifsc.usp.br\/biblioteca\/10-ferramentas-para-analises-bibliometricas\/","title":{"rendered":"FERRAMENTAS PARA AN\u00c1LISES BIBLIOM\u00c9TRICAS"},"content":{"rendered":"<p><a href=\"https:\/\/scholar.google.com.br\/intl\/pt-BR\/scholar\/metrics.html\">Google Scholar Metrics<\/a><\/p>\n<p>Ferramenta do Google para medir o impacto de peri\u00f3dicos e artigos.<\/p>\n<p>&nbsp;<\/p>\n<p><a href=\"https:\/\/incites.clarivate.com\/\">InCites<\/a><\/p>\n<p>Plataforma da Clarivate para an\u00e1lise de produ\u00e7\u00e3o cient\u00edfica e m\u00e9tricas.<\/p>\n<p>&nbsp;<\/p>\n<p><a href=\"https:\/\/harzing.com\/resources\/publish-or-perish\/windows\">Publish or Perish<\/a><\/p>\n<p>Software da Harzing.com para an\u00e1lise de cita\u00e7\u00f5es e m\u00e9tricas acad\u00eamicas.<\/p>\n<p>&nbsp;<\/p>\n<p><a href=\"https:\/\/www.scival.com\/\">SciVal<\/a><\/p>\n<p>Plataforma da Elsevier para an\u00e1lise de desempenho e tend\u00eancias de pesquisa.<\/p>\n<p>&nbsp;<\/p>\n<p><a href=\"https:\/\/www.bibliometrix.org\/home\/\">Bibliometrix<\/a><\/p>\n<p>Pacote R gratuito para an\u00e1lise bibliom\u00e9trica de dados cient\u00edficos.<\/p>\n<p>&nbsp;<\/p>\n<p><a href=\"https:\/\/www.thevantagepoint.com\/\">VantagePoint<\/a><\/p>\n<p>Software da Search Technology para an\u00e1lise de dados cient\u00edficos e bibliom\u00e9tricos.<\/p>\n<p>&nbsp;<\/p>\n<p><a href=\"https:\/\/app.dimensions.ai\/\">Dimensions Analytics<\/a><\/p>\n<p>Plataforma da Digital Science para an\u00e1lise integrada da produ\u00e7\u00e3o cient\u00edfica, cita\u00e7\u00f5es, financiamentos, patentes e outros indicadores de impacto em pesquisa e inova\u00e7\u00e3o.<\/p>\n<p>&nbsp;<\/p>\n","protected":false},"excerpt":{"rendered":"<p>Google Scholar Metrics Ferramenta do Google para medir o impacto de peri\u00f3dicos e artigos. &nbsp; InCites Plataforma da Clarivate para an\u00e1lise de produ\u00e7\u00e3o cient\u00edfica e m\u00e9tricas. &nbsp; Publish or Perish Software da Harzing.com para an\u00e1lise de cita\u00e7\u00f5es e m\u00e9tricas acad\u00eamicas. &nbsp; SciVal Plataforma da Elsevier para an\u00e1lise de desempenho e tend\u00eancias de pesquisa. &nbsp; Bibliometrix [&hellip;]<\/p>\n","protected":false},"author":4,"featured_media":0,"parent":0,"menu_order":0,"comment_status":"closed","ping_status":"closed","template":"","meta":{"footnotes":""},"class_list":["post-13278","page","type-page","status-publish","hentry"],"yoast_head":"<!-- This site is optimized with the Yoast SEO plugin v27.1.1 - https:\/\/yoast.com\/product\/yoast-seo-wordpress\/ -->\n<title>FERRAMENTAS PARA AN\u00c1LISES BIBLIOM\u00c9TRICAS - Servi\u00e7o de Biblioteca e Informa\u00e7\u00e3o<\/title>\n<meta name=\"robots\" content=\"index, follow, max-snippet:-1, max-image-preview:large, max-video-preview:-1\" \/>\n<link rel=\"canonical\" href=\"https:\/\/www2.ifsc.usp.br\/biblioteca\/10-ferramentas-para-analises-bibliometricas\/\" \/>\n<meta property=\"og:locale\" content=\"pt_BR\" \/>\n<meta property=\"og:type\" content=\"article\" \/>\n<meta property=\"og:title\" content=\"FERRAMENTAS PARA AN\u00c1LISES BIBLIOM\u00c9TRICAS - Servi\u00e7o de Biblioteca e Informa\u00e7\u00e3o\" \/>\n<meta property=\"og:description\" content=\"Google Scholar Metrics Ferramenta do Google para medir o impacto de peri\u00f3dicos e artigos. &nbsp; InCites Plataforma da Clarivate para an\u00e1lise de produ\u00e7\u00e3o cient\u00edfica e m\u00e9tricas. &nbsp; Publish or Perish Software da Harzing.com para an\u00e1lise de cita\u00e7\u00f5es e m\u00e9tricas acad\u00eamicas. &nbsp; SciVal Plataforma da Elsevier para an\u00e1lise de desempenho e tend\u00eancias de pesquisa. &nbsp; Bibliometrix [&hellip;]\" \/>\n<meta property=\"og:url\" content=\"https:\/\/www2.ifsc.usp.br\/biblioteca\/10-ferramentas-para-analises-bibliometricas\/\" \/>\n<meta property=\"og:site_name\" content=\"Servi\u00e7o de Biblioteca e Informa\u00e7\u00e3o\" \/>\n<meta property=\"article:modified_time\" content=\"2026-02-06T19:19:40+00:00\" \/>\n<meta name=\"twitter:card\" content=\"summary_large_image\" \/>\n<meta name=\"twitter:label1\" content=\"Est. tempo de leitura\" \/>\n\t<meta name=\"twitter:data1\" content=\"1 minuto\" \/>\n<script type=\"application\/ld+json\" class=\"yoast-schema-graph\">{\"@context\":\"https:\/\/schema.org\",\"@graph\":[{\"@type\":\"WebPage\",\"@id\":\"https:\/\/www2.ifsc.usp.br\/biblioteca\/10-ferramentas-para-analises-bibliometricas\/\",\"url\":\"https:\/\/www2.ifsc.usp.br\/biblioteca\/10-ferramentas-para-analises-bibliometricas\/\",\"name\":\"FERRAMENTAS PARA AN\u00c1LISES BIBLIOM\u00c9TRICAS - Servi\u00e7o de Biblioteca e Informa\u00e7\u00e3o\",\"isPartOf\":{\"@id\":\"https:\/\/www2.ifsc.usp.br\/biblioteca\/#website\"},\"datePublished\":\"2025-09-25T13:57:08+00:00\",\"dateModified\":\"2026-02-06T19:19:40+00:00\",\"breadcrumb\":{\"@id\":\"https:\/\/www2.ifsc.usp.br\/biblioteca\/10-ferramentas-para-analises-bibliometricas\/#breadcrumb\"},\"inLanguage\":\"pt-BR\",\"potentialAction\":[{\"@type\":\"ReadAction\",\"target\":[\"https:\/\/www2.ifsc.usp.br\/biblioteca\/10-ferramentas-para-analises-bibliometricas\/\"]}]},{\"@type\":\"BreadcrumbList\",\"@id\":\"https:\/\/www2.ifsc.usp.br\/biblioteca\/10-ferramentas-para-analises-bibliometricas\/#breadcrumb\",\"itemListElement\":[{\"@type\":\"ListItem\",\"position\":1,\"name\":\"In\u00edcio\",\"item\":\"https:\/\/www2.ifsc.usp.br\/biblioteca\/\"},{\"@type\":\"ListItem\",\"position\":2,\"name\":\"FERRAMENTAS PARA AN\u00c1LISES BIBLIOM\u00c9TRICAS\"}]},{\"@type\":\"WebSite\",\"@id\":\"https:\/\/www2.ifsc.usp.br\/biblioteca\/#website\",\"url\":\"https:\/\/www2.ifsc.usp.br\/biblioteca\/\",\"name\":\"Servi\u00e7o de Biblioteca e Informa\u00e7\u00e3o\",\"description\":\"Instituto de F\u00edsica de S\u00e3o Carlos\",\"potentialAction\":[{\"@type\":\"SearchAction\",\"target\":{\"@type\":\"EntryPoint\",\"urlTemplate\":\"https:\/\/www2.ifsc.usp.br\/biblioteca\/?s={search_term_string}\"},\"query-input\":{\"@type\":\"PropertyValueSpecification\",\"valueRequired\":true,\"valueName\":\"search_term_string\"}}],\"inLanguage\":\"pt-BR\"}]}<\/script>\n<!-- \/ Yoast SEO plugin. -->","yoast_head_json":{"title":"FERRAMENTAS PARA AN\u00c1LISES BIBLIOM\u00c9TRICAS - Servi\u00e7o de Biblioteca e Informa\u00e7\u00e3o","robots":{"index":"index","follow":"follow","max-snippet":"max-snippet:-1","max-image-preview":"max-image-preview:large","max-video-preview":"max-video-preview:-1"},"canonical":"https:\/\/www2.ifsc.usp.br\/biblioteca\/10-ferramentas-para-analises-bibliometricas\/","og_locale":"pt_BR","og_type":"article","og_title":"FERRAMENTAS PARA AN\u00c1LISES BIBLIOM\u00c9TRICAS - Servi\u00e7o de Biblioteca e Informa\u00e7\u00e3o","og_description":"Google Scholar Metrics Ferramenta do Google para medir o impacto de peri\u00f3dicos e artigos. &nbsp; InCites Plataforma da Clarivate para an\u00e1lise de produ\u00e7\u00e3o cient\u00edfica e m\u00e9tricas. &nbsp; Publish or Perish Software da Harzing.com para an\u00e1lise de cita\u00e7\u00f5es e m\u00e9tricas acad\u00eamicas. &nbsp; SciVal Plataforma da Elsevier para an\u00e1lise de desempenho e tend\u00eancias de pesquisa. &nbsp; Bibliometrix [&hellip;]","og_url":"https:\/\/www2.ifsc.usp.br\/biblioteca\/10-ferramentas-para-analises-bibliometricas\/","og_site_name":"Servi\u00e7o de Biblioteca e Informa\u00e7\u00e3o","article_modified_time":"2026-02-06T19:19:40+00:00","twitter_card":"summary_large_image","twitter_misc":{"Est. tempo de leitura":"1 minuto"},"schema":{"@context":"https:\/\/schema.org","@graph":[{"@type":"WebPage","@id":"https:\/\/www2.ifsc.usp.br\/biblioteca\/10-ferramentas-para-analises-bibliometricas\/","url":"https:\/\/www2.ifsc.usp.br\/biblioteca\/10-ferramentas-para-analises-bibliometricas\/","name":"FERRAMENTAS PARA AN\u00c1LISES BIBLIOM\u00c9TRICAS - Servi\u00e7o de Biblioteca e Informa\u00e7\u00e3o","isPartOf":{"@id":"https:\/\/www2.ifsc.usp.br\/biblioteca\/#website"},"datePublished":"2025-09-25T13:57:08+00:00","dateModified":"2026-02-06T19:19:40+00:00","breadcrumb":{"@id":"https:\/\/www2.ifsc.usp.br\/biblioteca\/10-ferramentas-para-analises-bibliometricas\/#breadcrumb"},"inLanguage":"pt-BR","potentialAction":[{"@type":"ReadAction","target":["https:\/\/www2.ifsc.usp.br\/biblioteca\/10-ferramentas-para-analises-bibliometricas\/"]}]},{"@type":"BreadcrumbList","@id":"https:\/\/www2.ifsc.usp.br\/biblioteca\/10-ferramentas-para-analises-bibliometricas\/#breadcrumb","itemListElement":[{"@type":"ListItem","position":1,"name":"In\u00edcio","item":"https:\/\/www2.ifsc.usp.br\/biblioteca\/"},{"@type":"ListItem","position":2,"name":"FERRAMENTAS PARA AN\u00c1LISES BIBLIOM\u00c9TRICAS"}]},{"@type":"WebSite","@id":"https:\/\/www2.ifsc.usp.br\/biblioteca\/#website","url":"https:\/\/www2.ifsc.usp.br\/biblioteca\/","name":"Servi\u00e7o de Biblioteca e Informa\u00e7\u00e3o","description":"Instituto de F\u00edsica de S\u00e3o Carlos","potentialAction":[{"@type":"SearchAction","target":{"@type":"EntryPoint","urlTemplate":"https:\/\/www2.ifsc.usp.br\/biblioteca\/?s={search_term_string}"},"query-input":{"@type":"PropertyValueSpecification","valueRequired":true,"valueName":"search_term_string"}}],"inLanguage":"pt-BR"}]}},"_links":{"self":[{"href":"https:\/\/www2.ifsc.usp.br\/biblioteca\/wp-json\/wp\/v2\/pages\/13278","targetHints":{"allow":["GET"]}}],"collection":[{"href":"https:\/\/www2.ifsc.usp.br\/biblioteca\/wp-json\/wp\/v2\/pages"}],"about":[{"href":"https:\/\/www2.ifsc.usp.br\/biblioteca\/wp-json\/wp\/v2\/types\/page"}],"author":[{"embeddable":true,"href":"https:\/\/www2.ifsc.usp.br\/biblioteca\/wp-json\/wp\/v2\/users\/4"}],"replies":[{"embeddable":true,"href":"https:\/\/www2.ifsc.usp.br\/biblioteca\/wp-json\/wp\/v2\/comments?post=13278"}],"version-history":[{"count":4,"href":"https:\/\/www2.ifsc.usp.br\/biblioteca\/wp-json\/wp\/v2\/pages\/13278\/revisions"}],"predecessor-version":[{"id":13626,"href":"https:\/\/www2.ifsc.usp.br\/biblioteca\/wp-json\/wp\/v2\/pages\/13278\/revisions\/13626"}],"wp:attachment":[{"href":"https:\/\/www2.ifsc.usp.br\/biblioteca\/wp-json\/wp\/v2\/media?parent=13278"}],"curies":[{"name":"wp","href":"https:\/\/api.w.org\/{rel}","templated":true}]}}