{"id":13270,"date":"2025-09-25T10:49:23","date_gmt":"2025-09-25T13:49:23","guid":{"rendered":"https:\/\/www2.ifsc.usp.br\/biblioteca\/?page_id=13270"},"modified":"2025-09-29T10:05:37","modified_gmt":"2025-09-29T13:05:37","slug":"6-gerenciadores-de-referencias","status":"publish","type":"page","link":"https:\/\/www2.ifsc.usp.br\/biblioteca\/6-gerenciadores-de-referencias\/","title":{"rendered":"GERENCIADORES DE REFER\u00caNCIAS"},"content":{"rendered":"<p><span style=\"color: blue;\"><a href=\"https:\/\/access.clarivate.com\/login?app=endnote\" target=\"_blank\" rel=\"noopener\">EndNote<\/a><\/span><\/p>\n<p>Gerenciador de refer\u00eancias da Clarivate (Web of Science).<\/p>\n<p>&nbsp;<\/p>\n<p><span style=\"color: blue;\"><a href=\"https:\/\/www.mendeley.com\/?interaction_required=true\" target=\"_blank\" rel=\"noopener\">Mendeley<\/a><\/span><\/p>\n<p>Gerenciador de refer\u00eancias da Elsevier.<\/p>\n<p>&nbsp;<\/p>\n<p><span style=\"color: blue;\"><a href=\"https:\/\/www.zotero.org\/\" target=\"_blank\" rel=\"noopener\">ZOTERO<\/a><\/span><\/p>\n<p>Gerenciador gratuito e de c\u00f3digo aberto.<\/p>\n<p>&nbsp;<\/p>\n<p><span style=\"color: blue;\"><a href=\"https:\/\/f1000workspace.com\/?lg\" target=\"_blank\" rel=\"noopener\">F1000 Workspace<\/a><\/span><\/p>\n<p>Plataforma colaborativa para gerenciar refer\u00eancias e escrever artigos.<\/p>\n<p>&nbsp;<\/p>\n<p><span style=\"color: blue;\"><a href=\"http:\/\/www.bibtex.org\/\" target=\"_blank\" rel=\"noopener\">BibTeX<\/a><\/span><\/p>\n<p>Formato para gerenciar e citar refer\u00eancias em LaTeX.<\/p>\n<p>&nbsp;<\/p>\n","protected":false},"excerpt":{"rendered":"<p>EndNote Gerenciador de refer\u00eancias da Clarivate (Web of Science). &nbsp; Mendeley Gerenciador de refer\u00eancias da Elsevier. &nbsp; ZOTERO Gerenciador gratuito e de c\u00f3digo aberto. &nbsp; F1000 Workspace Plataforma colaborativa para gerenciar refer\u00eancias e escrever artigos. &nbsp; BibTeX Formato para gerenciar e citar refer\u00eancias em LaTeX. &nbsp;<\/p>\n","protected":false},"author":4,"featured_media":0,"parent":0,"menu_order":0,"comment_status":"closed","ping_status":"closed","template":"","meta":{"footnotes":""},"class_list":["post-13270","page","type-page","status-publish","hentry"],"yoast_head":"<!-- This site is optimized with the Yoast SEO plugin v27.1.1 - https:\/\/yoast.com\/product\/yoast-seo-wordpress\/ -->\n<title>GERENCIADORES DE REFER\u00caNCIAS - Servi\u00e7o de Biblioteca e Informa\u00e7\u00e3o<\/title>\n<meta name=\"robots\" content=\"index, follow, max-snippet:-1, max-image-preview:large, max-video-preview:-1\" \/>\n<link rel=\"canonical\" href=\"https:\/\/www2.ifsc.usp.br\/biblioteca\/6-gerenciadores-de-referencias\/\" \/>\n<meta property=\"og:locale\" content=\"pt_BR\" \/>\n<meta property=\"og:type\" content=\"article\" \/>\n<meta property=\"og:title\" content=\"GERENCIADORES DE REFER\u00caNCIAS - Servi\u00e7o de Biblioteca e Informa\u00e7\u00e3o\" \/>\n<meta property=\"og:description\" content=\"EndNote Gerenciador de refer\u00eancias da Clarivate (Web of Science). &nbsp; Mendeley Gerenciador de refer\u00eancias da Elsevier. &nbsp; ZOTERO Gerenciador gratuito e de c\u00f3digo aberto. &nbsp; F1000 Workspace Plataforma colaborativa para gerenciar refer\u00eancias e escrever artigos. &nbsp; BibTeX Formato para gerenciar e citar refer\u00eancias em LaTeX. &nbsp;\" \/>\n<meta property=\"og:url\" content=\"https:\/\/www2.ifsc.usp.br\/biblioteca\/6-gerenciadores-de-referencias\/\" \/>\n<meta property=\"og:site_name\" content=\"Servi\u00e7o de Biblioteca e Informa\u00e7\u00e3o\" \/>\n<meta property=\"article:modified_time\" content=\"2025-09-29T13:05:37+00:00\" \/>\n<meta name=\"twitter:card\" content=\"summary_large_image\" \/>\n<meta name=\"twitter:label1\" content=\"Est. tempo de leitura\" \/>\n\t<meta name=\"twitter:data1\" content=\"1 minuto\" \/>\n<script type=\"application\/ld+json\" class=\"yoast-schema-graph\">{\"@context\":\"https:\/\/schema.org\",\"@graph\":[{\"@type\":\"WebPage\",\"@id\":\"https:\/\/www2.ifsc.usp.br\/biblioteca\/6-gerenciadores-de-referencias\/\",\"url\":\"https:\/\/www2.ifsc.usp.br\/biblioteca\/6-gerenciadores-de-referencias\/\",\"name\":\"GERENCIADORES DE REFER\u00caNCIAS - Servi\u00e7o de Biblioteca e Informa\u00e7\u00e3o\",\"isPartOf\":{\"@id\":\"https:\/\/www2.ifsc.usp.br\/biblioteca\/#website\"},\"datePublished\":\"2025-09-25T13:49:23+00:00\",\"dateModified\":\"2025-09-29T13:05:37+00:00\",\"breadcrumb\":{\"@id\":\"https:\/\/www2.ifsc.usp.br\/biblioteca\/6-gerenciadores-de-referencias\/#breadcrumb\"},\"inLanguage\":\"pt-BR\",\"potentialAction\":[{\"@type\":\"ReadAction\",\"target\":[\"https:\/\/www2.ifsc.usp.br\/biblioteca\/6-gerenciadores-de-referencias\/\"]}]},{\"@type\":\"BreadcrumbList\",\"@id\":\"https:\/\/www2.ifsc.usp.br\/biblioteca\/6-gerenciadores-de-referencias\/#breadcrumb\",\"itemListElement\":[{\"@type\":\"ListItem\",\"position\":1,\"name\":\"In\u00edcio\",\"item\":\"https:\/\/www2.ifsc.usp.br\/biblioteca\/\"},{\"@type\":\"ListItem\",\"position\":2,\"name\":\"GERENCIADORES DE REFER\u00caNCIAS\"}]},{\"@type\":\"WebSite\",\"@id\":\"https:\/\/www2.ifsc.usp.br\/biblioteca\/#website\",\"url\":\"https:\/\/www2.ifsc.usp.br\/biblioteca\/\",\"name\":\"Servi\u00e7o de Biblioteca e Informa\u00e7\u00e3o\",\"description\":\"Instituto de F\u00edsica de S\u00e3o Carlos\",\"potentialAction\":[{\"@type\":\"SearchAction\",\"target\":{\"@type\":\"EntryPoint\",\"urlTemplate\":\"https:\/\/www2.ifsc.usp.br\/biblioteca\/?s={search_term_string}\"},\"query-input\":{\"@type\":\"PropertyValueSpecification\",\"valueRequired\":true,\"valueName\":\"search_term_string\"}}],\"inLanguage\":\"pt-BR\"}]}<\/script>\n<!-- \/ Yoast SEO plugin. -->","yoast_head_json":{"title":"GERENCIADORES DE REFER\u00caNCIAS - Servi\u00e7o de Biblioteca e Informa\u00e7\u00e3o","robots":{"index":"index","follow":"follow","max-snippet":"max-snippet:-1","max-image-preview":"max-image-preview:large","max-video-preview":"max-video-preview:-1"},"canonical":"https:\/\/www2.ifsc.usp.br\/biblioteca\/6-gerenciadores-de-referencias\/","og_locale":"pt_BR","og_type":"article","og_title":"GERENCIADORES DE REFER\u00caNCIAS - Servi\u00e7o de Biblioteca e Informa\u00e7\u00e3o","og_description":"EndNote Gerenciador de refer\u00eancias da Clarivate (Web of Science). &nbsp; Mendeley Gerenciador de refer\u00eancias da Elsevier. &nbsp; ZOTERO Gerenciador gratuito e de c\u00f3digo aberto. &nbsp; F1000 Workspace Plataforma colaborativa para gerenciar refer\u00eancias e escrever artigos. &nbsp; BibTeX Formato para gerenciar e citar refer\u00eancias em LaTeX. &nbsp;","og_url":"https:\/\/www2.ifsc.usp.br\/biblioteca\/6-gerenciadores-de-referencias\/","og_site_name":"Servi\u00e7o de Biblioteca e Informa\u00e7\u00e3o","article_modified_time":"2025-09-29T13:05:37+00:00","twitter_card":"summary_large_image","twitter_misc":{"Est. tempo de leitura":"1 minuto"},"schema":{"@context":"https:\/\/schema.org","@graph":[{"@type":"WebPage","@id":"https:\/\/www2.ifsc.usp.br\/biblioteca\/6-gerenciadores-de-referencias\/","url":"https:\/\/www2.ifsc.usp.br\/biblioteca\/6-gerenciadores-de-referencias\/","name":"GERENCIADORES DE REFER\u00caNCIAS - Servi\u00e7o de Biblioteca e Informa\u00e7\u00e3o","isPartOf":{"@id":"https:\/\/www2.ifsc.usp.br\/biblioteca\/#website"},"datePublished":"2025-09-25T13:49:23+00:00","dateModified":"2025-09-29T13:05:37+00:00","breadcrumb":{"@id":"https:\/\/www2.ifsc.usp.br\/biblioteca\/6-gerenciadores-de-referencias\/#breadcrumb"},"inLanguage":"pt-BR","potentialAction":[{"@type":"ReadAction","target":["https:\/\/www2.ifsc.usp.br\/biblioteca\/6-gerenciadores-de-referencias\/"]}]},{"@type":"BreadcrumbList","@id":"https:\/\/www2.ifsc.usp.br\/biblioteca\/6-gerenciadores-de-referencias\/#breadcrumb","itemListElement":[{"@type":"ListItem","position":1,"name":"In\u00edcio","item":"https:\/\/www2.ifsc.usp.br\/biblioteca\/"},{"@type":"ListItem","position":2,"name":"GERENCIADORES DE REFER\u00caNCIAS"}]},{"@type":"WebSite","@id":"https:\/\/www2.ifsc.usp.br\/biblioteca\/#website","url":"https:\/\/www2.ifsc.usp.br\/biblioteca\/","name":"Servi\u00e7o de Biblioteca e Informa\u00e7\u00e3o","description":"Instituto de F\u00edsica de S\u00e3o Carlos","potentialAction":[{"@type":"SearchAction","target":{"@type":"EntryPoint","urlTemplate":"https:\/\/www2.ifsc.usp.br\/biblioteca\/?s={search_term_string}"},"query-input":{"@type":"PropertyValueSpecification","valueRequired":true,"valueName":"search_term_string"}}],"inLanguage":"pt-BR"}]}},"_links":{"self":[{"href":"https:\/\/www2.ifsc.usp.br\/biblioteca\/wp-json\/wp\/v2\/pages\/13270","targetHints":{"allow":["GET"]}}],"collection":[{"href":"https:\/\/www2.ifsc.usp.br\/biblioteca\/wp-json\/wp\/v2\/pages"}],"about":[{"href":"https:\/\/www2.ifsc.usp.br\/biblioteca\/wp-json\/wp\/v2\/types\/page"}],"author":[{"embeddable":true,"href":"https:\/\/www2.ifsc.usp.br\/biblioteca\/wp-json\/wp\/v2\/users\/4"}],"replies":[{"embeddable":true,"href":"https:\/\/www2.ifsc.usp.br\/biblioteca\/wp-json\/wp\/v2\/comments?post=13270"}],"version-history":[{"count":2,"href":"https:\/\/www2.ifsc.usp.br\/biblioteca\/wp-json\/wp\/v2\/pages\/13270\/revisions"}],"predecessor-version":[{"id":13401,"href":"https:\/\/www2.ifsc.usp.br\/biblioteca\/wp-json\/wp\/v2\/pages\/13270\/revisions\/13401"}],"wp:attachment":[{"href":"https:\/\/www2.ifsc.usp.br\/biblioteca\/wp-json\/wp\/v2\/media?parent=13270"}],"curies":[{"name":"wp","href":"https:\/\/api.w.org\/{rel}","templated":true}]}}